{"id":5823,"date":"2018-10-30T10:24:57","date_gmt":"2018-10-30T09:24:57","guid":{"rendered":"http:\/\/semmelweis.hu\/magtud\/?page_id=5823"},"modified":"2019-07-30T10:03:59","modified_gmt":"2019-07-30T08:03:59","slug":"dr-orsolya-szalardy","status":"publish","type":"page","link":"https:\/\/semmelweis.hu\/magtud\/en\/institute\/staff\/dr-orsolya-szalardy\/","title":{"rendered":"Dr. Orsolya Szal\u00e1rdy"},"content":{"rendered":"<p><img loading=\"lazy\" decoding=\"async\" class=\" wp-image-5824 alignright\" src=\"https:\/\/semmelweis.hu\/magtud\/files\/2018\/10\/Szalardy-Orsolya-1-300x296.jpg\" alt=\"\" width=\"192\" height=\"189\" srcset=\"https:\/\/semmelweis.hu\/magtud\/files\/2018\/10\/Szalardy-Orsolya-1-300x296.jpg 300w, https:\/\/semmelweis.hu\/magtud\/files\/2018\/10\/Szalardy-Orsolya-1-304x300.jpg 304w, https:\/\/semmelweis.hu\/magtud\/files\/2018\/10\/Szalardy-Orsolya-1-90x90.jpg 90w, https:\/\/semmelweis.hu\/magtud\/files\/2018\/10\/Szalardy-Orsolya-1.jpg 383w\" sizes=\"auto, (max-width: 192px) 100vw, 192px\" \/><\/p>\n<div class=\"responsive-tabs\">\n<h2 class=\"tabtitle\">Curriculum Vitae<\/h2>\n<div class=\"tabcontent\">\n\n<p><strong>Full Name:<\/strong> Orsolya Szal\u00e1rdy, PhD<br \/>\n<strong>E-mail:<\/strong> szalardy.orsolya@med.semmelweis-univ.hu<\/p>\n<p><strong>Date\/Place of birth:<\/strong> 23.04.1986., Szeged, Hungary<br \/>\n<strong>Nationality:<\/strong> Hungarian<\/p>\n<p><strong>Education:<\/strong><\/p>\n<p><strong>2009-2016<\/strong> PhD in Psychology, Budapest University of Technology and Economics (BME), Faculty of Natural Sciences, Department of Cognitive Science,<br \/>\nThesis: Percept-inducing and percept-stabilizing cues of auditory stream segregation Supervisor: Prof. Istv\u00e1n Winkler<\/p>\n<p><strong>2011-2013<\/strong> MSc in Agricultural Engineering, Szent Istv\u00e1n University, Faculty of Agricultural and Environmental Sciences<\/p>\n<p><strong>2004-2009<\/strong> MSc in Biological Science, University of Szeged, Faculty of Science and Informatics majoring in biology<\/p>\n<p>&nbsp;<\/p>\n<p><strong>Professional experience:<\/strong><\/p>\n<p><strong>\u00a02018-<\/strong> Research fellow, Semmelweis University, Faculty of Medicine, Institute of Behavioural Sciences<\/p>\n<p><strong>2016- (part time from 2018-)<\/strong> Research fellow, Institute of Cognitive Neuroscience and Psychology, Research Centre for Natural Sciences, Hungarian Academy of Sciences, Budapest, Hungary;<\/p>\n<p><strong>2009-2016<\/strong> Junior research fellow, Institute of Cognitive Neuroscience and Psychology, Research Centre for Natural Sciences, Hungarian Academy of Sciences, Budapest, Hungary; (2012-2015 Parental leave)<\/p>\n<p>&nbsp;<\/p>\n<p><strong>Research interests:<br \/>\n<\/strong>State-dependent thalamo-cortical oscillations<br \/>\nPsychophysical and EEG correlates, and functional brain networks of auditory perception<\/p>\n<p>&nbsp;<\/p>\n<p><strong>Language skills:<br \/>\n<\/strong>Hungarian (native)<br \/>\nEnglish (fluent)<br \/>\nItalian (elementary)<\/p>\n<p><strong>Teaching:<\/strong><\/p>\n<p>2010-2011 P\u00e1zm\u00e1ny P\u00e9ter Catholic University, Faculty of Humanities, Department of Psychology, practice on General Psychology<\/p>\n<p>2011 Budapest University of Technology and Economics, Faculty of Natural Sciences, Department of Cognitive Science, lectures on Introduction to Cognitive Neuroscience<\/p>\n\n<\/div><h2 class=\"tabtitle\">Publications<\/h2>\n<div class=\"tabcontent\">\n\n<p><strong><em>Peer-reviewed journals<\/em><\/strong><\/p>\n<p>Szal\u00e1rdy O., T\u00f3th B., Farkas D., Kov\u00e1cs A., Urb\u00e1n G., Orosz G., Szab\u00f3 B. T., Hunyadi L., Hajdu B., Winkler I. (<strong>2018<\/strong>). The effects of attention and task-relevance on the processing of syntactic violations during listening to two concurrent speech streams. <em>Cognitive Affective &amp; Behavioral Neuroscience, <\/em>1-17. doi:10.3758\/s13415-018-0614-4, IF: 3.263<\/p>\n<p>Szal\u00e1rdy, O., Bendixen, A., B\u0151hm, T. M., Davies, L. A.,\u00a0 Denham, S. L., Winkler, I. (<strong>2014<\/strong>). The effects of rhythm and melody on auditory stream segregation. <em>Journal of the Acoustical Society of America<\/em>, 135: 1392-1405. doi: 10.1121\/1.4865196, IF 1.503<\/p>\n<p>Kocsis Zs., Winkler I., Szal\u00e1rdy O., Bendixen A. (<strong>2014<\/strong>) Effects of multiple congruent cues on concurrent sound segregation during passive and active listening: An event-related potential (ERP) study. <em>Biological Psychology,<\/em> 100: 20-33. doi: 10.1016\/j.biopsycho.2014.04.005, IF 3.403<\/p>\n<p>Denham, S., B\u0151hm, T. M., Bendixen, A., Szal\u00e1rdy, O., Kocsis, Z., Mill, R., Winkler, I.\u00a0 (<strong>2014<\/strong>). Stable individual characteristics in the perception of multiple embedded patterns in multistable auditory stimuli. <em>Frontiers in Neuroscience,<\/em> 8:25. doi: 10.3389\/fnins, IF 3.566<\/p>\n<p>Szal\u00e1rdy, O., B\u0151hm, T. M., Bendixen, A., Winkler, I. (<strong>2013<\/strong>). Event-related potential correlates of sound organization: early sensory and late cognitive effects. <em>Biological Psychology,<\/em> 93: 97-104. doi: 10.1016\/j.biopsycho.2013.01.015, IF 3.473<\/p>\n<p>Szal\u00e1rdy, O., Bendixen, A., T\u00f3th, D., Denham, S. L., Winkler, I. (<strong>2013<\/strong>). Modulation-frequency acts as a primary cue for auditory stream segregation. <em>Learning &amp; Perception,<\/em> 5(2): 149-161. doi: 10.1556\/LP.5.2013.Suppl2.9<\/p>\n<p>Bendixen, A., B\u0151hm, T. M., Szal\u00e1rdy, O., Mill, R., Denham, S. L., Winkler, I. (<strong>2013<\/strong>). Different roles of proximity and predictability in auditory stream segregation. <em>Learning &amp; Perception,<\/em> 5(2): 37-54. doi: 10.1556\/LP.5.2013.Suppl2.4<\/p>\n<p>Szal\u00e1rdy, O., Winkler, I., Schr\u00f6ger, E., Widmann, A., Bendixen, A. (<strong>2013<\/strong>). Foreground-background discrimination indicated by event-related brain potentials in a new auditory multistability paradigm. <em>Psychophysiology,<\/em> 50(12): 1239-1250. doi: 10.1111\/psyp.12139, IF 3.18<\/p>\n<p>Denham, S., Bendixen, A., Mill, R., T\u00f3th, D., Wennekers, T., Coath, M., B\u0151hm, T., Szal\u00e1rdy, O., Winkler, I. (<strong>2012<\/strong>). Characterising Switching Behaviour in Perceptual Multistability. <em>Journal of Neuroscience Methods<\/em>, 210: 79-92. doi: 10.1016\/j.jneumeth.2012.04.004, IF: 2.114<\/p>\n<p><strong>Full list of publications <a href=\"https:\/\/vm.mtmt.hu\/\/search\/slist.php?nwi=1&amp;inited=1&amp;ty_on=1&amp;url_on=1&amp;cite_type=2&amp;orderby=3D1a&amp;location=mtmt&amp;stn=1&amp;AuthorID=10017954\" target=\"_blank\" rel=\"noopener noreferrer\">click here<\/a><br \/>\n<\/strong><\/p>\n<p><strong>Other scientific activity<br \/>\n<\/strong>Organizing the Auditory Cognition Summer School, 16-23 July, 2012, Plymout, UK<br \/>\nSupervising undergraduate students: AKI K\u00edv\u00e1ncsi K\u00e9mikus kutat\u00f3t\u00e1bor, 2018. j\u00falius 1-7. MTA TTK, Budapest<\/p>\n<\/div><\/div>\n","protected":false},"excerpt":{"rendered":"<p>Full Name: Orsolya Szal\u00e1rdy, PhD E-mail: szalardy.orsolya@med.semmelweis-univ.hu Date\/Place of birth: 23.04.1986., Szeged, Hungary Nationality: Hungarian Education: 2009-2016 PhD in Psychology, Budapest University of Technology and Economics (BME), Faculty of Natural Sciences, Department of Cognitive Science, Thesis: Percept-inducing and percept-stabilizing cues of auditory stream segregation Supervisor: Prof. Istv\u00e1n Winkler 2011-2013 MSc in Agricultural Engineering, Szent Istv\u00e1n &hellip;<\/p>\n","protected":false},"author":101277,"featured_media":0,"parent":3356,"menu_order":32,"comment_status":"closed","ping_status":"closed","template":"","meta":{"_acf_changed":false,"footnotes":""},"categories":[],"tags":[],"class_list":["post-5823","page","type-page","status-publish","hentry"],"acf":[],"_links":{"self":[{"href":"https:\/\/semmelweis.hu\/magtud\/wp-json\/wp\/v2\/pages\/5823","targetHints":{"allow":["GET"]}}],"collection":[{"href":"https:\/\/semmelweis.hu\/magtud\/wp-json\/wp\/v2\/pages"}],"about":[{"href":"https:\/\/semmelweis.hu\/magtud\/wp-json\/wp\/v2\/types\/page"}],"author":[{"embeddable":true,"href":"https:\/\/semmelweis.hu\/magtud\/wp-json\/wp\/v2\/users\/101277"}],"replies":[{"embeddable":true,"href":"https:\/\/semmelweis.hu\/magtud\/wp-json\/wp\/v2\/comments?post=5823"}],"version-history":[{"count":6,"href":"https:\/\/semmelweis.hu\/magtud\/wp-json\/wp\/v2\/pages\/5823\/revisions"}],"predecessor-version":[{"id":6804,"href":"https:\/\/semmelweis.hu\/magtud\/wp-json\/wp\/v2\/pages\/5823\/revisions\/6804"}],"up":[{"embeddable":true,"href":"https:\/\/semmelweis.hu\/magtud\/wp-json\/wp\/v2\/pages\/3356"}],"wp:attachment":[{"href":"https:\/\/semmelweis.hu\/magtud\/wp-json\/wp\/v2\/media?parent=5823"}],"wp:term":[{"taxonomy":"category","embeddable":true,"href":"https:\/\/semmelweis.hu\/magtud\/wp-json\/wp\/v2\/categories?post=5823"},{"taxonomy":"post_tag","embeddable":true,"href":"https:\/\/semmelweis.hu\/magtud\/wp-json\/wp\/v2\/tags?post=5823"}],"curies":[{"name":"wp","href":"https:\/\/api.w.org\/{rel}","templated":true}]}}