{"id":5812,"date":"2018-10-30T09:14:37","date_gmt":"2018-10-30T08:14:37","guid":{"rendered":"http:\/\/semmelweis.hu\/magtud\/?page_id=5812"},"modified":"2020-07-06T15:48:11","modified_gmt":"2020-07-06T13:48:11","slug":"szuleszet-magatartastudomanyi-szemmel","status":"publish","type":"page","link":"https:\/\/semmelweis.hu\/magtud\/kutatas\/kutatasi-teruletek\/szuleszet-magatartastudomanyi-szemmel\/","title":{"rendered":"Sz\u00fcl\u00e9szet magatart\u00e1studom\u00e1nyi szemmel"},"content":{"rendered":"<p>Kutat\u00f3csoport vezet\u0151je: dr. Szebik Imre<br \/>\nKutat\u00f3csoport tagjai: dr. Sz\u00e1nt\u00f3 Zsuzsa, dr. Sus\u00e1nszky Anna, dr. Sus\u00e1nszky \u00c9va<br \/>\nK\u00fcls\u0151 tagok: dr. Nicolas Rubashkin, dr. Sus\u00e1nszky P\u00e1l<\/p>\n<p><strong>Kutat\u00e1si ter\u00fclet:<\/strong><\/p>\n<p>Interdiszciplin\u00e1ris kutat\u00f3csoportunk a v\u00e1rand\u00f3ss\u00e1g, a sz\u00fcl\u00e9s t\u00e1rsadalmi, etikai, antropol\u00f3giai k\u00e9rd\u00e9seit elemzi. Kutat\u00e1saink c\u00e9lja, hogy kvalitat\u00edv \u00e9s kvantitat\u00edv m\u00f3dszerekkel felt\u00e9rk\u00e9pezz\u00fck \u00e9s bemutassuk a gyermekv\u00e1llal\u00e1s, a sz\u00fcl\u00e9s\/sz\u00fclet\u00e9s k\u00f6r\u00fcli esem\u00e9nyeket, a v\u00e1rand\u00f3s gondoz\u00e1s k\u00fcl\u00f6nb\u00f6z\u0151 modelljeit, a sz\u00fcl\u00e9szeti ell\u00e1t\u00e1s magyar vonatkoz\u00e1sait. Kutat\u00f3csoportunkban m\u00e1s int\u00e9zm\u00e9nyek munkat\u00e1rsai is k\u00f6zrem\u0171k\u00f6dnek, alkalmank\u00e9nt k\u00fclf\u00f6ldi szakemberek is.<\/p>\n<p>&nbsp;<\/p>\n<p><strong>Az elm\u00falt 5 \u00e9v legfontosabb publik\u00e1ci\u00f3i:<\/strong><\/p>\n<p>Szebik I, Susanszky E, Szanto Z, Susanszky A, Rubashkin N: ETHICAL IMPLICATIONS OF OBSTETRIC CARE IN HUNGARY: Results from the Mother-Centred Pregnancy Care Survey EUROPEAN JOURNAL OF MENTAL HEALTH 13:(1) pp. 51-69. (2018)<\/p>\n<p>Baji P, Rubashkin N, Szebik I, Stoll K, Vedam S: Informal cash payments for birth in Hungary: Are women paying to secure a known provider, respect, or quality of care? SOCIAL SCIENCE &amp; MEDICINE 189: pp. 86-95. (2017)<\/p>\n<p>Nicholas Rubashkin, Imre Szebik, Petra Baji, Zsuzsa Sz\u00e1nt\u00f3, \u00c9va Sus\u00e1nszky, Saraswathi Vedam: Assessing quality of maternity care in Hungary: expert validation and testing of the mother-centered prenatal care (MCPC) survey instrument REPRODUCTIVE HEALTH 14: Paper 152. 10 p. (2017)<\/p>\n","protected":false},"excerpt":{"rendered":"<p>Kutat\u00f3csoport vezet\u0151je: dr. Szebik Imre Kutat\u00f3csoport tagjai: dr. Sz\u00e1nt\u00f3 Zsuzsa, dr. Sus\u00e1nszky Anna, dr. Sus\u00e1nszky \u00c9va K\u00fcls\u0151 tagok: dr. Nicolas Rubashkin, dr. Sus\u00e1nszky P\u00e1l Kutat\u00e1si ter\u00fclet: Interdiszciplin\u00e1ris kutat\u00f3csoportunk a v\u00e1rand\u00f3ss\u00e1g, a sz\u00fcl\u00e9s t\u00e1rsadalmi, etikai, antropol\u00f3giai k\u00e9rd\u00e9seit elemzi. Kutat\u00e1saink c\u00e9lja, hogy kvalitat\u00edv \u00e9s kvantitat\u00edv m\u00f3dszerekkel felt\u00e9rk\u00e9pezz\u00fck \u00e9s bemutassuk a gyermekv\u00e1llal\u00e1s, a sz\u00fcl\u00e9s\/sz\u00fclet\u00e9s k\u00f6r\u00fcli esem\u00e9nyeket, a v\u00e1rand\u00f3s &hellip;<\/p>\n","protected":false},"author":101277,"featured_media":0,"parent":2059,"menu_order":16,"comment_status":"closed","ping_status":"closed","template":"","meta":{"_acf_changed":false,"footnotes":""},"categories":[],"tags":[],"class_list":["post-5812","page","type-page","status-publish","hentry"],"acf":[],"_links":{"self":[{"href":"https:\/\/semmelweis.hu\/magtud\/wp-json\/wp\/v2\/pages\/5812","targetHints":{"allow":["GET"]}}],"collection":[{"href":"https:\/\/semmelweis.hu\/magtud\/wp-json\/wp\/v2\/pages"}],"about":[{"href":"https:\/\/semmelweis.hu\/magtud\/wp-json\/wp\/v2\/types\/page"}],"author":[{"embeddable":true,"href":"https:\/\/semmelweis.hu\/magtud\/wp-json\/wp\/v2\/users\/101277"}],"replies":[{"embeddable":true,"href":"https:\/\/semmelweis.hu\/magtud\/wp-json\/wp\/v2\/comments?post=5812"}],"version-history":[{"count":3,"href":"https:\/\/semmelweis.hu\/magtud\/wp-json\/wp\/v2\/pages\/5812\/revisions"}],"predecessor-version":[{"id":8456,"href":"https:\/\/semmelweis.hu\/magtud\/wp-json\/wp\/v2\/pages\/5812\/revisions\/8456"}],"up":[{"embeddable":true,"href":"https:\/\/semmelweis.hu\/magtud\/wp-json\/wp\/v2\/pages\/2059"}],"wp:attachment":[{"href":"https:\/\/semmelweis.hu\/magtud\/wp-json\/wp\/v2\/media?parent=5812"}],"wp:term":[{"taxonomy":"category","embeddable":true,"href":"https:\/\/semmelweis.hu\/magtud\/wp-json\/wp\/v2\/categories?post=5812"},{"taxonomy":"post_tag","embeddable":true,"href":"https:\/\/semmelweis.hu\/magtud\/wp-json\/wp\/v2\/tags?post=5812"}],"curies":[{"name":"wp","href":"https:\/\/api.w.org\/{rel}","templated":true}]}}