{"id":5598,"date":"2018-09-27T14:42:59","date_gmt":"2018-09-27T12:42:59","guid":{"rendered":"http:\/\/semmelweis.hu\/magtud\/?page_id=5598"},"modified":"2020-10-27T08:48:03","modified_gmt":"2020-10-27T07:48:03","slug":"kutatasetikai-engedely","status":"publish","type":"page","link":"https:\/\/semmelweis.hu\/magtud\/kutatas\/kutatasetikai-engedely\/","title":{"rendered":"Kutat\u00e1setikai enged\u00e9ly"},"content":{"rendered":"<p><a href=\"https:\/\/ett.aeek.hu\/tukeb\/\" target=\"_blank\" rel=\"noopener noreferrer\">Az Eg\u00e9szs\u00e9g\u00fcgyi Tudom\u00e1nyos Tan\u00e1cs Tudom\u00e1nyos \u00e9s Kutat\u00e1setikai Bizotts\u00e1ga\u00a0<\/a>(elj\u00e1r\u00e1srend, k\u00e9relem, tov\u00e1bbi inform\u00e1ci\u00f3k): https:\/\/ett.aeek.hu\/tukeb\/<\/p>\n<p>K\u00e9relemhez sz\u00fcks\u00e9ges dokumentumok: <a href=\"https:\/\/semmelweis.hu\/magtud\/files\/2018\/09\/tukeb_kerelem_urlap.doc\">k\u00e9relem \u0171rlap<\/a>, <a href=\"https:\/\/semmelweis.hu\/magtud\/files\/2018\/09\/tukeb_kernyil.doc\">nyilatkozat<\/a>, <a href=\"https:\/\/semmelweis.hu\/magtud\/files\/2018\/09\/tukeb_attekinto.doc\">ellen\u0151rz\u0151 lista<\/a><\/p>\n<p>&nbsp;<\/p>\n<p>&nbsp;<\/p>\n","protected":false},"excerpt":{"rendered":"<p><a href=\"https:\/\/ett.aeek.hu\/tukeb\/\" target=\"_blank\" rel=\"noopener noreferrer\">Az Eg\u00e9szs\u00e9g\u00fcgyi Tudom\u00e1nyos Tan\u00e1cs Tudom\u00e1nyos \u00e9s Kutat\u00e1setikai Bizotts\u00e1ga\u00a0<\/a>(elj\u00e1r\u00e1srend, k\u00e9relem, tov\u00e1bbi inform\u00e1ci\u00f3k): https:\/\/ett.aeek.hu\/tukeb\/<br \/>\nK\u00e9relemhez sz\u00fcks\u00e9ges dokumentumok: <a href=\"https:\/\/semmelweis.hu\/magtud\/files\/2018\/09\/tukeb_kerelem_urlap.doc\">k\u00e9relem \u0171rlap<\/a>, <a href=\"https:\/\/semmelweis.hu\/magtud\/files\/2018\/09\/tukeb_kernyil.doc\">nyilatkozat<\/a>, <a href=\"https:\/\/semmelweis.hu\/magtud\/files\/2018\/09\/tukeb_attekinto.doc\">ellen\u0151rz\u0151 lista<\/a><br \/>\n&nbsp;<br \/>\n&nbsp;<\/p>\n","protected":false},"author":101277,"featured_media":0,"parent":2387,"menu_order":5,"comment_status":"closed","ping_status":"closed","template":"","meta":{"_acf_changed":false,"footnotes":""},"categories":[],"tags":[],"class_list":["post-5598","page","type-page","status-publish","hentry"],"acf":[],"_links":{"self":[{"href":"https:\/\/semmelweis.hu\/magtud\/wp-json\/wp\/v2\/pages\/5598","targetHints":{"allow":["GET"]}}],"collection":[{"href":"https:\/\/semmelweis.hu\/magtud\/wp-json\/wp\/v2\/pages"}],"about":[{"href":"https:\/\/semmelweis.hu\/magtud\/wp-json\/wp\/v2\/types\/page"}],"author":[{"embeddable":true,"href":"https:\/\/semmelweis.hu\/magtud\/wp-json\/wp\/v2\/users\/101277"}],"replies":[{"embeddable":true,"href":"https:\/\/semmelweis.hu\/magtud\/wp-json\/wp\/v2\/comments?post=5598"}],"version-history":[{"count":5,"href":"https:\/\/semmelweis.hu\/magtud\/wp-json\/wp\/v2\/pages\/5598\/revisions"}],"predecessor-version":[{"id":9454,"href":"https:\/\/semmelweis.hu\/magtud\/wp-json\/wp\/v2\/pages\/5598\/revisions\/9454"}],"up":[{"embeddable":true,"href":"https:\/\/semmelweis.hu\/magtud\/wp-json\/wp\/v2\/pages\/2387"}],"wp:attachment":[{"href":"https:\/\/semmelweis.hu\/magtud\/wp-json\/wp\/v2\/media?parent=5598"}],"wp:term":[{"taxonomy":"category","embeddable":true,"href":"https:\/\/semmelweis.hu\/magtud\/wp-json\/wp\/v2\/categories?post=5598"},{"taxonomy":"post_tag","embeddable":true,"href":"https:\/\/semmelweis.hu\/magtud\/wp-json\/wp\/v2\/tags?post=5598"}],"curies":[{"name":"wp","href":"https:\/\/api.w.org\/{rel}","templated":true}]}}