{"id":5585,"date":"2018-09-27T11:21:37","date_gmt":"2018-09-27T09:21:37","guid":{"rendered":"http:\/\/semmelweis.hu\/magtud\/?page_id=5585"},"modified":"2018-09-27T11:56:53","modified_gmt":"2018-09-27T09:56:53","slug":"allatasszisztalt-terapiak-lehetseges-szerepe-a-klinikai-javulasban-es-az-eletminoseg-javitasaban","status":"publish","type":"page","link":"https:\/\/semmelweis.hu\/magtud\/kutatas\/kutatasi-teruletek\/allatasszisztalt-terapiak-lehetseges-szerepe-a-klinikai-javulasban-es-az-eletminoseg-javitasaban\/","title":{"rendered":"\u00c1llatassziszt\u00e1lt ter\u00e1pi\u00e1k lehets\u00e9ges szerepe a klinikai javul\u00e1sban \u00e9s az \u00e9letmin\u0151s\u00e9g jav\u00edt\u00e1s\u00e1ban (megalakul\u00f3 kutat\u00f3csoport)"},"content":{"rendered":"<p>\u00c1llatassziszt\u00e1lt ter\u00e1pi\u00e1k lehets\u00e9ges szerepe a klinikai javul\u00e1sban \u00e9s az \u00e9letmin\u0151s\u00e9g jav\u00edt\u00e1s\u00e1ban (megalakul\u00f3 kutat\u00f3csoport)<\/p>\n<p>Vezet\u0151: Dr Purebl Gy\u00f6rgy<\/p>\n<p>Tagok: Dr. Mittly Veronika (PhD hallgat\u00f3), Kardos Edina (k\u00fcls\u0151 munkat\u00e1rs)<\/p>\n<p>Az \u00e1llatassziszt\u00e1lt ter\u00e1pi\u00e1k (AAT) egyre n\u00e9pszer\u0171bbek, egyre t\u00f6bb beteg keresi, \u00e9s haz\u00e1nkban is egyre t\u00f6bb int\u00e9zm\u00e9ny alkalmazza ezeket, \u00e9s egyre t\u00f6bb az AAT hat\u00e9konys\u00e1g\u00e1r\u00f3l sz\u00f3l\u00f3 publik\u00e1ci\u00f3 is. Ennek ellen\u00e9re m\u00e9gsem jelenthetj\u00fck ki, hogy az AAT egy\u00e9rtelm\u0171en hat\u00e9kony ill. k\u00f6lts\u00e9ghat\u00e9kony, mert egyr\u00e9szt a publik\u00e1lt vizsg\u00e1latok heterogenit\u00e1sa nagyon nagy, ez\u00e9rt nehezen \u00f6sszevethet\u0151ek, m\u00e1sr\u00e9szt kev\u00e9s az igaz\u00e1n min\u0151s\u00e9gi vizsg\u00e1lat is. Mindezek alapj\u00e1n a t\u00e9ma c\u00e9lkit\u0171z\u00e9sei:<\/p>\n<ol>\n<li>Form\u00e1lis meta-anal\u00edzis megk\u00eds\u00e9rl\u00e9se a rendelkez\u00e9sre \u00e1ll\u00f3 k\u00f6zlem\u00e9nyek alapj\u00e1n<\/li>\n<li>Az AAT hat\u00e9konys\u00e1g\u00e1nak \u00e9s k\u00f6lts\u00e9ghat\u00e9konys\u00e1g\u00e1nak vizsg\u00e1lata<\/li>\n<li>Annak tiszt\u00e1z\u00e1sa, melyek az AAT akt\u00edv hat\u00f3t\u00e9nyez\u0151i<\/li>\n<\/ol>\n<p>Annak tiszt\u00e1z\u00e1sa, milyen (pszichofiziol\u00f3giai) mechanizmuson kereszt\u00fcl val\u00f3sulhatnak meg a ter\u00e1pi\u00e1s hat\u00e1sok<\/p>\n","protected":false},"excerpt":{"rendered":"<p>\u00c1llatassziszt\u00e1lt ter\u00e1pi\u00e1k lehets\u00e9ges szerepe a klinikai javul\u00e1sban \u00e9s az \u00e9letmin\u0151s\u00e9g jav\u00edt\u00e1s\u00e1ban (megalakul\u00f3 kutat\u00f3csoport) Vezet\u0151: Dr Purebl Gy\u00f6rgy Tagok: Dr. Mittly Veronika (PhD hallgat\u00f3), Kardos Edina (k\u00fcls\u0151 munkat\u00e1rs) Az \u00e1llatassziszt\u00e1lt ter\u00e1pi\u00e1k (AAT) egyre n\u00e9pszer\u0171bbek, egyre t\u00f6bb beteg keresi, \u00e9s haz\u00e1nkban is egyre t\u00f6bb int\u00e9zm\u00e9ny alkalmazza ezeket, \u00e9s egyre t\u00f6bb az AAT hat\u00e9konys\u00e1g\u00e1r\u00f3l sz\u00f3l\u00f3 publik\u00e1ci\u00f3 is. Ennek &hellip;<\/p>\n","protected":false},"author":101277,"featured_media":0,"parent":2059,"menu_order":15,"comment_status":"closed","ping_status":"closed","template":"","meta":{"_acf_changed":false,"footnotes":""},"categories":[],"tags":[],"class_list":["post-5585","page","type-page","status-publish","hentry"],"acf":[],"_links":{"self":[{"href":"https:\/\/semmelweis.hu\/magtud\/wp-json\/wp\/v2\/pages\/5585","targetHints":{"allow":["GET"]}}],"collection":[{"href":"https:\/\/semmelweis.hu\/magtud\/wp-json\/wp\/v2\/pages"}],"about":[{"href":"https:\/\/semmelweis.hu\/magtud\/wp-json\/wp\/v2\/types\/page"}],"author":[{"embeddable":true,"href":"https:\/\/semmelweis.hu\/magtud\/wp-json\/wp\/v2\/users\/101277"}],"replies":[{"embeddable":true,"href":"https:\/\/semmelweis.hu\/magtud\/wp-json\/wp\/v2\/comments?post=5585"}],"version-history":[{"count":4,"href":"https:\/\/semmelweis.hu\/magtud\/wp-json\/wp\/v2\/pages\/5585\/revisions"}],"predecessor-version":[{"id":5594,"href":"https:\/\/semmelweis.hu\/magtud\/wp-json\/wp\/v2\/pages\/5585\/revisions\/5594"}],"up":[{"embeddable":true,"href":"https:\/\/semmelweis.hu\/magtud\/wp-json\/wp\/v2\/pages\/2059"}],"wp:attachment":[{"href":"https:\/\/semmelweis.hu\/magtud\/wp-json\/wp\/v2\/media?parent=5585"}],"wp:term":[{"taxonomy":"category","embeddable":true,"href":"https:\/\/semmelweis.hu\/magtud\/wp-json\/wp\/v2\/categories?post=5585"},{"taxonomy":"post_tag","embeddable":true,"href":"https:\/\/semmelweis.hu\/magtud\/wp-json\/wp\/v2\/tags?post=5585"}],"curies":[{"name":"wp","href":"https:\/\/api.w.org\/{rel}","templated":true}]}}