{"id":5510,"date":"2018-09-20T14:08:10","date_gmt":"2018-09-20T12:08:10","guid":{"rendered":"http:\/\/semmelweis.hu\/magtud\/?page_id=5510"},"modified":"2021-03-05T16:27:28","modified_gmt":"2021-03-05T15:27:28","slug":"tamas-domotor-szalai-2","status":"publish","type":"page","link":"https:\/\/semmelweis.hu\/magtud\/en\/institute\/staff\/tamas-domotor-szalai-2\/","title":{"rendered":"Dr. Tam\u00e1s D\u00f6m\u00f6t\u00f6r Szalai"},"content":{"rendered":"<p><img loading=\"lazy\" decoding=\"async\" class=\"alignnone size-full wp-image-5513 alignright\" src=\"https:\/\/semmelweis.hu\/magtud\/files\/2018\/09\/Szalai-Tamas.png\" alt=\"\" width=\"152\" height=\"208\" \/><\/p>\n<div class=\"responsive-tabs\">\n<h2 class=\"tabtitle\"><\/h2>\n<div class=\"tabcontent responsive-tabs__panel--active\">\n\n<p><strong>Contact and personal information\u00a0\u00a0 \u00a0\u00a0\u00a0\u00a0\u00a0\u00a0\u00a0\u00a0\u00a0\u00a0\u00a0\u00a0\u00a0\u00a0\u00a0 \u00a0\u00a0\u00a0\u00a0\u00a0\u00a0\u00a0\u00a0\u00a0\u00a0\u00a0\u00a0\u00a0\u00a0\u00a0\u00a0\u00a0\u00a0\u00a0\u00a0\u00a0\u00a0\u00a0\u00a0\u00a0\u00a0\u00a0\u00a0\u00a0\u00a0\u00a0\u00a0\u00a0\u00a0\u00a0\u00a0\u00a0\u00a0\u00a0\u00a0\u00a0\u00a0\u00a0\u00a0\u00a0\u00a0\u00a0\u00a0\u00a0\u00a0\u00a0\u00a0\u00a0\u00a0\u00a0\u00a0\u00a0\u00a0\u00a0\u00a0\u00a0\u00a0\u00a0\u00a0\u00a0\u00a0\u00a0\u00a0\u00a0\u00a0\u00a0\u00a0\u00a0\u00a0\u00a0\u00a0\u00a0\u00a0\u00a0\u00a0\u00a0\u00a0\u00a0\u00a0\u00a0\u00a0\u00a0\u00a0\u00a0\u00a0\u00a0\u00a0\u00a0 \u00a0\u00a0\u00a0\u00a0\u00a0\u00a0\u00a0\u00a0\u00a0\u00a0\u00a0\u00a0\u00a0\u00a0\u00a0 <\/strong><\/p>\n<p>Name \u00a0\u00a0\u00a0\u00a0\u00a0\u00a0\u00a0\u00a0\u00a0\u00a0\u00a0\u00a0\u00a0\u00a0 Tamas Domotor SZALAI<\/p>\n<p>Nationality\u00a0\u00a0\u00a0\u00a0\u00a0 Hungarian<\/p>\n<p>Gender\u00a0\u00a0\u00a0\u00a0\u00a0\u00a0\u00a0\u00a0\u00a0\u00a0\u00a0\u00a0\u00a0 Male<\/p>\n<p>E-mail: \u00a0\u00a0\u00a0\u00a0\u00a0\u00a0\u00a0\u00a0\u00a0\u00a0\u00a0\u00a0 <a href=\"mailto:dodossong@gmail.com\">szalai.domotor@gmail.com<\/a><\/p>\n<p>&nbsp;<\/p>\n<p><strong>Position \u00a0\u00a0\u00a0\u00a0\u00a0\u00a0 Assistant lecturer\u00a0\u00a0\u00a0\u00a0\u00a0\u00a0\u00a0\u00a0\u00a0\u00a0\u00a0\u00a0\u00a0\u00a0\u00a0 <\/strong><\/p>\n<p><strong>\u00a0<\/strong><\/p>\n<p><strong>Experiences<\/strong><\/p>\n<p>April 2018-\u00a0\u00a0\u00a0\u00a0\u00a0\u00a0\u00a0\u00a0\u00a0\u00a0\u00a0\u00a0\u00a0\u00a0\u00a0 Team Leader, EuroSkills2018 Hungay<br \/>\nMental support and training for the Hungarian team<\/p>\n<p>December 2015-\u00a0\u00a0\u00a0\u00a0\u00a0\u00a0 Reviewer, Journal of US-China Medical Science<\/p>\n<p>March 2014-\u00a0\u00a0\u00a0\u00a0\u00a0\u00a0\u00a0\u00a0\u00a0\u00a0\u00a0\u00a0\u00a0 Assistant lecturer<br \/>\nSemmelweis University, Institute of Behavioural Sciences<br \/>\nTeaching Hungarian, English medical psychology, medical communication seminars, lectures from psychosomatics, and organizing German medical communication<\/p>\n<p>January 2014-\u00a0\u00a0\u00a0\u00a0\u00a0\u00a0\u00a0\u00a0\u00a0\u00a0 Psychologist, family therapist<br \/>\nSemmelweis University, Institute of Behavioural Sciences, Psychosomatic Clinic<br \/>\nIndividual, family and group therapies of eating disorder patients<\/p>\n<p>September 2013-\u00a0\u00a0\u00a0\u00a0\u00a0\u00a0 PhD student<br \/>\nSemmelweis University, Institute of Behavioural Sciences<br \/>\nResearch duties: eating disorders, bulimia nervosa, attachment, body mass index, therapy mechanisms<br \/>\nTeaching duties: Medical Psychology practical seminar Therapy duties: family therapy and group therapy of eating disorder patients<br \/>\nMember of the eating disorders and attachment research group<\/p>\n<p>July 2013 \u2013 September 2015\u00a0\u00a0\u00a0\u00a0\u00a0\u00a0\u00a0\u00a0 Advisor<br \/>\nNational Institute of Drug Prevention<br \/>\nMethodological works in drug prevention, Controlling of health developing programs<\/p>\n<p>June 2013 \u2013 October 2014\u00a0\u00a0\u00a0\u00a0\u00a0\u00a0\u00a0\u00a0\u00a0\u00a0\u00a0\u00a0 Psychological Expert<br \/>\nNational Institute of Rehabilitation and Social Affairs<br \/>\nMethodological works in field of rehabilitation, Advisor duties in occupational psychology<\/p>\n<p>September 2012- December 2012\u00a0\u00a0\u00a0\u00a0\u00a0\u00a0 Psychologist<br \/>\nD\u00e9lut\u00e1n foundation \u2013 consultation with elderly patients<\/p>\n<p>December 2011- \u00a0\u00a0\u00a0\u00a0\u00a0\u00a0\u00a0\u00a0\u00a0\u00a0 Couple and family therapist<br \/>\nTraining chamber of the European Family Therapy Association Supporting couples and families with system approach therapy<\/p>\n<p>September 2011-November 2012\u00a0\u00a0\u00a0\u00a0\u00a0\u00a0\u00a0\u00a0\u00a0\u00a0\u00a0\u00a0 Educational psychologist<br \/>\nEPTISZK \u2013 Providing psychological service for 5 high schools<br \/>\nIndividual consultation with students, teachers and parents, thematic group works, family consultation, crisis intervention, preventive education<\/p>\n<p>June &#8211; august 2010 \u00a0\u00a0\u00a0\u00a0\u00a0\u00a0 Trainee<\/p>\n<p>March &#8211; May 2011 \u00a0\u00a0\u00a0\u00a0\u00a0\u00a0\u00a0\u00a0 Psychiatric Clinical Group of the Semmelweis University<br \/>\nInterviews, Rorschach and IQ tests, attending on group therapies, sleeping lab, internet counselling<\/p>\n<p>December 2012 &#8211; \u00a0\u00a0\u00a0\u00a0\u00a0\u00a0\u00a0\u00a0\u00a0\u00a0 Trainee, Austria<\/p>\n<p>September 2005 \u2013 march 2006 \u00a0\u00a0\u00a0\u00a0\u00a0\u00a0\u00a0\u00a0\u00a0 Trainee, Ireland<\/p>\n<p>&nbsp;<\/p>\n<p><strong>Education<\/strong><\/p>\n<p>September 2020 -&#8221; \u00e9s &#8222;Cilnical psychology &#8211; University of P\u00e9cs<\/p>\n<p>2014-\u00a0\u00a0\u00a0\u00a0\u00a0\u00a0\u00a0\u00a0\u00a0\u00a0 Counseling psychologist<br \/>\nE\u00f6tv\u00f6s L\u00f3r\u00e1nd Tudom\u00e1nyegyetem, Budapest, Hungary<\/p>\n<p>2013-\u00a0\u00a0\u00a0\u00a0\u00a0\u00a0\u00a0\u00a0\u00a0\u00a0\u00a0 Phd in Mental Health Scinces<br \/>\nSemmelweis University, Institute of Behavioural Sciences, Budapest, Hungary<\/p>\n<p>2006-2009\u00a0\u00a0\u00a0 Psychology BA (summa cum laude)<br \/>\nUniversitiy of P\u00e9cs, Institute of Psychology, P\u00e9cs, Hungary<\/p>\n<p>2009-2011 \u00a0\u00a0\u00a0 Psychologist at MA level, clinical and health psychology (summa cum laude)<br \/>\nK\u00e1roli G\u00e1sp\u00e1r University of the Reformed Church in Hungary, Institute of Psychology, Budapest, Hungary<\/p>\n<p>&nbsp;<\/p>\n<p><strong>Trainings<\/strong><\/p>\n<p>September 2010 \u2013 May 2014 \u00a0\u00a0\u00a0 Family therapist<br \/>\nHungarian Family Therapy Association, September<\/p>\n<p>March 2014\u00a0\u00a0\u00a0\u00a0\u00a0\u00a0 Basics of interpersonal psychotherapy<\/p>\n<p>December 2013\u00a0\u00a0\u00a0\u00a0 Basics of Hospice and palliative care<br \/>\nHungarian Hospice Association<\/p>\n<p><strong>\u00a0<\/strong>February &#8211; October 201\u00a0\u00a0\u00a0\u00a0\u00a0\u00a0\u00a0 NLP &#8211; Neurolinguistic Psychotherapy<br \/>\nTherapeutic method and self-knowledge<\/p>\n<p>February &#8211; June 2010\u00a0\u00a0\u00a0\u00a0\u00a0\u00a0\u00a0\u00a0\u00a0\u00a0\u00a0\u00a0 Autogenic Training &#8211; basic level<\/p>\n<p>&nbsp;<\/p>\n<p><strong>Awards<\/strong><\/p>\n<p>2017<br \/>\nNew National Excellence Program scholarship (\u00daNKP-16-3)<\/p>\n<p>2016<br \/>\nSemmelweis Egyetem kiv\u00e1l\u00f3s\u00e1gi list\u00e1j\u00e1ra ker\u00fcl\u00e9s \u00e9s felv\u00e9tel a Kerpel Fronius tehets\u00e9ggondoz\u00f3 programba<\/p>\n<p>2015<br \/>\nSzalai, T.D., Czegl\u00e9di, E. (2015). Parental attachment and body satisfaction on a large Hungarian student sample. Ranked as the second best presentation on the 23<sup>nd<\/sup> International conference on eating disorders. Alpbach, Austria. 2015 October 15-17.<\/p>\n<p>2013<br \/>\nPh.D. scholarship at the Semmelweis University, Budapest, financed by the Hungarian Republic<\/p>\n<p>2011<br \/>\nK\u00e1roli G\u00e1sp\u00e1r award for the perfect graduation and performance in the clinical and health psychology master program at K\u00e1roli G\u00e1sp\u00e1r University of the Reformed Church in Hungary<\/p>\n<p>2010<br \/>\nSzalai, T.D. (2010). \u201cArt with a human face\u201d paper among the best in the competition of the Journal of Everyday Psychology<\/p>\n<p><strong>Languages<br \/>\n<\/strong>Native\u00a0\u00a0\u00a0 Hungarian<br \/>\nOther\u00a0\u00a0\u00a0\u00a0 English \u2013 advanced level (language exam, type \u201eC\u201d)<br \/>\nGerman \u2013 intermediate level (language exam, type \u201eC\u201d)<br \/>\nItalian \u2013 basic level<\/p>\n<p><strong>\u00a0<\/strong><\/p>\n<p><strong>Other competences<\/strong><\/p>\n<p><strong>\u00a0<\/strong>Test evaluation<br \/>\nRorschach, Szondi, PFT, BFQ, CPI, PIK, EPQ, ZKPQ, STAI, Rosenberg, World-play etc.<\/p>\n<p>Driving licence<br \/>\nType \u201eB\u201d<\/p>\n<p>Computer skills<br \/>\nMicrosoft Word, Excel, PowerPoint , IBM SPSS, RopSTAT<\/p>\n<p>&nbsp;<\/p>\n\n<\/div><h2 class=\"tabtitle\">Publications<\/h2>\n<div class=\"tabcontent\">\n\n<p><strong>Scientific papers<\/strong><\/p>\n<ol>\n<li>T\u00fary F, Szumska I, Szalai TD. (in press). Compulsory treatment in eating disorders \u2013 the role of control and provocation. The coercion paradox. J Clin Psychol, IF: 2,33<\/li>\n<li>Szalai TD, Czegl\u00e9di E, Vargha A, Grezsa F. (2017) Parental attachment and body satisfaction in adolescents. J Child Fam Stud, 26: 1007-1017. IF:1,588<\/li>\n<li>Szalai TD. (2017) A k\u00f6t\u0151d\u00e9si jellemz\u0151k \u00e9s multiimpulz\u00edv t\u00fcnetek kapcsolata ev\u00e9szavarokban. [The relationship of attachment features and multi-impulsive symptoms in eating disorders.] Orvosi Hetilap, 158: 1081-1089. IF: 0,349<\/li>\n<li>Szalai TD. Czegl\u00e9di E. (2017) Parental and Adult Attachment and Eating Symptomology in Eating Disorder Patients and Sine Morbo Individuals.Int J Soc Sci Stud,\u00a05: 43-60.<\/li>\n<li>Szalai TD, Cser\u00e9p M. (2017) Treatment methods of avoidant\/restrictive food intake disorder: review with therapeutic implications. Psychiatry Today, 49: 5-24.<\/li>\n<li>Szalai TD. (2016) Cognitive-behavioral and attachment interventions in the transdiagnostic treatment of bulimia nervosa and binge eating disorder. Ment\u00e1lhigi\u00e9n\u00e9 \u00e9s Pszichoszomatika, 17: 353-375.<\/li>\n<li>P\u00e9nzes I, Czegl\u00e9di E, Szalai TD, Csala I, T\u00fary F. (2016) Adult attachment and parental bonding in irritable bowel syndrome and in panic disorder: Implications for psychotherapy. Ideggyogy Szle, 69: 327-334. IF: 0,376<\/li>\n<li>Szalai TD. Czegl\u00e9di E. (2015) Attachment as a predictor of risk for eating disorders on a representative Hungarian adult sample. Ideggyogy Szle, 68: 409\u2212416. IF: 0,376<\/li>\n<li>Szalai TD. (2014) A korai k\u00f6t\u0151d\u00e9si mint\u00e1k \u00e9s k\u00f6t\u0151d\u00e9si szorong\u00e1s jelent\u0151s\u00e9ge az eg\u00e9szs\u00e9gben, betegs\u00e9gben, ev\u00e9szavarokban. [The importance of early attachment patterns and attachment anxiety in health, disease and eating disorders.] Kapocs, 13: 48-57.<\/li>\n<li>K\u00f6vesdi A, Szalai TD, P\u00e1szthy B, Harasztin\u00e9 S\u00e1rosdi I. (2014) Investigation of anorexic adolescents\u2019 personality traits with Szondi test. Confin Psychopath, 2: 151-168.<\/li>\n<\/ol>\n<p>&nbsp;<\/p>\n<p><strong>Book Chapters\u00a0\u00a0\u00a0\u00a0\u00a0\u00a0\u00a0\u00a0\u00a0\u00a0\u00a0\u00a0\u00a0\u00a0\u00a0\u00a0\u00a0\u00a0\u00a0\u00a0\u00a0\u00a0\u00a0\u00a0\u00a0\u00a0\u00a0\u00a0\u00a0\u00a0\u00a0\u00a0\u00a0\u00a0\u00a0\u00a0\u00a0\u00a0\u00a0\u00a0\u00a0\u00a0\u00a0\u00a0\u00a0\u00a0\u00a0\u00a0\u00a0\u00a0\u00a0 <\/strong><\/p>\n<ol>\n<li>T\u00fary F, Szumska I, Szalai TD. Az ev\u00e9szavarok gyakori dilemm\u00e1ja: egy\u00e9ni vagy csal\u00e1dter\u00e1pia?. [A common dilemma of eating disorders: individual or family therapy?.] In: Spannraft M, Korpics M, N\u00e9meth L (szerk.), A csal\u00e1d \u00e9s k\u00f6z\u00f6ss\u00e9g szolg\u00e1lat\u00e1ban. L\u2019Harmattan, Budapest, 2016: 249-258.<\/li>\n<li>Szalai TD. A testt\u00f6megindex (BMI) \u00f6sszef\u00fcgg\u00e9sei a p\u00e1rkapcsolattal, szexualit\u00e1ssal, bar\u00e1ti kapcsolattal \u00e9s szerhaszn\u00e1lattal a magyar ifj\u00fas\u00e1g k\u00f6r\u00e9ben. [The relationship of body mass index (BMI) and intimate relationships, friendship and substance use in Hungarian youth.] In Nagy \u00c1, Sz\u00e9kely L (szerk.), M\u00e1sodk\u00e9zb\u0151l \u2212 Magyar ifj\u00fas\u00e1g. ISZT Alap\u00edtv\u00e1ny, Budapest: 2014: 113-147.<\/li>\n<\/ol>\n<p>&nbsp;<\/p>\n<p>&nbsp;<\/p>\n<p><strong>\u00a0\u00a0\u00a0\u00a0\u00a0\u00a0\u00a0\u00a0\u00a0\u00a0\u00a0\u00a0\u00a0\u00a0\u00a0\u00a0\u00a0\u00a0\u00a0\u00a0\u00a0\u00a0\u00a0\u00a0\u00a0\u00a0\u00a0\u00a0\u00a0\u00a0\u00a0\u00a0\u00a0\u00a0\u00a0\u00a0\u00a0\u00a0\u00a0\u00a0\u00a0\u00a0\u00a0\u00a0\u00a0\u00a0\u00a0\u00a0\u00a0\u00a0\u00a0\u00a0\u00a0\u00a0\u00a0\u00a0\u00a0\u00a0 <\/strong><\/p>\n<p>&nbsp;<\/p>\n","protected":false},"excerpt":{"rendered":"<p>Contact and personal information\u00a0\u00a0 \u00a0\u00a0\u00a0\u00a0\u00a0\u00a0\u00a0\u00a0\u00a0\u00a0\u00a0\u00a0\u00a0\u00a0\u00a0 \u00a0\u00a0\u00a0\u00a0\u00a0\u00a0\u00a0\u00a0\u00a0\u00a0\u00a0\u00a0\u00a0\u00a0\u00a0\u00a0\u00a0\u00a0\u00a0\u00a0\u00a0\u00a0\u00a0\u00a0\u00a0\u00a0\u00a0\u00a0\u00a0\u00a0\u00a0\u00a0\u00a0\u00a0\u00a0\u00a0\u00a0\u00a0\u00a0\u00a0\u00a0\u00a0\u00a0\u00a0\u00a0\u00a0\u00a0\u00a0\u00a0\u00a0\u00a0\u00a0\u00a0\u00a0\u00a0\u00a0\u00a0\u00a0\u00a0\u00a0\u00a0\u00a0\u00a0\u00a0\u00a0\u00a0\u00a0\u00a0\u00a0\u00a0\u00a0\u00a0\u00a0\u00a0\u00a0\u00a0\u00a0\u00a0\u00a0\u00a0\u00a0\u00a0\u00a0\u00a0\u00a0\u00a0\u00a0\u00a0\u00a0\u00a0\u00a0\u00a0\u00a0 \u00a0\u00a0\u00a0\u00a0\u00a0\u00a0\u00a0\u00a0\u00a0\u00a0\u00a0\u00a0\u00a0\u00a0\u00a0 Name \u00a0\u00a0\u00a0\u00a0\u00a0\u00a0\u00a0\u00a0\u00a0\u00a0\u00a0\u00a0\u00a0\u00a0 Tamas Domotor SZALAI Nationality\u00a0\u00a0\u00a0\u00a0\u00a0 Hungarian Gender\u00a0\u00a0\u00a0\u00a0\u00a0\u00a0\u00a0\u00a0\u00a0\u00a0\u00a0\u00a0\u00a0 Male E-mail: \u00a0\u00a0\u00a0\u00a0\u00a0\u00a0\u00a0\u00a0\u00a0\u00a0\u00a0\u00a0 <a href=\"mailto:dodossong@gmail.com\">szalai.domotor@gmail.com<\/a> &nbsp; Position \u00a0\u00a0\u00a0\u00a0\u00a0\u00a0 Assistant lecturer\u00a0\u00a0\u00a0\u00a0\u00a0\u00a0\u00a0\u00a0\u00a0\u00a0\u00a0\u00a0\u00a0\u00a0\u00a0 \u00a0 Experiences April 2018-\u00a0\u00a0\u00a0\u00a0\u00a0\u00a0\u00a0\u00a0\u00a0\u00a0\u00a0\u00a0\u00a0\u00a0\u00a0 Team Leader, EuroSkills2018 Hungay Mental support and training for the Hungarian team December 2015-\u00a0\u00a0\u00a0\u00a0\u00a0\u00a0 Reviewer, Journal of US-China Medical Science March 2014-\u00a0\u00a0\u00a0\u00a0\u00a0\u00a0\u00a0\u00a0\u00a0\u00a0\u00a0\u00a0\u00a0 Assistant lecturer Semmelweis University, Institute of &hellip;<\/p>\n","protected":false},"author":101277,"featured_media":0,"parent":3356,"menu_order":23,"comment_status":"closed","ping_status":"closed","template":"","meta":{"_acf_changed":false,"footnotes":""},"categories":[],"tags":[],"class_list":["post-5510","page","type-page","status-publish","hentry"],"acf":[],"_links":{"self":[{"href":"https:\/\/semmelweis.hu\/magtud\/wp-json\/wp\/v2\/pages\/5510","targetHints":{"allow":["GET"]}}],"collection":[{"href":"https:\/\/semmelweis.hu\/magtud\/wp-json\/wp\/v2\/pages"}],"about":[{"href":"https:\/\/semmelweis.hu\/magtud\/wp-json\/wp\/v2\/types\/page"}],"author":[{"embeddable":true,"href":"https:\/\/semmelweis.hu\/magtud\/wp-json\/wp\/v2\/users\/101277"}],"replies":[{"embeddable":true,"href":"https:\/\/semmelweis.hu\/magtud\/wp-json\/wp\/v2\/comments?post=5510"}],"version-history":[{"count":7,"href":"https:\/\/semmelweis.hu\/magtud\/wp-json\/wp\/v2\/pages\/5510\/revisions"}],"predecessor-version":[{"id":9850,"href":"https:\/\/semmelweis.hu\/magtud\/wp-json\/wp\/v2\/pages\/5510\/revisions\/9850"}],"up":[{"embeddable":true,"href":"https:\/\/semmelweis.hu\/magtud\/wp-json\/wp\/v2\/pages\/3356"}],"wp:attachment":[{"href":"https:\/\/semmelweis.hu\/magtud\/wp-json\/wp\/v2\/media?parent=5510"}],"wp:term":[{"taxonomy":"category","embeddable":true,"href":"https:\/\/semmelweis.hu\/magtud\/wp-json\/wp\/v2\/categories?post=5510"},{"taxonomy":"post_tag","embeddable":true,"href":"https:\/\/semmelweis.hu\/magtud\/wp-json\/wp\/v2\/tags?post=5510"}],"curies":[{"name":"wp","href":"https:\/\/api.w.org\/{rel}","templated":true}]}}