{"id":5458,"date":"2018-09-19T14:30:16","date_gmt":"2018-09-19T12:30:16","guid":{"rendered":"http:\/\/semmelweis.hu\/magtud\/?page_id=5458"},"modified":"2019-07-29T14:13:40","modified_gmt":"2019-07-29T12:13:40","slug":"dr-monika-ditta-toth-2","status":"publish","type":"page","link":"https:\/\/semmelweis.hu\/magtud\/en\/institute\/staff\/dr-monika-ditta-toth-2\/","title":{"rendered":"Dr. M\u00f3nika Ditta T\u00f3th"},"content":{"rendered":"<div class=\"responsive-tabs\">\n<h2 class=\"tabtitle\">Curriculum Vitae<\/h2>\n<div class=\"tabcontent\">\n\n<p><img loading=\"lazy\" decoding=\"async\" class=\"size-full wp-image-5464 alignright\" src=\"https:\/\/semmelweis.hu\/magtud\/files\/2018\/09\/Toth_Monika_Ditta_kep.jpg\" alt=\"\" width=\"133\" height=\"200\" \/><\/p>\n<p><strong>Personal information<\/strong><\/p>\n<p>M\u00f3nika Ditta T\u00f3th, PhD<br \/>\nE-Mail:\u00a0 tmonika85@gmail.com<\/p>\n<p>&nbsp;<\/p>\n<p><strong>Education<\/strong><\/p>\n<p>2010-2016<br \/>\nSemmelweis University Institute of Behavioural Sciences<br \/>\nPhD candidate<br \/>\nTutors: Gy\u00f6rgy Purebl, MD, Adrienne Stauder, MD, M\u00e1ria Kopp, MD<br \/>\nResearch topic:\u00a0 Psychological and sociocultural background factors of suicidal behaviour among deliberate self-poiseners (with a special focus on gender and ethnicity)<\/p>\n<p>2012-2014<br \/>\nE\u00f6tv\u00f6s L\u00f3r\u00e1nd University Budapest<br \/>\nFaculty of Education and Psychology<br \/>\nCounselling psychologist specialized in family and relationship psychology<\/p>\n<p>2009-2010<br \/>\nUniversity of Vienna<br \/>\nFaculty of Psychology<\/p>\n<p>2005-2010<br \/>\nPsychologist<br \/>\nSpecial Translator in English<\/p>\n<p><strong>Grants<br \/>\n<\/strong><br \/>\nScholarship granted by the Hungarian Republic (2007-2008, 2009-2010)<br \/>\nMember of the Talent Developing Program (DETEP) (2007-2010)<br \/>\nSportscholarship (2005-2009)<\/p>\n<p>&nbsp;<\/p>\n<p><strong>Personal activity<\/strong><\/p>\n<p><strong>Teaching<\/strong><\/p>\n<p>2010-<br \/>\nSemmelweis University, Institute of Behavioural Sciences<br \/>\nMedical psychology and communication seminar leader in English and Hungarian languages for 2nd, 3rd and 4th year medical students<br \/>\nPharmacist communication seminar leader<\/p>\n<p>January 2017 &#8211;<br \/>\nSemmelweis University Institute of Behavioural Science<br \/>\nassistant professor<\/p>\n<p>July 2017 \u2013<br \/>\nNational Institute of Public Health<br \/>\nSenior professional expert<\/p>\n<p>June 2013- April 2016<br \/>\nSemmelweis University Institute of Behavioural Sciences<br \/>\nJoint Action on Mental Health and Well-being Workpackage on Depression, Suicide including E-health: Reviewing and evaluating the European depression and suicide prevention programs, and proposing recommendations for action for health politicians across Europe.<br \/>\nresearch assistant<\/p>\n<p><strong>Workplaces<\/strong><\/p>\n<p>January 2017 &#8211;<br \/>\n<strong>Semmelweis University Institute of Behavioural Science<br \/>\n<\/strong>assistant professor<\/p>\n<p>July 2017 \u2013<br \/>\n<strong>National Institute of Public Health<br \/>\n<\/strong>Senior professional expert<\/p>\n<p><strong>June 2013- April 2016<br \/>\n<\/strong>Semmelweis University Institute of Behavioural Sciences<br \/>\n<strong>Joint Action on Mental Health and Well-being Workpackage on Depression, Suicide including E-health<\/strong>: Reviewing and evaluating the European depression and suicide prevention programs, and proposing recommendations for action for health politicians across Europe.<br \/>\nresearch assistant<\/p>\n<p><strong>Research<br \/>\n<\/strong><br \/>\nSemmelweis University Institute of Behavioural Sciences<\/p>\n<p>2013-2014<br \/>\nE-g\u00e9szs\u00e9gh\u00e1l\u00f3: Mental health support for young people with an online E-health tool (www.myhealthy.hu)<br \/>\npsychologist expert<\/p>\n<p>2012-2014<br \/>\nPreventing Depression and Improving Awareness through Networking in the EU (PREDI-NU): Depression prevention through different E-health interventions (www.ifightdepression.com\/hu)<br \/>\nOnline self-management tool for milder forms of depression<br \/>\nNational coordinator<\/p>\n<p>2010\u2013 2013<br \/>\nOptimizing Suicide Prevention and Their Implementation in Europe (OSPI)<br \/>\nMulti-level suicide prevention program in BAZ county<br \/>\nResearch activity<\/p>\n<p>Personal competence<\/p>\n<p><strong>Language skills:<\/strong><br \/>\nEnglish \u2013 Professional level<br \/>\nGerman &#8211; Intermediate level:\u00a0 ITK Origo Language Exam<\/p>\n<p><strong>Computer skills:<\/strong><br \/>\nMicrosoft Word\u00ae, Excel\u00ae, Power Point\u00ae, Internet<\/p>\n<p><strong>Sport activity:<\/strong><br \/>\nformer long-distance runner and basketball player<\/p>\n<p>14th September 2018.<\/p>\n<p style=\"text-align: right\">Dr. M\u00f3nika Ditta T\u00f3th<\/p>\n<p>&nbsp;<\/p>\n\n<\/div><h2 class=\"tabtitle\">Publications<\/h2>\n<div class=\"tabcontent\">\n\n<p>The full list of publication can be found in the data-base of MTMT. (<a href=\"https:\/\/vm.mtmt.hu\/\/search\/slist.php?nwi=1&amp;inited=1&amp;ty_on=1&amp;url_on=1&amp;cite_type=2&amp;orderby=3D1a&amp;lang=1&amp;location=mtmt&amp;stn=1&amp;AuthorID=10032105\" target=\"_blank\" rel=\"noopener noreferrer\">click here<\/a>)<\/p>\n<\/div><\/div>\n<p>&nbsp;<\/p>\n","protected":false},"excerpt":{"rendered":"<p>Personal information M\u00f3nika Ditta T\u00f3th, PhD E-Mail:\u00a0 tmonika85@gmail.com &nbsp; Education 2010-2016 Semmelweis University Institute of Behavioural Sciences PhD candidate Tutors: Gy\u00f6rgy Purebl, MD, Adrienne Stauder, MD, M\u00e1ria Kopp, MD Research topic:\u00a0 Psychological and sociocultural background factors of suicidal behaviour among deliberate self-poiseners (with a special focus on gender and ethnicity) 2012-2014 E\u00f6tv\u00f6s L\u00f3r\u00e1nd University Budapest &hellip;<\/p>\n","protected":false},"author":101277,"featured_media":0,"parent":3356,"menu_order":36,"comment_status":"closed","ping_status":"closed","template":"","meta":{"_acf_changed":false,"footnotes":""},"categories":[],"tags":[],"class_list":["post-5458","page","type-page","status-publish","hentry"],"acf":[],"_links":{"self":[{"href":"https:\/\/semmelweis.hu\/magtud\/wp-json\/wp\/v2\/pages\/5458","targetHints":{"allow":["GET"]}}],"collection":[{"href":"https:\/\/semmelweis.hu\/magtud\/wp-json\/wp\/v2\/pages"}],"about":[{"href":"https:\/\/semmelweis.hu\/magtud\/wp-json\/wp\/v2\/types\/page"}],"author":[{"embeddable":true,"href":"https:\/\/semmelweis.hu\/magtud\/wp-json\/wp\/v2\/users\/101277"}],"replies":[{"embeddable":true,"href":"https:\/\/semmelweis.hu\/magtud\/wp-json\/wp\/v2\/comments?post=5458"}],"version-history":[{"count":8,"href":"https:\/\/semmelweis.hu\/magtud\/wp-json\/wp\/v2\/pages\/5458\/revisions"}],"predecessor-version":[{"id":6800,"href":"https:\/\/semmelweis.hu\/magtud\/wp-json\/wp\/v2\/pages\/5458\/revisions\/6800"}],"up":[{"embeddable":true,"href":"https:\/\/semmelweis.hu\/magtud\/wp-json\/wp\/v2\/pages\/3356"}],"wp:attachment":[{"href":"https:\/\/semmelweis.hu\/magtud\/wp-json\/wp\/v2\/media?parent=5458"}],"wp:term":[{"taxonomy":"category","embeddable":true,"href":"https:\/\/semmelweis.hu\/magtud\/wp-json\/wp\/v2\/categories?post=5458"},{"taxonomy":"post_tag","embeddable":true,"href":"https:\/\/semmelweis.hu\/magtud\/wp-json\/wp\/v2\/tags?post=5458"}],"curies":[{"name":"wp","href":"https:\/\/api.w.org\/{rel}","templated":true}]}}