{"id":5083,"date":"2018-08-30T09:29:00","date_gmt":"2018-08-30T07:29:00","guid":{"rendered":"http:\/\/semmelweis.hu\/magtud\/?page_id=5083"},"modified":"2020-02-03T08:26:00","modified_gmt":"2020-02-03T07:26:00","slug":"forschungsgruppen","status":"publish","type":"page","link":"https:\/\/semmelweis.hu\/magtud\/de\/forschung\/forschungsgruppen\/","title":{"rendered":"Forschungsgruppen"},"content":{"rendered":"<p><a href=\"https:\/\/semmelweis.hu\/psychophysiology\" target=\"_blank\" rel=\"noopener noreferrer\">Forschungsgruppe f\u00fcr Psychophysiologie und Chronobiologie<\/a><\/p>\n<p><a href=\"https:\/\/semmelweis.hu\/magtud\/en\/research\/research-groups\/sleep-medicine-research-group\/\" target=\"_blank\" rel=\"noopener noreferrer\">Forschungsgruppe f\u00fcr Schlafmedizin<\/a><\/p>\n<p><a href=\"https:\/\/semmelweis.hu\/magtud\/en\/research\/research-groups\/eating-disorder-research-group\/\" target=\"_blank\" rel=\"noopener noreferrer\">Forschungsgruppe f\u00fcr Essst\u00f6rungen<\/a><\/p>\n<p><a href=\"https:\/\/semmelweis.hu\/magtud\/en\/research\/research-groups\/working-group-for-depression-and-suicide-prevention\/\" target=\"_blank\" rel=\"noopener noreferrer\">Forschungsgruppe f\u00fcr die Pr\u00e4vention von Depressionen und Selbstmord<\/a><\/p>\n<p><a href=\"https:\/\/semmelweis.hu\/magtud\/en\/research\/research-groups\/biomedicine-and-alternative-medicine-research-group\/\" target=\"_blank\" rel=\"noopener noreferrer\">Forschungsgruppe Biomedizin und alternative Heilung<\/a><\/p>\n<p><a href=\"https:\/\/semmelweis.hu\/magtud\/en\/research\/research-groups\/psychonephrology-research-group\/\" target=\"_blank\" rel=\"noopener noreferrer\">Forschungsgruppe f\u00fcr Psychonephrologie<\/a><\/p>\n<p><a href=\"https:\/\/semmelweis.hu\/magtud\/en\/research\/research-groups\/medical-communication-research-team\/\" target=\"_blank\" rel=\"noopener noreferrer\">Forschungsgruppe f\u00fcr medizinische Kommunikation<\/a><\/p>\n<p><a href=\"https:\/\/semmelweis.hu\/magtud\/en\/research\/research-groups\/thanatology-research-group\/\" target=\"_blank\" rel=\"noopener noreferrer\">Forschungsgruppe f\u00fcr Thanatologie<\/a><\/p>\n<p><a href=\"https:\/\/semmelweis.hu\/magtud\/en\/research\/research-groups\/psychosocial-stress-research-group\/\" target=\"_blank\" rel=\"noopener noreferrer\">Forschungsgruppe f\u00fcr psychosozialen Stress<\/a><\/p>\n<p><a href=\"https:\/\/semmelweis.hu\/magtud\/en\/research\/research-groups\/medical-humanities-research-group\/\" target=\"_blank\" rel=\"noopener noreferrer\">Forschungsgruppe Medizinische Humanwissenschaften<\/a><\/p>\n<p><a href=\"https:\/\/semmelweis.hu\/magtud\/en\/research\/research-groups\/research-group-for-healers-health\/\" target=\"_blank\" rel=\"noopener noreferrer\">Forschungsgruppe f\u00fcr die \u201eGesundheit der medizinisch T\u00e4tigen\u201d<\/a><\/p>\n<p><a href=\"https:\/\/semmelweis.hu\/magtud\/en\/research\/research-groups\/hungarostudy-research-group\/\" target=\"_blank\" rel=\"noopener noreferrer\">Forschungsgruppe Hungarostudy<\/a><\/p>\n<p><a href=\"https:\/\/semmelweis.hu\/magtud\/en\/research\/research-groups\/the-relationship-between-reproductive-health-and-stress-research-group\/\" target=\"_blank\" rel=\"noopener noreferrer\">Forschungsgruppe f\u00fcr Reproduktionsschwierigkeiten\/Unfruchtbarkeit<\/a><\/p>\n<p><a href=\"https:\/\/semmelweis.hu\/magtud\/en\/research\/research-groups\/connections-between-quality-of-family-relations-and-health-status-research-group\/\" target=\"_blank\" rel=\"noopener noreferrer\">Forschungsgruppe f\u00fcr Zusammenh\u00e4nge zwischen der Qualit\u00e4t der Beziehungen in der Familie und dem gesundheitlichen Status<\/a><\/p>\n<p><a href=\"https:\/\/semmelweis.hu\/magtud\/en\/research\/research-groups\/work-related-stress-and-stress-management-research-group\/\" target=\"_blank\" rel=\"noopener noreferrer\">Forschungsgruppe f\u00fcr den Stress und Stressbearbeitung am Arbeitsplatz<\/a><\/p>\n<div dir=\"auto\"><a href=\"https:\/\/semmelweis.hu\/magtud\/en\/research\/research-groups\/behavioural-questions-of-obstetric-care\/\" target=\"_blank\" rel=\"noopener noreferrer\">Verhaltenswissenschaftliche Fragen der Geburtshilfe<\/a><\/div>\n","protected":false},"excerpt":{"rendered":"<p><a href=\"https:\/\/semmelweis.hu\/psychophysiology\" target=\"_blank\" rel=\"noopener noreferrer\">Forschungsgruppe f\u00fcr Psychophysiologie und Chronobiologie<\/a><br \/>\n<a href=\"https:\/\/semmelweis.hu\/magtud\/en\/research\/research-groups\/sleep-medicine-research-group\/\" target=\"_blank\" rel=\"noopener noreferrer\">Forschungsgruppe f\u00fcr Schlafmedizin<\/a><br \/>\n<a href=\"https:\/\/semmelweis.hu\/magtud\/en\/research\/research-groups\/eating-disorder-research-group\/\" target=\"_blank\" rel=\"noopener noreferrer\">Forschungsgruppe f\u00fcr Essst\u00f6rungen<\/a><br \/>\n<a href=\"https:\/\/semmelweis.hu\/magtud\/en\/research\/research-groups\/working-group-for-depression-and-suicide-prevention\/\" target=\"_blank\" rel=\"noopener noreferrer\">Forschungsgruppe f\u00fcr die Pr\u00e4vention von Depressionen und Selbstmord<\/a><br \/>\n<a href=\"https:\/\/semmelweis.hu\/magtud\/en\/research\/research-groups\/biomedicine-and-alternative-medicine-research-group\/\" target=\"_blank\" rel=\"noopener noreferrer\">Forschungsgruppe Biomedizin und alternative Heilung<\/a><br \/>\n<a href=\"https:\/\/semmelweis.hu\/magtud\/en\/research\/research-groups\/psychonephrology-research-group\/\" target=\"_blank\" rel=\"noopener noreferrer\">Forschungsgruppe f\u00fcr Psychonephrologie<\/a><br \/>\n<a href=\"https:\/\/semmelweis.hu\/magtud\/en\/research\/research-groups\/medical-communication-research-team\/\" target=\"_blank\" rel=\"noopener noreferrer\">Forschungsgruppe f\u00fcr medizinische Kommunikation<\/a><br \/>\n<a href=\"https:\/\/semmelweis.hu\/magtud\/en\/research\/research-groups\/thanatology-research-group\/\" target=\"_blank\" rel=\"noopener noreferrer\">Forschungsgruppe f\u00fcr Thanatologie<\/a><br \/>\n<a href=\"https:\/\/semmelweis.hu\/magtud\/en\/research\/research-groups\/psychosocial-stress-research-group\/\" target=\"_blank\" rel=\"noopener noreferrer\">Forschungsgruppe f\u00fcr psychosozialen Stress<\/a><br \/>\n<a href=\"https:\/\/semmelweis.hu\/magtud\/en\/research\/research-groups\/medical-humanities-research-group\/\" target=\"_blank\" rel=\"noopener noreferrer\">Forschungsgruppe Medizinische Humanwissenschaften<\/a><br \/>\n<a href=\"https:\/\/semmelweis.hu\/magtud\/en\/research\/research-groups\/research-group-for-healers-health\/\" target=\"_blank\" rel=\"noopener noreferrer\">Forschungsgruppe f\u00fcr die \u201eGesundheit der medizinisch T\u00e4tigen\u201d<\/a><br \/>\n<a href=\"https:\/\/semmelweis.hu\/magtud\/en\/research\/research-groups\/hungarostudy-research-group\/\" target=\"_blank\" rel=\"noopener noreferrer\">Forschungsgruppe Hungarostudy<\/a><br \/>\n<a href=\"https:\/\/semmelweis.hu\/magtud\/en\/research\/research-groups\/the-relationship-between-reproductive-health-and-stress-research-group\/\" target=\"_blank\" rel=\"noopener noreferrer\">Forschungsgruppe f\u00fcr Reproduktionsschwierigkeiten\/Unfruchtbarkeit<\/a><br \/>\n<a href=\"https:\/\/semmelweis.hu\/magtud\/en\/research\/research-groups\/connections-between-quality-of-family-relations-and-health-status-research-group\/\" target=\"_blank\" rel=\"noopener noreferrer\">Forschungsgruppe f\u00fcr Zusammenh\u00e4nge zwischen der Qualit\u00e4t der Beziehungen in der Familie und dem gesundheitlichen Status<\/a><br \/>\n<a href=\"https:\/\/semmelweis.hu\/magtud\/en\/research\/research-groups\/work-related-stress-and-stress-management-research-group\/\" target=\"_blank\" rel=\"noopener noreferrer\">Forschungsgruppe f\u00fcr den Stress und Stressbearbeitung am Arbeitsplatz<\/a><br \/>\n<a href=\"https:\/\/semmelweis.hu\/magtud\/en\/research\/research-groups\/behavioural-questions-of-obstetric-care\/\" target=\"_blank\" rel=\"noopener noreferrer\">Verhaltenswissenschaftliche Fragen der Geburtshilfe<\/a><\/p>\n","protected":false},"author":101277,"featured_media":0,"parent":4434,"menu_order":0,"comment_status":"closed","ping_status":"closed","template":"","meta":{"_acf_changed":false,"footnotes":""},"categories":[],"tags":[],"class_list":["post-5083","page","type-page","status-publish","hentry"],"acf":[],"_links":{"self":[{"href":"https:\/\/semmelweis.hu\/magtud\/wp-json\/wp\/v2\/pages\/5083","targetHints":{"allow":["GET"]}}],"collection":[{"href":"https:\/\/semmelweis.hu\/magtud\/wp-json\/wp\/v2\/pages"}],"about":[{"href":"https:\/\/semmelweis.hu\/magtud\/wp-json\/wp\/v2\/types\/page"}],"author":[{"embeddable":true,"href":"https:\/\/semmelweis.hu\/magtud\/wp-json\/wp\/v2\/users\/101277"}],"replies":[{"embeddable":true,"href":"https:\/\/semmelweis.hu\/magtud\/wp-json\/wp\/v2\/comments?post=5083"}],"version-history":[{"count":5,"href":"https:\/\/semmelweis.hu\/magtud\/wp-json\/wp\/v2\/pages\/5083\/revisions"}],"predecessor-version":[{"id":7698,"href":"https:\/\/semmelweis.hu\/magtud\/wp-json\/wp\/v2\/pages\/5083\/revisions\/7698"}],"up":[{"embeddable":true,"href":"https:\/\/semmelweis.hu\/magtud\/wp-json\/wp\/v2\/pages\/4434"}],"wp:attachment":[{"href":"https:\/\/semmelweis.hu\/magtud\/wp-json\/wp\/v2\/media?parent=5083"}],"wp:term":[{"taxonomy":"category","embeddable":true,"href":"https:\/\/semmelweis.hu\/magtud\/wp-json\/wp\/v2\/categories?post=5083"},{"taxonomy":"post_tag","embeddable":true,"href":"https:\/\/semmelweis.hu\/magtud\/wp-json\/wp\/v2\/tags?post=5083"}],"curies":[{"name":"wp","href":"https:\/\/api.w.org\/{rel}","templated":true}]}}