{"id":5002,"date":"2018-08-28T17:57:50","date_gmt":"2018-08-28T15:57:50","guid":{"rendered":"http:\/\/semmelweis.hu\/magtud\/?page_id=5002"},"modified":"2026-01-21T16:06:36","modified_gmt":"2026-01-21T15:06:36","slug":"research-topics-for-students","status":"publish","type":"page","link":"https:\/\/semmelweis.hu\/magtud\/en\/research\/students-scientific-association\/research-topics-for-students\/","title":{"rendered":"Research topics for students"},"content":{"rendered":"<h4><strong>Research topics for students in English language<br \/>\n2025\/2026<\/strong><\/h4>\n<p>&nbsp;<\/p>\n<table style=\"width: 38.3139%\" width=\"545\">\n<tbody>\n<tr>\n<td style=\"width: 64.8014%\" width=\"354\">\u00a0<\/td>\n<td style=\"width: 56.6787%\" width=\"191\">\u00a0<\/td>\n<\/tr>\n<tr>\n<td style=\"width: 64.8014%\" width=\"354\">Sleep oscillations in the human thalamus and cortex<\/td>\n<td style=\"width: 56.6787%\" width=\"191\">Dr. R\u00f3bert B\u00f3dizs<\/td>\n<\/tr>\n<tr>\n<td style=\"width: 64.8014%\" width=\"354\">Consent to treatment \u2013 legal and ethical aspects<\/td>\n<td style=\"width: 56.6787%\" width=\"191\">Dr. \u00c1gnes D\u00f3sa<\/td>\n<\/tr>\n<tr>\n<td style=\"width: 64.8014%\" width=\"354\">Ethical and legal issues in death and dying<\/td>\n<td style=\"width: 56.6787%\" width=\"191\">Dr. \u00c1gnes D\u00f3sa<\/td>\n<\/tr>\n<tr>\n<td style=\"width: 64.8014%\" width=\"354\">Ethical and legal issues surrounding cardiopulmonary resuscitation<\/td>\n<td style=\"width: 56.6787%\" width=\"191\">Dr. \u00c1gnes D\u00f3sa<\/td>\n<\/tr>\n<tr>\n<td style=\"width: 64.8014%\" width=\"354\">Ethical and legal issues surrounding live organ donation<\/td>\n<td style=\"width: 56.6787%\" width=\"191\">Dr. \u00c1gnes D\u00f3sa<\/td>\n<\/tr>\n<tr>\n<td style=\"width: 64.8014%\" width=\"354\">Ethical and legal issues related to medical errors<\/td>\n<td style=\"width: 56.6787%\" width=\"191\">Dr. \u00c1gnes D\u00f3sa<\/td>\n<\/tr>\n<tr>\n<td style=\"width: 64.8014%\" width=\"354\">Ethical and legal issues related to medical errors in dental care<\/td>\n<td style=\"width: 56.6787%\" width=\"191\">Dr. \u00c1gnes D\u00f3sa<\/td>\n<\/tr>\n<tr>\n<td style=\"width: 64.8014%\" width=\"354\">Ethical and legal issues related to pharmaceutical errors<\/td>\n<td style=\"width: 56.6787%\" width=\"191\">Dr. \u00c1gnes D\u00f3sa<\/td>\n<\/tr>\n<tr>\n<td style=\"width: 64.8014%\" width=\"354\">Intercultural issues in healthcare<\/td>\n<td style=\"width: 56.6787%\" width=\"191\">Bence D\u00f6br\u00f6ssy<\/td>\n<\/tr>\n<tr>\n<td style=\"width: 64.8014%\" width=\"354\">Global poverty and health<\/td>\n<td style=\"width: 56.6787%\" width=\"191\">Bence D\u00f6br\u00f6ssy<\/td>\n<\/tr>\n<tr>\n<td style=\"width: 64.8014%\" width=\"354\">Social stratification and health<\/td>\n<td style=\"width: 56.6787%\" width=\"191\">Bence D\u00f6br\u00f6ssy<\/td>\n<\/tr>\n<tr>\n<td style=\"width: 64.8014%\" width=\"354\">Digital health policy<\/td>\n<td style=\"width: 56.6787%\" width=\"191\">Bence D\u00f6br\u00f6ssy<\/td>\n<\/tr>\n<tr>\n<td style=\"width: 64.8014%\" width=\"354\">Health and risk behavior<\/td>\n<td style=\"width: 56.6787%\" width=\"191\">Bence D\u00f6br\u00f6ssy<\/td>\n<\/tr>\n<tr>\n<td style=\"width: 64.8014%\" width=\"354\">Analysis of healthcare systems<\/td>\n<td style=\"width: 56.6787%\" width=\"191\">Dr. Edmond Girasek<\/td>\n<\/tr>\n<tr>\n<td style=\"width: 64.8014%\" width=\"354\">Disparities in the health care system<\/td>\n<td style=\"width: 56.6787%\" width=\"191\">Dr. Edmond Girasek<\/td>\n<\/tr>\n<tr>\n<td style=\"width: 64.8014%\" width=\"354\">Medical doctors\u2019 career choice motivations<\/td>\n<td style=\"width: 56.6787%\" width=\"191\">Dr. Edmond Girasek<\/td>\n<\/tr>\n<tr>\n<td style=\"width: 64.8014%\" width=\"354\">Digital impacts on the health care system<\/td>\n<td style=\"width: 56.6787%\" width=\"191\">Dr. Edmond Girasek<\/td>\n<\/tr>\n<tr>\n<td style=\"width: 64.8014%\" width=\"354\">Medicine in the digital age<\/td>\n<td style=\"width: 56.6787%\" width=\"191\">Dr. Zsuzsa Gy\u0151rffy<\/td>\n<\/tr>\n<tr>\n<td style=\"width: 64.8014%\" width=\"354\">Ethical issues of psychiatry and psychotherapy<\/td>\n<td style=\"width: 56.6787%\" width=\"191\">Dr. J\u00f3zsef Kov\u00e1cs<\/td>\n<\/tr>\n<tr>\n<td style=\"width: 64.8014%\" width=\"354\">The ethics of procreation<\/td>\n<td style=\"width: 56.6787%\" width=\"191\">Dr. L\u00e1szl\u00f3 Nemes<\/td>\n<\/tr>\n<tr>\n<td style=\"width: 64.8014%\" width=\"354\">Narrative medicine<\/td>\n<td style=\"width: 56.6787%\" width=\"191\">Dr. L\u00e1szl\u00f3 Nemes<\/td>\n<\/tr>\n<tr>\n<td style=\"width: 64.8014%\" width=\"354\">The problems of paternalism<\/td>\n<td style=\"width: 56.6787%\" width=\"191\">Dr. L\u00e1szl\u00f3 Nemes<\/td>\n<\/tr>\n<tr>\n<td style=\"width: 64.8014%\" width=\"354\">Conflict management and culture<\/td>\n<td style=\"width: 56.6787%\" width=\"191\">Dr. Gy\u00f6rgy Purebl<\/td>\n<\/tr>\n<tr>\n<td style=\"width: 64.8014%\" width=\"354\">Emotion regulation in adolescents<\/td>\n<td style=\"width: 56.6787%\" width=\"191\">Dr. Adrienne Stauder<\/td>\n<\/tr>\n<tr>\n<td style=\"width: 64.8014%\" width=\"354\">Psychosocial aspects of heart failure.\u00a0\u00a0<\/td>\n<td style=\"width: 56.6787%\" width=\"191\">Dr. Adrienne Stauder<\/td>\n<\/tr>\n<tr>\n<td style=\"width: 64.8014%\" width=\"354\">Sleep and attention in children<\/td>\n<td style=\"width: 56.6787%\" width=\"191\">Dr. Orsolya Szal\u00e1rdy<\/td>\n<\/tr>\n<tr>\n<td style=\"width: 64.8014%\" width=\"354\">Temporal prediction and selective auditory attention<\/td>\n<td style=\"width: 56.6787%\" width=\"191\">Dr. Orsolya Szal\u00e1rdy<\/td>\n<\/tr>\n<tr>\n<td style=\"width: 64.8014%\" width=\"354\">Ethical issues of clinical applications of genetics<\/td>\n<td style=\"width: 56.6787%\" width=\"191\">Dr. Imre Szebik<\/td>\n<\/tr>\n<tr>\n<td style=\"width: 64.8014%\" width=\"354\">Ethical issues of clinical research<\/td>\n<td style=\"width: 56.6787%\" width=\"191\">Dr. Imre Szebik<\/td>\n<\/tr>\n<tr>\n<td style=\"width: 64.8014%\" width=\"354\">Ethical issues related to maternity care<\/td>\n<td style=\"width: 56.6787%\" width=\"191\">Dr. Imre Szebik<\/td>\n<\/tr>\n<tr>\n<td style=\"width: 64.8014%\">Human Rights in medicine<\/td>\n<td style=\"width: 56.6787%\" width=\"191\">Dr. Attila G\u00e1bor T\u00f3th<\/td>\n<\/tr>\n<tr>\n<td style=\"width: 64.8014%\">Right to life and right to die<\/td>\n<td style=\"width: 56.6787%\" width=\"191\">Dr. Attila G\u00e1bor T\u00f3th<\/td>\n<\/tr>\n<tr>\n<td style=\"width: 64.8014%\" width=\"354\">The effect of traits and daily events on the sleep EEG<\/td>\n<td style=\"width: 56.6787%\" width=\"191\">Dr. P\u00e9ter Ujma<\/td>\n<\/tr>\n<tr>\n<td style=\"width: 64.8014%\" width=\"354\">Determinants of fertility in Hungary<\/td>\n<td style=\"width: 56.6787%\" width=\"191\">Dr. P\u00e9ter Ujma<\/td>\n<\/tr>\n<\/tbody>\n<\/table>\n<p>&nbsp;<\/p>\n","protected":false},"excerpt":{"rendered":"<p>Research topics for students in English language 2025\/2026 &nbsp; \u00a0 \u00a0 Sleep oscillations in the human thalamus and cortex Dr. R\u00f3bert B\u00f3dizs Consent to treatment \u2013 legal and ethical aspects Dr. \u00c1gnes D\u00f3sa Ethical and legal issues in death and dying Dr. \u00c1gnes D\u00f3sa Ethical and legal issues surrounding cardiopulmonary resuscitation Dr. \u00c1gnes D\u00f3sa Ethical &hellip;<\/p>\n","protected":false},"author":101277,"featured_media":0,"parent":4881,"menu_order":1,"comment_status":"closed","ping_status":"closed","template":"","meta":{"_acf_changed":false,"footnotes":""},"categories":[],"tags":[],"class_list":["post-5002","page","type-page","status-publish","hentry"],"acf":[],"_links":{"self":[{"href":"https:\/\/semmelweis.hu\/magtud\/wp-json\/wp\/v2\/pages\/5002","targetHints":{"allow":["GET"]}}],"collection":[{"href":"https:\/\/semmelweis.hu\/magtud\/wp-json\/wp\/v2\/pages"}],"about":[{"href":"https:\/\/semmelweis.hu\/magtud\/wp-json\/wp\/v2\/types\/page"}],"author":[{"embeddable":true,"href":"https:\/\/semmelweis.hu\/magtud\/wp-json\/wp\/v2\/users\/101277"}],"replies":[{"embeddable":true,"href":"https:\/\/semmelweis.hu\/magtud\/wp-json\/wp\/v2\/comments?post=5002"}],"version-history":[{"count":10,"href":"https:\/\/semmelweis.hu\/magtud\/wp-json\/wp\/v2\/pages\/5002\/revisions"}],"predecessor-version":[{"id":13205,"href":"https:\/\/semmelweis.hu\/magtud\/wp-json\/wp\/v2\/pages\/5002\/revisions\/13205"}],"up":[{"embeddable":true,"href":"https:\/\/semmelweis.hu\/magtud\/wp-json\/wp\/v2\/pages\/4881"}],"wp:attachment":[{"href":"https:\/\/semmelweis.hu\/magtud\/wp-json\/wp\/v2\/media?parent=5002"}],"wp:term":[{"taxonomy":"category","embeddable":true,"href":"https:\/\/semmelweis.hu\/magtud\/wp-json\/wp\/v2\/categories?post=5002"},{"taxonomy":"post_tag","embeddable":true,"href":"https:\/\/semmelweis.hu\/magtud\/wp-json\/wp\/v2\/tags?post=5002"}],"curies":[{"name":"wp","href":"https:\/\/api.w.org\/{rel}","templated":true}]}}