{"id":4999,"date":"2018-08-28T17:42:01","date_gmt":"2018-08-28T15:42:01","guid":{"rendered":"http:\/\/semmelweis.hu\/magtud\/?page_id=4999"},"modified":"2018-08-28T17:42:01","modified_gmt":"2018-08-28T15:42:01","slug":"work-related-stress-and-stress-management-research-group","status":"publish","type":"page","link":"https:\/\/semmelweis.hu\/magtud\/en\/research\/research-groups\/work-related-stress-and-stress-management-research-group\/","title":{"rendered":"Work Related Stress and Stress Management Research Group"},"content":{"rendered":"<p><strong>Leader :<br \/>\n<\/strong>Adrienne Stauder MD, PhD<\/p>\n<p><strong>Members:<br \/>\n<\/strong>Szilvia \u00c1d\u00e1m, PhD<br \/>\n\u00c9va Sus\u00e1nszky, PhD<br \/>\nGy\u00f6ngyv\u00e9r Salavecz, PhD<br \/>\nAndr\u00e1s Sz\u00e9kely, contributor<br \/>\nZolt\u00e1n Cserh\u00e1ti, MD<br \/>\nKatalin Nistor, PhD student<br \/>\nAnik\u00f3 Nistor, PhD student<br \/>\nKonkoly-Thege Barna, PhD, contributor<br \/>\nSzab\u00f3 Anita, contributor<br \/>\nZakor T\u00fcnde, contributor<br \/>\nWilliams Lifeskills facilitator network (approx. 60 persons), indirect contributors<\/p>\n<p>&nbsp;<\/p>\n<p><strong>Research topic:<\/strong><\/p>\n<p>The research group investigates the effects of work related stress on physical and mental health, and the possibilities of the prevention or the reduction of the negative health effects. For this purpose our workgroup develops and\/or validates relevant questionnaires, performs epidemiological research, develops and implements stress management interventions, and studies their efectiveness. Several doctoral works are related to this topic: Szilvia \u00c1d\u00e1m (2009), Gy\u00f6ngyv\u00e9r Salavecz (2011), Zolt\u00e1n Cserh\u00e1ti (PhD student), Katalin Nistor (PhD student), Anik\u00f3 Nistor (PhD student). Our workgroup has created an information website about work stress: <a href=\"http:\/\/www.munkahelyistresszkerdoiv.hu\">www.munkahelyistresszinfo.hu<\/a>, and a free on-line questionnaire, recommended by the National Labour Office, that measures psychosocial stress at the workplace <a href=\"http:\/\/www.munkahelyistresszkerdoiv.hu\">www.munkahelyistresszkerdoiv.hu<\/a> . More information about the stress management interventions can be found at <a href=\"http:\/\/www.munkahelyistresszkerdoiv.hu\">www.eletkeszsegek.hu<\/a> .<\/p>\n<p>&nbsp;<\/p>\n<p><strong>Previous research grants (with on-going data analysis and publication of the results):<\/strong><\/p>\n<p>OMMF-11-0104\u00a0 Development of a questionnaire to assess the psychosocial risk at the workplace<\/p>\n<p>T\u00c1MOP 5.4.1-12\u00a0\u00a0\u00a0 HUNGAROSTUDY 2013<\/p>\n<p>&nbsp;<\/p>\n<p><strong>\u00a0<\/strong><strong>The most important publications of the workgroup related to the research topic:<\/strong><\/p>\n<p>Nistor K, \u00c1d\u00e1m Sz, Cserh\u00e1ti Z, Szab\u00f3 A, Zakor T, Stauder A. A Koppenh\u00e1gai K\u00e9rd\u0151\u00edv a Munkahelyi Pszichoszoci\u00e1lis T\u00e9nyez\u0151kr\u0151l II (COPSOQ II) magyar verzi\u00f3j\u00e1nak pszichometriai jellemz\u0151i. (Psychometric characteristics of the Hungarian version of the Copenhagen Psychosocial Questionnaire II (COPSOQ II).) Ment\u00e1lhigi\u00e9n\u00e9 \u00e9s Pszichoszomatika, 2015:16(2), 179-207.<\/p>\n<p>Nistor K, Nistor A, \u00c1d\u00e1m Sz, Szab\u00f3 A, Konkol\u00ff Thege B, Stauder A. Munkahelyi pszichoszoci\u00e1lis kock\u00e1zati t\u00e9nyez\u0151k kapcsolata a depresszi\u00f3s t\u00fcnetegy\u00fcttessel a magyar munkav\u00e1llal\u00f3k k\u00f6r\u00e9ben. Az Orsz\u00e1gos Munkahelyi Stresszfelm\u00e9r\u00e9s el\u0151zetes eredm\u00e9nyei. (The relationship of work-related psychosocial risk factors with depressive symptoms among Hungarian workers. Preliminary results of the Hungarian Work Stress Survey.) Orvosi Hetilap, 2015: 156(11), 439-448.<\/p>\n<p>\u00c1d\u00e1m Sz, Nistor A., Nistor K., Cserh\u00e1ti Z., M\u00e9szaros V.: Facilitating the diagnosis of depression and burnout by identifying demographic and work-related risk and protective factors among nurses, ORVOSI HETILAP, 2015: 156: (32)<\/p>\n<p>Stauder A, Nistor K, Sus\u00e1nszky \u00c9, \u00c1d\u00e1m Sz:\u00a0 Egyes szem\u00e9lyis\u00e9gjellemz\u0151k szerepe a stressz \u00e9szlel\u00e9s\u00e9ben \u00e9s a megk\u00fczd\u00e9sben. (The role of personality factors in the perception of and coping with stress.) In: Sus\u00e1nszky \u00c9va, Sz\u00e1nt\u00f3 Zsuzsa (eds.) Magyar lelki\u00e1llapot 2013. (Hungarian State of Mind 2013.) Budapest: Semmelweis kiad\u00f3, 2013.\u00a0 pp. 123-136<\/p>\n<p>Salavecz Gy:\u00a0 A munkahelyi stress \u00e9s az eg\u00e9szs\u00e9gi \u00e1llapot \u00f6sszef\u00fcgg\u00e9sei. (The relationship between workplace stress and health status.) In: Sus\u00e1nszky \u00c9va, Sz\u00e1nt\u00f3 Zsuzsa (eds.) Magyar lelki\u00e1llapot 2013. (Hungarian State of Mind 2013.) Budapest: Semmelweis kiad\u00f3, 2013.\u00a0 pp. 89-104<\/p>\n<p>\u00c1d\u00e1m Sz: Work-Family Conflict among Female and Male Physicians in Hungary: Prevalence, Stressor Predictors and Potential Consequences on Physicians\u2019 Well-Being, Szombathely, 2013, P\u00c1L\u00daR Kft., 141 p. (book in English)<\/p>\n<p>Stauder A, Konkol\u00ff Thege B, Kov\u00e1cs M E, Balog P, Williams V P, Williams R B. World wide stress: Different problems, similar solutions? Cultural adaptation and evaluation of a standardized stress management program in Hungary. Int J Behav Med. 2010;17(1):25-32. (IF 1.591)<\/p>\n<p>Kopp MS, Skrabski A, Sz\u00e9kely A, Stauder A, Williams R.: Chronic stress and social changes: socioeconomic determination of chronic stress. Ann N Y Acad Sci. 2007;1113:325-38 \u00a0\u00a0\u00a0\u00a0\u00a0\u00a0\u00a0\u00a0\u00a0\u00a0\u00a0\u00a0\u00a0\u00a0\u00a0\u00a0\u00a0\u00a0\u00a0\u00a0\u00a0\u00a0\u00a0\u00a0\u00a0\u00a0\u00a0\u00a0\u00a0\u00a0\u00a0\u00a0\u00a0\u00a0\u00a0\u00a0\u00a0\u00a0\u00a0\u00a0\u00a0\u00a0\u00a0\u00a0\u00a0\u00a0\u00a0\u00a0\u00a0\u00a0\u00a0\u00a0\u00a0\u00a0\u00a0\u00a0\u00a0\u00a0 (IF: 1.731)<\/p>\n<p>Salavecz G., T Chandola, H Pikhart, N Dragano, J Siegrist, K-H J\u00f6ckel, R Erbel, A Pajak, Malyutina, R Kubinova, M Marmot, M Bobak, M Kopp. Work stress and health in Western European and post-communist countries: an East\u2013West comparison study. J Epidemiol Community Health 2010;64:57-62 (IF: 3.186)<\/p>\n<p>L\u00e1szl\u00f3 KD, Pikhart H, Kopp MS, Bobak M, Pajak A, Malyutina S, Salavecz G, Marmot M. Job insecurity and health: A study of 16 European countries. Soc Sci Med. 2010 Mar;70(6):867-874. (IF: 2.604)<\/p>\n<p>Kopp MS, Stauder A, Purebl G, Janszky I, Skrabski A.: Work stress and mental health in a changing society. Eur J Public Health. 2008 18(3):238-44. (IF: 2,176)<\/p>\n<p>Kopp M S, Konkol\u00ff Thege B, Balog P, Stauder A, Salavecz Gy, R\u00f3zsa S, Purebl G, \u00c1d\u00e1m Sz: Measures of stress in epidemiological research. J Psychosom Res 2010 (69) 211-225 \u00a0(IF: 2.540)<\/p>\n<p>\u00c1d\u00e1m Sz., Gy\u0151rffy Zs., L\u00e1szl\u00f3 K. (2009): High prevalence of job dissatisfaction among female physicians: work-family conflict as a potential stressor. Clinical and Experimental Medical Journal, 3(3), 453-461.<\/p>\n<p>\u00c1d\u00e1m, S., Gy\u0151rffy, Z., Sus\u00e1nszky, \u00c9. (2008). Physician burnout in Hungary: a potential role for work-family conflict. Journal of Health Psychology, 13(7), 839-.848. IF: 1.423<\/p>\n<p>&nbsp;<\/p>\n<p>&nbsp;<\/p>\n","protected":false},"excerpt":{"rendered":"<p>Leader : Adrienne Stauder MD, PhD Members: Szilvia \u00c1d\u00e1m, PhD \u00c9va Sus\u00e1nszky, PhD Gy\u00f6ngyv\u00e9r Salavecz, PhD Andr\u00e1s Sz\u00e9kely, contributor Zolt\u00e1n Cserh\u00e1ti, MD Katalin Nistor, PhD student Anik\u00f3 Nistor, PhD student Konkoly-Thege Barna, PhD, contributor Szab\u00f3 Anita, contributor Zakor T\u00fcnde, contributor Williams Lifeskills facilitator network (approx. 60 persons), indirect contributors &nbsp; Research topic: The research group &hellip;<\/p>\n","protected":false},"author":101277,"featured_media":0,"parent":4877,"menu_order":14,"comment_status":"closed","ping_status":"closed","template":"","meta":{"_acf_changed":false,"footnotes":""},"categories":[],"tags":[],"class_list":["post-4999","page","type-page","status-publish","hentry"],"acf":[],"_links":{"self":[{"href":"https:\/\/semmelweis.hu\/magtud\/wp-json\/wp\/v2\/pages\/4999","targetHints":{"allow":["GET"]}}],"collection":[{"href":"https:\/\/semmelweis.hu\/magtud\/wp-json\/wp\/v2\/pages"}],"about":[{"href":"https:\/\/semmelweis.hu\/magtud\/wp-json\/wp\/v2\/types\/page"}],"author":[{"embeddable":true,"href":"https:\/\/semmelweis.hu\/magtud\/wp-json\/wp\/v2\/users\/101277"}],"replies":[{"embeddable":true,"href":"https:\/\/semmelweis.hu\/magtud\/wp-json\/wp\/v2\/comments?post=4999"}],"version-history":[{"count":1,"href":"https:\/\/semmelweis.hu\/magtud\/wp-json\/wp\/v2\/pages\/4999\/revisions"}],"predecessor-version":[{"id":5000,"href":"https:\/\/semmelweis.hu\/magtud\/wp-json\/wp\/v2\/pages\/4999\/revisions\/5000"}],"up":[{"embeddable":true,"href":"https:\/\/semmelweis.hu\/magtud\/wp-json\/wp\/v2\/pages\/4877"}],"wp:attachment":[{"href":"https:\/\/semmelweis.hu\/magtud\/wp-json\/wp\/v2\/media?parent=4999"}],"wp:term":[{"taxonomy":"category","embeddable":true,"href":"https:\/\/semmelweis.hu\/magtud\/wp-json\/wp\/v2\/categories?post=4999"},{"taxonomy":"post_tag","embeddable":true,"href":"https:\/\/semmelweis.hu\/magtud\/wp-json\/wp\/v2\/tags?post=4999"}],"curies":[{"name":"wp","href":"https:\/\/api.w.org\/{rel}","templated":true}]}}