{"id":4997,"date":"2018-08-28T17:40:13","date_gmt":"2018-08-28T15:40:13","guid":{"rendered":"http:\/\/semmelweis.hu\/magtud\/?page_id=4997"},"modified":"2020-09-14T15:02:09","modified_gmt":"2020-09-14T13:02:09","slug":"connections-between-quality-of-family-relations-and-health-status-research-group","status":"publish","type":"page","link":"https:\/\/semmelweis.hu\/magtud\/en\/research\/research-groups\/connections-between-quality-of-family-relations-and-health-status-research-group\/","title":{"rendered":"Connections Between Quality of Family Relations and Health Status \u2013 Research Group"},"content":{"rendered":"<p><strong>Leader: <\/strong>Dr Piroska Balog, PhD<\/p>\n<p><strong>Members:<br \/>\n<\/strong>M\u00e1ria Szepes, PhD student<br \/>\n\u00c9va Kov\u00e1cs, PhD student<br \/>\nCzine Gr\u00e9ta, student<br \/>\nEszter M\u00e9sz\u00e1ros, external member<br \/>\nG\u00e1bor Szab\u00f3, external member<\/p>\n<p><strong>\u00a0<\/strong><\/p>\n<p><strong>Research topic<\/strong><\/p>\n<p>Our research group aims to explore the connections between marital status and health status (with special focus on being married\/living together vs being divorced), furthermore to examine the parental conflicts and the health status of children.<\/p>\n<p>Health deterioration has an impact on family relations as well. At the same time, marital conflicts not only worsen mental health (increasing the number of anxiety symptoms and depressive symptoms) but they also cause physiological changes. In the course of our research we study the relationship between marital status (with special focus on being married\/living together vs being divorced) health status (mental and physical), and marital stress, and health status, respectively. Family conflicts and divorce both have an impact on children\u2019s health and development. We plan to introduce the validation and standardization of the Children\u2019s Perception of Interparental Conflict Scale (CPIC) among Hungarian children.<\/p>\n<p>&nbsp;<\/p>\n<p><strong>Publications:<\/strong><\/p>\n<p>Czine Gr\u00e9ta: A h\u00e1zast\u00e1rsi konfliktusok \u00e9s a gyermekek eg\u00e9szs\u00e9ge k\u00f6z\u00f6tti \u00f6sszef\u00fcgg\u00e9sek (thesis) (2017) Semmelweis University, Institute of Behavioural Sciences, Supervisor: Dr. Balog Piroska<\/p>\n<p>Szepes M\u00e1ria, Kov\u00e1cs \u00c9va, Balog Piroska: Kr\u00edzis a csal\u00e1dban &#8211; a csal\u00e1di kapcsolatok min\u0151s\u00e9ge \u00e9s az eg\u00e9szs\u00e9gi \u00e1llapot \u00f6sszef\u00fcgg\u00e9sei. In: Kiss, Enik\u0151 Csilla; Mak\u00f3, Hajnalka (szerk.) A gy\u00e1sz, kr\u00edzis, trauma \u00e9s a megk\u00fczd\u00e9s l\u00e9lektana. P\u00e9cs: Pro Pannonia Kiad\u00f3, (2015) pp. 166-181., 16 p.<\/p>\n<p>Konkoly Thege Barna, Kov\u00e1cs \u00c9va, Balog Piroska (2014): A bifactor model of the Posttraumatic Growth Inventory. HEALTH PSYCHOLOGY AND BEHAVIORAL MEDICINE 2 : 1 pp. 529-540. , 12 p. (2014)<\/p>\n<p>Balog P, Falger P, Szab\u00f3 G, D\u00e9gi CSL, K\u00e1llay E, Stauder A, Sz\u00e9kely A, Kopp MS (2013): Marital distress, treatment for hypertension and depression &#8211; gender differences. Journal of Cognitive and Behavioral Psychotherapies, Vol. 13, No. 2, September 2013, 371-384.<\/p>\n<p>Kov\u00e1cs \u00c9, Balog P, M\u00e9sz\u00e1ros E, Kopp M (2013): Married, cohabiting, and divorced marital status and mental health. Journal of Mental Health and Psychosomatics 14 (3), 205\u2014230, DOI: 10.1556\/Mental.14.2013.3.2<\/p>\n<p>Balog P, Sz\u00e9kely A, Szab\u00f3 G, Kopp M (2006) The psychometric properties of the Shortened Marital Stress Scale. Journal of Mental Health and Psychosomatics. 7 (3): 193-203.<\/p>\n<p>&nbsp;<\/p>\n","protected":false},"excerpt":{"rendered":"<p>Leader: Dr Piroska Balog, PhD Members: M\u00e1ria Szepes, PhD student \u00c9va Kov\u00e1cs, PhD student Czine Gr\u00e9ta, student Eszter M\u00e9sz\u00e1ros, external member G\u00e1bor Szab\u00f3, external member \u00a0 Research topic Our research group aims to explore the connections between marital status and health status (with special focus on being married\/living together vs being divorced), furthermore to examine &hellip;<\/p>\n","protected":false},"author":101277,"featured_media":0,"parent":4877,"menu_order":13,"comment_status":"closed","ping_status":"closed","template":"","meta":{"_acf_changed":false,"footnotes":""},"categories":[],"tags":[],"class_list":["post-4997","page","type-page","status-publish","hentry"],"acf":[],"_links":{"self":[{"href":"https:\/\/semmelweis.hu\/magtud\/wp-json\/wp\/v2\/pages\/4997","targetHints":{"allow":["GET"]}}],"collection":[{"href":"https:\/\/semmelweis.hu\/magtud\/wp-json\/wp\/v2\/pages"}],"about":[{"href":"https:\/\/semmelweis.hu\/magtud\/wp-json\/wp\/v2\/types\/page"}],"author":[{"embeddable":true,"href":"https:\/\/semmelweis.hu\/magtud\/wp-json\/wp\/v2\/users\/101277"}],"replies":[{"embeddable":true,"href":"https:\/\/semmelweis.hu\/magtud\/wp-json\/wp\/v2\/comments?post=4997"}],"version-history":[{"count":3,"href":"https:\/\/semmelweis.hu\/magtud\/wp-json\/wp\/v2\/pages\/4997\/revisions"}],"predecessor-version":[{"id":9128,"href":"https:\/\/semmelweis.hu\/magtud\/wp-json\/wp\/v2\/pages\/4997\/revisions\/9128"}],"up":[{"embeddable":true,"href":"https:\/\/semmelweis.hu\/magtud\/wp-json\/wp\/v2\/pages\/4877"}],"wp:attachment":[{"href":"https:\/\/semmelweis.hu\/magtud\/wp-json\/wp\/v2\/media?parent=4997"}],"wp:term":[{"taxonomy":"category","embeddable":true,"href":"https:\/\/semmelweis.hu\/magtud\/wp-json\/wp\/v2\/categories?post=4997"},{"taxonomy":"post_tag","embeddable":true,"href":"https:\/\/semmelweis.hu\/magtud\/wp-json\/wp\/v2\/tags?post=4997"}],"curies":[{"name":"wp","href":"https:\/\/api.w.org\/{rel}","templated":true}]}}