{"id":4995,"date":"2018-08-28T17:38:45","date_gmt":"2018-08-28T15:38:45","guid":{"rendered":"http:\/\/semmelweis.hu\/magtud\/?page_id=4995"},"modified":"2020-09-14T14:39:56","modified_gmt":"2020-09-14T12:39:56","slug":"the-relationship-between-reproductive-health-and-stress-research-group","status":"publish","type":"page","link":"https:\/\/semmelweis.hu\/magtud\/en\/research\/research-groups\/the-relationship-between-reproductive-health-and-stress-research-group\/","title":{"rendered":"The Relationship Between Reproductive Health and Stress \u2013 Research Group"},"content":{"rendered":"<p><strong>Leader:<\/strong> Piroska Balog, PhD<\/p>\n<p><strong>Members:<br \/>\n<\/strong>Eniko Lakatos,PhD student<br \/>\nSzilvia Adam, PhD<br \/>\nR\u00e9ka Eszter Cserepes, external member<\/p>\n<p><strong>Research topic<br \/>\n<\/strong>The aim of our research is to explore the psychosocial risk factors of reproductive disorders. The research will include psychometric validation and standardisation of the internationally recognised assessment tool, Fertility Problem Inventory, on a Hungarian sample. This research will also explore mental and somatic health as well as life style and evaluate their relations to reproductive health. The research will be conducted at reproductive health centres in Budapest, at the Obstetrics and Gynaecology Teaching Hospital of the Semmelweis University, and among the readers of two websites.<br \/>\n<em>This research topic has been submitted to the Ethics Commission.<\/em><\/p>\n<p>&nbsp;<\/p>\n<p><strong>Related publications:<\/strong><\/p>\n<p>Lakatos Enik\u0151, Szigeti, F. Judit, Balog Piroska: A term\u00e9kenys\u00e9gi probl\u00e9m\u00e1k\/medd\u0151s\u00e9g bio-pszichoszoci\u00e1lis szeml\u00e9lete\u00a0 KAPOCS I. : 1. pp. 31-32. , 2 p. (2018)<\/p>\n<p>Lakatos, E, Szigeti, JF, Ujma, PP, Sexty, R, Balog, P: Anxiety and depression among infertile women: a cross-sectional survey from Hungary BMC WOMENS HEALTH 17 : 1 Paper: 48 , 9 p. (2017) <em>(34 citations, Semmelweis publication award!)<br \/>\n<\/em>https:\/\/bmcwomenshealth.biomedcentral.com\/articles\/10.1186\/s12905-017-0410-2<em><br \/>\n<\/em><\/p>\n<p>Lakatos Enik\u0151, Szab\u00f3 G\u00e1bor, Szigeti, F Judit, Balog, Piroska: A pszich\u00e9s j\u00f3ll\u00e9t, az \u00e9letm\u00f3d \u00e9s a term\u00e9kenys\u00e9g \u00f6sszef\u00fcgg\u00e9sei. ORVOSI HETILAP 156 : 12 pp. 483-492. , 10 p. (2015)<br \/>\n(2015) https:\/\/akademiai.com\/doi\/10.1556\/OH.2015.30104<\/p>\n<p>Lakatos Enik\u0151, P\u00e1pay Nikolett, \u00c1d\u00e1m Szilvia, Balog Piroska: Paradigm\u00e1k a medd\u0151s\u00e9g \u00e9rtelmez\u00e9s\u00e9ben. PSZICHOL\u00d3GIA (MTA PSZICHOL\u00d3GIAI INT\u00c9ZET) 34 : 3 pp. 261-287., 27 p. (2014) https:\/\/akademiai.com\/doi\/abs\/10.1556\/Pszicho.34.2014.3.4<\/p>\n<p>R\u00e9ka Eszter Cserepes, J\u00e1nos Koll\u00e1r, Tam\u00e1s S\u00e1py, Tewes Wischmann, Antal Bug\u00e1n. Effects of gender roles, child wish motives, subjective well-being, and marital adjustment on infertility-related stress: a preliminary study with a Hungarian sample of involuntary childless men and women. Archives of Gynecology and Obstetrics. Volume 288, Issue 4, pp 925\u2013932. (2013). https:\/\/link.springer.com\/article\/10.1007\/s00404-013-2835-7<\/p>\n<p>&nbsp;<\/p>\n","protected":false},"excerpt":{"rendered":"<p>Leader: Piroska Balog, PhD Members: Eniko Lakatos,PhD student Szilvia Adam, PhD R\u00e9ka Eszter Cserepes, external member Research topic The aim of our research is to explore the psychosocial risk factors of reproductive disorders. The research will include psychometric validation and standardisation of the internationally recognised assessment tool, Fertility Problem Inventory, on a Hungarian sample. This &hellip;<\/p>\n","protected":false},"author":101277,"featured_media":0,"parent":4877,"menu_order":12,"comment_status":"closed","ping_status":"closed","template":"","meta":{"_acf_changed":false,"footnotes":""},"categories":[],"tags":[],"class_list":["post-4995","page","type-page","status-publish","hentry"],"acf":[],"_links":{"self":[{"href":"https:\/\/semmelweis.hu\/magtud\/wp-json\/wp\/v2\/pages\/4995","targetHints":{"allow":["GET"]}}],"collection":[{"href":"https:\/\/semmelweis.hu\/magtud\/wp-json\/wp\/v2\/pages"}],"about":[{"href":"https:\/\/semmelweis.hu\/magtud\/wp-json\/wp\/v2\/types\/page"}],"author":[{"embeddable":true,"href":"https:\/\/semmelweis.hu\/magtud\/wp-json\/wp\/v2\/users\/101277"}],"replies":[{"embeddable":true,"href":"https:\/\/semmelweis.hu\/magtud\/wp-json\/wp\/v2\/comments?post=4995"}],"version-history":[{"count":3,"href":"https:\/\/semmelweis.hu\/magtud\/wp-json\/wp\/v2\/pages\/4995\/revisions"}],"predecessor-version":[{"id":9124,"href":"https:\/\/semmelweis.hu\/magtud\/wp-json\/wp\/v2\/pages\/4995\/revisions\/9124"}],"up":[{"embeddable":true,"href":"https:\/\/semmelweis.hu\/magtud\/wp-json\/wp\/v2\/pages\/4877"}],"wp:attachment":[{"href":"https:\/\/semmelweis.hu\/magtud\/wp-json\/wp\/v2\/media?parent=4995"}],"wp:term":[{"taxonomy":"category","embeddable":true,"href":"https:\/\/semmelweis.hu\/magtud\/wp-json\/wp\/v2\/categories?post=4995"},{"taxonomy":"post_tag","embeddable":true,"href":"https:\/\/semmelweis.hu\/magtud\/wp-json\/wp\/v2\/tags?post=4995"}],"curies":[{"name":"wp","href":"https:\/\/api.w.org\/{rel}","templated":true}]}}