{"id":4993,"date":"2018-08-28T17:37:02","date_gmt":"2018-08-28T15:37:02","guid":{"rendered":"http:\/\/semmelweis.hu\/magtud\/?page_id=4993"},"modified":"2020-09-14T10:55:30","modified_gmt":"2020-09-14T08:55:30","slug":"hungarostudy-research-group","status":"publish","type":"page","link":"https:\/\/semmelweis.hu\/magtud\/en\/research\/research-groups\/hungarostudy-research-group\/","title":{"rendered":"Hungarostudy Research Group"},"content":{"rendered":"<p><strong>Hungarostudy Research Group <\/strong><\/p>\n<p><strong>Leader:<\/strong><br \/>\nDr. Sus\u00e1nszky \u00c9va, PhD, associate professor<\/p>\n<p><strong>Members:<\/strong><br \/>\n\u00c1d\u00e1m Szilvia, PhD, senior lecturer<br \/>\nB\u00f3dizs R\u00f3bert, PhD, senior research fellow<br \/>\nGy\u0151rffy Zsuzsa, PhD, senior lecturer<br \/>\nPurebl Gy\u00f6rgy, PhD, senior lecturer<br \/>\nSalavecz Gy\u00f6ngyv\u00e9r, PhD, senior lecturer<br \/>\nS\u00e1ndor Imola, psychologist<br \/>\nStauder Adrienne, PhD, associate professor<br \/>\nSus\u00e1nszky Anna, assistant lecturer<br \/>\nSz\u00e9kely Andr\u00e1s, research contributor<br \/>\nT\u00f3th M\u00f3nika, senior lecturer<\/p>\n<p><strong>Research Field:<\/strong><\/p>\n<p><strong>Antecedents:<\/strong><\/p>\n<p>The first research in the series called Hungarostudy was completed in 1988. Since then, the study had been repeated four times (in 1995, 2002, 2005\/2006, and 2013). Hungarostudy\u00a0 reports on the tendencies in the health condition of the Hungarian population, thus enabling researchers to monitor regularly the most important public health problems and their determinants. The representative population surveys may contribute to preparation of strategic decisions in health policy as well as to organization and evaluation of preventive programs.<\/p>\n<p>Hungarostudy surveys provide reliable data on the frequency of health problems and the bio-psycho-social factors that influence their emergence, development, and outcomes in order to assist the health care system, health professionals, and the public. The surveys have great importance in supplying information on health status and health and illness behavior that are impossible to access from official records, relate to health domains outside of the medical system, or may be retrieved only by population-level personal inquiries. Such information can be for instance the subjective accounts of health condition (self-reports) or opinions about the health care received.<\/p>\n<p>Most of the surveys followed the conventions of the repeated cross-sectional design although the Hungarostudy Health Panel (HEP) which was conducted in 2005-2006 was a prospective longitudinal study.\u00a0 HEP enabled researchers to study disease prognoses and, perhaps even more importantly, the cause-and-effect relationship between health condition and social, economic, and psychosocial background factors.<\/p>\n<p><strong>Hungarostudy 2013:<\/strong><\/p>\n<p>The last studies of the Hungarostudy Research Group are based on the Hungarostudy 2013 representative population survey. The novelty in the survey was that a supplement was added to map the family situation, attitudes toward and strategies of family life and parenting of the young generations.<\/p>\n<p>Also, in addition to the general characteristics of health condition, special aspects such as eating disorders, population characteristics of sleep and dreaming, adult attachment, family violence, various forms of stress (including workplace, marriage, and gender role stress), relative deprivation, and attitudes prejudice toward depression were covered.<\/p>\n<p>The Hungarostudy Research Group studies the partnership preferences and attitudes toward marriage among young people. We examine the external and internal factors that influence the motivations toward getting married, strategies of family planning and parenting, and the outlying family models.<\/p>\n<p>&nbsp;<\/p>\n<p><strong>Selected publications<\/strong><\/p>\n<p>Based on the Hungarostudy surveys, four comprehensive volumes of studies had been published so far. These are:<\/p>\n<p>Sus\u00e1nszky \u00c9., Sz\u00e1nt\u00f3 Zs. (eds): Magyar Lelki\u00e1llapot 2013. Semmelweis Kiad\u00f3, Budapest, 2013. 266 p.<\/p>\n<p>Kopp M. szerk.: Magyar Lelki\u00e1llapot 2008. Es\u00e9lyer\u0151s\u00edt\u00e9s \u00e9s \u00e9letmin\u0151s\u00e9g a mai magyar t\u00e1rsadalomban. Semmelweis Kiad\u00f3, Budapest, 2008. ut\u00e1nnyom\u00e1s 2009. 621 p.<\/p>\n<p>Kopp M., Kov\u00e1cs M.E. szerk.: A magyar n\u00e9pess\u00e9g \u00e9letmin\u0151s\u00e9ge az ezredfordul\u00f3n. Semmelweis Egyetem Magatart\u00e1studom\u00e1nyi Int\u00e9zet\u00e9nek tudom\u00e1nyos iskol\u00e1ja. Semmelweis Kiad\u00f3, Budapest, 2006. 551 p.<\/p>\n<p>Kopp M., Skrabski \u00c1.: Magyar lelki\u00e1llapot, 2. kiad\u00e1s. Corvinus Kiad\u00f3, Budapest, 1995.<\/p>\n","protected":false},"excerpt":{"rendered":"<p>Hungarostudy Research Group Leader: Dr. Sus\u00e1nszky \u00c9va, PhD, associate professor Members: \u00c1d\u00e1m Szilvia, PhD, senior lecturer B\u00f3dizs R\u00f3bert, PhD, senior research fellow Gy\u0151rffy Zsuzsa, PhD, senior lecturer Purebl Gy\u00f6rgy, PhD, senior lecturer Salavecz Gy\u00f6ngyv\u00e9r, PhD, senior lecturer S\u00e1ndor Imola, psychologist Stauder Adrienne, PhD, associate professor Sus\u00e1nszky Anna, assistant lecturer Sz\u00e9kely Andr\u00e1s, research contributor T\u00f3th M\u00f3nika, &hellip;<\/p>\n","protected":false},"author":101277,"featured_media":0,"parent":4877,"menu_order":11,"comment_status":"closed","ping_status":"closed","template":"","meta":{"_acf_changed":false,"footnotes":""},"categories":[],"tags":[],"class_list":["post-4993","page","type-page","status-publish","hentry"],"acf":[],"_links":{"self":[{"href":"https:\/\/semmelweis.hu\/magtud\/wp-json\/wp\/v2\/pages\/4993","targetHints":{"allow":["GET"]}}],"collection":[{"href":"https:\/\/semmelweis.hu\/magtud\/wp-json\/wp\/v2\/pages"}],"about":[{"href":"https:\/\/semmelweis.hu\/magtud\/wp-json\/wp\/v2\/types\/page"}],"author":[{"embeddable":true,"href":"https:\/\/semmelweis.hu\/magtud\/wp-json\/wp\/v2\/users\/101277"}],"replies":[{"embeddable":true,"href":"https:\/\/semmelweis.hu\/magtud\/wp-json\/wp\/v2\/comments?post=4993"}],"version-history":[{"count":4,"href":"https:\/\/semmelweis.hu\/magtud\/wp-json\/wp\/v2\/pages\/4993\/revisions"}],"predecessor-version":[{"id":9109,"href":"https:\/\/semmelweis.hu\/magtud\/wp-json\/wp\/v2\/pages\/4993\/revisions\/9109"}],"up":[{"embeddable":true,"href":"https:\/\/semmelweis.hu\/magtud\/wp-json\/wp\/v2\/pages\/4877"}],"wp:attachment":[{"href":"https:\/\/semmelweis.hu\/magtud\/wp-json\/wp\/v2\/media?parent=4993"}],"wp:term":[{"taxonomy":"category","embeddable":true,"href":"https:\/\/semmelweis.hu\/magtud\/wp-json\/wp\/v2\/categories?post=4993"},{"taxonomy":"post_tag","embeddable":true,"href":"https:\/\/semmelweis.hu\/magtud\/wp-json\/wp\/v2\/tags?post=4993"}],"curies":[{"name":"wp","href":"https:\/\/api.w.org\/{rel}","templated":true}]}}