{"id":4989,"date":"2018-08-28T17:32:27","date_gmt":"2018-08-28T15:32:27","guid":{"rendered":"http:\/\/semmelweis.hu\/magtud\/?page_id=4989"},"modified":"2020-09-15T09:13:37","modified_gmt":"2020-09-15T07:13:37","slug":"medical-humanities-research-group","status":"publish","type":"page","link":"https:\/\/semmelweis.hu\/magtud\/en\/research\/research-groups\/medical-humanities-research-group\/","title":{"rendered":"Medical Humanities Research Group"},"content":{"rendered":"<p>Leader:<br \/>\nImre L\u00e1z\u00e1r MD, MSc, PhD<\/p>\n<p>Members:<br \/>\nFerenc T\u00fary, MD, PhD<br \/>\nJ\u00e1nos Koll\u00e1r, MA, PhD<br \/>\nOrsolya P\u00e9ter, PhD<\/p>\n<p>The Research Group aims to integrate humanities, arts, social sciences and medical knowledge in the frame of behavioral sciences. We wish to expand the boundaries of the current discourse, organizing interdisciplinary reseaches and collaborations, offering open forum for such scientific enterprizes and adapting the results into the medical education.<\/p>\n<p>Participation in international scientific networks (e.g. SC&amp;H Network of EASA, or CEESBM in form of Summer School), organizing conferences, and editing on-line and off-line periodicals entitled Central East-European Journal of Medical Humanities; all these help to realize our aims.<\/p>\n<p>We aim to include new fields of humanities like medical semiotics, cultural studies of healing, psychophysiology of art, dance and music therapy, theory of film, music and fine arts with special regards to health psychology. This way we explore the entanglement of health science with humanities and social science in a holistic multimodal way within a cultural perspective.<\/p>\n<p>The biopsychosocial-spiritual approach helps us to integrate spiritual aspects of healing by the help of medical and religious anthropology, communication studies and psychophysiology.<\/p>\n<p><strong>Current research<\/strong><\/p>\n<p>The ouvre of Marco Ferreri in frame of media theory, semiotics, cultural studies and health psychology<\/p>\n<p>Medical pluralism, spiritual and religious healing.<\/p>\n<p>Worksite health culture and health psychology in cultural context<\/p>\n<p>Laterality studies, hemipspherial dominance, arts and psychosomatic vulnerability,<\/p>\n<p>Health ecology, human geography of health,<\/p>\n<p>&nbsp;<\/p>\n<p><strong>Cooperations with Universities:<\/strong><\/p>\n<p>Cooperation with Durham University,<\/p>\n<p>Cooperation with K\u00e1roli G\u00e1sp\u00e1r University of the Reformed Church, Faculty of Humanities, Institute of Communication and Social Sciences<\/p>\n<p>Cooperation with Metropolitan University, Belgrade<\/p>\n<p>&nbsp;<\/p>\n<p><strong>Scientific Societies and Networks<\/strong><\/p>\n<p>Cooperation with the European SPES, the CESSBM and the EASA SC&amp;H networks<\/p>\n<p>&nbsp;<\/p>\n<p><strong>Publications:<\/strong><\/p>\n<p>Imre L\u00e1z\u00e1r<\/p>\n<p><em>Books:<\/em><\/p>\n<p>Environment and humanscape (in Hungarian) K\u00f6rnyezet \u00e9s emberk\u00e9p ed. L\u00e1z\u00e1r Imre Patrocinium kiad\u00f3 2011<\/p>\n<p>Medical Anthropology (Orvos Antropol\u00f3gia eds L\u00e1z\u00e1r Imre, Pik\u00f3 Bettina\u00a0 Medic\u00edna, Budapest 2012<\/p>\n<p>Imre L\u00e1z\u00e1r \u201eAttached FIles\u201d Anthropological Essays Body, Soul, Attachment and Spirituality Cambridge Scholar Publishing 2015<\/p>\n<p>Imre L\u00e1z\u00e1r Dance of the Avatar Embodying Culture and Gender through Dance Nova Science New York 2015<\/p>\n<p><strong>\u00a0<\/strong><\/p>\n<p><em>Articles:<\/em><\/p>\n<p>Zsink\u00f3-Szab\u00f3 Z., L\u00e1z\u00e1r I., T\u00fary F.:\u00a0A test gyarmatos\u00edt\u00e1sa\u00a0\u2013 a civiliz\u00e1ci\u00f3 vadhajt\u00e1sai. Lege Artis Medicinae 22:234-240,<\/p>\n<p>Zsink\u00f3-Szab\u00f3, Z.: (2013)\u00a0Medical Rituals\u00a0and\u00a0Media Rituals. KOME: An International Journal of Pure Communication Inquiry, Vol1 Issue 2, pp. 64-80.<\/p>\n<p>&nbsp;<\/p>\n<p>&nbsp;<\/p>\n<p>&nbsp;<\/p>\n","protected":false},"excerpt":{"rendered":"<p>Leader: Imre L\u00e1z\u00e1r MD, MSc, PhD Members: Ferenc T\u00fary, MD, PhD J\u00e1nos Koll\u00e1r, MA, PhD Orsolya P\u00e9ter, PhD The Research Group aims to integrate humanities, arts, social sciences and medical knowledge in the frame of behavioral sciences. We wish to expand the boundaries of the current discourse, organizing interdisciplinary reseaches and collaborations, offering open forum &hellip;<\/p>\n","protected":false},"author":101277,"featured_media":0,"parent":4877,"menu_order":9,"comment_status":"closed","ping_status":"closed","template":"","meta":{"_acf_changed":false,"footnotes":""},"categories":[],"tags":[],"class_list":["post-4989","page","type-page","status-publish","hentry"],"acf":[],"_links":{"self":[{"href":"https:\/\/semmelweis.hu\/magtud\/wp-json\/wp\/v2\/pages\/4989","targetHints":{"allow":["GET"]}}],"collection":[{"href":"https:\/\/semmelweis.hu\/magtud\/wp-json\/wp\/v2\/pages"}],"about":[{"href":"https:\/\/semmelweis.hu\/magtud\/wp-json\/wp\/v2\/types\/page"}],"author":[{"embeddable":true,"href":"https:\/\/semmelweis.hu\/magtud\/wp-json\/wp\/v2\/users\/101277"}],"replies":[{"embeddable":true,"href":"https:\/\/semmelweis.hu\/magtud\/wp-json\/wp\/v2\/comments?post=4989"}],"version-history":[{"count":2,"href":"https:\/\/semmelweis.hu\/magtud\/wp-json\/wp\/v2\/pages\/4989\/revisions"}],"predecessor-version":[{"id":9169,"href":"https:\/\/semmelweis.hu\/magtud\/wp-json\/wp\/v2\/pages\/4989\/revisions\/9169"}],"up":[{"embeddable":true,"href":"https:\/\/semmelweis.hu\/magtud\/wp-json\/wp\/v2\/pages\/4877"}],"wp:attachment":[{"href":"https:\/\/semmelweis.hu\/magtud\/wp-json\/wp\/v2\/media?parent=4989"}],"wp:term":[{"taxonomy":"category","embeddable":true,"href":"https:\/\/semmelweis.hu\/magtud\/wp-json\/wp\/v2\/categories?post=4989"},{"taxonomy":"post_tag","embeddable":true,"href":"https:\/\/semmelweis.hu\/magtud\/wp-json\/wp\/v2\/tags?post=4989"}],"curies":[{"name":"wp","href":"https:\/\/api.w.org\/{rel}","templated":true}]}}