{"id":4986,"date":"2018-08-28T17:28:34","date_gmt":"2018-08-28T15:28:34","guid":{"rendered":"http:\/\/semmelweis.hu\/magtud\/?page_id=4986"},"modified":"2018-08-28T17:29:29","modified_gmt":"2018-08-28T15:29:29","slug":"psychosocial-stress-research-group","status":"publish","type":"page","link":"https:\/\/semmelweis.hu\/magtud\/en\/research\/research-groups\/psychosocial-stress-research-group\/","title":{"rendered":"Psychosocial Stress Research Group"},"content":{"rendered":"<p><strong>Research Leader:<\/strong><br \/>\nSzilvia \u00c1d\u00e1m, PhD, senior lecturer<\/p>\n<p><strong>Members:<\/strong><\/p>\n<ol>\n<li>Zolt\u00e1n Cserh\u00e1ti, PhD student, assistant lecturer<\/li>\n<li>Veronika M\u00e9sz\u00e1ros, external research fellow<\/li>\n<li>Anik\u00f3 Nistor, PhD student<\/li>\n<li>Katalin Nistor, PhD student<\/li>\n<li>J\u00e1nos Major, PhD student<\/li>\n<\/ol>\n<p><strong>\u00a0<\/strong><\/p>\n<p><strong>Research areas:<br \/>\n<\/strong><\/p>\n<p>1. Antecendents, manifestion, and potential consequences of psychosocial stress among medical students, residents, physicians, and nurses.<\/p>\n<p>One of the primary research areas of our team is to explore the challenges of reconciling work and family life. In particular, we have been focusing on the bio-psycho-social and cultural antecedents to role conflict among various professional groups including dual-career families of physicians. Another important research topic is to advance the psychometric assessment of burnout and the differential diagnostics of burnout and depression. A further research area is to explore the impact of organisational culture and working conditions on psychosocial stress and its consequences among hospital employees in 9 countries.<\/p>\n<p>2. The epidemiology of chronic paediatric abdominal pain.<\/p>\n<p>The aim of this research is to understand the pathogenesis, manifestation and course of chronic paediatric abdominal pain and other functional intestinal disorders.<\/p>\n<p><strong>\u00a0<\/strong><\/p>\n<p><strong>\u00a0<\/strong><strong>International collaboration:<\/strong><\/p>\n<p>HOUPE project: Health and Organisation among University Hospital Physicians in nine European countries: Sweden, Norway, Iceland, Italy, Austria, Netherlands, Turkey, Spain and Hungary (since 2011 \u2013 at present)<\/p>\n<p>&nbsp;<\/p>\n<p><strong>Main publications in the last 5 years:<\/strong><\/p>\n<ol>\n<li>\u00c1d\u00e1m Sz., Cserh\u00e1ti Z., M\u00e9sz\u00e1ros V.: High prevalence of burnout and depression may increase the incidence of comorbidities among Hungarian nurses. Ideggy\u00f3gy\u00e1szati Szemle &#8211; CLINICAL NEUROSCIENCE, 2015.68:(9-10). 301-309.<\/li>\n<li>\u00c1d\u00e1m Sz, Nistor A, Nistor K, Cserh\u00e1ti Z, M\u00e9sz\u00e1ros V: Facilitating the diagnosis of depression and burnout by identifying demographic and work-related risk and protective factors among nurses. Orvosi Hetilap, 2015. 156:(32). 1294-1303.<\/li>\n<li>\u00c1d\u00e1m Sz, Nistor A, Nistor K, Hazag A: A megk\u00fczd\u00e9si strat\u00e9gi\u00e1k negat\u00edv \u00e9s pozit\u00edv predikt\u00edv kapcsolata a ki\u00e9g\u00e9s h\u00e1rom dimenzi\u00f3j\u00e1val orvostanhallgat\u00f3k k\u00f6r\u00e9ben. Orvosi Hetilap, 2014. 155(32). 1273-1280.<\/li>\n<li>M\u00e9sz\u00e1ros V., \u00c1d\u00e1m Sz., Szab\u00f3 M., Szigeti R., Urb\u00e1n R.: The Bifactor Model of the Maslach Burnout Inventory \u2013 Human Services Survey (MBI-HSS) \u2014 An Alternative Measurement Model of Burnout. Stress and Health. 2014. STRESS AND HEALTH, 2014.30: (1) 82-88.<\/li>\n<li>\u00c1d\u00e1m Sz., Hazag A.: Magas a ki\u00e9g\u00e9s prevalenci\u00e1ja magyar orvostanhallgat\u00f3k k\u00f6z\u00f6tt: az elm\u00e9ly\u00fcl\u00e9s \u00e9s pozit\u00edv sz\u00fcl\u0151i attit\u0171d\u00f6k mint lehets\u00e9ges protekt\u00edv t\u00e9nyez\u0151k. Ment\u00e1lhigi\u00e9n\u00e9 \u00e9s Pszichoszomatika, 2013. 14(1):1-23.<\/li>\n<\/ol>\n<p>&nbsp;<\/p>\n<p>&nbsp;<\/p>\n<p>&nbsp;<\/p>\n","protected":false},"excerpt":{"rendered":"<p>Research Leader: Szilvia \u00c1d\u00e1m, PhD, senior lecturer Members: Zolt\u00e1n Cserh\u00e1ti, PhD student, assistant lecturer Veronika M\u00e9sz\u00e1ros, external research fellow Anik\u00f3 Nistor, PhD student Katalin Nistor, PhD student J\u00e1nos Major, PhD student \u00a0 Research areas: 1. Antecendents, manifestion, and potential consequences of psychosocial stress among medical students, residents, physicians, and nurses. One of the primary research &hellip;<\/p>\n","protected":false},"author":101277,"featured_media":0,"parent":4877,"menu_order":8,"comment_status":"closed","ping_status":"closed","template":"","meta":{"_acf_changed":false,"footnotes":""},"categories":[],"tags":[],"class_list":["post-4986","page","type-page","status-publish","hentry"],"acf":[],"_links":{"self":[{"href":"https:\/\/semmelweis.hu\/magtud\/wp-json\/wp\/v2\/pages\/4986","targetHints":{"allow":["GET"]}}],"collection":[{"href":"https:\/\/semmelweis.hu\/magtud\/wp-json\/wp\/v2\/pages"}],"about":[{"href":"https:\/\/semmelweis.hu\/magtud\/wp-json\/wp\/v2\/types\/page"}],"author":[{"embeddable":true,"href":"https:\/\/semmelweis.hu\/magtud\/wp-json\/wp\/v2\/users\/101277"}],"replies":[{"embeddable":true,"href":"https:\/\/semmelweis.hu\/magtud\/wp-json\/wp\/v2\/comments?post=4986"}],"version-history":[{"count":2,"href":"https:\/\/semmelweis.hu\/magtud\/wp-json\/wp\/v2\/pages\/4986\/revisions"}],"predecessor-version":[{"id":4988,"href":"https:\/\/semmelweis.hu\/magtud\/wp-json\/wp\/v2\/pages\/4986\/revisions\/4988"}],"up":[{"embeddable":true,"href":"https:\/\/semmelweis.hu\/magtud\/wp-json\/wp\/v2\/pages\/4877"}],"wp:attachment":[{"href":"https:\/\/semmelweis.hu\/magtud\/wp-json\/wp\/v2\/media?parent=4986"}],"wp:term":[{"taxonomy":"category","embeddable":true,"href":"https:\/\/semmelweis.hu\/magtud\/wp-json\/wp\/v2\/categories?post=4986"},{"taxonomy":"post_tag","embeddable":true,"href":"https:\/\/semmelweis.hu\/magtud\/wp-json\/wp\/v2\/tags?post=4986"}],"curies":[{"name":"wp","href":"https:\/\/api.w.org\/{rel}","templated":true}]}}