{"id":4983,"date":"2018-08-28T17:27:16","date_gmt":"2018-08-28T15:27:16","guid":{"rendered":"http:\/\/semmelweis.hu\/magtud\/?page_id=4983"},"modified":"2020-06-18T16:28:04","modified_gmt":"2020-06-18T14:28:04","slug":"thanatology-research-group","status":"publish","type":"page","link":"https:\/\/semmelweis.hu\/magtud\/en\/research\/research-groups\/thanatology-research-group\/","title":{"rendered":"Thanatology Research Group"},"content":{"rendered":"<p><strong>Thanatology research group<\/strong><\/p>\n<p>Leader:<br \/>\nKatalin Heged\u0171s, PhD, Dr.habil., associate professor<\/p>\n<p>Members:<br \/>\n\u00c1gnes Zana, PhD, associate professor<br \/>\nEdit Czegl\u00e9di, PhD, senior lecturer<br \/>\nAdrienne Kegye, assistant lecturer, PhD student<br \/>\n\u00c9va Zs\u00e1k, PhD student<br \/>\nEnik\u0151 F\u00f6ldesi, PhD student<br \/>\nOrsolya Horv\u00e1th, PhD student<strong>\u00a0<\/strong><\/p>\n<p><strong>Research field:<\/strong><\/p>\n<p>The work-group deals with the issues of death, dying, the psychological questions of bereavement, and the psychical health of those working with terminally ill people.<\/p>\n<p>The main orientation of our studies is measuring the somatic and mental state of health care workers dealing with the terminally ill and the attitude towards death, assessing \u00a0the impact of bereavement on the physical and mental health of the Hungarian population.<\/p>\n<p>Besides the questions of the Hungarostudy surveys in 2006 and 2013, we are using other questionnaires related to burn-out and fear of death.<\/p>\n<p>The main aims of the research are:\u00a0identifying the risk-factors and protective factors \u00a0related to morbidity, direct application of intervention strategies by examining the new models of care connected to dying and the new rituals of death and mourning.<\/p>\n<p>&nbsp;<\/p>\n<p><strong>Related publications in the last 5 years:<\/strong><\/p>\n<ol>\n<li>Nyir\u0151 J, Z\u00f6rg\u0151 Sz, F\u00f6ldesi E, Heged\u0171s K, Hauser P: The Timing and Circumstances of the Implementation of Pediatric Palliative Care in Hungarian Pediatric Oncology. European Journal of Pediatrics,\u00a0177(8), 1173-1179. 2018 doi.org\/10.1007\/s00431-018-3170-6<\/li>\n<li>Zs\u00e1k \u00c9, Heged\u0171s K (2019): Personal loss and grief experiences of healthcare personnel in pre-and perinatal care. Cancer and Clinical Oncology, 2019. 8 (1) 23-34. DOI:5539\/cco.v8n1p23<\/li>\n<li>Kegye A, Czegl\u00e9di E, Zana \u00c1, Csikai E, Heged\u0171s K: Influential factors of well-being among Hungarian female hospice workers examined through structural equation modeling. Health &amp; Social Care in the Community, 22 March, 2020; DOI: 10.1111\/hsc.12980\u00fa<\/li>\n<li>Zana \u00c1, Kegye A, Czegl\u00e9di E, Heged\u0171s K (2020): Differences in well-being and fear of death among female hospice employees and volunteers in Hungary. BMC Palliative Care, 19, Article\u00a0number:\u00a058 (2020)\u00a0 DOI https:\/\/doi.org\/10.1186\/s12904-020-00550-z<\/li>\n<\/ol>\n","protected":false},"excerpt":{"rendered":"<p>Thanatology research group Leader: Katalin Heged\u0171s, PhD, Dr.habil., associate professor Members: \u00c1gnes Zana, PhD, associate professor Edit Czegl\u00e9di, PhD, senior lecturer Adrienne Kegye, assistant lecturer, PhD student \u00c9va Zs\u00e1k, PhD student Enik\u0151 F\u00f6ldesi, PhD student Orsolya Horv\u00e1th, PhD student\u00a0 Research field: The work-group deals with the issues of death, dying, the psychological questions of bereavement, &hellip;<\/p>\n","protected":false},"author":101277,"featured_media":0,"parent":4877,"menu_order":7,"comment_status":"closed","ping_status":"closed","template":"","meta":{"_acf_changed":false,"footnotes":""},"categories":[],"tags":[],"class_list":["post-4983","page","type-page","status-publish","hentry"],"acf":[],"_links":{"self":[{"href":"https:\/\/semmelweis.hu\/magtud\/wp-json\/wp\/v2\/pages\/4983","targetHints":{"allow":["GET"]}}],"collection":[{"href":"https:\/\/semmelweis.hu\/magtud\/wp-json\/wp\/v2\/pages"}],"about":[{"href":"https:\/\/semmelweis.hu\/magtud\/wp-json\/wp\/v2\/types\/page"}],"author":[{"embeddable":true,"href":"https:\/\/semmelweis.hu\/magtud\/wp-json\/wp\/v2\/users\/101277"}],"replies":[{"embeddable":true,"href":"https:\/\/semmelweis.hu\/magtud\/wp-json\/wp\/v2\/comments?post=4983"}],"version-history":[{"count":4,"href":"https:\/\/semmelweis.hu\/magtud\/wp-json\/wp\/v2\/pages\/4983\/revisions"}],"predecessor-version":[{"id":8368,"href":"https:\/\/semmelweis.hu\/magtud\/wp-json\/wp\/v2\/pages\/4983\/revisions\/8368"}],"up":[{"embeddable":true,"href":"https:\/\/semmelweis.hu\/magtud\/wp-json\/wp\/v2\/pages\/4877"}],"wp:attachment":[{"href":"https:\/\/semmelweis.hu\/magtud\/wp-json\/wp\/v2\/media?parent=4983"}],"wp:term":[{"taxonomy":"category","embeddable":true,"href":"https:\/\/semmelweis.hu\/magtud\/wp-json\/wp\/v2\/categories?post=4983"},{"taxonomy":"post_tag","embeddable":true,"href":"https:\/\/semmelweis.hu\/magtud\/wp-json\/wp\/v2\/tags?post=4983"}],"curies":[{"name":"wp","href":"https:\/\/api.w.org\/{rel}","templated":true}]}}