{"id":4971,"date":"2018-08-28T17:16:32","date_gmt":"2018-08-28T15:16:32","guid":{"rendered":"http:\/\/semmelweis.hu\/magtud\/?page_id=4971"},"modified":"2018-08-28T17:24:30","modified_gmt":"2018-08-28T15:24:30","slug":"biomedicine-and-alternative-medicine-research-group","status":"publish","type":"page","link":"https:\/\/semmelweis.hu\/magtud\/en\/research\/research-groups\/biomedicine-and-alternative-medicine-research-group\/","title":{"rendered":"Biomedicine and Alternative Medicine Research Group"},"content":{"rendered":"<p><strong>Biomedicine and Alternative Medicine Research Group<\/strong><\/p>\n<p>Leader: Dr. \u00c1gnes Zana, PhD, senior lecturer<\/p>\n<p>Members:<\/p>\n<p>Fanni Herczeg, scientific student<br \/>\nDr. Jen\u0151 L\u0151rincz<br \/>\nDr. Zsuzsa Gy\u0151rffy, PhD<br \/>\nDr. L\u00e1szl\u00f3 Moln\u00e1r<br \/>\nAnna Sus\u00e1nszky<br \/>\nDr. Imre Szebik, PhD<br \/>\nDr. Katalin Zana, PhD<br \/>\nSzilvia Z\u00f6rg\u0151, PhD student<\/p>\n<p>&nbsp;<\/p>\n<p><strong>Research topic<\/strong><\/p>\n<p>The objective of the research group is the interdisciplinary and comparative analysis of medical systems within Western societies through the viewpoints of medical anthropology, psychology, medicine, and law, by employing methodological elements from each discipline. Our research projects include topics such as the physician-patient relationship, social values, the change in professional and lay attitudes towards complementary \/ alternative medicine, the simultaneous use of various medical systems, as well as the shift in physician\/healer identity and its social context. We hope our results will contribute to the medical profession, the physician-patient relationship, and to the redefinition of concepts concerning health and illness.<\/p>\n<p><strong>Related publications:<\/strong><\/p>\n<p>Z\u00f6rg\u0151 Sz, Purebl Gy, Zana \u00c1 (2016): Factors determining selection of treatment options oriented towards complementary and alternative medicine. Orv. Hetil., 2016, 157(15), 584\u2013592.<\/p>\n<p>Zana \u00c1, Zsink\u00f3-Szab\u00f3 Z (2013): MEDICAL ANTHROPOLOGY \u2013 MEDICAL STUDENTS\u2019 FIELDWORK EXPERIENCES. LEGE ARTIS MEDICINAE 23:(7-8) pp. 360-367.<\/p>\n<p>&nbsp;<\/p>\n","protected":false},"excerpt":{"rendered":"<p>Biomedicine and Alternative Medicine Research Group Leader: Dr. \u00c1gnes Zana, PhD, senior lecturer Members: Fanni Herczeg, scientific student Dr. Jen\u0151 L\u0151rincz Dr. Zsuzsa Gy\u0151rffy, PhD Dr. L\u00e1szl\u00f3 Moln\u00e1r Anna Sus\u00e1nszky Dr. Imre Szebik, PhD Dr. Katalin Zana, PhD Szilvia Z\u00f6rg\u0151, PhD student &nbsp; Research topic The objective of the research group is the interdisciplinary and &hellip;<\/p>\n","protected":false},"author":101277,"featured_media":0,"parent":4877,"menu_order":4,"comment_status":"closed","ping_status":"closed","template":"","meta":{"_acf_changed":false,"footnotes":""},"categories":[],"tags":[],"class_list":["post-4971","page","type-page","status-publish","hentry"],"acf":[],"_links":{"self":[{"href":"https:\/\/semmelweis.hu\/magtud\/wp-json\/wp\/v2\/pages\/4971","targetHints":{"allow":["GET"]}}],"collection":[{"href":"https:\/\/semmelweis.hu\/magtud\/wp-json\/wp\/v2\/pages"}],"about":[{"href":"https:\/\/semmelweis.hu\/magtud\/wp-json\/wp\/v2\/types\/page"}],"author":[{"embeddable":true,"href":"https:\/\/semmelweis.hu\/magtud\/wp-json\/wp\/v2\/users\/101277"}],"replies":[{"embeddable":true,"href":"https:\/\/semmelweis.hu\/magtud\/wp-json\/wp\/v2\/comments?post=4971"}],"version-history":[{"count":2,"href":"https:\/\/semmelweis.hu\/magtud\/wp-json\/wp\/v2\/pages\/4971\/revisions"}],"predecessor-version":[{"id":4981,"href":"https:\/\/semmelweis.hu\/magtud\/wp-json\/wp\/v2\/pages\/4971\/revisions\/4981"}],"up":[{"embeddable":true,"href":"https:\/\/semmelweis.hu\/magtud\/wp-json\/wp\/v2\/pages\/4877"}],"wp:attachment":[{"href":"https:\/\/semmelweis.hu\/magtud\/wp-json\/wp\/v2\/media?parent=4971"}],"wp:term":[{"taxonomy":"category","embeddable":true,"href":"https:\/\/semmelweis.hu\/magtud\/wp-json\/wp\/v2\/categories?post=4971"},{"taxonomy":"post_tag","embeddable":true,"href":"https:\/\/semmelweis.hu\/magtud\/wp-json\/wp\/v2\/tags?post=4971"}],"curies":[{"name":"wp","href":"https:\/\/api.w.org\/{rel}","templated":true}]}}