{"id":4967,"date":"2018-08-28T17:10:51","date_gmt":"2018-08-28T15:10:51","guid":{"rendered":"http:\/\/semmelweis.hu\/magtud\/?page_id=4967"},"modified":"2020-09-11T15:57:38","modified_gmt":"2020-09-11T13:57:38","slug":"working-group-for-depression-and-suicide-prevention","status":"publish","type":"page","link":"https:\/\/semmelweis.hu\/magtud\/en\/research\/research-groups\/working-group-for-depression-and-suicide-prevention\/","title":{"rendered":"Working Group for Depression and Suicide Prevention"},"content":{"rendered":"<p><strong>Working group for depression and suicide prevention<\/strong><\/p>\n<p>Leader: Gy\u00f6rgy Purebl, MD, PhD<\/p>\n<p>Members:<br \/>\nEmma Birk\u00e1s Emma, PhD<br \/>\nEdit Czegl\u00e9di<br \/>\nAndr\u00e1s Sz\u00e9kely<br \/>\nM\u00f3nika Ditta T\u00f3th<br \/>\nAnna Varga<br \/>\nSarah Ihionvien<\/p>\n<p>&nbsp;<\/p>\n<p><strong>Research topic<\/strong><\/p>\n<p>The aim of the working group is to facilitate and manage researches in the field of depression and suicide prevention as well as to organize and to help implementing interventions locally. Strengthening the commitment for prevention of different policy levels is a key activity.<\/p>\n<p><strong>Research areas:<br \/>\n<\/strong>Investigation of psychosocial factors in the background of suicide attempts.<br \/>\nEvaluation of community activities for preventing depression and suicide.<br \/>\nDevelopment and testing of depression and suicide prevention programs.<\/p>\n<p><strong>Selected publications:<\/strong><\/p>\n<p>Purebl G, Petrea I and the JA WP4 collaborative workgroup (2016). Joint Action on Mental Health and Well-being.: Depression, Suicide Prevention and E-health. Situation analysis and recommendation for action. <u>http:\/\/www.mentalhealthandwellbeing.eu\/assets\/docs\/publications\/WP4%20Final.pd<\/u><\/p>\n<p>Zalsman G, Hawton K, Wasserman D, van Heeringen K, Arensman E, Sarchiapone M, Carli V, H\u00f6schl C, Barzilay R, Balazs J, *Purebl G*, Kahn JP, Saiz PA, Lipsicas CB, Bobes J, Cozman D, Hegerl U, Zohar J. Suicide prevention strategies revisited: 10-year systematic review The Lancet Psychiatry. Published Online: 08 June 2016 DOI: <u>http:\/\/dx.doi.org\/10.1016\/S2215-0366(16)30030-X<\/u><\/p>\n<p>MD Toth, P Osv\u00e1th, V V\u00f6r\u00f6s, K Fut\u00f3, N \u00c1gnes, A Sz\u00e9kely, G Purebl, S Fekete (2017): Risk factors for multiple suicidality in Hungary. European Psychiatry 41, S403-S404<\/p>\n<p>Zalsman G, Hawton K, Wasserman D, van Heeringen K, Arensman E, Sarchiapone M, Carli V, H\u00f6schl C, Winkler P, Balazs, J, Purebl, Gy, Kahn JP, Pilar AS, Bobes J, Cozman D, Hegerl U, Rancans E, Hadlaczki G, van Audenhove C, Hennesh H, Sisask M, Peschavan AM, Kapusta N, Adomaitiene V, Steibliene V, Kosiewska, I, Rozanov V, Coutret P, Zohar J. Evidence-based national suicide prevention taskforce in Europe: A consensus position paper. European Neuropsychopharmacology (2017), <u>http:\/\/dx.doi.org\/10.1016\/j.euroneuro.2017.01.012<\/u><\/p>\n<p>T\u00f3th, M. D., Sz. Adam, T. Zonda, E. Birk\u00e1s, and Gy. Purebl. &#8222;Risk factors for multiple suicide attempts among Roma in Hungary.&#8221; Transcultural psychiatry55, no. 1 (2018): 55-72.<\/p>\n<p>&nbsp;<\/p>\n<p>&nbsp;<\/p>\n","protected":false},"excerpt":{"rendered":"<p>Working group for depression and suicide prevention Leader: Gy\u00f6rgy Purebl, MD, PhD Members: Emma Birk\u00e1s Emma, PhD Edit Czegl\u00e9di Andr\u00e1s Sz\u00e9kely M\u00f3nika Ditta T\u00f3th Anna Varga Sarah Ihionvien &nbsp; Research topic The aim of the working group is to facilitate and manage researches in the field of depression and suicide prevention as well as to &hellip;<\/p>\n","protected":false},"author":101277,"featured_media":0,"parent":4877,"menu_order":3,"comment_status":"closed","ping_status":"closed","template":"","meta":{"_acf_changed":false,"footnotes":""},"categories":[],"tags":[],"class_list":["post-4967","page","type-page","status-publish","hentry"],"acf":[],"_links":{"self":[{"href":"https:\/\/semmelweis.hu\/magtud\/wp-json\/wp\/v2\/pages\/4967","targetHints":{"allow":["GET"]}}],"collection":[{"href":"https:\/\/semmelweis.hu\/magtud\/wp-json\/wp\/v2\/pages"}],"about":[{"href":"https:\/\/semmelweis.hu\/magtud\/wp-json\/wp\/v2\/types\/page"}],"author":[{"embeddable":true,"href":"https:\/\/semmelweis.hu\/magtud\/wp-json\/wp\/v2\/users\/101277"}],"replies":[{"embeddable":true,"href":"https:\/\/semmelweis.hu\/magtud\/wp-json\/wp\/v2\/comments?post=4967"}],"version-history":[{"count":6,"href":"https:\/\/semmelweis.hu\/magtud\/wp-json\/wp\/v2\/pages\/4967\/revisions"}],"predecessor-version":[{"id":9082,"href":"https:\/\/semmelweis.hu\/magtud\/wp-json\/wp\/v2\/pages\/4967\/revisions\/9082"}],"up":[{"embeddable":true,"href":"https:\/\/semmelweis.hu\/magtud\/wp-json\/wp\/v2\/pages\/4877"}],"wp:attachment":[{"href":"https:\/\/semmelweis.hu\/magtud\/wp-json\/wp\/v2\/media?parent=4967"}],"wp:term":[{"taxonomy":"category","embeddable":true,"href":"https:\/\/semmelweis.hu\/magtud\/wp-json\/wp\/v2\/categories?post=4967"},{"taxonomy":"post_tag","embeddable":true,"href":"https:\/\/semmelweis.hu\/magtud\/wp-json\/wp\/v2\/tags?post=4967"}],"curies":[{"name":"wp","href":"https:\/\/api.w.org\/{rel}","templated":true}]}}