{"id":4965,"date":"2018-08-28T17:09:38","date_gmt":"2018-08-28T15:09:38","guid":{"rendered":"http:\/\/semmelweis.hu\/magtud\/?page_id=4965"},"modified":"2018-08-28T17:19:48","modified_gmt":"2018-08-28T15:19:48","slug":"eating-disorder-research-group","status":"publish","type":"page","link":"https:\/\/semmelweis.hu\/magtud\/en\/research\/research-groups\/eating-disorder-research-group\/","title":{"rendered":"Eating Disorder Research Group"},"content":{"rendered":"<p><strong>Eating Disorder Research Group<\/strong><\/p>\n<p>Leader: Ferenc T\u00fary, PhD, professor<\/p>\n<p>Members:<\/p>\n<ol>\n<li>Bernadett Babusa, PhD, assistant professor<\/li>\n<li>Edit Czegl\u00e9di, PhD, assistant professor<\/li>\n<li>Anna Demeter, PhD student<\/li>\n<li>Dukay-Szab\u00f3 Szilvia, PhD student<\/li>\n<li>Fodorn\u00e9 Mezei \u00c1gnes, PhD student, assistant<\/li>\n<li>Leindler Mil\u00e1n, PhD student<\/li>\n<li>Major Melinda, PhD student<\/li>\n<li>Papp Ildik\u00f3, PhD student<\/li>\n<li>Szab\u00f3 Korn\u00e9lia, PhD student<\/li>\n<li>Szumska Irena, PhD, senior lecturer<\/li>\n<li>Szalai Tam\u00e1s, PhD student, assistant professor<\/li>\n<\/ol>\n<p>&nbsp;<\/p>\n<p><strong>Research topic<\/strong><\/p>\n<p>Eating disorders are the classical forms of civilization disorders (anorexia nervosa, bulimia nervosa, obesity, binge eating disorder, muscle dysmorphia, orthorexia, and some newer syndromes). The Research Group investigates different aspects of eating disorders from the epidemiology to the prevention, clinical observations, and new treatment possibilities (including telemedicine). The group participates in international collaborations as well.<\/p>\n<p><strong>\u00a0<\/strong><\/p>\n<p><strong>Five important publications from the last five years:<\/strong><\/p>\n<ol>\n<li>Papp I., T\u00fary F.: The stigmatization of obesity among Gypsy and Hungarian children. Eating and Weight Disorders 18:193-198, 2013. <em>IF: 0,527.<\/em><\/li>\n<li>Papp I., Urb\u00e1n R., Czegl\u00e9di E., Babusa B., T\u00fary F.: Testing the Tripartite Influence Model of body image and eating disturbance among Hungarian adolescents. Body Image 10:232-242, 2013. <em>IF: 1,74<\/em>.<\/li>\n<li>Mezei \u00c1., G\u00fcle<em>\u00e7<\/em>, H., Czegl\u00e9di E., Fritz A., T\u00fary F.: Linguistic characteristics of patients with bulimic symptomatology in an online post-treatment program. EWD, 2014. DOI: 10.1007\/s40519-014-0136-1. <em>IF: 0,527.\u00a0 <\/em><\/li>\n<li>Babusa B., Czegl\u00e9di E., Mayville, S.B., T\u00fary F., Urb\u00e1n R.: Differentiating the levels of risk for muscle dysmorphia among Hungarian male weightlifters: a factor mixture modeling approach. Body Image 12:14-21, 2015. <em>IF: 1,74. <\/em><\/li>\n<li>Szab\u00f3 K., Czegl\u00e9di E., Babusa B., Szumska, I., T\u00fary F., Bauer, S.: The European initiative ProYouth for the promotion of mental health and the prevention of eating disorders \u2013 screening results. European Eating Disorders Review 2015, DOI: \u00a010.1002\/erv.2345. <em>IF: 1,38. <\/em><\/li>\n<\/ol>\n<p>&nbsp;<\/p>\n","protected":false},"excerpt":{"rendered":"<p>Eating Disorder Research Group Leader: Ferenc T\u00fary, PhD, professor Members: Bernadett Babusa, PhD, assistant professor Edit Czegl\u00e9di, PhD, assistant professor Anna Demeter, PhD student Dukay-Szab\u00f3 Szilvia, PhD student Fodorn\u00e9 Mezei \u00c1gnes, PhD student, assistant Leindler Mil\u00e1n, PhD student Major Melinda, PhD student Papp Ildik\u00f3, PhD student Szab\u00f3 Korn\u00e9lia, PhD student Szumska Irena, PhD, senior lecturer &hellip;<\/p>\n","protected":false},"author":101277,"featured_media":0,"parent":4877,"menu_order":2,"comment_status":"closed","ping_status":"closed","template":"","meta":{"_acf_changed":false,"footnotes":""},"categories":[],"tags":[],"class_list":["post-4965","page","type-page","status-publish","hentry"],"acf":[],"_links":{"self":[{"href":"https:\/\/semmelweis.hu\/magtud\/wp-json\/wp\/v2\/pages\/4965","targetHints":{"allow":["GET"]}}],"collection":[{"href":"https:\/\/semmelweis.hu\/magtud\/wp-json\/wp\/v2\/pages"}],"about":[{"href":"https:\/\/semmelweis.hu\/magtud\/wp-json\/wp\/v2\/types\/page"}],"author":[{"embeddable":true,"href":"https:\/\/semmelweis.hu\/magtud\/wp-json\/wp\/v2\/users\/101277"}],"replies":[{"embeddable":true,"href":"https:\/\/semmelweis.hu\/magtud\/wp-json\/wp\/v2\/comments?post=4965"}],"version-history":[{"count":2,"href":"https:\/\/semmelweis.hu\/magtud\/wp-json\/wp\/v2\/pages\/4965\/revisions"}],"predecessor-version":[{"id":4979,"href":"https:\/\/semmelweis.hu\/magtud\/wp-json\/wp\/v2\/pages\/4965\/revisions\/4979"}],"up":[{"embeddable":true,"href":"https:\/\/semmelweis.hu\/magtud\/wp-json\/wp\/v2\/pages\/4877"}],"wp:attachment":[{"href":"https:\/\/semmelweis.hu\/magtud\/wp-json\/wp\/v2\/media?parent=4965"}],"wp:term":[{"taxonomy":"category","embeddable":true,"href":"https:\/\/semmelweis.hu\/magtud\/wp-json\/wp\/v2\/categories?post=4965"},{"taxonomy":"post_tag","embeddable":true,"href":"https:\/\/semmelweis.hu\/magtud\/wp-json\/wp\/v2\/tags?post=4965"}],"curies":[{"name":"wp","href":"https:\/\/api.w.org\/{rel}","templated":true}]}}