{"id":4877,"date":"2018-08-27T16:34:09","date_gmt":"2018-08-27T14:34:09","guid":{"rendered":"http:\/\/semmelweis.hu\/magtud\/?page_id=4877"},"modified":"2023-06-23T10:06:06","modified_gmt":"2023-06-23T08:06:06","slug":"research-groups","status":"publish","type":"page","link":"https:\/\/semmelweis.hu\/magtud\/en\/research\/research-groups\/","title":{"rendered":"Research Groups"},"content":{"rendered":"<div class=\"responsive-tabs\">\n<h2 class=\"tabtitle\">Research Groups<\/h2>\n<div class=\"tabcontent\">\n\n<h2>Research Groups<\/h2>\n<ul style=\"list-style-type: square;\">\n<li>\n<p><a href=\"https:\/\/semmelweis.hu\/magtud\/en\/research\/research-groups\/psychophysiology-and-chronobiology-research-group\/\">Psychophysiology and Chronobiology Research Group<\/a><\/p>\n<\/li>\n<li>\n<p><a href=\"https:\/\/semmelweis.hu\/magtud\/en\/research\/research-groups\/eating-disorder-research-group\/\" target=\"_blank\" rel=\"noopener noreferrer\">Eating Disorder Research Group<\/a><\/p>\n<\/li>\n<li>\n<p><a href=\"https:\/\/semmelweis.hu\/magtud\/en\/research\/research-groups\/working-group-for-depression-and-suicide-prevention\/\" target=\"_blank\" rel=\"noopener noreferrer\">Working Group for Depression and Suicide Prevention<\/a><\/p>\n<\/li>\n<li>\n<p><a href=\"https:\/\/semmelweis.hu\/magtud\/en\/research\/research-groups\/biomedicine-and-alternative-medicine-research-group\/\" target=\"_blank\" rel=\"noopener noreferrer\">Biomedicine and Alternative Medicine Research Group<\/a><\/p>\n<\/li>\n<li>\n<p><a href=\"https:\/\/semmelweis.hu\/magtud\/en\/research\/research-groups\/medical-communication-research-team\/\" target=\"_blank\" rel=\"noopener noreferrer\">Medical Communication Research Team<\/a><\/p>\n<\/li>\n<li>\n<p><a href=\"https:\/\/semmelweis.hu\/magtud\/en\/research\/research-groups\/thanatology-research-group\/\" target=\"_blank\" rel=\"noopener noreferrer\">Thanatology Research Group<\/a><\/p>\n<\/li>\n<li>\n<p><a href=\"https:\/\/semmelweis.hu\/magtud\/en\/research\/research-groups\/psychosocial-stress-research-group\/\" target=\"_blank\" rel=\"noopener noreferrer\">Psychosocial Stress Research Group<\/a><\/p>\n<\/li>\n<li>\n<p><a href=\"https:\/\/semmelweis.hu\/magtud\/en\/research\/research-groups\/medical-humanities-research-group\/\" target=\"_blank\" rel=\"noopener noreferrer\">Medical Humanities Research Group<\/a><\/p>\n<\/li>\n<li>\n<p><a href=\"https:\/\/semmelweis.hu\/magtud\/en\/research\/research-groups\/hungarostudy-research-group\/\" target=\"_blank\" rel=\"noopener noreferrer\">Hungarostudy Research Group<\/a><\/p>\n<\/li>\n<li>\n<p><a href=\"https:\/\/semmelweis.hu\/magtud\/en\/research\/research-groups\/the-relationship-between-reproductive-health-and-stress-research-group\/\" target=\"_blank\" rel=\"noopener noreferrer\">The Relationship Between Reproductive Health and Stress \u2013 Research Group<\/a><\/p>\n<\/li>\n<li>\n<p><a href=\"https:\/\/semmelweis.hu\/magtud\/en\/research\/research-groups\/connections-between-quality-of-family-relations-and-health-status-research-group\/\" target=\"_blank\" rel=\"noopener noreferrer\">Connections Between Quality of Family Relations and Health Status \u2013 Research Group<\/a><\/p>\n<\/li>\n<li>\n<p><a href=\"https:\/\/semmelweis.hu\/magtud\/en\/research\/research-groups\/work-related-stress-and-stress-management-research-group\/\" target=\"_blank\" rel=\"noopener noreferrer\">Work Related Stress and Stress Management Research Group<\/a><\/p>\n<\/li>\n<li>\n<p><a href=\"https:\/\/semmelweis.hu\/magtud\/en\/research\/research-groups\/behavioural-questions-of-obstetric-care\/\" target=\"_blank\" rel=\"noopener noreferrer\">Behavioural questions of obstetric care<\/a><\/p>\n<\/li>\n<li>\n<p><a href=\"https:\/\/semmelweis.hu\/magtud\/en\/research\/research-groups\/behavioural-science-in-digital-health\/\" target=\"_blank\" rel=\"noopener noreferrer\">Behavioural Science in Digital Health<\/a><\/p>\n<\/li>\n<li>\n<p><a href=\"https:\/\/semmelweis.hu\/magtud\/en\/research\/research-groups\/pain-and-psychosocial-stress-research-group\/\" target=\"_blank\" rel=\"noopener\">Pain and Psychosocial Stress Research Group<\/a><\/p>\n<\/li>\n<\/ul>\n\n<\/div><h2 class=\"tabtitle\">Individual research topics<\/h2>\n<div class=\"tabcontent\">\n\n<h2>Individual research topics<\/h2>\n<p><strong>Professor J\u00f3zsef Kov\u00e1cs<\/strong>: The concept of health and illness<br \/>\n<strong>Professor J\u00f3zsef Kov\u00e1cs<\/strong>: Research ethics \u2013 publication ethics<br \/>\n<strong>Professor J\u00f3zsef Kov\u00e1cs<\/strong>: Ethical issues of death, dying, euthanasia, and refusal of life sustaining treatment<br \/>\n<strong>Professor J\u00f3zsef Kov\u00e1cs<\/strong>: Ethical issues of informing the patient and their informed consent<br \/>\n<strong>Professor J\u00f3zsef Kov\u00e1cs<\/strong>: Ethics of psychiatry and psychotherapy<br \/>\n<strong>Professor J\u00f3zsef Kov\u00e1cs<\/strong>: Ethical issues of patients\u2019 rights and health care systems<br \/>\n<strong>Professor J\u00f3zsef Kov\u00e1cs<\/strong>: Ethical issues of abortion and reprogenetics<br \/>\n<strong>Professor J\u00f3zsef Kov\u00e1cs<\/strong>: Main issues of medical ethics, bioethics<br \/>\n<strong>Professor J\u00f3zsef Kov\u00e1cs<\/strong>: Ethics of biotechnology<\/p>\n<p><strong>Dr. Jen\u0151 L\u0151rincz<\/strong>: The human action. (The legal theory and bioethics approach. Hungarian philosophical and psychological background.)<br \/>\n<strong>Dr. Jen\u0151 L\u0151rincz<\/strong>: The history of the Hungarian medical antropology, with special focus on research related to the origin of Hungarians and their ancient history<br \/>\n<strong>Dr. Jen\u0151 L\u0151rincz<\/strong>: Cognitive therapy conceptualized by R. Brandt<\/p>\n<p><strong>Dr. Orsolya P\u00e9ter<\/strong>, <strong>Dr. Ferenc T\u00fary Ferenc<\/strong> (Dr. Imre L\u00e1z\u00e1r, Dr. \u00c9va Sus\u00e1nszky, Dr. \u00c1gnes Zana and other external members): Art psychology<\/p>\n<p><strong>No\u00e9mi Somorjai<\/strong>: The practical application of librarian ethics<br \/>\n<strong>No\u00e9mi Somorjai<\/strong>: Suicidal risks of homosexual teenagers<\/p>\n<p><strong>Professor Ferenc T\u00fary<\/strong>, and other experts involved in family therapy training: The family therapy of enuresis nocturna.<\/p>\n<\/div><\/div>\n<p>&nbsp;<\/p>\n","protected":false},"excerpt":{"rendered":"<p>Research Groups <a href=\"https:\/\/semmelweis.hu\/magtud\/en\/research\/research-groups\/psychophysiology-and-chronobiology-research-group\/\">Psychophysiology and Chronobiology Research Group<\/a> <a href=\"https:\/\/semmelweis.hu\/magtud\/en\/research\/research-groups\/eating-disorder-research-group\/\" target=\"_blank\" rel=\"noopener noreferrer\">Eating Disorder Research Group<\/a> <a href=\"https:\/\/semmelweis.hu\/magtud\/en\/research\/research-groups\/working-group-for-depression-and-suicide-prevention\/\" target=\"_blank\" rel=\"noopener noreferrer\">Working Group for Depression and Suicide Prevention<\/a> <a href=\"https:\/\/semmelweis.hu\/magtud\/en\/research\/research-groups\/biomedicine-and-alternative-medicine-research-group\/\" target=\"_blank\" rel=\"noopener noreferrer\">Biomedicine and Alternative Medicine Research Group<\/a> <a href=\"https:\/\/semmelweis.hu\/magtud\/en\/research\/research-groups\/medical-communication-research-team\/\" target=\"_blank\" rel=\"noopener noreferrer\">Medical Communication Research Team<\/a> <a href=\"https:\/\/semmelweis.hu\/magtud\/en\/research\/research-groups\/thanatology-research-group\/\" target=\"_blank\" rel=\"noopener noreferrer\">Thanatology Research Group<\/a> <a href=\"https:\/\/semmelweis.hu\/magtud\/en\/research\/research-groups\/psychosocial-stress-research-group\/\" target=\"_blank\" rel=\"noopener noreferrer\">Psychosocial Stress Research Group<\/a> <a href=\"https:\/\/semmelweis.hu\/magtud\/en\/research\/research-groups\/medical-humanities-research-group\/\" target=\"_blank\" rel=\"noopener noreferrer\">Medical Humanities Research Group<\/a> <a href=\"https:\/\/semmelweis.hu\/magtud\/en\/research\/research-groups\/hungarostudy-research-group\/\" target=\"_blank\" rel=\"noopener noreferrer\">Hungarostudy Research Group<\/a> <a href=\"https:\/\/semmelweis.hu\/magtud\/en\/research\/research-groups\/the-relationship-between-reproductive-health-and-stress-research-group\/\" target=\"_blank\" rel=\"noopener noreferrer\">The Relationship Between Reproductive Health and Stress \u2013 Research Group<\/a> <a href=\"https:\/\/semmelweis.hu\/magtud\/en\/research\/research-groups\/connections-between-quality-of-family-relations-and-health-status-research-group\/\" target=\"_blank\" rel=\"noopener noreferrer\">Connections Between Quality of Family Relations and Health Status \u2013 Research Group<\/a> <a href=\"https:\/\/semmelweis.hu\/magtud\/en\/research\/research-groups\/work-related-stress-and-stress-management-research-group\/\" target=\"_blank\" rel=\"noopener noreferrer\">Work Related Stress and Stress Management Research Group<\/a> <a href=\"https:\/\/semmelweis.hu\/magtud\/en\/research\/research-groups\/behavioural-questions-of-obstetric-care\/\" target=\"_blank\" rel=\"noopener noreferrer\">Behavioural questions of obstetric care<\/a> <a href=\"https:\/\/semmelweis.hu\/magtud\/en\/research\/research-groups\/behavioural-science-in-digital-health\/\" target=\"_blank\" rel=\"noopener noreferrer\">Behavioural Science in Digital Health<\/a> <a href=\"https:\/\/semmelweis.hu\/magtud\/en\/research\/research-groups\/pain-and-psychosocial-stress-research-group\/\" target=\"_blank\" rel=\"noopener\">Pain and Psychosocial Stress Research Group<\/a> Individual research topics Professor J\u00f3zsef Kov\u00e1cs: The concept of health and illness Professor J\u00f3zsef Kov\u00e1cs: Research ethics \u2013 publication ethics Professor J\u00f3zsef Kov\u00e1cs: Ethical issues of death, dying, euthanasia, and refusal of life sustaining treatment Professor J\u00f3zsef Kov\u00e1cs: Ethical issues of informing the patient and their informed consent Professor J\u00f3zsef Kov\u00e1cs: Ethics of &hellip;<\/p>\n","protected":false},"author":101277,"featured_media":0,"parent":4524,"menu_order":0,"comment_status":"closed","ping_status":"closed","template":"","meta":{"_acf_changed":false,"footnotes":""},"categories":[],"tags":[],"class_list":["post-4877","page","type-page","status-publish","hentry"],"acf":[],"_links":{"self":[{"href":"https:\/\/semmelweis.hu\/magtud\/wp-json\/wp\/v2\/pages\/4877","targetHints":{"allow":["GET"]}}],"collection":[{"href":"https:\/\/semmelweis.hu\/magtud\/wp-json\/wp\/v2\/pages"}],"about":[{"href":"https:\/\/semmelweis.hu\/magtud\/wp-json\/wp\/v2\/types\/page"}],"author":[{"embeddable":true,"href":"https:\/\/semmelweis.hu\/magtud\/wp-json\/wp\/v2\/users\/101277"}],"replies":[{"embeddable":true,"href":"https:\/\/semmelweis.hu\/magtud\/wp-json\/wp\/v2\/comments?post=4877"}],"version-history":[{"count":10,"href":"https:\/\/semmelweis.hu\/magtud\/wp-json\/wp\/v2\/pages\/4877\/revisions"}],"predecessor-version":[{"id":11886,"href":"https:\/\/semmelweis.hu\/magtud\/wp-json\/wp\/v2\/pages\/4877\/revisions\/11886"}],"up":[{"embeddable":true,"href":"https:\/\/semmelweis.hu\/magtud\/wp-json\/wp\/v2\/pages\/4524"}],"wp:attachment":[{"href":"https:\/\/semmelweis.hu\/magtud\/wp-json\/wp\/v2\/media?parent=4877"}],"wp:term":[{"taxonomy":"category","embeddable":true,"href":"https:\/\/semmelweis.hu\/magtud\/wp-json\/wp\/v2\/categories?post=4877"},{"taxonomy":"post_tag","embeddable":true,"href":"https:\/\/semmelweis.hu\/magtud\/wp-json\/wp\/v2\/tags?post=4877"}],"curies":[{"name":"wp","href":"https:\/\/api.w.org\/{rel}","templated":true}]}}