{"id":4748,"date":"2018-08-24T13:41:11","date_gmt":"2018-08-24T11:41:11","guid":{"rendered":"http:\/\/semmelweis.hu\/magtud\/?page_id=4748"},"modified":"2025-11-27T14:21:50","modified_gmt":"2025-11-27T13:21:50","slug":"dr-orsolya-marta-peter","status":"publish","type":"page","link":"https:\/\/semmelweis.hu\/magtud\/en\/institute\/staff\/dr-orsolya-marta-peter\/","title":{"rendered":"Dr. Orsolya M\u00e1rta P\u00e9ter"},"content":{"rendered":"<p><img decoding=\"async\" class=\"alignright\" src=\"\/magtud\/files\/2017\/11\/Peter_Orsolya.jpg\" width=\"150\" \/><br \/>\n<div class=\"responsive-tabs\">\n<h2 class=\"tabtitle\">Curriculum Vitae<\/h2>\n<div class=\"tabcontent\">\n<\/p>\n<p><strong><br \/>\n<a href=\"https:\/\/semmelweis.hu\/magtud\/files\/2025\/11\/Gyaszjelentes.pdf\">Dr. Orsolya M\u00e1rta P\u00c9TER (1966-2025)\u00a0<\/a>\u00a0<img loading=\"lazy\" decoding=\"async\" class=\" wp-image-13151\" src=\"https:\/\/semmelweis.hu\/magtud\/files\/2025\/11\/fekete_szalag-400x400.jpg\" alt=\"\" width=\"41\" height=\"41\" srcset=\"https:\/\/semmelweis.hu\/magtud\/files\/2025\/11\/fekete_szalag-400x400.jpg 400w, https:\/\/semmelweis.hu\/magtud\/files\/2025\/11\/fekete_szalag-150x150.jpg 150w, https:\/\/semmelweis.hu\/magtud\/files\/2025\/11\/fekete_szalag.jpg 416w\" sizes=\"auto, (max-width: 41px) 100vw, 41px\" \/><br \/>\n<\/strong><\/p>\n<p>&nbsp;<\/p>\n<p><strong>Education:<\/strong><\/p>\n<ul>\n<li>1989 \u2013 doctor of juridical science (LLB), &#8222;<em>summa cum laude<\/em>&#8221; (Faculty of Law, University of Miskolc)<\/li>\n<li>2012 \u2013 Chartered Linguist (Diploma in Translation), English, specialisation in Law (Faculty of Humanities, \u201eE\u00f6tv\u00f6s Lor\u00e1nd\u201d University)<\/li>\n<li>2014 \u2013 family counsellor (Hungarian Association of Family Therapists, formation in course)<\/li>\n<li>2017 \u2013 Healthcare Specialist Lawyer (Faculty of Law, \u201eE\u00f6tv\u00f6s Lor\u00e1nd\u201d University, formation in course)<\/li>\n<\/ul>\n<p><strong>Language Skills:<br \/>\n<\/strong>English \u2013 Chartered Linguist (English), specialisation in Law<br \/>\nItalian and English \u2013 Advanced Certificate (C1)<br \/>\nFrench and Russian \u2013 Intermediate Certificate (B2)<br \/>\nGerman, Spanish, Latin \u2013 speaking, reading and writing skills<\/p>\n<p><strong>Employment:<\/strong><\/p>\n<ul>\n<li>1989-1994: University of Miskolc, Faculty of Law, Department of Roman Law, Assistant Lecturer.<\/li>\n<li>1994-1997: ibid., Senior Lecturer.<\/li>\n<li>1997-2012: ibid., Associate Professor, Head of Department between 2004-2012<\/li>\n<li>2012- : Semmelweis University, Faculty of Medicine, Senior Lecturer.<\/li>\n<\/ul>\n<p><strong>Teaching Experience:<\/strong><\/p>\n<ul>\n<li>University of Miskolc, Faculty of Law:<\/li>\n<\/ul>\n<p>Roman Law (lectures and seminars in Hungarian); The Roman Law Foundations of Civil Law (lectures and seminars in Hungarian); Women in Ancient Law and Society (in English); Roman Family Law; Roman Family Law for Sociologists; The History of Welfare Politics and Social Policy.<\/p>\n<ul>\n<li>Semmelweis University, Faculty of Medicine:<\/li>\n<\/ul>\n<p>Bioethics\/Medical Ethics (lectures and seminars in Hungarian and English) \u2013 for medical students, dental students and pharmacology students<\/p>\n<p>Bioethics\/Medical Ethics \u2013 for resident doctors<\/p>\n<p>The Scalpel and The Paragraph: Special Issues of Medical Practice in Light of the Law \u2013elective courses in Hungarian and English<\/p>\n<p><strong>Research and Scientific Degrees:<\/strong><\/p>\n<ul>\n<li>Human life and the law; the legal issues of intrauterine life and birth; Ancient Gender Studies; the legal issues of medical practice in ancient Rome<\/li>\n<li>1996: Candidate (PhD) in Law; thesis: &#8222;<em>The Social and Legal Aspects of Family Planning, Intrauterine Life and Birth in Ancient Rome<\/em> &#8222;<\/li>\n<\/ul>\n<p><strong>Fellowships:<\/strong><\/p>\n<ul>\n<li>1989: University of Rome &#8222;La Sapienza&#8221;, Fellowship of the Italian State, <em>Corso di perfezionamento in diritto romano<\/em>&#8222;, research<\/li>\n<li>1990 &#8211; 1991: University of K\u00f6ln, DAAD research fellowship<\/li>\n<li>1992 &#8211; 1998: University of Naples \u201cFederico II\u201d, research fellowships<\/li>\n<\/ul>\n<ul>\n<li>1994 &#8211; 1997: <em>Centro Romanistico Internazionale di Copanello<\/em> (University of Catania), guest lecturer<\/li>\n<li>2003: <em>Centro di studi e ricerche sui diritti antichi<\/em> (University of Pavia)<\/li>\n<\/ul>\n<p><strong>Grants:<\/strong><\/p>\n<ul>\n<li>1997: research grant of <em>Consiglio Nazionale per le Ricerche<\/em><\/li>\n<li>2001-2003: \u201cOTKA\u201d research grant<\/li>\n<\/ul>\n\n<\/div><h2 class=\"tabtitle\">Publications<\/h2>\n<div class=\"tabcontent\">\n\n<\/div><\/div>\n","protected":false},"excerpt":{"rendered":"<p><a href=\"https:\/\/semmelweis.hu\/magtud\/files\/2025\/11\/Gyaszjelentes.pdf\">Dr. Orsolya M\u00e1rta P\u00c9TER (1966-2025)\u00a0<\/a> \u00a0 &nbsp; Education: 1989 \u2013 doctor of juridical science (LLB), &#8222;summa cum laude&#8221; (Faculty of Law, University of Miskolc) 2012 \u2013 Chartered Linguist (Diploma in Translation), English, specialisation in Law (Faculty of Humanities, \u201eE\u00f6tv\u00f6s Lor\u00e1nd\u201d University) 2014 \u2013 family counsellor (Hungarian Association of Family Therapists, formation in course) 2017 \u2013 Healthcare Specialist Lawyer (Faculty of &hellip;<\/p>\n","protected":false},"author":101277,"featured_media":0,"parent":3356,"menu_order":25,"comment_status":"closed","ping_status":"closed","template":"","meta":{"_acf_changed":false,"footnotes":""},"categories":[],"tags":[],"class_list":["post-4748","page","type-page","status-publish","hentry"],"acf":[],"_links":{"self":[{"href":"https:\/\/semmelweis.hu\/magtud\/wp-json\/wp\/v2\/pages\/4748","targetHints":{"allow":["GET"]}}],"collection":[{"href":"https:\/\/semmelweis.hu\/magtud\/wp-json\/wp\/v2\/pages"}],"about":[{"href":"https:\/\/semmelweis.hu\/magtud\/wp-json\/wp\/v2\/types\/page"}],"author":[{"embeddable":true,"href":"https:\/\/semmelweis.hu\/magtud\/wp-json\/wp\/v2\/users\/101277"}],"replies":[{"embeddable":true,"href":"https:\/\/semmelweis.hu\/magtud\/wp-json\/wp\/v2\/comments?post=4748"}],"version-history":[{"count":6,"href":"https:\/\/semmelweis.hu\/magtud\/wp-json\/wp\/v2\/pages\/4748\/revisions"}],"predecessor-version":[{"id":13153,"href":"https:\/\/semmelweis.hu\/magtud\/wp-json\/wp\/v2\/pages\/4748\/revisions\/13153"}],"up":[{"embeddable":true,"href":"https:\/\/semmelweis.hu\/magtud\/wp-json\/wp\/v2\/pages\/3356"}],"wp:attachment":[{"href":"https:\/\/semmelweis.hu\/magtud\/wp-json\/wp\/v2\/media?parent=4748"}],"wp:term":[{"taxonomy":"category","embeddable":true,"href":"https:\/\/semmelweis.hu\/magtud\/wp-json\/wp\/v2\/categories?post=4748"},{"taxonomy":"post_tag","embeddable":true,"href":"https:\/\/semmelweis.hu\/magtud\/wp-json\/wp\/v2\/tags?post=4748"}],"curies":[{"name":"wp","href":"https:\/\/api.w.org\/{rel}","templated":true}]}}