{"id":4744,"date":"2018-08-24T13:40:10","date_gmt":"2018-08-24T11:40:10","guid":{"rendered":"http:\/\/semmelweis.hu\/magtud\/?page_id=4744"},"modified":"2020-10-20T13:08:40","modified_gmt":"2020-10-20T11:08:40","slug":"dr-edit-czegledi","status":"publish","type":"page","link":"https:\/\/semmelweis.hu\/magtud\/en\/institute\/staff\/dr-edit-czegledi\/","title":{"rendered":"Dr. Edit Czegl\u00e9di"},"content":{"rendered":"<p><img loading=\"lazy\" decoding=\"async\" class=\"size-full wp-image-4780 alignright\" src=\"https:\/\/semmelweis.hu\/magtud\/files\/2018\/08\/CzeglediEdit.png\" alt=\"\" width=\"128\" height=\"141\" \/><\/p>\n<div class=\"responsive-tabs\">\n<h2 class=\"tabtitle\">Curriculum vitae<\/h2>\n<div class=\"tabcontent\">\n\n<p><strong>Dr. Edit Andrea Czegl\u00e9di, Ph.D.<\/strong><br \/>\nDate of birth: 1979, Budapest, Hungary<br \/>\nE-mail: <a href=\"mailto:czegledi.edit@med.semmelweis-univ.hu\">czegledi.edit@med.semmelweis-univ.hu<\/a><br \/>\nPhone number: +36 1 210-2930\/ext. 56151<br \/>\nOffice: Semmelweis University, Institute of Behavioural Sciences<br \/>\nH-1089 Budapest, Nagyv\u00e1rad t\u00e9r 4, NET Building, 20th floor, room 2014\/1<\/p>\n<p><strong>Education:<\/strong><\/p>\n<p>2012\u00a0\u00a0\u00a0\u00a0\u00a0 PhD degree awarded with <em>summa cum laude, <\/em>E\u00f6tv\u00f6s Lor\u00e1nd University, Faculty of Education and Psychology, Budapest<\/p>\n<p>2008\u20132010\u00a0\u00a0\u00a0\u00a0 Health Promotion Psychologist specialized training (E\u00f6tv\u00f6s Lor\u00e1nd University, Faculty of Education and Psychology, Budapest)<\/p>\n<p>2006\u20132009\u00a0 \u00a0\u00a0 PhD training (E\u00f6tv\u00f6s Lor\u00e1nd University, Faculty of Education and Psychology, Psychology Doctoral School, Budapest)<\/p>\n<p>2001\u20132006\u00a0 \u00a0\u00a0 Psychology (E\u00f6tv\u00f6s Lor\u00e1nd University, Faculty of Education and Psychology, Budapest)<\/p>\n<p>1997\u20132003\u00a0 \u00a0\u00a0 Archaeology (E\u00f6tv\u00f6s Lor\u00e1nd University, Faculty of Humanities, Budapest)<\/p>\n<p>1993\u20131997\u00a0\u00a0\u00a0\u00a0 Veres P\u00e1ln\u00e9 Grammar School (Budapest)<\/p>\n<p><strong>Trainings, certificates:<\/strong><\/p>\n<p>2016-2020 Katarzisz Komplex Art Therapy (Lelki Eg\u00e9szs\u00e9gv\u00e9d\u0151 Alap\u00edtv\u00e1ny, Budapest)<\/p>\n<p>2011\u00a0\u00a0\u00a0\u00a0 Williams LifeSkills<sup>\u00ae<\/sup> (WLS) stress management and psychosocial skills training, certified facilitator (Semmelweis University, Institute of Behavioural Sciences and \u201eHans Selye\u201d Hungarian Society of Behavioral Sciences and Behavioral Medicine, Budapest)<\/p>\n<p>2007\u00a0\u00a0\u00a0\u00a0 Assertiveness training (National Psychiatric and Neurological Institute, Budapest)<\/p>\n<p>2002\u20132004\u00a0\u00a0\u00a0\u00a0 Contemporary instructor, drug prevention (E\u00f6tv\u00f6s Lor\u00e1nd University, Faculty of Education and Psychology, Budapest)<\/p>\n<p><strong>Work experience:\u00a0\u00a0\u00a0\u00a0\u00a0\u00a0\u00a0\u00a0\u00a0\u00a0\u00a0\u00a0\u00a0\u00a0\u00a0\u00a0\u00a0 <\/strong><\/p>\n<p>2016.02. &#8211; Semmelweis University, Faculty of Medicine, Institute of Behavioural Sciences, Budapest, <em>Senior Lecturer<\/em><\/p>\n<p>2013.02. \u20132016.01.\u00a0 Semmelweis University, Faculty of Medicine, Institute of Behavioural Sciences, Budapest, <em>Assistant Lecturer<\/em><\/p>\n<p>2009.07.-2011.05.\u00a0\u00a0 E\u00f6tv\u00f6s Lor\u00e1nd University, Faculty of Education and Psychology, Personality and Health Psychology Department, Budapest, <em>Assistant Lecturer<\/em><\/p>\n<p>2003.09. \u2013 2005. 12. E\u00f6tv\u00f6s Lor\u00e1nd University, Faculty of Education and Psychology, Personality and Health Psychology Department, Budapest, <em>Research assistant<\/em><\/p>\n<p><strong><br \/>\nClinical work:<\/strong><\/p>\n<p>2015.09. \u2013 2017.05. Leader of the weight loss program (Semmelweis University, Faculty of Medicine, Institute of Behavioural Sciences, Centre for Psychosomatic Disorders, Budapest)<\/p>\n<p>2014.06. \u2013 2015.06. Leading the William LifeSkills training for those with excess weight (Semmelweis University, Faculty of Medicine, Institute of Behavioural Sciences, Centre for Psychosomatic Disorders, Budapest)<\/p>\n<p>2009.06. \u2013 2009.12. Co-leader in behavioral weight-loss program (Semmelweis University, Faculty of Medicine, Department of Clinical Psychology, Budapest)<\/p>\n<p>2008.10. \u2013 2009.06. Leader in weight managment related psychoeducational group sessions (Szent Imre Hospital Lipidology Profile, Budapest)<\/p>\n<p><strong>Other activities:<br \/>\n<\/strong>2015 &#8211;\u00a0\u00a0\u00a0\u00a0\u00a0\u00a0 Editor &#8211; Journal of Mental Health and Psychosomatics<\/p>\n<p><strong>Professional memberships:<br \/>\n<\/strong>Hungarian Psychological Association<br \/>\nHungarian Society for the Study of Obesity<br \/>\nHungarian Obesitology and Movement Therapy Association<br \/>\n\u201eHans Selye\u201d Hungarian Society of Behavioral Sciences and Behavioral Medicine<\/p>\n<p><strong>Language skills:<br \/>\n<\/strong>English\u00a0 2001. Foundation, Level B1, language exam<br \/>\nGerman\u00a0 1997. Intermediate, Level B2, language exam<\/p>\n<p><strong>ICT skills:<br \/>\n<\/strong>User-level knowledge of computer management (Word, Excel, PowerPoint, SPSS, MPLUS, ROPstat, Internet)<\/p>\n\n<\/div><h2 class=\"tabtitle\">Publications<\/h2>\n<div class=\"tabcontent\">\n\n<p>The full list of publication can be found in the data-base of MTMT. (<a href=\"https:\/\/vm.mtmt.hu\/\/search\/slist.php?nwi=1&amp;inited=1&amp;ty_on=1&amp;url_on=1&amp;cite_type=2&amp;orderby=3D1a&amp;lang=1&amp;location=mtmt&amp;stn=1&amp;AuthorID=10023410\" target=\"_blank\" rel=\"noopener noreferrer\">click here<\/a>)<\/p>\n<\/div><\/div>\n","protected":false},"excerpt":{"rendered":"<p>Dr. Edit Andrea Czegl\u00e9di, Ph.D. Date of birth: 1979, Budapest, Hungary E-mail: <a href=\"mailto:czegledi.edit@med.semmelweis-univ.hu\">czegledi.edit@med.semmelweis-univ.hu<\/a> Phone number: +36 1 210-2930\/ext. 56151 Office: Semmelweis University, Institute of Behavioural Sciences H-1089 Budapest, Nagyv\u00e1rad t\u00e9r 4, NET Building, 20th floor, room 2014\/1 Education: 2012\u00a0\u00a0\u00a0\u00a0\u00a0 PhD degree awarded with summa cum laude, E\u00f6tv\u00f6s Lor\u00e1nd University, Faculty of Education and Psychology, Budapest 2008\u20132010\u00a0\u00a0\u00a0\u00a0 &hellip;<\/p>\n","protected":false},"author":101277,"featured_media":0,"parent":3356,"menu_order":11,"comment_status":"closed","ping_status":"closed","template":"","meta":{"_acf_changed":false,"footnotes":""},"categories":[],"tags":[],"class_list":["post-4744","page","type-page","status-publish","hentry"],"acf":[],"_links":{"self":[{"href":"https:\/\/semmelweis.hu\/magtud\/wp-json\/wp\/v2\/pages\/4744","targetHints":{"allow":["GET"]}}],"collection":[{"href":"https:\/\/semmelweis.hu\/magtud\/wp-json\/wp\/v2\/pages"}],"about":[{"href":"https:\/\/semmelweis.hu\/magtud\/wp-json\/wp\/v2\/types\/page"}],"author":[{"embeddable":true,"href":"https:\/\/semmelweis.hu\/magtud\/wp-json\/wp\/v2\/users\/101277"}],"replies":[{"embeddable":true,"href":"https:\/\/semmelweis.hu\/magtud\/wp-json\/wp\/v2\/comments?post=4744"}],"version-history":[{"count":5,"href":"https:\/\/semmelweis.hu\/magtud\/wp-json\/wp\/v2\/pages\/4744\/revisions"}],"predecessor-version":[{"id":9411,"href":"https:\/\/semmelweis.hu\/magtud\/wp-json\/wp\/v2\/pages\/4744\/revisions\/9411"}],"up":[{"embeddable":true,"href":"https:\/\/semmelweis.hu\/magtud\/wp-json\/wp\/v2\/pages\/3356"}],"wp:attachment":[{"href":"https:\/\/semmelweis.hu\/magtud\/wp-json\/wp\/v2\/media?parent=4744"}],"wp:term":[{"taxonomy":"category","embeddable":true,"href":"https:\/\/semmelweis.hu\/magtud\/wp-json\/wp\/v2\/categories?post=4744"},{"taxonomy":"post_tag","embeddable":true,"href":"https:\/\/semmelweis.hu\/magtud\/wp-json\/wp\/v2\/tags?post=4744"}],"curies":[{"name":"wp","href":"https:\/\/api.w.org\/{rel}","templated":true}]}}