{"id":4604,"date":"2018-08-23T09:13:52","date_gmt":"2018-08-23T07:13:52","guid":{"rendered":"http:\/\/semmelweis.hu\/magtud\/?page_id=4604"},"modified":"2019-07-29T14:09:32","modified_gmt":"2019-07-29T12:09:32","slug":"dr-peter-simor","status":"publish","type":"page","link":"https:\/\/semmelweis.hu\/magtud\/en\/institute\/staff\/dr-peter-simor\/","title":{"rendered":"Dr. P\u00e9ter Simor"},"content":{"rendered":"<div class=\"responsive-tabs\">\n<h2 class=\"tabtitle\">Curriculum Vitae<\/h2>\n<div class=\"tabcontent\">\n\n<p><strong>P\u00e9ter Simor, PhD.<br \/>\n<\/strong>+36302755968<br \/>\n<a href=\"mailto:petersimor@gmail.com\">simor.peter@ppk.elte.hu;<\/a> <a href=\"mailto:petersimor@gmail.com\">petersimor@gmail.com<\/a><br \/>\nBorn: Budapest, 1982.05.18<br \/>\nHomepage: <a href=\"https:\/\/budapestsleeplab.com\">https:\/\/budapestsleeplab.com<\/a><\/p>\n<p><strong><br \/>\nEducation:<\/strong><\/p>\n<p>2009 \u2013 2012 Budapest University of Technology and Economics, doctoral (PhD) school of Psychology<\/p>\n<p>2001\u2013 2007 \u2013 Faculty of Education and Psychology, E\u00f6tv\u00f6s Lor\u00e1nd University, Budapest<\/p>\n<p>1996 \u2013 2001 \u2013 K\u00e1rolyi Mih\u00e1ly Hungarian- Spanish Bilingual Secondary School.<\/p>\n<p>&nbsp;<\/p>\n<p><strong>Workplaces:<\/strong><\/p>\n<p>2017 \u2013 Present: E\u00f6tv\u00f6s Lor\u00e1nd University, Faculty of Education and Psychology, Department of Affective Psychology, assistant professor<\/p>\n<p>2013 \u2013 2018: Ny\u00edr\u0151 Gyula Hospital, National Institute of Psychiatry and Addictions. Position: researcher.<\/p>\n<p>2013 \u2013 2017 Budapest University of Technology and Economics, Department of Cognitive Sciences, from 2014: assistant professor<\/p>\n<p>2007 \u2013 2012 \u2013 Ny\u00edr\u0151 Gyula Hospital, Department of Addictology. Position: Psychologist.<\/p>\n<p>&nbsp;<\/p>\n<p><strong>Scholarships:<\/strong><\/p>\n<ol start=\"2017\">\n<li>Oct. 16-21: 1st ESRS Sleep Science School \u201dNeural Networks in Sleep\u201d. Frejus, France.<\/li>\n<li>Aug-Dec: E\u00f6tv\u00f6s Scholarship of the Hungarian State. Visiting researcher at the Laboratory of Neuropsychology and Functional Neuroimaging, University Libre de Bruxelles. Belgium.<\/li>\n<li>Oct 23-Nov 4: ESRS travel grant, Laboratory of Neuropsychology and Functional Neuroimaging, Brussels, Belgium.<\/li>\n<li>July 23-29: FENS-IBRO European Neuroscience Schools Programme. 2013 Kazbegi Sleep Training (Summer school), Georgia, Kazbegi.<\/li>\n<li>Sept-Dec: Erasmus Scholarship. Laboratory of Functional Neuroscience, University of Pablo de Ol\u00e1vide, Seville, Spain.<\/li>\n<li>March 7-18: LA School for Education, Cognitive and Neural Sciences. San Pedro de Atacama, Chile. (Summer school)<\/li>\n<\/ol>\n<p><strong><br \/>\nResearch Area:<\/strong><\/p>\n<p>The neurophysiology of REM sleep<br \/>\nNightmare disorder<br \/>\nChronotype, sleep quality and psychological adjustment<br \/>\nSleep, memory and emotional information processing<\/p>\n<p><strong><br \/>\n<\/strong><strong>Awards<\/strong><\/p>\n<p>\u2018Excellent lecturer of the Faculty\u2019 Award of the Budapest University of Technology and Economics (2017)<\/p>\n<p>Erd\u0151s P\u00e1l Young Researcher Grant. T\u00c1MOP 4.2.4. A\/1-11-1-2012-0001 \u201eNational Excellence Program \u2013 Elaborating and operating an inland student and researcher personal support system\u201d.<\/p>\n<p>Jedlik \u00c1nyos pre-doctoral research grant. T\u00c1MOP 4.2.4. A\/1-11-1-2012-0001 \u201eNational Excellence Program \u2013 Elaborating and operating an inland student and researcher personal support system\u201d.<\/p>\n<p>Julesz B\u00e9la Young Research Award of the Budapest University of Technology and Economics (2012)<\/p>\n<p>Emotional Regulation in Dreaming, Nightmares and Bad dreams in Borderline Personality Disorder \u2013 Student grant of the <em>International Association for the Study of Dreams<\/em>. (2009)<\/p>\n<p>&nbsp;<\/p>\n<p><strong>Skills<\/strong><\/p>\n<p>Statistics (R, SPSS), Basic programming (MatLab, E-Prime), Sleep EEG analyses, Sleep scoring, analyses of sleep microstructure.<\/p>\n<p><strong>Language Proficiency<br \/>\n<\/strong>Hungarian \u2013 native<br \/>\nEnglish \u2013 advanced<br \/>\nSpanish \u2013 advanced<br \/>\nFrench \u2013 novice<\/p>\n\n<\/div><h2 class=\"tabtitle\">Publications<\/h2>\n<div class=\"tabcontent\">\n\n<p><strong>5 Selected Publications:<\/strong><\/p>\n<p><strong>Simor, P.<\/strong>, Gombos, F., Blaskovich, B., B\u00f3dizs, R. (2018). Long-range alpha\/beta and short-range gamma EEG synchronization distinguishes phasic and tonic REM periods.\u00a0<em>SLEEP,<\/em><em>\u00a0<\/em>41(3).\u00a0<a href=\"https:\/\/academic.oup.com\/sleep\/article\/41\/3\/zsx210\/4773864?guestAccessKey=d533b681-608f-47f2-ac3b-c1b58205691c\">doi: 10.1093\/sleep\/zsx210.<\/a><strong><br \/>\n<\/strong><\/p>\n<p>Blaskovich, B., Sz\u0151ll\u0151si, \u00c1., Gombos, F., Racsm\u00e1ny, M.,\u00a0<strong>Simor, P.\u00a0<\/strong>(2017).\u00a0The benefit of directed forgetting persists after a daytime nap: the role of\u00a0spindles and REM sleep in the consolidation of relevant memories. <em>SLEEP<\/em>, 40, 3.\u00a0doi:10.1093\/sleep\/zsw076.<br \/>\n<strong><br \/>\nSimor, P.<\/strong>, Zavecz, Zs., P\u00e1losi, V., T\u00f6r\u00f6k, Cs, K\u00f6teles, F. (2015) The influence of sleep complaints on the association between chronotype and negative emotionality in young adults. <em>Chronobiology International<\/em>, <em>32(1),<\/em> 1-10. DOI:10.3109\/07420528.2014.935786<\/p>\n<p><strong>\u00a0Simor, P<\/strong>., K\u00f6rmendi, J., Horv\u00e1th, K., Gombos, F., Ujma, P., B\u00f3dizs, R. (2014) Electroencephalographic and Autonomic Alterations in Nightmare Disorder during Pre-and Post-REM periods. <em>Brain and Cognition, 91,<\/em> 62-70. DOI: 10.1016\/j.bandc.2014.08.004<\/p>\n<p><strong>\u00a0<\/strong>Simor, P.,\u00a0Horv\u00e1th, K., Gombos, F., B\u00f3dizs, R. (2012) Disturbed dreaming and sleep quality: altered sleep architecture in subjects with frequent nightmares.\u00a0<em>European Archives of Psychiatry and Clinical Neurosciences<\/em>,\u00a0<em>262(8),<\/em>\u00a0687-696.<\/p>\n<\/div><\/div>\n","protected":false},"excerpt":{"rendered":"<p>P\u00e9ter Simor, PhD. +36302755968 <a href=\"mailto:petersimor@gmail.com\">simor.peter@ppk.elte.hu;<\/a> <a href=\"mailto:petersimor@gmail.com\">petersimor@gmail.com<\/a> Born: Budapest, 1982.05.18 Homepage: <a href=\"https:\/\/budapestsleeplab.com\">https:\/\/budapestsleeplab.com<\/a> Education: 2009 \u2013 2012 Budapest University of Technology and Economics, doctoral (PhD) school of Psychology 2001\u2013 2007 \u2013 Faculty of Education and Psychology, E\u00f6tv\u00f6s Lor\u00e1nd University, Budapest 1996 \u2013 2001 \u2013 K\u00e1rolyi Mih\u00e1ly Hungarian- Spanish Bilingual Secondary School. &nbsp; Workplaces: 2017 \u2013 Present: E\u00f6tv\u00f6s Lor\u00e1nd University, Faculty &hellip;<\/p>\n","protected":false},"author":101277,"featured_media":0,"parent":3356,"menu_order":28,"comment_status":"closed","ping_status":"closed","template":"","meta":{"_acf_changed":false,"footnotes":""},"categories":[],"tags":[],"class_list":["post-4604","page","type-page","status-publish","hentry"],"acf":[],"_links":{"self":[{"href":"https:\/\/semmelweis.hu\/magtud\/wp-json\/wp\/v2\/pages\/4604","targetHints":{"allow":["GET"]}}],"collection":[{"href":"https:\/\/semmelweis.hu\/magtud\/wp-json\/wp\/v2\/pages"}],"about":[{"href":"https:\/\/semmelweis.hu\/magtud\/wp-json\/wp\/v2\/types\/page"}],"author":[{"embeddable":true,"href":"https:\/\/semmelweis.hu\/magtud\/wp-json\/wp\/v2\/users\/101277"}],"replies":[{"embeddable":true,"href":"https:\/\/semmelweis.hu\/magtud\/wp-json\/wp\/v2\/comments?post=4604"}],"version-history":[{"count":2,"href":"https:\/\/semmelweis.hu\/magtud\/wp-json\/wp\/v2\/pages\/4604\/revisions"}],"predecessor-version":[{"id":4609,"href":"https:\/\/semmelweis.hu\/magtud\/wp-json\/wp\/v2\/pages\/4604\/revisions\/4609"}],"up":[{"embeddable":true,"href":"https:\/\/semmelweis.hu\/magtud\/wp-json\/wp\/v2\/pages\/3356"}],"wp:attachment":[{"href":"https:\/\/semmelweis.hu\/magtud\/wp-json\/wp\/v2\/media?parent=4604"}],"wp:term":[{"taxonomy":"category","embeddable":true,"href":"https:\/\/semmelweis.hu\/magtud\/wp-json\/wp\/v2\/categories?post=4604"},{"taxonomy":"post_tag","embeddable":true,"href":"https:\/\/semmelweis.hu\/magtud\/wp-json\/wp\/v2\/tags?post=4604"}],"curies":[{"name":"wp","href":"https:\/\/api.w.org\/{rel}","templated":true}]}}