{"id":4496,"date":"2018-08-15T15:31:37","date_gmt":"2018-08-15T13:31:37","guid":{"rendered":"http:\/\/semmelweis.hu\/magtud\/?page_id=4496"},"modified":"2023-06-22T15:13:00","modified_gmt":"2023-06-22T13:13:00","slug":"zahnmedizinische-soziologie","status":"publish","type":"page","link":"https:\/\/semmelweis.hu\/magtud\/de\/lehre\/zahnmedizin\/zahnmedizinische-soziologie\/","title":{"rendered":"Zahnmedizinische Soziologie"},"content":{"rendered":"<div class=\"responsive-tabs\">\n<h2 class=\"tabtitle\">Zahnm Soz 2022\/2023<\/h2>\n<div class=\"tabcontent\">\n\n<p><strong>Medizinische Soziologie<br \/>\nSemmelweis Universit\u00e4t Budapest<br \/>\nZahnmedizinische Fakult\u00e4t<\/strong><\/p>\n<p><strong>Institut f\u00fcr Verhaltenswissenschaften<br \/>\n<\/strong>Direktor: Prof. Dr. Gy\u00f6rgy Purebl<br \/>\nNET Geb\u00e4ude, Nagyv\u00e1rad t\u00e9r 4. Stock 20.<\/p>\n<p><strong>\u00a0<\/strong><strong>Lehrbuch:<\/strong> <em>(ausgew\u00e4hlte Kapitel)<\/em><\/p>\n<p>Kessler, H. (2021). Kurzlehrbuch Medizinische Psychologie und Soziologie. 4. \u00fcberarbeitete Auflage. Stuttgart &amp; New York: Georg Thieme Verlag.<\/p>\n<p><em>+ siehe noch das Anforderungsblatt<\/em><\/p>\n<p><strong>Vorlesungshalter und Praktikumsleiter:<\/strong><\/p>\n<p>Dr. Bogn\u00e1r, Vir\u00e1g Katalin; Dr. G\u00e1rdos, Judit; T\u00f3th, Szabolcs P\u00e9ter<br \/>\n<strong>Kontakt:<\/strong> <a href=\"mailto:bognar.virag@med.semmelweis-univ.hu\">bognar.virag@med.semmelweis-univ.hu<\/a><\/p>\n<p>&nbsp;<\/p>\n<p><a href=\"https:\/\/semmelweis.hu\/magtud\/files\/2023\/02\/BV_Anforderungsblatt-ZahnMedSoziologie-2022-23.pdf\">Anforderungsblatt<\/a><\/p>\n<p>&nbsp;<\/p>\n<p><em>Vorlesungen:<\/em><\/p>\n<p>13.Februar: Mundgesundheitsbezogene Lebensqualit\u00e4t in der Bev\u00f6lkerung<\/p>\n<p>\u00a0\u00a0\u00a0\u00a0\u00a0 \u00a0\u00a0\u00a0\u00a0\u00a0\u00a0\u00a0\u00a0\u00a0\u00a0\u00a0\u00a0\u00a0\u00a0\u00a0\u00a0\u00a0\u00a0\u00a0 und Pr\u00e4vention in der Zahnmedizin<\/p>\n<p>27.Februar: Sozio-epidemiologische und soziologische Forschungen der<\/p>\n<p>\u00a0\u00a0\u00a0\u00a0\u00a0\u00a0 \u00a0\u00a0\u00a0\u00a0\u00a0\u00a0\u00a0\u00a0\u00a0\u00a0\u00a0\u00a0\u00a0\u00a0\u00a0\u00a0\u00a0\u00a0 Zahnmedizin<\/p>\n<p>13.M\u00e4rz: Die sozio-demografischen Merkmale des Lebenslaufs<\/p>\n<p>27.M\u00e4rz: Soziologische Aspekte der Arzt-Patient Beziehung<\/p>\n<p>10.<em>April: Ostermontag \u2013 f\u00e4llt aus<\/em><\/p>\n<p>24.April: Dienstleistungen und System der medizinischen Versorgung<\/p>\n<p>8.Mai: Die sozio-\u00f6konomischen Merkmale des Lebenslaufs<\/p>\n<p>15.Mai: Zusammenfassung<\/p>\n<p>&nbsp;<\/p>\n<p><em>Praktika: Projektarbeit <\/em><\/p>\n<ul>\n<li>Mundgesundheitsbezogene Lebensqualit\u00e4t. <em>Bildung von Arbeitsgruppen<\/em><\/li>\n<li>Die sozio-demografischen Merkmale des Lebenslaufs. <em>Arbeitsgruppen: Themenwahl<\/em><\/li>\n<li>Die sozio-\u00f6konomischen Merkmale des Lebenslaufs. <em>Arbeitsgruppen: Quellenwahl, und -bearbeitungsmerkmale <\/em><\/li>\n<li>Der Weg zum Gesundheitssystem<\/li>\n<li>Bedeutung der Familie und Sozialisation in der zahnmedizinischen Pr\u00e4vention. Arzt-Patient Beziehung<\/li>\n<li>Gruppenpr\u00e4sentationen<\/li>\n<li>Gruppenpr\u00e4sentationen<\/li>\n<\/ul>\n<p>ZM Gruppe 1: 16.2., 2.3., 16.3., 30.3., 13.4., 27.4.,11.5.<\/p>\n<p>ZM Gruppe 2 und 3: 24.2.,10.3.,24.3., 21.4., Karfreitag f\u00e4llt aus; statt: 28.4., 5.5., 19.5.<strong>\u00a0<\/strong><\/p>\n\n<\/div><h2 class=\"tabtitle\">OMHV Aktionplan<\/h2>\n<div class=\"tabcontent\">\n\n<p>&nbsp;<\/p>\n<p><strong>Analyse der Studentenbewertungen und Aktionsplan \u2013 Zahnmedizinische Psychologie<\/strong><\/p>\n<p>Analyse der Studentenbewertungen<\/p>\n<p>Studentbewertungen zeigen dass Zahnmediznisiche Psychologie dem Fakult\u00e4tsdurchschnitt \u00e4hnlich bewertet wird, aber wegen geringen Daten haben die Bewertungen einen breiten Konfidenzintervall. Punktsch\u00e4tzungen sind h\u00f6her als der Fakult\u00e4tsdurchschnitt f\u00fcr Organisierung (Frage 2) und Vorlesungsanwesenheit (Frage 3), und niedriger f\u00fcr die Bewertung von dem Lehrmaterialen (Fragen 7-8). Da die Unterricht dieses Faches nur aus Vorlesungen besteht, sind die \u00fcber Praktika gestellten Fragen (Fragen 6-7) schwierig zu bewerten.<\/p>\n<p>Aktionsplan<\/p>\n<p>Da Lehrmateriale die niedrigste Bewertung haben, eine Verbesserung ist in diesem Bereich am wirksamsten. Lehrmateriale f\u00fcr diesen Kurs bestehen haupts\u00e4chtlich aus von DozentInnen vorbereiteten Vorlesungsmateriale und aus einem Buch. DozentInnen werden aufgerufen, Vorlesungsmateriale ausf\u00fchrlicher vorzubereiten (z.B. mehr Erkl\u00e4rungen auf den Folien, Handouts) und konkrete Buchabschnitte zu jedem Thema zuzuordnen.<\/p>\n<p>Dr. P\u00e9ter Przemyslaw Ujma (Kursveranstalter)<\/p>\n<p><strong>Vorschl\u00e4ge f\u00fcr die Verbesserung des Unterrichts von dem Fach \u2019Medizinische Soziologie\u2019<\/strong><\/p>\n<p><strong>Zahnmedizinische Fakult\u00e4t<\/strong><\/p>\n<p>Leider haben wenige Zahnmedizinstudenten das Fach \u2019Medizinische Soziologie\u2019 bewertet, nur 7 Studierende haben den Online-Fragebogen (insg. 35, 20%) beantwortet. Trotzdem betrachten wir ihre Meinung als wichtig, denn alle Studenten z\u00e4hlen, auch eine Meinung ist wertvoll f\u00fcr uns.<\/p>\n<p>Das Ergebnis der Meinung der 7 Studierenden liegt insgesamt bei 3,57, unter dem Durchschnitt der Zahnmedizinischen Fakult\u00e4t in der Frage \u201eWie haben Sie insgesamt den Unterricht des Faches bewertet?\u201d. Die Anpassung des Unterrichts des Faches an die Umst\u00e4nde w\u00e4hrend der Quarant\u00e4ne zur Zeit der Pandemie von COVID-19 war gut, und entspach dem Durchschnitt der Fakult\u00e4t. Da die Projektarbeit der Studierenden einen wichtigen Teil des Faches bildet, konnte es aber w\u00e4hrend der Quarant\u00e4ne nicht verwirklicht werden. Dies kann die Unzufriedenheit der Studenten erkl\u00e4ren.<\/p>\n<p><em>Vorschl\u00e4ge<\/em>: Laut der letzten Modifizierung des Anforderungsblattes des Faches (Abgabe 9. M\u00e4rz 2020): Entsprechend der guten Erfahrungen mit der studentischen Projektarbeit in den fr\u00fcheren Jahren m\u00f6chten wir die Projektarbeit, dass heisst die Bearbeitung einer zahnmedizinisch-soziologischen Frage mit Hilfe einer kleinen Fragebogenstudie\/Interviewstudie\/Quellensammlung in der Kleingruppenarbeit f\u00f6rdern. Die Pr\u00e4sentation der Projektarbeit wird ein Teil der Pr\u00fcfung sein. Der Inhalt der Pr\u00fcfung wurde im Anforderungsblatt pr\u00e4zisiert. Neben der allgemeinen medizinischen Soziologie werden st\u00e4rker zahnmedizinisch-soziologische Inhalte in den Pr\u00fcfungsstoff einbezogen.<\/p>\n<p><em>Dozentinnen<\/em>: Dr. Bogn\u00e1r, Vir\u00e1g Katalin; Dr. G\u00e1rdos, Judit.<\/p>\n<p>&nbsp;<\/p>\n<\/div><\/div>\n","protected":false},"excerpt":{"rendered":"<p>Medizinische Soziologie Semmelweis Universit\u00e4t Budapest Zahnmedizinische Fakult\u00e4t Institut f\u00fcr Verhaltenswissenschaften Direktor: Prof. Dr. Gy\u00f6rgy Purebl NET Geb\u00e4ude, Nagyv\u00e1rad t\u00e9r 4. Stock 20. \u00a0Lehrbuch: (ausgew\u00e4hlte Kapitel) Kessler, H. (2021). Kurzlehrbuch Medizinische Psychologie und Soziologie. 4. \u00fcberarbeitete Auflage. Stuttgart &amp; New York: Georg Thieme Verlag. + siehe noch das Anforderungsblatt Vorlesungshalter und Praktikumsleiter: Dr. Bogn\u00e1r, Vir\u00e1g Katalin; &hellip;<\/p>\n","protected":false},"author":101277,"featured_media":0,"parent":11827,"menu_order":6,"comment_status":"closed","ping_status":"closed","template":"","meta":{"_acf_changed":false,"footnotes":""},"categories":[],"tags":[],"class_list":["post-4496","page","type-page","status-publish","hentry"],"acf":[],"_links":{"self":[{"href":"https:\/\/semmelweis.hu\/magtud\/wp-json\/wp\/v2\/pages\/4496","targetHints":{"allow":["GET"]}}],"collection":[{"href":"https:\/\/semmelweis.hu\/magtud\/wp-json\/wp\/v2\/pages"}],"about":[{"href":"https:\/\/semmelweis.hu\/magtud\/wp-json\/wp\/v2\/types\/page"}],"author":[{"embeddable":true,"href":"https:\/\/semmelweis.hu\/magtud\/wp-json\/wp\/v2\/users\/101277"}],"replies":[{"embeddable":true,"href":"https:\/\/semmelweis.hu\/magtud\/wp-json\/wp\/v2\/comments?post=4496"}],"version-history":[{"count":10,"href":"https:\/\/semmelweis.hu\/magtud\/wp-json\/wp\/v2\/pages\/4496\/revisions"}],"predecessor-version":[{"id":11268,"href":"https:\/\/semmelweis.hu\/magtud\/wp-json\/wp\/v2\/pages\/4496\/revisions\/11268"}],"up":[{"embeddable":true,"href":"https:\/\/semmelweis.hu\/magtud\/wp-json\/wp\/v2\/pages\/11827"}],"wp:attachment":[{"href":"https:\/\/semmelweis.hu\/magtud\/wp-json\/wp\/v2\/media?parent=4496"}],"wp:term":[{"taxonomy":"category","embeddable":true,"href":"https:\/\/semmelweis.hu\/magtud\/wp-json\/wp\/v2\/categories?post=4496"},{"taxonomy":"post_tag","embeddable":true,"href":"https:\/\/semmelweis.hu\/magtud\/wp-json\/wp\/v2\/tags?post=4496"}],"curies":[{"name":"wp","href":"https:\/\/api.w.org\/{rel}","templated":true}]}}