{"id":4479,"date":"2018-08-15T14:45:06","date_gmt":"2018-08-15T12:45:06","guid":{"rendered":"http:\/\/semmelweis.hu\/magtud\/?page_id=4479"},"modified":"2023-06-23T08:47:12","modified_gmt":"2023-06-23T06:47:12","slug":"lehrbeauftragte","status":"publish","type":"page","link":"https:\/\/semmelweis.hu\/magtud\/de\/lehre\/lehrbeauftragte\/","title":{"rendered":"Lehrbeauftragte"},"content":{"rendered":"<p>&nbsp;<\/p>\n<table width=\"93%\">\n<tbody>\n<tr>\n<td width=\"11%\"><strong>Semester<\/strong><\/td>\n<td width=\"26%\"><strong>Fach<\/strong><\/td>\n<td width=\"39%\"><strong>Lehrbeauftragte\/r<\/strong><\/td>\n<td width=\"21%\"><strong>B\u00fcrozeiten<\/strong><\/td>\n<\/tr>\n<tr>\n<td width=\"11%\">II.<\/td>\n<td width=\"26%\">\n<p>DM Medizinische Kommunikation<\/p>\n<p>&nbsp;<\/p>\n<\/td>\n<td width=\"39%\">Dr. M\u00f3nika Ditta T\u00f3th<br \/>\ntoth.monika1@med.semmelweis-univ.hu<\/td>\n<td width=\"21%\">Mittwoch<br \/>\n14.00-15.00<br \/>\nB\u00fcroraum: 1921<\/td>\n<\/tr>\n<tr>\n<td width=\"11%\">III-IV.<\/td>\n<td width=\"26%\">\n<p>DM Medizinische Psychologie und Soziologie I. und II.<\/p>\n<p>&nbsp;<\/p>\n<\/td>\n<td width=\"39%\">Judit S\u00fcle<br \/>\njudit.sule@gmail.com, sule.judit1@med.semmelweis-univ.hu<\/td>\n<td width=\"21%\">Montag 11.30-12.30<\/td>\n<\/tr>\n<tr>\n<td width=\"11%\">VIII.<\/td>\n<td width=\"26%\">\n<p>DM Psychotherapie<\/p>\n<p>&nbsp;<\/p>\n<\/td>\n<td width=\"39%\">Hajnal Kiss \u2013 Psychiatrie Klinik<br \/>\n<a href=\"mailto:kiss.hajnal@med.semmelweis-univ.hu\">kiss.hajnal@med.semmelweis-univ.hu<\/a><\/td>\n<td width=\"21%\">\u00a0<\/td>\n<\/tr>\n<tr>\n<td width=\"11%\">VIII.<\/td>\n<td width=\"26%\">\n<p>DM Medizinische Ethik<\/p>\n<p>&nbsp;<\/p>\n<\/td>\n<td width=\"39%\">Dr. \u00c1gnes D\u00f3sa<br \/>\n<a href=\"mailto:szebik.imre@med.semmelweis-univ.hu\">dosa.agnes@med.semmelweis-univ.hu<\/a><\/td>\n<td width=\"21%\">\n<p>&nbsp;<\/p>\n<p>B\u00fcroraum: 1914<\/p>\n<\/td>\n<\/tr>\n<tr>\n<td width=\"11%\">\u00a0<\/td>\n<td width=\"26%\">\n<p>DM Psychosomatik I.<\/p>\n<p>&nbsp;<\/p>\n<\/td>\n<td width=\"39%\">Dr. Andor Harrach<br \/>\n<a href=\"mailto:andorh41@gmail.com\">andorh41@gmail.com<\/a><\/td>\n<td width=\"21%\"><em>in diesem Semester l\u00e4uft nicht<\/em><\/td>\n<\/tr>\n<tr>\n<td width=\"11%\">\u00a0<\/td>\n<td width=\"26%\">\n<p>DM Psychosomatik II.\u00a0 frei w\u00e4hlbar<\/p>\n<p>&nbsp;<\/p>\n<\/td>\n<td width=\"39%\">Dr. Andor Harrach<br \/>\n<a href=\"mailto:andorh41@gmail.com\">andorh41@gmail.com<\/a><\/td>\n<td width=\"21%\">\u00a0<\/td>\n<\/tr>\n<tr>\n<td width=\"11%\">II.<\/td>\n<td width=\"26%\">\n<p>DZ Psychologie<\/p>\n<p>&nbsp;<\/p>\n<\/td>\n<td width=\"39%\">Dr. P\u00e9ter Ujma<br \/>\nujma.peter@med.semmelweis-univ.hu<\/td>\n<td width=\"21%\">\n<p>&nbsp;<\/p>\n<p>B\u00fcroraum: 2004<\/p>\n<\/td>\n<\/tr>\n<tr>\n<td width=\"11%\">II.<\/td>\n<td width=\"26%\">\n<p>DZ Soziologie<\/p>\n<p>&nbsp;<\/p>\n<\/td>\n<td width=\"39%\">Dr. Zsuzsa Gy\u0151rffy<br \/>\ngyorffy.zsuzsa@med.semmelweis-univ.hu<\/td>\n<td width=\"21%\">\n<p>&nbsp;<\/p>\n<p>B\u00fcroraum: 1911<\/p>\n<\/td>\n<\/tr>\n<\/tbody>\n<\/table>\n","protected":false},"excerpt":{"rendered":"<p>&nbsp; Semester Fach Lehrbeauftragte\/r B\u00fcrozeiten II. DM Medizinische Kommunikation &nbsp; Dr. M\u00f3nika Ditta T\u00f3th toth.monika1@med.semmelweis-univ.hu Mittwoch 14.00-15.00 B\u00fcroraum: 1921 III-IV. DM Medizinische Psychologie und Soziologie I. und II. &nbsp; Judit S\u00fcle judit.sule@gmail.com, sule.judit1@med.semmelweis-univ.hu Montag 11.30-12.30 VIII. DM Psychotherapie &nbsp; Hajnal Kiss \u2013 Psychiatrie Klinik <a href=\"mailto:kiss.hajnal@med.semmelweis-univ.hu\">kiss.hajnal@med.semmelweis-univ.hu<\/a> \u00a0 VIII. DM Medizinische Ethik &nbsp; Dr. \u00c1gnes D\u00f3sa <a href=\"mailto:szebik.imre@med.semmelweis-univ.hu\">dosa.agnes@med.semmelweis-univ.hu<\/a> &nbsp; B\u00fcroraum: &hellip;<\/p>\n","protected":false},"author":101277,"featured_media":0,"parent":4087,"menu_order":0,"comment_status":"closed","ping_status":"closed","template":"","meta":{"_acf_changed":false,"footnotes":""},"categories":[],"tags":[],"class_list":["post-4479","page","type-page","status-publish","hentry"],"acf":[],"_links":{"self":[{"href":"https:\/\/semmelweis.hu\/magtud\/wp-json\/wp\/v2\/pages\/4479","targetHints":{"allow":["GET"]}}],"collection":[{"href":"https:\/\/semmelweis.hu\/magtud\/wp-json\/wp\/v2\/pages"}],"about":[{"href":"https:\/\/semmelweis.hu\/magtud\/wp-json\/wp\/v2\/types\/page"}],"author":[{"embeddable":true,"href":"https:\/\/semmelweis.hu\/magtud\/wp-json\/wp\/v2\/users\/101277"}],"replies":[{"embeddable":true,"href":"https:\/\/semmelweis.hu\/magtud\/wp-json\/wp\/v2\/comments?post=4479"}],"version-history":[{"count":11,"href":"https:\/\/semmelweis.hu\/magtud\/wp-json\/wp\/v2\/pages\/4479\/revisions"}],"predecessor-version":[{"id":11843,"href":"https:\/\/semmelweis.hu\/magtud\/wp-json\/wp\/v2\/pages\/4479\/revisions\/11843"}],"up":[{"embeddable":true,"href":"https:\/\/semmelweis.hu\/magtud\/wp-json\/wp\/v2\/pages\/4087"}],"wp:attachment":[{"href":"https:\/\/semmelweis.hu\/magtud\/wp-json\/wp\/v2\/media?parent=4479"}],"wp:term":[{"taxonomy":"category","embeddable":true,"href":"https:\/\/semmelweis.hu\/magtud\/wp-json\/wp\/v2\/categories?post=4479"},{"taxonomy":"post_tag","embeddable":true,"href":"https:\/\/semmelweis.hu\/magtud\/wp-json\/wp\/v2\/tags?post=4479"}],"curies":[{"name":"wp","href":"https:\/\/api.w.org\/{rel}","templated":true}]}}