{"id":4444,"date":"2018-08-08T15:30:01","date_gmt":"2018-08-08T13:30:01","guid":{"rendered":"http:\/\/semmelweis.hu\/magtud\/?page_id=4444"},"modified":"2024-11-29T16:10:49","modified_gmt":"2024-11-29T15:10:49","slug":"dr-adrienne-kegye","status":"publish","type":"page","link":"https:\/\/semmelweis.hu\/magtud\/en\/institute\/staff\/dr-adrienne-kegye\/","title":{"rendered":"Dr. Adrienne Kegye"},"content":{"rendered":"<div class=\"responsive-tabs\">\n<h2 class=\"tabtitle\">Curriculum vitae<\/h2>\n<div class=\"tabcontent\">\n\n<h1>Personal Data<\/h1>\n<p><strong>Office Address:\u00a0\u00a0 \u00a0<br \/>\n<\/strong><span style=\"font-size: 14pt\">Semmelweis University, Institute of\u00a0 Behavioural Sciences<br \/>\n<\/span><span style=\"font-size: 14pt\">Budapest, Nagyv\u00e1rad t\u00e9r 4.<\/span><br \/>\n<span style=\"font-size: 14pt\">Phone:\u00a0\u00a0 \u00a0Tel.\/Fax: (36-1)-210-2955<br \/>\n<\/span><span style=\"font-size: 14pt\">E-mail: palfine.kegye-adrienne@med.semmelweis-univ.hu<\/span><\/p>\n<h1>Education<\/p>\n<\/h1>\n<p>Mental Health Sciences (PhD), Semmelweis University, Budapest 2021<\/p>\n<p>Palliative Doctor License 2016<\/p>\n<p>Psychotherapist 2009<\/p>\n<p>Oncoradiologist 1997<\/p>\n<p>Medical Doctor, Semmelweis University 1993<\/p>\n<p>&nbsp;<\/p>\n<h1>Professional experience<\/h1>\n<p>&nbsp;<\/p>\n<h1>Nov 2017-\u00a0\u00a0\u00a0\u00a0 Semmelweis University, Institute of Behavioural Sciences<\/h1>\n<ul>\n<li>2013- 2020 Ny\u00edr\u0151 Gyula Kh.-OPAI Hospital\/ Department of Psychiatry, Department of Psychooncology<\/li>\n<li>2012- \u00a0\u00a0\u00a0\u00a0\u00a0\u00a0\u00a0\u00a0\u00a0\u00a0\u00a0 Gondoskod\u00e1s 2000 Homecare service<\/li>\n<li>2010 -2015: Vaszary Kolos Hospital, Hospice\/Dept. of Rehabilitation<\/li>\n<\/ul>\n<ul>\n<li>2008-2009: Hungarian Oncology Institute\/ Department of Gynecology<\/li>\n<\/ul>\n<p>2001-2008: \u00a0\u00a0\u00a0 \u00a0\u00a0\u00a0\u00a0\u00a0\u00a0\u00a0\u00a0\u00a0\u00a0\u00a0Fl\u00f3r Ferenc Hospital \/ Department of Onkology\u00a0\u00a0\u00a0\u00a0\u00a0\u00a0\u00a0\u00a0\u00a0\u00a0\u00a0\u00a0\u00a0\u00a0\u00a0\u00a0\u00a0\u00a0\u00a0\u00a0\u00a0\u00a0\u00a0\u00a0\u00a0\u00a0\u00a0\u00a0<\/p>\n<ul>\n<li>1993-2001: Uzsoki Hospital Onkoradiology Center\n<ul>\n<li>\u00a0<\/li>\n<\/ul>\n<\/li>\n<\/ul>\n<h1>Language skills<\/h1>\n<p>German \u2013 Intermediate level (B2)<\/p>\n<p>English \u2013 Pre-intermediate level (B1)<\/p>\n<p>&nbsp;<\/p>\n<h1>Memberships at professional associations:<\/h1>\n<ul>\n<li>&#8211; Hungarian Psychooncology Society &#8211; member of leadership<\/li>\n<\/ul>\n<p>&#8211; Hungarian Hospice Paliative Association \u2013 member, member of leadership 2011-2021<\/p>\n<ul>\n<li>&#8211; Hungarian Oncology Society \u2013 member<\/li>\n<li>&#8211; Selye J\u00e1nos T\u00e1rsas\u00e1g (Hans Selye Society) &#8211; member<\/li>\n<\/ul>\n<p><strong>\u00a0<\/strong><\/p>\n<h1>Publications:<br \/>\n<span style=\"font-size: 12pt\">\u2022\u00a0\u00a0 \u00a0Books: 1<\/span><br \/>\n<span style=\"font-size: 12pt\">\u2022\u00a0\u00a0 \u00a0Book chapters: 7<\/span><br \/>\n<span style=\"font-size: 12pt\">\u2022\u00a0\u00a0 \u00a0Publications in peer reviewed journals: 13<\/span><\/h1>\n<p>&nbsp;<\/p>\n\n<\/div><h2 class=\"tabtitle\">Publications<\/h2>\n<div class=\"tabcontent\">\n\n<p><strong>Selected publications<\/strong><\/p>\n<p>Kegye A, Tak\u00e1cs Sz, Riesz B, Zana \u00c1, Heged\u0171s K. A szakmai \u00e9let min\u0151s\u00e9g\u00e9t m\u00e9r\u0151 k\u00e9rd\u0151\u00edv (Professional Quality of Life Scale) magyar v\u00e1ltozat\u00e1nak valid\u00e1l\u00e1sa. ORVOSI HETILAP 159: pp. 1442-1450. (2018)<\/p>\n<p>Zana Agnes, Czegledi Edit, Kegye Adrienne, Hegedus Katalin. Differences in Well-being and Fear of Death of Hospice Employees and Volunteers in Hungary. PALLIATIVE MEDICINE 32:(Suppl 1) p. 265. (2018) 10th World Research Congress of the European Association for Palliative Care (EAPC). Bern, Sv\u00e1jc: 2018.05.24 -2018.05.26.<\/p>\n<p>Adrienne Kegye, \u00c1gnes Zana, Katalin Heged\u0171s. How does the suffering of cancer patients affect us? Reviewing the physical and mental wellbeing of hospice workers. MEDYCYNA PALIATYWNA W PRAKTYCE 10:(4) pp. 174-184. (2016)<\/p>\n<p>R\u00e9vay E, Kegye A, Zana \u00c1, Heged\u0171s K. A t\u00fal\u00e9l\u0151k mindennapjai. A hospice ell\u00e1t\u00e1sban dolgoz\u00f3k \u00e9letmin\u0151s\u00e9ge. ORVOSI HETILAP 157:(25) pp. 1000-1006. (2016)<\/p>\n<p>Kegye Adrienne, Zana \u00c1gnes, R\u00e9vay Edit, Heged\u0171s Katalin. A s\u00falyos betegek ell\u00e1t\u00e1s\u00e1nak igazi \u00e1ra \u2013 az egy\u00fctt\u00e9rz\u00e9sb\u0151l fakad\u00f3 f\u00e1radts\u00e1g vagy el\u00e9gedetts\u00e9g. LEGE ARTIS MEDICINAE 25:(3) pp. 129-136. (2015)<\/p>\n<p>Kegye A, P\u00e1di \u00c9, Heged\u0171s K. Rehabilitation model program for seriously ill patients. HEALTH PSYCHOLOGY REPORT 2:(4) pp. 263-268. (2014)<\/p>\n<p>Kegye A, Padi E. A csoport-pszichoter\u00e1pia lehet\u0151s\u00e9ge a hospice-palliat\u00edv ell\u00e1t\u00e1sban: Egy modellprogram eredm\u00e9nyei. ORVOSI HETILAP 154:(28) pp. 1102-1105. (2013)<\/p>\n<p><strong>Book chapters<br \/>\n<\/strong><\/p>\n<p>Prezenszki Zs, Kegye A, Moln\u00e1r M. Pszichoonkol\u00f3gia In: F\u00fcredi J, N\u00e9meth A (szerk.) A pszichi\u00e1tria magyar k\u00e9zik\u00f6nyve. 947 p. Budapest: Medicina K\u00f6nyvkiad\u00f3 Zrt., 2015. pp. 768-780. (ISBN:978 963 226 520 9)<\/p>\n<p>Roh\u00e1nszky M, Kegye A, Moln\u00e1r M, Boda \u00c9, Kapit\u00e1ny Zs. Pszichoszoci\u00e1lis onkol\u00f3gia. Gyakorlati \u00fatmutat\u00f3 a teljesk\u00f6r\u0171 betegell\u00e1t\u00e1shoz. Budapest: Zaf\u00edr Press, 2014. 254 p.<br \/>\n(ISBN:9786155005299)<\/p>\n<\/div><\/div>\n","protected":false},"excerpt":{"rendered":"<p>Personal Data Office Address:\u00a0\u00a0 \u00a0 Semmelweis University, Institute of\u00a0 Behavioural Sciences Budapest, Nagyv\u00e1rad t\u00e9r 4. Phone:\u00a0\u00a0 \u00a0Tel.\/Fax: (36-1)-210-2955 E-mail: palfine.kegye-adrienne@med.semmelweis-univ.hu Education Mental Health Sciences (PhD), Semmelweis University, Budapest 2021 Palliative Doctor License 2016 Psychotherapist 2009 Oncoradiologist 1997 Medical Doctor, Semmelweis University 1993 &nbsp; Professional experience &nbsp; Nov 2017-\u00a0\u00a0\u00a0\u00a0 Semmelweis University, Institute of Behavioural Sciences 2013- &hellip;<\/p>\n","protected":false},"author":101277,"featured_media":0,"parent":3356,"menu_order":17,"comment_status":"closed","ping_status":"closed","template":"","meta":{"_acf_changed":false,"footnotes":""},"categories":[],"tags":[],"class_list":["post-4444","page","type-page","status-publish","hentry"],"acf":[],"_links":{"self":[{"href":"https:\/\/semmelweis.hu\/magtud\/wp-json\/wp\/v2\/pages\/4444","targetHints":{"allow":["GET"]}}],"collection":[{"href":"https:\/\/semmelweis.hu\/magtud\/wp-json\/wp\/v2\/pages"}],"about":[{"href":"https:\/\/semmelweis.hu\/magtud\/wp-json\/wp\/v2\/types\/page"}],"author":[{"embeddable":true,"href":"https:\/\/semmelweis.hu\/magtud\/wp-json\/wp\/v2\/users\/101277"}],"replies":[{"embeddable":true,"href":"https:\/\/semmelweis.hu\/magtud\/wp-json\/wp\/v2\/comments?post=4444"}],"version-history":[{"count":6,"href":"https:\/\/semmelweis.hu\/magtud\/wp-json\/wp\/v2\/pages\/4444\/revisions"}],"predecessor-version":[{"id":12663,"href":"https:\/\/semmelweis.hu\/magtud\/wp-json\/wp\/v2\/pages\/4444\/revisions\/12663"}],"up":[{"embeddable":true,"href":"https:\/\/semmelweis.hu\/magtud\/wp-json\/wp\/v2\/pages\/3356"}],"wp:attachment":[{"href":"https:\/\/semmelweis.hu\/magtud\/wp-json\/wp\/v2\/media?parent=4444"}],"wp:term":[{"taxonomy":"category","embeddable":true,"href":"https:\/\/semmelweis.hu\/magtud\/wp-json\/wp\/v2\/categories?post=4444"},{"taxonomy":"post_tag","embeddable":true,"href":"https:\/\/semmelweis.hu\/magtud\/wp-json\/wp\/v2\/tags?post=4444"}],"curies":[{"name":"wp","href":"https:\/\/api.w.org\/{rel}","templated":true}]}}