{"id":4284,"date":"2018-08-02T13:44:00","date_gmt":"2018-08-02T11:44:00","guid":{"rendered":"http:\/\/semmelweis.hu\/magtud\/?page_id=4284"},"modified":"2024-02-19T12:51:00","modified_gmt":"2024-02-19T11:51:00","slug":"semmelweis-egyetem-mentalis-egeszsegtudomanyok-doktori-iskolaja","status":"publish","type":"page","link":"https:\/\/semmelweis.hu\/magtud\/phd\/phd-program\/semmelweis-egyetem-mentalis-egeszsegtudomanyok-doktori-iskolaja\/","title":{"rendered":"SE Ment\u00e1lis Eg\u00e9szs\u00e9gtudom\u00e1nyok Doktori Tagozat"},"content":{"rendered":"<p><strong>Vezet\u0151:<\/strong> Dr. Bagdy Gy\u00f6rgy egyetemi tan\u00e1r, Semmelweis Egyetem, Gy\u00f3gyszerhat\u00e1stani Int\u00e9zet<br \/>\n<strong>Program neve:<\/strong> Magtart\u00e1studom\u00e1nyok<br \/>\n<strong>Programvezet\u0151:<\/strong>\u00a0Dr.Kov\u00e1cs J\u00f3zsef, egyetemi tan\u00e1r, MTA doktor<\/p>\n<p>Doktori k\u00e9pz\u00e9s\u00fcnk olyan integrat\u00edv jelleg\u0171 tudom\u00e1nyter\u00fcleten folyik, amely a term\u00e9szet- \u00e9s t\u00e1rsadalomtudom\u00e1nyos paradigm\u00e1k tal\u00e1lkoz\u00e1si pontj\u00e1n helyezhet\u0151 el, \u00e9s egyben egyfajta h\u00edd szerep\u00e9t is bet\u00f6lti. Kutat\u00e1saink t\u00e1rgya \u00e9s tud\u00f3sk\u00e9pz\u00e9s\u00fcnk f\u00f3kusza az emberi viselked\u00e9s, annak bio-pszicho-szoci\u00e1lis vonatkoztat\u00e1si keret\u00e9ben. C\u00e9lunk az eg\u00e9szs\u00e9ges magatart\u00e1s \u00f6sszetev\u0151inek felt\u00e1r\u00e1sa \u00e9s meg\u0151rz\u00e9se, valamint a betegs\u00e9gek pszichol\u00f3giai \u00e9s szociol\u00f3giai kock\u00e1zati t\u00e9nyez\u0151inek, az \u00f6nk\u00e1ros\u00edt\u00f3 magatart\u00e1s h\u00e1tter\u00e9nek \u00e9s az eg\u00e9szs\u00e9gv\u00e9d\u0151 magatart\u00e1sform\u00e1k kialak\u00edt\u00e1s\u00e1nak elemz\u00e9se. Kutat\u00e1saink sor\u00e1n teh\u00e1t a v\u00e1ltoz\u00f3 \u00e9lethelyzetekkel sikeresen \u00e9s etikusan megb\u00edrk\u00f3z\u00f3, kompetens magatart\u00e1s, szem\u00e9lyis\u00e9gfejl\u0151d\u00e9s t\u00f6rv\u00e9nyszer\u0171s\u00e9geinek megismer\u00e9s\u00e9t \u00e9s alkalmaz\u00e1s\u00e1t tartjuk szem el\u0151tt.<\/p>\n<p>E c\u00e9lokat interdiszciplin\u00e1ris, integrat\u00edv szeml\u00e9lettel, az orvostudom\u00e1ny, pszichol\u00f3gia, szociol\u00f3gia, antropol\u00f3gia, bioetika, neuroanat\u00f3mia \u00e9s neurofiziol\u00f3gia eredm\u00e9nyeire t\u00e1maszkodva igyeksz\u00fcnk megval\u00f3s\u00edtani. Fontosnak tartjuk tov\u00e1bb\u00e1 a term\u00e9szettudom\u00e1nyok \u00e9s a t\u00e1rsadalomtudom\u00e1nyok hat\u00e1rter\u00fcletein foly\u00f3 alap- \u00e9s alkalmazott kutat\u00e1sok integr\u00e1l\u00e1s\u00e1t is.<br \/>\nK\u00e9pz\u00e9s\u00fcnkben eg\u00e9szs\u00e9gtudom\u00e1nyi \u00e9s klinikai orvostudom\u00e1nyi fokozat is szerezhet\u0151.<br \/>\nA program szakmai terve k\u00f6veti a Johns Hopkins University (Baltimore, Maryland, USA) hasonl\u00f3 programj\u00e1t.<\/p>\n<p>A Semmelweis Egyetem Doktori Iskola\u00a0<a href=\"https:\/\/semmelweis.hu\/phd\/\" target=\"_blank\" rel=\"noopener noreferrer\">weboldal\u00e1n<\/a>\u00a0tov\u00e1bbi fontos inform\u00e1ci\u00f3k tal\u00e1lhat\u00f3ak.<\/p>\n","protected":false},"excerpt":{"rendered":"<p>Vezet\u0151: Dr. Bagdy Gy\u00f6rgy egyetemi tan\u00e1r, Semmelweis Egyetem, Gy\u00f3gyszerhat\u00e1stani Int\u00e9zet Program neve: Magtart\u00e1studom\u00e1nyok Programvezet\u0151:\u00a0Dr.Kov\u00e1cs J\u00f3zsef, egyetemi tan\u00e1r, MTA doktor Doktori k\u00e9pz\u00e9s\u00fcnk olyan integrat\u00edv jelleg\u0171 tudom\u00e1nyter\u00fcleten folyik, amely a term\u00e9szet- \u00e9s t\u00e1rsadalomtudom\u00e1nyos paradigm\u00e1k tal\u00e1lkoz\u00e1si pontj\u00e1n helyezhet\u0151 el, \u00e9s egyben egyfajta h\u00edd szerep\u00e9t is bet\u00f6lti. Kutat\u00e1saink t\u00e1rgya \u00e9s tud\u00f3sk\u00e9pz\u00e9s\u00fcnk f\u00f3kusza az emberi viselked\u00e9s, annak bio-pszicho-szoci\u00e1lis vonatkoztat\u00e1si keret\u00e9ben. &hellip;<\/p>\n","protected":false},"author":110,"featured_media":0,"parent":4282,"menu_order":0,"comment_status":"closed","ping_status":"closed","template":"","meta":{"_acf_changed":false,"footnotes":""},"categories":[],"tags":[],"class_list":["post-4284","page","type-page","status-publish","hentry"],"acf":[],"_links":{"self":[{"href":"https:\/\/semmelweis.hu\/magtud\/wp-json\/wp\/v2\/pages\/4284","targetHints":{"allow":["GET"]}}],"collection":[{"href":"https:\/\/semmelweis.hu\/magtud\/wp-json\/wp\/v2\/pages"}],"about":[{"href":"https:\/\/semmelweis.hu\/magtud\/wp-json\/wp\/v2\/types\/page"}],"author":[{"embeddable":true,"href":"https:\/\/semmelweis.hu\/magtud\/wp-json\/wp\/v2\/users\/110"}],"replies":[{"embeddable":true,"href":"https:\/\/semmelweis.hu\/magtud\/wp-json\/wp\/v2\/comments?post=4284"}],"version-history":[{"count":5,"href":"https:\/\/semmelweis.hu\/magtud\/wp-json\/wp\/v2\/pages\/4284\/revisions"}],"predecessor-version":[{"id":12247,"href":"https:\/\/semmelweis.hu\/magtud\/wp-json\/wp\/v2\/pages\/4284\/revisions\/12247"}],"up":[{"embeddable":true,"href":"https:\/\/semmelweis.hu\/magtud\/wp-json\/wp\/v2\/pages\/4282"}],"wp:attachment":[{"href":"https:\/\/semmelweis.hu\/magtud\/wp-json\/wp\/v2\/media?parent=4284"}],"wp:term":[{"taxonomy":"category","embeddable":true,"href":"https:\/\/semmelweis.hu\/magtud\/wp-json\/wp\/v2\/categories?post=4284"},{"taxonomy":"post_tag","embeddable":true,"href":"https:\/\/semmelweis.hu\/magtud\/wp-json\/wp\/v2\/tags?post=4284"}],"curies":[{"name":"wp","href":"https:\/\/api.w.org\/{rel}","templated":true}]}}