{"id":4282,"date":"2018-08-02T13:40:48","date_gmt":"2018-08-02T11:40:48","guid":{"rendered":"http:\/\/semmelweis.hu\/magtud\/?page_id=4282"},"modified":"2024-09-12T13:41:37","modified_gmt":"2024-09-12T11:41:37","slug":"phd-program","status":"publish","type":"page","link":"https:\/\/semmelweis.hu\/magtud\/phd\/phd-program\/","title":{"rendered":"PhD program"},"content":{"rendered":"<ul class=\"children\">\n<li class=\"page_item page-item-4284\"><a href=\"https:\/\/semmelweis.hu\/magtud\/phd\/phd-program\/semmelweis-egyetem-mentalis-egeszsegtudomanyok-doktori-iskolaja\/\">Semmelweis Egyetem Ment\u00e1lis Eg\u00e9szs\u00e9gtudom\u00e1nyok Doktori Iskol\u00e1ja<\/a><\/li>\n<li class=\"page_item page-item-2178\"><a href=\"https:\/\/semmelweis.hu\/magtud\/files\/2024\/09\/1_FOTARGY_2024_05_09.docx\">Eg\u00e9szs\u00e9gtudom\u00e1nyok &#8211; F\u0151t\u00e1rgy t\u00e9telsor<\/a><\/li>\n<li><a href=\"https:\/\/semmelweis.hu\/magtud\/files\/2024\/09\/2_MELLEKTARGYAK_2024_05_09.docx\">Mell\u00e9kt\u00e1rgy t\u00e9telsorok<\/a><\/li>\n<li class=\"page_item page-item-2179\"><a href=\"https:\/\/semmelweis.hu\/magtud\/phd\/phd-program\/phd-hallgatok-nevsora\/\">PhD hallgat\u00f3k n\u00e9vsora<\/a><\/li>\n<li class=\"page_item page-item-2110\"><a href=\"https:\/\/semmelweis.hu\/magtud\/phd\/phd-program\/temavezetoink-es-kutatasi-terueleteik\/\">T\u00e9mavezet\u0151ink \u00e9s kutat\u00e1si ter\u00fcleteik<\/a><\/li>\n<li class=\"page_item page-item-2181\"><a href=\"https:\/\/semmelweis.hu\/magtud\/phd\/phd-program\/vegzett-phd-hallgatok-nevsora\/\">V\u00e9gzett PhD hallgat\u00f3k n\u00e9vsora<\/a><\/li>\n<li class=\"page_item page-item-2181\"><a href=\"https:\/\/semmelweis.hu\/magtud\/phd\/phd-program\/elvarasok-a-4-2-programban\/\" target=\"_blank\" rel=\"noopener\">Elv\u00e1r\u00e1sok a 4\/2 programban<\/a><\/li>\n<\/ul>\n","protected":false},"excerpt":{"rendered":"<p><a href=\"https:\/\/semmelweis.hu\/magtud\/phd\/phd-program\/semmelweis-egyetem-mentalis-egeszsegtudomanyok-doktori-iskolaja\/\">Semmelweis Egyetem Ment\u00e1lis Eg\u00e9szs\u00e9gtudom\u00e1nyok Doktori Iskol\u00e1ja<\/a><br \/>\n<a href=\"https:\/\/semmelweis.hu\/magtud\/files\/2024\/09\/1_FOTARGY_2024_05_09.docx\">Eg\u00e9szs\u00e9gtudom\u00e1nyok &#8211; F\u0151t\u00e1rgy t\u00e9telsor<\/a><br \/>\n<a href=\"https:\/\/semmelweis.hu\/magtud\/files\/2024\/09\/2_MELLEKTARGYAK_2024_05_09.docx\">Mell\u00e9kt\u00e1rgy t\u00e9telsorok<\/a><br \/>\n<a href=\"https:\/\/semmelweis.hu\/magtud\/phd\/phd-program\/phd-hallgatok-nevsora\/\">PhD hallgat\u00f3k n\u00e9vsora<\/a><br \/>\n<a href=\"https:\/\/semmelweis.hu\/magtud\/phd\/phd-program\/temavezetoink-es-kutatasi-terueleteik\/\">T\u00e9mavezet\u0151ink \u00e9s kutat\u00e1si ter\u00fcleteik<\/a><br \/>\n<a href=\"https:\/\/semmelweis.hu\/magtud\/phd\/phd-program\/vegzett-phd-hallgatok-nevsora\/\">V\u00e9gzett PhD hallgat\u00f3k n\u00e9vsora<\/a><br \/>\n<a href=\"https:\/\/semmelweis.hu\/magtud\/phd\/phd-program\/elvarasok-a-4-2-programban\/\" target=\"_blank\" rel=\"noopener\">Elv\u00e1r\u00e1sok a 4\/2 programban<\/a><\/p>\n","protected":false},"author":110,"featured_media":0,"parent":11421,"menu_order":2,"comment_status":"closed","ping_status":"closed","template":"","meta":{"_acf_changed":false,"footnotes":""},"categories":[],"tags":[],"class_list":["post-4282","page","type-page","status-publish","hentry"],"acf":[],"_links":{"self":[{"href":"https:\/\/semmelweis.hu\/magtud\/wp-json\/wp\/v2\/pages\/4282","targetHints":{"allow":["GET"]}}],"collection":[{"href":"https:\/\/semmelweis.hu\/magtud\/wp-json\/wp\/v2\/pages"}],"about":[{"href":"https:\/\/semmelweis.hu\/magtud\/wp-json\/wp\/v2\/types\/page"}],"author":[{"embeddable":true,"href":"https:\/\/semmelweis.hu\/magtud\/wp-json\/wp\/v2\/users\/110"}],"replies":[{"embeddable":true,"href":"https:\/\/semmelweis.hu\/magtud\/wp-json\/wp\/v2\/comments?post=4282"}],"version-history":[{"count":11,"href":"https:\/\/semmelweis.hu\/magtud\/wp-json\/wp\/v2\/pages\/4282\/revisions"}],"predecessor-version":[{"id":12457,"href":"https:\/\/semmelweis.hu\/magtud\/wp-json\/wp\/v2\/pages\/4282\/revisions\/12457"}],"up":[{"embeddable":true,"href":"https:\/\/semmelweis.hu\/magtud\/wp-json\/wp\/v2\/pages\/11421"}],"wp:attachment":[{"href":"https:\/\/semmelweis.hu\/magtud\/wp-json\/wp\/v2\/media?parent=4282"}],"wp:term":[{"taxonomy":"category","embeddable":true,"href":"https:\/\/semmelweis.hu\/magtud\/wp-json\/wp\/v2\/categories?post=4282"},{"taxonomy":"post_tag","embeddable":true,"href":"https:\/\/semmelweis.hu\/magtud\/wp-json\/wp\/v2\/tags?post=4282"}],"curies":[{"name":"wp","href":"https:\/\/api.w.org\/{rel}","templated":true}]}}