{"id":4264,"date":"2018-08-02T12:48:21","date_gmt":"2018-08-02T10:48:21","guid":{"rendered":"http:\/\/semmelweis.hu\/magtud\/?page_id=4264"},"modified":"2026-03-05T15:11:07","modified_gmt":"2026-03-05T14:11:07","slug":"tdk","status":"publish","type":"page","link":"https:\/\/semmelweis.hu\/magtud\/kutatas\/tdk\/","title":{"rendered":"TDK"},"content":{"rendered":"<p><a href=\"https:\/\/semmelweis.hu\/magtud\/kutatas\/tdk-2\/tdk\/\">Jelentkez\u00e9s TDK munk\u00e1ra<\/a><\/p>\n<p><a href=\"https:\/\/semmelweis.hu\/magtud\/kutatas\/tdk\/jelentkezesi-feltetelek\/\" target=\"_blank\" rel=\"noopener noreferrer\">Jelentkez\u00e9si felt\u00e9telek<\/a><\/p>\n<p><a href=\"https:\/\/semmelweis.hu\/magtud\/kutatas\/tdk\/tdk-temak\/\" target=\"_blank\" rel=\"noopener\">TDK t\u00e9m\u00e1k \u00e9s t\u00e9mavezet\u0151k<\/a><\/p>\n<p><a href=\"https:\/\/semmelweis.hu\/magtud\/kutatas\/tdk\/valaszthato-tantargy-tdk-hallgatok-reszere\/\" target=\"_blank\" rel=\"noopener noreferrer\">V\u00e1laszthat\u00f3 tant\u00e1rgy TDK hallgat\u00f3k r\u00e9sz\u00e9re<\/a><\/p>\n<p><a href=\"https:\/\/semmelweis.hu\/magtud\/kutatas\/tdk-2\/tdk-hallgatok-listaja\/\">TDK hallgat\u00f3k list\u00e1ja<\/a><\/p>\n<p><a href=\"https:\/\/semmelweis.hu\/magtud\/kutatas\/tdk-2\/az-otdk-n-es-a-tdk-n-helyezest-elert-hallgatoink\/\">Az OTDK-n \u00e9s a TDK-n helyez\u00e9st el\u00e9rt hallgat\u00f3ink<\/a><\/p>\n","protected":false},"excerpt":{"rendered":"<p><a href=\"https:\/\/semmelweis.hu\/magtud\/kutatas\/tdk-2\/tdk\/\">Jelentkez\u00e9s TDK munk\u00e1ra<\/a><br \/>\n<a href=\"https:\/\/semmelweis.hu\/magtud\/kutatas\/tdk\/jelentkezesi-feltetelek\/\" target=\"_blank\" rel=\"noopener noreferrer\">Jelentkez\u00e9si felt\u00e9telek<\/a><br \/>\n<a href=\"https:\/\/semmelweis.hu\/magtud\/kutatas\/tdk\/tdk-temak\/\" target=\"_blank\" rel=\"noopener\">TDK t\u00e9m\u00e1k \u00e9s t\u00e9mavezet\u0151k<\/a><br \/>\n<a href=\"https:\/\/semmelweis.hu\/magtud\/kutatas\/tdk\/valaszthato-tantargy-tdk-hallgatok-reszere\/\" target=\"_blank\" rel=\"noopener noreferrer\">V\u00e1laszthat\u00f3 tant\u00e1rgy TDK hallgat\u00f3k r\u00e9sz\u00e9re<\/a><br \/>\n<a href=\"https:\/\/semmelweis.hu\/magtud\/kutatas\/tdk-2\/tdk-hallgatok-listaja\/\">TDK hallgat\u00f3k list\u00e1ja<\/a><br \/>\n<a href=\"https:\/\/semmelweis.hu\/magtud\/kutatas\/tdk-2\/az-otdk-n-es-a-tdk-n-helyezest-elert-hallgatoink\/\">Az OTDK-n \u00e9s a TDK-n helyez\u00e9st el\u00e9rt hallgat\u00f3ink<\/a><\/p>\n","protected":false},"author":110,"featured_media":0,"parent":2387,"menu_order":1,"comment_status":"closed","ping_status":"closed","template":"","meta":{"_acf_changed":false,"footnotes":""},"categories":[],"tags":[],"class_list":["post-4264","page","type-page","status-publish","hentry"],"acf":[],"_links":{"self":[{"href":"https:\/\/semmelweis.hu\/magtud\/wp-json\/wp\/v2\/pages\/4264","targetHints":{"allow":["GET"]}}],"collection":[{"href":"https:\/\/semmelweis.hu\/magtud\/wp-json\/wp\/v2\/pages"}],"about":[{"href":"https:\/\/semmelweis.hu\/magtud\/wp-json\/wp\/v2\/types\/page"}],"author":[{"embeddable":true,"href":"https:\/\/semmelweis.hu\/magtud\/wp-json\/wp\/v2\/users\/110"}],"replies":[{"embeddable":true,"href":"https:\/\/semmelweis.hu\/magtud\/wp-json\/wp\/v2\/comments?post=4264"}],"version-history":[{"count":11,"href":"https:\/\/semmelweis.hu\/magtud\/wp-json\/wp\/v2\/pages\/4264\/revisions"}],"predecessor-version":[{"id":13383,"href":"https:\/\/semmelweis.hu\/magtud\/wp-json\/wp\/v2\/pages\/4264\/revisions\/13383"}],"up":[{"embeddable":true,"href":"https:\/\/semmelweis.hu\/magtud\/wp-json\/wp\/v2\/pages\/2387"}],"wp:attachment":[{"href":"https:\/\/semmelweis.hu\/magtud\/wp-json\/wp\/v2\/media?parent=4264"}],"wp:term":[{"taxonomy":"category","embeddable":true,"href":"https:\/\/semmelweis.hu\/magtud\/wp-json\/wp\/v2\/categories?post=4264"},{"taxonomy":"post_tag","embeddable":true,"href":"https:\/\/semmelweis.hu\/magtud\/wp-json\/wp\/v2\/tags?post=4264"}],"curies":[{"name":"wp","href":"https:\/\/api.w.org\/{rel}","templated":true}]}}