{"id":4210,"date":"2018-08-01T10:02:56","date_gmt":"2018-08-01T08:02:56","guid":{"rendered":"http:\/\/semmelweis.hu\/magtud\/?page_id=4210"},"modified":"2026-02-04T18:07:29","modified_gmt":"2026-02-04T17:07:29","slug":"phd-kurzus","status":"publish","type":"page","link":"https:\/\/semmelweis.hu\/magtud\/phd\/phd-kurzus\/","title":{"rendered":"PhD kurzusok"},"content":{"rendered":"<h1>2025\/2026. Ii.f\u00e9l\u00e9v<\/h1>\n<p><a href=\"https:\/\/semmelweis.hu\/magtud\/phd\/phd-kurzus\/methodology-for-electrophysiological-analysis-of-sleep-wake-states-2026\/\" target=\"_blank\" rel=\"noopener\">Methodology for electrophysiological analysis of sleep-wake states (2026)<\/a><strong><br \/>\n<\/strong>(course code: 4206-A)<\/p>\n<p><a href=\"https:\/\/semmelweis.hu\/magtud\/phd\/phd-kurzus\/a-klinikai-kutatas-etikai-kerdesei-2026\/\" target=\"_blank\" rel=\"noopener\">A klinikai kutat\u00e1s etikai k\u00e9rd\u00e9sei (2026)<\/a><br \/>\n(DI0044KV_1M)<\/p>\n<h1>2025\/2026. I.f\u00e9l\u00e9v<\/h1>\n<p><a href=\"https:\/\/semmelweis.hu\/magtud\/phd\/phd-kurzus\/methodology-of-health-sciences\/\" target=\"_blank\" rel=\"noopener\">Methodology of Health Sciences (2025\/2026)<\/a><br \/>\n(DI4210A_1A)<\/p>\n<h1>2024\/2025. I.f\u00c9l\u00e9v<\/h1>\n<ul>\n<li><a href=\"https:\/\/semmelweis.hu\/magtud\/phd\/phd-kurzus\/the-basics-of-behavioural-sciences-i-2024\/\" target=\"_blank\" rel=\"noopener\">The Basics of Behavioural Sciences I. (2024)<\/a><\/li>\n<li><a href=\"https:\/\/semmelweis.hu\/magtud\/phd\/phd-kurzus\/methodology-for-electrophysiological-analysis-of-sleep-wake-states-2024\/\" target=\"_blank\" rel=\"noopener\">Methodology for Electrophysiological Analysis of Sleep-Wake States (2024)<\/a><\/li>\n<\/ul>\n<h1>2023\/2024. II.f\u00c9l\u00e9v<\/h1>\n<p><a href=\"https:\/\/semmelweis.hu\/magtud\/phd\/phd-kurzus\/12184-2\/\" target=\"_blank\" rel=\"noopener\">Methodology of Health Sciences II.<\/a><strong><br \/>\n<\/strong><\/p>\n<p><a href=\"https:\/\/semmelweis.hu\/magtud\/phd\/phd-kurzus\/a-klinikai-kutatas-etikai-kerdesei-2024\/\" target=\"_blank\" rel=\"noopener\">\u00a0A klinikai kutat\u00e1s etikai k\u00e9rd\u00e9sei (2024)<\/a><strong><br \/>\n<\/strong><\/p>\n<h1>2023\/2024. I.f\u00e9l\u00e9v<\/h1>\n<p><a href=\"https:\/\/semmelweis.hu\/magtud\/phd\/phd-kurzus\/methodology-of-health-sciences-i\/\" target=\"_blank\" rel=\"noopener\">Methodology of Health Sciences I.<\/a><\/p>\n<h1>2022\/2023. II.f\u00e9l\u00e9v<\/h1>\n<ul>\n<li><a href=\"https:\/\/semmelweis.hu\/magtud\/en\/research\/doctoral-program\/the-basics-of-behavioural-sciences-ii\/\" target=\"_blank\" rel=\"noopener\">The Basics of Behavioural Sciences II.<\/a><\/li>\n<\/ul>\n<h1>2022\/2023. I.f\u00e9l\u00e9v<\/h1>\n<ul>\n<li><a href=\"https:\/\/semmelweis.hu\/magtud\/en\/research\/doctoral-program\/the-basics-of-behavioural-sciences-i-phd-course\/\" target=\"_blank\" rel=\"noopener\">The Basics of Behavioural Sciences I.<\/a><\/li>\n<li><a href=\"https:\/\/semmelweis.hu\/magtud\/en\/research\/doctoral-program\/methodology-for-electrophysiological-analysis-of-sleep-wake-states-phd-course\/\" target=\"_blank\" rel=\"noopener\">Methodology for Electrophysiological Analysis of Sleep-Wake States<\/a><\/li>\n<\/ul>\n<h1>2021\/2022. II.f\u00e9l\u00e9v<\/h1>\n<p><a href=\"https:\/\/semmelweis.hu\/magtud\/phd\/phd-kurzus\/a-klinikai-kutatas-etikai-kerdesei-2\/\">A klinikai kutat\u00e1s etikai k\u00e9rd\u00e9sei<\/a><\/p>\n<p>&nbsp;<\/p>\n","protected":false},"excerpt":{"rendered":"<p>2025\/2026. Ii.f\u00e9l\u00e9v<br \/>\n<a href=\"https:\/\/semmelweis.hu\/magtud\/phd\/phd-kurzus\/methodology-for-electrophysiological-analysis-of-sleep-wake-states-2026\/\" target=\"_blank\" rel=\"noopener\">Methodology for electrophysiological analysis of sleep-wake states (2026)<\/a><br \/>\n(course code: 4206-A)<br \/>\n<a href=\"https:\/\/semmelweis.hu\/magtud\/phd\/phd-kurzus\/a-klinikai-kutatas-etikai-kerdesei-2026\/\" target=\"_blank\" rel=\"noopener\">A klinikai kutat\u00e1s etikai k\u00e9rd\u00e9sei (2026)<\/a><br \/>\n(DI0044KV_1M)<br \/>\n2025\/2026. I.f\u00e9l\u00e9v<br \/>\n<a href=\"https:\/\/semmelweis.hu\/magtud\/phd\/phd-kurzus\/methodology-of-health-sciences\/\" target=\"_blank\" rel=\"noopener\">Methodology of Health Sciences (2025\/2026)<\/a><br \/>\n(DI4210A_1A)<br \/>\n2024\/2025. I.f\u00c9l\u00e9v<\/p>\n<p><a href=\"https:\/\/semmelweis.hu\/magtud\/phd\/phd-kurzus\/the-basics-of-behavioural-sciences-i-2024\/\" target=\"_blank\" rel=\"noopener\">The Basics of Behavioural Sciences I. (2024)<\/a><br \/>\n<a href=\"https:\/\/semmelweis.hu\/magtud\/phd\/phd-kurzus\/methodology-for-electrophysiological-analysis-of-sleep-wake-states-2024\/\" target=\"_blank\" rel=\"noopener\">Methodology for Electrophysiological Analysis of Sleep-Wake States (2024)<\/a><\/p>\n<p>2023\/2024. II.f\u00c9l\u00e9v<br \/>\n<a href=\"https:\/\/semmelweis.hu\/magtud\/phd\/phd-kurzus\/12184-2\/\" target=\"_blank\" rel=\"noopener\">Methodology of Health Sciences II.<\/a><\/p>\n<p><a href=\"https:\/\/semmelweis.hu\/magtud\/phd\/phd-kurzus\/a-klinikai-kutatas-etikai-kerdesei-2024\/\" target=\"_blank\" rel=\"noopener\">\u00a0A klinikai kutat\u00e1s etikai k\u00e9rd\u00e9sei (2024)<\/a><\/p>\n<p>2023\/2024. I.f\u00e9l\u00e9v<br \/>\n<a href=\"https:\/\/semmelweis.hu\/magtud\/phd\/phd-kurzus\/methodology-of-health-sciences-i\/\" target=\"_blank\" rel=\"noopener\">Methodology of Health Sciences I.<\/a><br \/>\n2022\/2023. II.f\u00e9l\u00e9v<\/p>\n<p><a href=\"https:\/\/semmelweis.hu\/magtud\/en\/research\/doctoral-program\/the-basics-of-behavioural-sciences-ii\/\" target=\"_blank\" rel=\"noopener\">The Basics of Behavioural Sciences II.<\/a><\/p>\n<p>2022\/2023. I.f\u00e9l\u00e9v<\/p>\n<p><a href=\"https:\/\/semmelweis.hu\/magtud\/en\/research\/doctoral-program\/the-basics-of-behavioural-sciences-i-phd-course\/\" target=\"_blank\" rel=\"noopener\">The Basics of Behavioural Sciences I.<\/a><br \/>\n<a href=\"https:\/\/semmelweis.hu\/magtud\/en\/research\/doctoral-program\/methodology-for-electrophysiological-analysis-of-sleep-wake-states-phd-course\/\" target=\"_blank\" rel=\"noopener\">Methodology for Electrophysiological Analysis of Sleep-Wake States<\/a><\/p>\n<p>2021\/2022. II.f\u00e9l\u00e9v<br \/>\n<a href=\"https:\/\/semmelweis.hu\/magtud\/phd\/phd-kurzus\/a-klinikai-kutatas-etikai-kerdesei-2\/\">A klinikai kutat\u00e1s etikai k\u00e9rd\u00e9sei<\/a><br \/>\n&nbsp;<\/p>\n","protected":false},"author":110,"featured_media":0,"parent":11421,"menu_order":4,"comment_status":"closed","ping_status":"closed","template":"","meta":{"_acf_changed":false,"footnotes":""},"categories":[],"tags":[],"class_list":["post-4210","page","type-page","status-publish","hentry"],"acf":[],"_links":{"self":[{"href":"https:\/\/semmelweis.hu\/magtud\/wp-json\/wp\/v2\/pages\/4210","targetHints":{"allow":["GET"]}}],"collection":[{"href":"https:\/\/semmelweis.hu\/magtud\/wp-json\/wp\/v2\/pages"}],"about":[{"href":"https:\/\/semmelweis.hu\/magtud\/wp-json\/wp\/v2\/types\/page"}],"author":[{"embeddable":true,"href":"https:\/\/semmelweis.hu\/magtud\/wp-json\/wp\/v2\/users\/110"}],"replies":[{"embeddable":true,"href":"https:\/\/semmelweis.hu\/magtud\/wp-json\/wp\/v2\/comments?post=4210"}],"version-history":[{"count":10,"href":"https:\/\/semmelweis.hu\/magtud\/wp-json\/wp\/v2\/pages\/4210\/revisions"}],"predecessor-version":[{"id":13280,"href":"https:\/\/semmelweis.hu\/magtud\/wp-json\/wp\/v2\/pages\/4210\/revisions\/13280"}],"up":[{"embeddable":true,"href":"https:\/\/semmelweis.hu\/magtud\/wp-json\/wp\/v2\/pages\/11421"}],"wp:attachment":[{"href":"https:\/\/semmelweis.hu\/magtud\/wp-json\/wp\/v2\/media?parent=4210"}],"wp:term":[{"taxonomy":"category","embeddable":true,"href":"https:\/\/semmelweis.hu\/magtud\/wp-json\/wp\/v2\/categories?post=4210"},{"taxonomy":"post_tag","embeddable":true,"href":"https:\/\/semmelweis.hu\/magtud\/wp-json\/wp\/v2\/tags?post=4210"}],"curies":[{"name":"wp","href":"https:\/\/api.w.org\/{rel}","templated":true}]}}