{"id":4174,"date":"2018-07-30T14:42:45","date_gmt":"2018-07-30T12:42:45","guid":{"rendered":"http:\/\/semmelweis.hu\/magtud\/?page_id=4174"},"modified":"2025-01-09T10:08:02","modified_gmt":"2025-01-09T09:08:02","slug":"pszichofiziologiai-es-kronobiologiai-kutatocsoport","status":"publish","type":"page","link":"https:\/\/semmelweis.hu\/magtud\/kutatas\/kutatasi-teruletek\/pszichofiziologiai-es-kronobiologiai-kutatocsoport\/","title":{"rendered":"Pszichofiziol\u00f3giai \u00e9s kronobiol\u00f3giai kutat\u00f3csoport"},"content":{"rendered":"<p>Vezet\u0151: <a href=\"http:\/\/magtud.semmelweis.hu\/intezet\/munkatarsak\/36-dr-bodizs-robert\">Dr. B\u00f3dizs R\u00f3bert<\/a>, PhD, egyetemi tan\u00e1r<\/p>\n<p>E-mail:\u00a0bodizs.robert@med.semmelweis-univ.hu<\/p>\n<p><strong>Tagok:<br \/>\n<\/strong><a href=\"https:\/\/semmelweis.hu\/magtud\/kuldetes\/munkatarsak\/dr-ujma-peter\/\">Dr. Ujma Przemys\u0142aw P\u00e9ter<\/a>, egyetemi adjunktus, pszichol\u00f3gus<br \/>\n<a href=\"https:\/\/semmelweis.hu\/magtud\/intezet\/munkatarsak\/dr-szalardy-orsolya\/\" target=\"_blank\" rel=\"noopener noreferrer\">Dr. Szal\u00e1rdy Orsolya<\/a>, tudom\u00e1nyos munkat\u00e1rs, biol\u00f3gus<br \/>\n<a href=\"https:\/\/semmelweis.hu\/psychophysiology\/people\/university-staff\/melinda-becske\/\" target=\"_blank\" rel=\"noopener noreferrer\">Becske Melinda<\/a>, r\u00e9sz\u00e1ll\u00e1s\u00fa tudom\u00e1nyos seg\u00e9dmunkat\u00e1rs, pszichol\u00f3gus<br \/>\n<a href=\"https:\/\/semmelweis.hu\/magtud\/intezet\/munkatarsak\/dr-simor-peter\/\" target=\"_blank\" rel=\"noopener noreferrer\">Dr. Simor P\u00e9ter<\/a>, r\u00e9sz\u00e1ll\u00e1s\u00fa tudom\u00e1nyos munkat\u00e1rs, pszichol\u00f3gus<br \/>\nGombos Ferenc, \u00e1lland\u00f3 k\u00fcls\u0151 tag, informatikus<br \/>\n<a href=\"https:\/\/semmelweis.hu\/magtud\/reszlegek\/pszichofiziologiai-es-kronobiologiai-kutatocsoport\/horvath-csenge\/\" target=\"_blank\" rel=\"noopener noreferrer\">Horv\u00e1th Csenge<\/a>, PhD hallgat\u00f3<\/p>\n<p>A kutat\u00f3csoport saj\u00e1t honlapja: <a href=\"https:\/\/semmelweis.hu\/psychophysiology\" target=\"_blank\" rel=\"noopener noreferrer\">itt<\/a><\/p>\n<p>Az alv\u00e1s-\u00e9brenl\u00e9t \u00e1llapotokkal kapcsolatos oszcill\u00e1ci\u00f3k az emberi \u00e9s \u00e1llati l\u00e9t legfontosabb saj\u00e1toss\u00e1gai k\u00f6z\u00e9 tartoznak. R\u00e9szleg\u00fcnk \u00f6n\u00e1ll\u00f3 kutat\u00f3csoportk\u00e9nt ezeknek az oszcill\u00e1ci\u00f3knak az ezredm\u00e1sodpercest\u0151l a napos, illetve t\u00f6bb hetes hull\u00e1mhosszig terjed\u0151 tartom\u00e1ny\u00e1t vizsg\u00e1lja tudom\u00e1nyos ig\u00e9nnyel. Az alv\u00e1s \u00e9s az \u00e9brenl\u00e9t \u00e1llapotainak v\u00e1ltakoz\u00e1s\u00e1ban \u00e9s az \u00e1llapotok ezen sorozat\u00e1ra jellemz\u0151 agyi \u00e9s vegetat\u00edv m\u0171k\u00f6d\u00e9smint\u00e1zatokban implicit m\u00f3don k\u00f3dolva van az emberi magatart\u00e1srepeort\u00e1r sz\u00e1mos meghat\u00e1roz\u00f3 jegye (pl. kognit\u00edv funkci\u00f3k, intelligencia, szem\u00e9lyis\u00e9g) ide \u00e9rtve az eg\u00e9szs\u00e9ggel kapcsolatos jelens\u00e9geket is (pl. r\u00e9m\u00e1lmok, fejl\u0151d\u00e9si rendelleness\u00e9gek, epilepszia). C\u00e9lunk ezen k\u00f3d min\u00e9l teljesebb megfejt\u00e9se \u00e9s \u00e9rt\u0151 felhaszn\u00e1l\u00e1sa. Gradu\u00e1lis \u00e9s posztgradu\u00e1lis k\u00e9pz\u00e9sben kurzusszervez\u0151k\u00e9nt, el\u0151ad\u00f3k\u00e9nt, illetve gyakorlatvezet\u0151k\u00e9nt jelen\u00fcnk meg, az alv\u00e1skutat\u00e1s, a tudat k\u00e9rd\u00e9sk\u00f6re illetve a pszichofiziol\u00f3gia t\u00e9m\u00e1ival kapcsolatos oktat\u00f3i portf\u00f3li\u00f3kkal gazdag\u00edtva az orvosi pszichol\u00f3gia, valamint a doktori k\u00e9pz\u00e9s keret\u00e9ben meghirdetett speci\u00e1lis kurzusok t\u00e1rgyk\u00f6r\u00e9t.<\/p>\n<p><strong>Az utols\u00f3 \u00f6t \u00e9v legfontosabb k\u00f6zlem\u00e9nyei:<\/strong><\/p>\n<p>P\u00e9ter P Ujma, R\u00f3bert B\u00f3dizs, Martin Dresler: Sleep and intelligence: critical review and future directions. Current Opinion in Behavioral Sciences. Volume 33, June 2020, pp. 109-117. <a href=\"https:\/\/doi.org\/10.1016\/j.cobeha.2020.01.009\" target=\"_blank\" rel=\"noopener noreferrer\">https:\/\/doi.org\/10.1016\/j.cobeha.2020.01.009<\/a><\/p>\n<p>R\u00f3bert B\u00f3dizs, Anna Kis, M\u00e1rta G\u00e1csi, J\u00f3zsef Top\u00e1l: Sleep in the dog: comparative, behavioral and translational relevance. Current Opinion in Behavioral Sciences Volume 33, June 2020, Pages 25-33. <a href=\"https:\/\/doi.org\/10.1016\/j.cobeha.2019.12.006\" target=\"_blank\" rel=\"noopener noreferrer\">https:\/\/doi.org\/10.1016\/j.cobeha.2019.12.006<\/a><\/p>\n<p>P\u00e9ter P Ujma, P\u00e9ter Simor, Axel Steiger, Martin Dresler, R\u00f3bert B\u00f3dizs: Individual slow wave morphology is a marker of ageing. Neurobiology of Aging, Volume 80, August 2019, pp. 71-82. <a href=\"https:\/\/doi.org\/10.1016\/j.neurobiolaging.2019.04.002\" target=\"_blank\" rel=\"noopener noreferrer\">https:\/\/doi.org\/10.1016\/j.neurobiolaging.2019.04.002<\/a><\/p>\n<p>&nbsp;<\/p>\n<p>&nbsp;<\/p>\n","protected":false},"excerpt":{"rendered":"<p>Vezet\u0151: <a href=\"http:\/\/magtud.semmelweis.hu\/intezet\/munkatarsak\/36-dr-bodizs-robert\">Dr. B\u00f3dizs R\u00f3bert<\/a> , PhD, egyetemi tan\u00e1r E-mail:\u00a0bodizs.robert@med.semmelweis-univ.hu Tagok: <a href=\"https:\/\/semmelweis.hu\/magtud\/kuldetes\/munkatarsak\/dr-ujma-peter\/\">Dr. Ujma Przemys\u0142aw P\u00e9ter<\/a> , egyetemi adjunktus, pszichol\u00f3gus <a href=\"https:\/\/semmelweis.hu\/magtud\/intezet\/munkatarsak\/dr-szalardy-orsolya\/\" target=\"_blank\" rel=\"noopener noreferrer\">Dr. Szal\u00e1rdy Orsolya<\/a> , tudom\u00e1nyos munkat\u00e1rs, biol\u00f3gus <a href=\"https:\/\/semmelweis.hu\/psychophysiology\/people\/university-staff\/melinda-becske\/\" target=\"_blank\" rel=\"noopener noreferrer\">Becske Melinda<\/a> , r\u00e9sz\u00e1ll\u00e1s\u00fa tudom\u00e1nyos seg\u00e9dmunkat\u00e1rs, pszichol\u00f3gus <a href=\"https:\/\/semmelweis.hu\/magtud\/intezet\/munkatarsak\/dr-simor-peter\/\" target=\"_blank\" rel=\"noopener noreferrer\">Dr. Simor P\u00e9ter<\/a> , r\u00e9sz\u00e1ll\u00e1s\u00fa tudom\u00e1nyos munkat\u00e1rs, pszichol\u00f3gus Gombos Ferenc, \u00e1lland\u00f3 k\u00fcls\u0151 tag, informatikus <a href=\"https:\/\/semmelweis.hu\/magtud\/reszlegek\/pszichofiziologiai-es-kronobiologiai-kutatocsoport\/horvath-csenge\/\" target=\"_blank\" rel=\"noopener noreferrer\">Horv\u00e1th Csenge<\/a> , PhD hallgat\u00f3 A kutat\u00f3csoport saj\u00e1t honlapja: <a href=\"https:\/\/semmelweis.hu\/psychophysiology\" target=\"_blank\" rel=\"noopener noreferrer\">itt<\/a> Az alv\u00e1s-\u00e9brenl\u00e9t \u00e1llapotokkal kapcsolatos oszcill\u00e1ci\u00f3k az emberi \u00e9s \u00e1llati l\u00e9t legfontosabb saj\u00e1toss\u00e1gai k\u00f6z\u00e9 tartoznak. R\u00e9szleg\u00fcnk \u00f6n\u00e1ll\u00f3 kutat\u00f3csoportk\u00e9nt &hellip;<\/p>\n","protected":false},"author":110,"featured_media":0,"parent":2059,"menu_order":0,"comment_status":"closed","ping_status":"closed","template":"","meta":{"_acf_changed":false,"footnotes":""},"categories":[],"tags":[],"class_list":["post-4174","page","type-page","status-publish","hentry"],"acf":[],"_links":{"self":[{"href":"https:\/\/semmelweis.hu\/magtud\/wp-json\/wp\/v2\/pages\/4174","targetHints":{"allow":["GET"]}}],"collection":[{"href":"https:\/\/semmelweis.hu\/magtud\/wp-json\/wp\/v2\/pages"}],"about":[{"href":"https:\/\/semmelweis.hu\/magtud\/wp-json\/wp\/v2\/types\/page"}],"author":[{"embeddable":true,"href":"https:\/\/semmelweis.hu\/magtud\/wp-json\/wp\/v2\/users\/110"}],"replies":[{"embeddable":true,"href":"https:\/\/semmelweis.hu\/magtud\/wp-json\/wp\/v2\/comments?post=4174"}],"version-history":[{"count":10,"href":"https:\/\/semmelweis.hu\/magtud\/wp-json\/wp\/v2\/pages\/4174\/revisions"}],"predecessor-version":[{"id":12686,"href":"https:\/\/semmelweis.hu\/magtud\/wp-json\/wp\/v2\/pages\/4174\/revisions\/12686"}],"up":[{"embeddable":true,"href":"https:\/\/semmelweis.hu\/magtud\/wp-json\/wp\/v2\/pages\/2059"}],"wp:attachment":[{"href":"https:\/\/semmelweis.hu\/magtud\/wp-json\/wp\/v2\/media?parent=4174"}],"wp:term":[{"taxonomy":"category","embeddable":true,"href":"https:\/\/semmelweis.hu\/magtud\/wp-json\/wp\/v2\/categories?post=4174"},{"taxonomy":"post_tag","embeddable":true,"href":"https:\/\/semmelweis.hu\/magtud\/wp-json\/wp\/v2\/tags?post=4174"}],"curies":[{"name":"wp","href":"https:\/\/api.w.org\/{rel}","templated":true}]}}