{"id":4138,"date":"2018-07-30T11:08:19","date_gmt":"2018-07-30T09:08:19","guid":{"rendered":"http:\/\/semmelweis.hu\/magtud\/?page_id=4138"},"modified":"2023-06-23T09:22:41","modified_gmt":"2023-06-23T07:22:41","slug":"intezet","status":"publish","type":"page","link":"https:\/\/semmelweis.hu\/magtud\/intezet\/","title":{"rendered":"Int\u00e9zet\u00fcnk k\u00fcldet\u00e9snyilatkozata"},"content":{"rendered":"<div class=\"lead\">A Magatart\u00e1studom\u00e1nyi Int\u00e9zet alapvet\u0151 feladata a magatart\u00e1studom\u00e1nyi oktat\u00e1s, kutat\u00e1s \u00e9s gy\u00f3gy\u00edt\u00e1s int\u00e9zm\u00e9nyi k\u00e9pviselete a Semmelweis Egyetemen. Az Int\u00e9zet feladat\u00e1nak tekinti a szakter\u00fclet leg\u00fajabb kutat\u00e1si eredm\u00e9nyeinek gyakorlati alkalmaz\u00e1s\u00e1t.<\/div>\n<p>Kiemelt feladatunk a biopszichoszoci\u00e1lis szeml\u00e9lettel kapcsolatos tant\u00e1rgyak kialak\u00edt\u00e1sa \u00e9s oktat\u00e1sa a gradu\u00e1lis \u00e9s posztgradu\u00e1lis k\u00e9pz\u00e9sben, valamint a hivat\u00e1sszem\u00e9lyis\u00e9g fejleszt\u00e9se. K\u00f6z\u00f6ss\u00e9gi alap\u00fa programjainkon kereszt\u00fcl \u00e9s az eg\u00e9szs\u00e9gpolitikai d\u00f6nt\u00e9sek szakmai h\u00e1tter\u00e9nek megteremt\u00e9s\u00e9vel k\u00f6zrem\u0171k\u00f6d\u00fcnk a n\u00e9peg\u00e9szs\u00e9g\u00fcgyi folyamatok alak\u00edt\u00e1s\u00e1ban.<\/p>\n<blockquote>\n<p>Az orvosl\u00e1st egyar\u00e1nt tekintj\u00fck term\u00e9szettudom\u00e1nynak \u00e9s t\u00e1rsadalomtudom\u00e1nynak.<\/p>\n<\/blockquote>\n<p>K\u00e9pviselj\u00fck mind a bizony\u00edt\u00e9kokon alapul\u00f3 orvosl\u00e1s, mind az \u00e9rt\u00e9keken alapul\u00f3 orvosl\u00e1s k\u00edv\u00e1nalmait. C\u00e9lunk olyan szeml\u00e9let k\u00f6zvet\u00edt\u00e9se, mely lehet\u0151v\u00e9 teszi a betegek, orvosok, eg\u00e9szs\u00e9g\u00fcgyi dolgoz\u00f3k jogainak megismer\u00e9s\u00e9t \u00e9s tiszteletben tart\u00e1s\u00e1t. A gy\u00f3gy\u00edt\u00e1s sor\u00e1n az eg\u00e9szs\u00e9gpszichol\u00f3giai \u00e9s pszichoszomatikus szeml\u00e9letet \u00e9rv\u00e9nyes\u00edtj\u00fck.<\/p>\n<p>K\u00fcldet\u00e9s\u00fcnk a biopszichoszoci\u00e1lis \u00e9s a spiritu\u00e1lis dimenzi\u00f3t is mag\u00e1ba foglal\u00f3 szeml\u00e9let k\u00e9pviselete az eg\u00e9szs\u00e9g\u00fcgyi k\u00f6z\u00e9letben, az eg\u00e9szs\u00e9gtudatoss\u00e1g er\u0151s\u00f6d\u00e9s\u00e9nek \u00e9s az \u00e9letmin\u0151s\u00e9g javul\u00e1s\u00e1nak el\u0151seg\u00edt\u00e9se haz\u00e1nkban.<\/p>\n<p>Legnagyobb er\u0151forr\u00e1sunk multidiszciplin\u00e1ris k\u00f6z\u00f6ss\u00e9g\u00fcnk, melyben t\u00f6bb szakma k\u00e9pvisel\u0151i k\u00e9pesek integr\u00e1lni a k\u00fcl\u00f6nb\u00f6z\u0151 szakter\u00fcleteken felhalmozott tud\u00e1st c\u00e9ljaink megval\u00f3s\u00edt\u00e1sa \u00e9rdek\u00e9ben.<\/p>\n","protected":false},"excerpt":{"rendered":"<p>A Magatart\u00e1studom\u00e1nyi Int\u00e9zet alapvet\u0151 feladata a magatart\u00e1studom\u00e1nyi oktat\u00e1s, kutat\u00e1s \u00e9s gy\u00f3gy\u00edt\u00e1s int\u00e9zm\u00e9nyi k\u00e9pviselete a Semmelweis Egyetemen. Az Int\u00e9zet feladat\u00e1nak tekinti a szakter\u00fclet leg\u00fajabb kutat\u00e1si eredm\u00e9nyeinek gyakorlati alkalmaz\u00e1s\u00e1t. Kiemelt feladatunk a biopszichoszoci\u00e1lis szeml\u00e9lettel kapcsolatos tant\u00e1rgyak kialak\u00edt\u00e1sa \u00e9s oktat\u00e1sa a gradu\u00e1lis \u00e9s posztgradu\u00e1lis k\u00e9pz\u00e9sben, valamint a hivat\u00e1sszem\u00e9lyis\u00e9g fejleszt\u00e9se. K\u00f6z\u00f6ss\u00e9gi alap\u00fa programjainkon kereszt\u00fcl \u00e9s az eg\u00e9szs\u00e9gpolitikai d\u00f6nt\u00e9sek szakmai &hellip;<\/p>\n","protected":false},"author":110,"featured_media":11844,"parent":0,"menu_order":0,"comment_status":"closed","ping_status":"closed","template":"","meta":{"_acf_changed":false,"footnotes":""},"categories":[],"tags":[],"class_list":["post-4138","page","type-page","status-publish","has-post-thumbnail","hentry"],"acf":[],"_links":{"self":[{"href":"https:\/\/semmelweis.hu\/magtud\/wp-json\/wp\/v2\/pages\/4138","targetHints":{"allow":["GET"]}}],"collection":[{"href":"https:\/\/semmelweis.hu\/magtud\/wp-json\/wp\/v2\/pages"}],"about":[{"href":"https:\/\/semmelweis.hu\/magtud\/wp-json\/wp\/v2\/types\/page"}],"author":[{"embeddable":true,"href":"https:\/\/semmelweis.hu\/magtud\/wp-json\/wp\/v2\/users\/110"}],"replies":[{"embeddable":true,"href":"https:\/\/semmelweis.hu\/magtud\/wp-json\/wp\/v2\/comments?post=4138"}],"version-history":[{"count":10,"href":"https:\/\/semmelweis.hu\/magtud\/wp-json\/wp\/v2\/pages\/4138\/revisions"}],"predecessor-version":[{"id":11857,"href":"https:\/\/semmelweis.hu\/magtud\/wp-json\/wp\/v2\/pages\/4138\/revisions\/11857"}],"wp:featuredmedia":[{"embeddable":true,"href":"https:\/\/semmelweis.hu\/magtud\/wp-json\/wp\/v2\/media\/11844"}],"wp:attachment":[{"href":"https:\/\/semmelweis.hu\/magtud\/wp-json\/wp\/v2\/media?parent=4138"}],"wp:term":[{"taxonomy":"category","embeddable":true,"href":"https:\/\/semmelweis.hu\/magtud\/wp-json\/wp\/v2\/categories?post=4138"},{"taxonomy":"post_tag","embeddable":true,"href":"https:\/\/semmelweis.hu\/magtud\/wp-json\/wp\/v2\/tags?post=4138"}],"curies":[{"name":"wp","href":"https:\/\/api.w.org\/{rel}","templated":true}]}}