{"id":4108,"date":"2017-12-18T12:03:23","date_gmt":"2017-12-18T11:03:23","guid":{"rendered":"http:\/\/semmelweis.hu\/magtud\/?page_id=4108"},"modified":"2023-06-23T10:51:17","modified_gmt":"2023-06-23T08:51:17","slug":"kontakt","status":"publish","type":"page","link":"https:\/\/semmelweis.hu\/magtud\/de\/kontakt\/","title":{"rendered":"Kontakt"},"content":{"rendered":"<h4><strong>Institut f\u00fcr Verhaltenswissenschaften<br \/>\n<\/strong>Semmelweis Universit\u00e4t<strong><br \/>\n<\/strong><\/h4>\n<h5>Sekretariat<\/h5>\n<p><strong>Adresse:<\/strong> H-1089 Budapest, Nagyv\u00e1rad t\u00e9r 4.\u00a0 Stock 20.<br \/>\n<strong>Tel:<\/strong> +36 1 210-2953; +36 1 210-2955<br \/>\n<strong>Postanschrift: <\/strong>H-1085 Budapest, \u00dcll\u0151i \u00fat 26. \/ H-1428 Budapest,\u00a0Pf.2.<\/p>\n<h5>Psychosomatische Institutspraxis<\/h5>\n<p>H-1083 Budapest, Nagyv\u00e1rad t\u00e9r 4.<br \/>\nTel: +36 1 210-2930\/ext. 56565<\/p>\n\n<!-- iframe plugin v.4.9 wordpress.org\/plugins\/iframe\/ -->\n<iframe src=\"https:\/\/www.google.com\/maps\/embed?pb=!1m18!1m12!1m3!1d2696.547847479427!2d19.0915788!3d47.4792399!2m3!1f0!2f0!3f0!3m2!1i1024!2i768!4f13.1!3m3!1m2!1s0x4741dce663d65943%3A0xf5391fc3337d063b!2zQnVkYXBlc3QsIE5hZ3l2w6FyYWQgdMOpciA0LCAxMDg5!5e0!3m2!1shu!2shu!4v1687506241400!5m2!1shu!2shu\" width=\"100%\" height=\"450\" style=\"border:0;\" allowfullscreen loading=\"lazy\" referrerpolicy=\"no-referrer-when-downgrade\" scrolling=\"yes\" class=\"iframe-class\" frameborder=\"0\"><\/iframe>\n\n<p><strong>Sekretariat:<\/strong><br \/>\nCsilla Motyovszki Csilla +36 1 210-2930\/ext. 56126<br \/>\nmotyovszki.csilla@med.semmelweis-univ.hu<\/p>\n<p><strong>Studienadministration:<\/strong><br \/>\nR\u00e9ka Polg\u00e1rdi\u00a0 +36 1 210-2930\/ext. 56114<br \/>\npolgardi.reka@med.semmelweis-univ.hu<\/p>\n<p><strong>Forschungsadministration:<\/strong><br \/>\nCsilla Raduch +36 1 210-2930\/ext. 56127<br \/>\nraduch.csilla@med.semmelweis-univ.hu<\/p>\n<p><strong>Finanzadministration:<\/strong><br \/>\nBeatrix Beliczki +36 1 210-2930\/ext. 56402<br \/>\nbeliczki.beatrix@med.semmelweis-univ.hu<\/p>\n<p><strong>IT Systemadministrator:<\/strong><br \/>\nZsolt J\u00f3n\u00e1s +36 1 210-2930\/ext. 56400<br \/>\njonas.zsolt@med.semmelweis-univ.hu<\/p>\n<p><strong>IT Bibliothekar:<\/strong><br \/>\nNo\u00e9mi Somorjai +36 1 210-2930\/ext. 56125<br \/>\nsomorjai.noemi@med.semmelweis-univ.hu<\/p>\n<p><strong>Psychosomatische Institutspraxis:<\/strong><br \/>\nAndrea K\u0151halmi +36 1 210-2930\/ext. 56565<br \/>\nkohalmi.andrea@med.semmelweis-univ.hu<\/p>\n<p>&nbsp;<\/p>\n","protected":false},"excerpt":{"rendered":"<p>Institut f\u00fcr Verhaltenswissenschaften Semmelweis Universit\u00e4t Sekretariat Adresse: H-1089 Budapest, Nagyv\u00e1rad t\u00e9r 4.\u00a0 Stock 20. Tel: +36 1 210-2953; +36 1 210-2955 Postanschrift: H-1085 Budapest, \u00dcll\u0151i \u00fat 26. \/ H-1428 Budapest,\u00a0Pf.2. Psychosomatische Institutspraxis H-1083 Budapest, Nagyv\u00e1rad t\u00e9r 4. Tel: +36 1 210-2930\/ext. 56565 Sekretariat: Csilla Motyovszki Csilla +36 1 210-2930\/ext. 56126 motyovszki.csilla@med.semmelweis-univ.hu Studienadministration: R\u00e9ka Polg\u00e1rdi\u00a0 +36 &hellip;<\/p>\n","protected":false},"author":110,"featured_media":0,"parent":0,"menu_order":4,"comment_status":"closed","ping_status":"closed","template":"","meta":{"_acf_changed":false,"footnotes":""},"categories":[],"tags":[],"class_list":["post-4108","page","type-page","status-publish","hentry"],"acf":[],"_links":{"self":[{"href":"https:\/\/semmelweis.hu\/magtud\/wp-json\/wp\/v2\/pages\/4108","targetHints":{"allow":["GET"]}}],"collection":[{"href":"https:\/\/semmelweis.hu\/magtud\/wp-json\/wp\/v2\/pages"}],"about":[{"href":"https:\/\/semmelweis.hu\/magtud\/wp-json\/wp\/v2\/types\/page"}],"author":[{"embeddable":true,"href":"https:\/\/semmelweis.hu\/magtud\/wp-json\/wp\/v2\/users\/110"}],"replies":[{"embeddable":true,"href":"https:\/\/semmelweis.hu\/magtud\/wp-json\/wp\/v2\/comments?post=4108"}],"version-history":[{"count":10,"href":"https:\/\/semmelweis.hu\/magtud\/wp-json\/wp\/v2\/pages\/4108\/revisions"}],"predecessor-version":[{"id":11925,"href":"https:\/\/semmelweis.hu\/magtud\/wp-json\/wp\/v2\/pages\/4108\/revisions\/11925"}],"wp:attachment":[{"href":"https:\/\/semmelweis.hu\/magtud\/wp-json\/wp\/v2\/media?parent=4108"}],"wp:term":[{"taxonomy":"category","embeddable":true,"href":"https:\/\/semmelweis.hu\/magtud\/wp-json\/wp\/v2\/categories?post=4108"},{"taxonomy":"post_tag","embeddable":true,"href":"https:\/\/semmelweis.hu\/magtud\/wp-json\/wp\/v2\/tags?post=4108"}],"curies":[{"name":"wp","href":"https:\/\/api.w.org\/{rel}","templated":true}]}}