{"id":4087,"date":"2017-12-04T14:46:21","date_gmt":"2017-12-04T13:46:21","guid":{"rendered":"http:\/\/semmelweis.hu\/magtud\/?page_id=4087"},"modified":"2023-06-23T09:00:26","modified_gmt":"2023-06-23T07:00:26","slug":"lehre","status":"publish","type":"page","link":"https:\/\/semmelweis.hu\/magtud\/de\/lehre\/","title":{"rendered":"Lehre"},"content":{"rendered":"<p>Die sukzessiv aufgebaute Pflichtf\u00e4cher im medizinischen Studium, die vom Institut gelehrt werden, sind medizinische Soziologie, medizinische Kommunikation, medizinische Psychologie, Bioethik und Psychotherapie im medizinischen Klinikum.<\/p>\n<p>Au\u00dfer der Fakult\u00e4t f\u00fcr Allgemeinmedizin bieten wir Lehrveranstaltungen an der Fakult\u00e4t f\u00fcr Zahnmedizin sowie f\u00fcr Pharmakologie in ungarischer, deutscher und englischer Sprache an. Au\u00dferdem nehmen wir an der Lehre der Fakult\u00e4t f\u00fcr \u00f6ffentlichen gesundheitlichen Dienst teil. Die Anzahl der Wahl- und Wahlpflichtf\u00e4cher betr\u00e4gt 25. J\u00e4hrlich nehmen 4200-4500 Studierende an den Lehrveranstaltungen der Pflicht- und Wahlpflichtf\u00e4cher des Instituts teil.<\/p>\n<p><strong>DEUTSCHSPRACHIGE F\u00c4CHER und Studentenberatung<br \/>\n<\/strong><\/p>\n<div class=\"responsive-tabs\">\n<h2 class=\"tabtitle\">Lehrbeauftragte<\/h2>\n<div class=\"tabcontent\">\n\n<p><a href=\"https:\/\/semmelweis.hu\/magtud\/de\/bildung\/lehrbeauftragte\/\" target=\"_blank\" rel=\"noopener\">Lehrbeauftragte<\/a><\/p>\n\n<\/div><h2 class=\"tabtitle\">Allgemeine Medizin<\/h2>\n<div class=\"tabcontent\">\n\n<p><a href=\"\/magtud\/de\/medizinische-psychologie-und-soziologie\/\" target=\"_blank\" rel=\"noopener\">Medizinische Psychologie und Soziologie<\/a><br \/>\n<a href=\"https:\/\/semmelweis.hu\/magtud\/de\/bildung\/medizinische-kommunikation\/\" target=\"_blank\" rel=\"noopener\">Medizinische Kommunikation<\/a><br \/>\n<a href=\"https:\/\/semmelweis.hu\/magtud\/de\/lehre\/bioethik\/\">Bioethik<\/a><br \/>\n<a href=\"https:\/\/semmelweis.hu\/magtud\/de\/lehre\/psychotherapie\/\">Psychotherapie<\/a><br \/>\n<a href=\"https:\/\/semmelweis.hu\/magtud\/de\/lehre\/psychosomatische-medizin\/\" target=\"_blank\" rel=\"noopener\">Psychosomatische Medizin<\/a><br \/>\n<a href=\"\/magtud\/de\/thanatologische\/\" target=\"_blank\" rel=\"noopener\">Thanatologische Kenntnisse<\/a><\/p>\n<p>\n<\/div><h2 class=\"tabtitle\">Zahnmedizin<\/h2>\n<div class=\"tabcontent\">\n<br \/>\n<a href=\"https:\/\/semmelweis.hu\/magtud\/de\/bildung\/zahnmedizinische-psychologie-und-soziologie\/\" target=\"_blank\" rel=\"noopener\">Zahnmedizinische Psychologie und Soziologie<\/a><br \/>\nBioethik<\/p>\n<p>\n<\/div><h2 class=\"tabtitle\">Studentenberatung<\/h2>\n<div class=\"tabcontent\">\n<br \/>\n<a href=\"\/magtud\/de\/bildung\/psychologische-studentenberatung\/\" target=\"_blank\" rel=\"noopener\">Psychologische Studentenberatung<\/a><\/p>\n<\/div><\/div>\n","protected":false},"excerpt":{"rendered":"<p>Die sukzessiv aufgebaute Pflichtf\u00e4cher im medizinischen Studium, die vom Institut gelehrt werden, sind medizinische Soziologie, medizinische Kommunikation, medizinische Psychologie, Bioethik und Psychotherapie im medizinischen Klinikum. Au\u00dfer der Fakult\u00e4t f\u00fcr Allgemeinmedizin bieten wir Lehrveranstaltungen an der Fakult\u00e4t f\u00fcr Zahnmedizin sowie f\u00fcr Pharmakologie in ungarischer, deutscher und englischer Sprache an. Au\u00dferdem nehmen wir an der Lehre der &hellip;<\/p>\n","protected":false},"author":101265,"featured_media":0,"parent":0,"menu_order":1,"comment_status":"closed","ping_status":"closed","template":"","meta":{"_acf_changed":false,"footnotes":""},"categories":[],"tags":[],"class_list":["post-4087","page","type-page","status-publish","hentry"],"acf":[],"_links":{"self":[{"href":"https:\/\/semmelweis.hu\/magtud\/wp-json\/wp\/v2\/pages\/4087","targetHints":{"allow":["GET"]}}],"collection":[{"href":"https:\/\/semmelweis.hu\/magtud\/wp-json\/wp\/v2\/pages"}],"about":[{"href":"https:\/\/semmelweis.hu\/magtud\/wp-json\/wp\/v2\/types\/page"}],"author":[{"embeddable":true,"href":"https:\/\/semmelweis.hu\/magtud\/wp-json\/wp\/v2\/users\/101265"}],"replies":[{"embeddable":true,"href":"https:\/\/semmelweis.hu\/magtud\/wp-json\/wp\/v2\/comments?post=4087"}],"version-history":[{"count":11,"href":"https:\/\/semmelweis.hu\/magtud\/wp-json\/wp\/v2\/pages\/4087\/revisions"}],"predecessor-version":[{"id":4523,"href":"https:\/\/semmelweis.hu\/magtud\/wp-json\/wp\/v2\/pages\/4087\/revisions\/4523"}],"wp:attachment":[{"href":"https:\/\/semmelweis.hu\/magtud\/wp-json\/wp\/v2\/media?parent=4087"}],"wp:term":[{"taxonomy":"category","embeddable":true,"href":"https:\/\/semmelweis.hu\/magtud\/wp-json\/wp\/v2\/categories?post=4087"},{"taxonomy":"post_tag","embeddable":true,"href":"https:\/\/semmelweis.hu\/magtud\/wp-json\/wp\/v2\/tags?post=4087"}],"curies":[{"name":"wp","href":"https:\/\/api.w.org\/{rel}","templated":true}]}}