{"id":3923,"date":"2017-11-30T09:08:20","date_gmt":"2017-11-30T08:08:20","guid":{"rendered":"http:\/\/semmelweis.hu\/magtud\/?page_id=3923"},"modified":"2019-07-29T14:06:33","modified_gmt":"2019-07-29T12:06:33","slug":"dr-imre-lazar","status":"publish","type":"page","link":"https:\/\/semmelweis.hu\/magtud\/en\/institute\/staff\/dr-imre-lazar\/","title":{"rendered":"Dr. Imre L\u00e1z\u00e1r"},"content":{"rendered":"<p><img decoding=\"async\" class=\"alignright\" src=\"\/magtud\/files\/2017\/11\/lazimr_w.jpg\" border=\"0\" \/><\/p>\n<div class=\"responsive-tabs\">\n<h2 class=\"tabtitle\">Curriculum vitae<\/h2>\n<div class=\"tabcontent\">\n\n<table class=\"contentpaneopen\">\n<tbody>\n<tr>\n<td valign=\"top\">\n<p style=\"text-align: justify\"><span style=\"color: #000000\">Personal data<br \/>\nDate of birth: 5 April 1957<br \/>\nFamily status: married, four children<br \/>\nAddress: 1221 Budapest, Gerinc u. 60.<br \/>\nMobile (0036)703386935<br \/>\nE-mail :<br \/>\n<script>\n &lt;!--\n var prefix = &#039;m&#097;&#105;lt&#111;:&#039;;\n var suffix = &#039;&#039;;\n var attribs = &#039;&#039;;\n var path = &#039;hr&#039; + &#039;ef&#039; + &#039;=&#039;;\n var addy70009 = &#039;m&#101;d&#105;t&#097;rt&#039; + &#039;&#064;&#039;;\n addy70009 = addy70009 + &#039;&#101;nt&#101;rn&#101;t&#039; + &#039;&#046;&#039; + &#039;h&#117;&#039;;\n document.write( &#039;<a>' );\n document.write( addy70009 );\n document.write( '' );\n \/\/--&gt;\n <\/script><a href=\"mailto:meditart@enternet.hu\">meditart@enternet.hu<\/a><script>\n &lt;!--\n document.write( &#039;<span>' );\n \/\/--&gt;\n <\/script>Ezt a c\u00edmet a spamrobotok ellen v\u00e9dj\u00fck. Enged\u00e9lyezze a Javascript haszn\u00e1lat\u00e1t, hogy megtekinthesse.<br \/>\n<script>\n &lt;!--\n document.write( &#039;' );\n \/\/--&gt;\n <\/script><\/span><\/p>\n<p>Education<br \/>\n1999-2001\u00a0\u00a0 \u00a0Brunel University, London<br \/>\nMSc. in Medical Anthropology<br \/>\n1999\u00a0\u00a0 \u00a0\u00a0\u00a0 \u00a0\u00a0\u00a0 \u00a0\u00a0\u00a0 \u00a0Specialization in Occupational Medicine<br \/>\n1998\u00a0\u00a0\u00a0\u00a0\u00a0\u00a0\u00a0\u00a0\u00a0\u00a0\u00a0\u00a0\u00a0\u00a0\u00a0\u00a0\u00a0\u00a0\u00a0\u00a0\u00a0\u00a0\u00a0\u00a0\u00a0\u00a0 PhD, Hungarian Academy of Sciences<br \/>\n\u201eSocial-psychoimmunology\u201d<br \/>\n1986-1990\u00a0\u00a0\u00a0\u00a0 \u00a0\u00a0\u00a0 \u00a0\u00a0\u00a0 \u00a0Psychotherapy, hypnotherapy<br \/>\n1986 \u00a0\u00a0\u00a0 \u00a0\u00a0\u00a0 \u00a0\u00a0\u00a0\u00a0\u00a0\u00a0\u00a0\u00a0\u00a0\u00a0\u00a0\u00a0 Specialization in Internal Medicine<br \/>\n1975-1981\u00a0\u00a0 \u00a0Semmelweis University<br \/>\nGeneral practitioner, MD<\/p>\n<p>Employment history<\/p>\n<p>2005 \u2013 2009 \u00a0\u00a0 \u00a0\u00a0\u00a0 \u00a0Associate Professor, head of the department of Organizational<br \/>\nCommunication Communication Department, K\u00e1roli G\u00e1sp\u00e1r University of the Reformed Church<\/p>\n<p>2004 &#8211; \u00a0\u00a0 \u00a0Head of the Department of Medical Anthropology, Institute of Behavioral Sciences, Semmelweis University<\/p>\n<p>1996-2002\u00a0\u00a0\u00a0\u00a0\u00a0\u00a0\u00a0\u00a0\u00a0\u00a0\u00a0\u00a0\u00a0 \u00a0\u00a0\u00a0 \u00a0Invited lecturer on behavioral sciences, School of Public Health, Debrecen<\/p>\n<p>1993-\u00a0\u00a0 \u00a0Lecturer, Head of the Department of Medical Anthropology, Institute of Behavioral Sciences, Semmelweis University<\/p>\n<p>1991-2005\u00a0\u00a0 \u00a0Head of Department ,St. Imre Hospital, Outpatient Department of Psychosomatic Medicine<\/p>\n<p>1981-1990\u00a0\u00a0 \u00a0Internist, I. Department of Internal Medicine, T\u00e9t\u00e9nyi Teaching Hospital<\/p>\n<p>Other teaching activity<\/p>\n<p>1991-1992\u00a0\u00a0 \u00a0\u00a0\u00a0 \u00a0Invited lecturer on psychoneuroimmunology<br \/>\nE\u00f6tv\u00f6s Lor\u00e1nd University of Sciences, Budapest<\/p>\n<p>1996 &#8211;\u00a0\u00a0 \u00a0\u00a0\u00a0 \u00a0\u00a0\u00a0 \u00a0Lecturer in behavioral sciences and public health <span style=\"color: #000000\"><br \/>\nSchool of Public Health, Debrecen<\/span><\/p>\n<p>2000-2002\u00a0\u00a0\u00a0\u00a0\u00a0\u00a0\u00a0\u00a0\u00a0\u00a0\u00a0 \u00a0\u00a0\u00a0 \u00a0Invited lecturer on medical anthropology <span style=\"color: #000000\"><br \/>\nBabes-Bolyai University Cluj-Napoca, Romania<\/span><\/p>\n<p>2000-2004 \u00a0\u00a0 \u00a0\u00a0\u00a0 \u00a0Invited lecturer on cultural anthropology<br \/>\nK\u00e1roli G\u00e1sp\u00e1r University Budapest<\/p>\n<p>1998-2004\u00a0\u00a0 \u00a0Invited lecturer on human ecology <span style=\"color: #000000\"><br \/>\nCatholic University College for Teacher Training, Zs\u00e1mb\u00e9k<\/span><\/p>\n<p>Editorial board membership<\/p>\n<p>1994-1996\u00a0\u00a0 \u00a0K\u00f6rnyezet \u00e9s orvosl\u00e1s (Environment and medicine), Journal of the Vitalis Association<\/p>\n<p>1998 &#8211;\u00a0\u00a0 \u00a0\u00a0\u00a0 \u00a0\u00d6kot\u00e1j, Journal of Ecology and Culture<\/p>\n<p>1995-2001 \u00a0\u00a0 \u00a0Journal of Complementary and Alternative Medicine<\/p>\n<p>Association memberships<br \/>\n1992\u00a0\u00a0 \u00a0\u00a0\u00a0 \u00a0 Head, \u00a0\u00a0 \u00a0Civil Association of R\u00f3zsav\u00f6lgy Budapest<\/p>\n<p>Languages<br \/>\nEnglish: Intermediate (TOEFL exam)<br \/>\nGerman: basic<br \/>\nRussian: basic<\/p>\n<p>&nbsp;<\/td>\n<\/tr>\n<\/tbody>\n<\/table>\n\n<\/div><h2 class=\"tabtitle\">Publications<\/h2>\n<div class=\"tabcontent\">\n\n<table class=\"contentpaneopen\">\n<tbody>\n<tr>\n<td valign=\"top\">&nbsp;<\/p>\n<p style=\"text-align: justify\"><strong>Books in English, editor<\/strong><\/p>\n<p style=\"text-align: justify\">1.\u00a0 Johannessen, H., L\u00e1z\u00e1r I. szerk. (2006): Multiple Medical Realities. Patients and Healers in Biomedical, Alternative and Traditional Medicine. Oxford, New York, Berghahn.<br \/>\n2.\u00a0\u00a0\u00a0 L\u016bse, A., L\u00e1z\u00e1r I. szerk. (2007): Cosmologies of Suffering. Post-communist Transformation, Sacral Communication, and Healing. Newcastle-upon-Tyne: Cambridge Scholars Publishing.<\/p>\n<p style=\"text-align: justify\"><strong>Books in English, co-author<\/strong><br \/>\nKopp M.S., L\u00e1z\u00e1r I. (1999): Basis and Methods of Behavioural Sciences, Public Health School, Debrecen.<\/p>\n<p style=\"text-align: justify\"><strong>Book chapters in Foreign languages<\/strong><br \/>\n1.\u00a0\u00a0\u00a0 L\u00e1z\u00e1r I. (1999): To eat and\/or not to beat\u00a0 in food and body. In: Guerci, Antonio, cura: Il cibo e il corpo. Dal cibo alla cultura, dalla cultura al cibo. Food and body. From food to culture, from culture to food. Erga Edizioni, Genova.<br \/>\n2.\u00a0\u00a0\u00a0 L\u00e1z\u00e1r I. (2000): Mothers and Mother Nature: Attachment, Detachment and Human Ecological Integrity. In: Crabb\u00e9, P. et al eds.: Implementing Ecological Integrity. Restoring Regional and Global Environmental and Human Health (NATO Science Series: IV. Earth and Environmental Sciences)\u00a0 Kluwer Academic, Dordrecht. 249-260.<br \/>\n3.\u00a0\u00a0\u00a0 L\u00e1z\u00e1r I. Kiss E. (2001): Gold, Cyanide, and Fish in the River of Life &amp; Death. In: Just Ecological Integrity: The Ethics of Maintaining Planetary Life. Miller, P., Westra, L. eds.\u00a0 Rowman and Littlefield, 167-180.<br \/>\n4.\u00a0\u00a0\u00a0 L\u00e1z\u00e1r I.(2001): Dance as drug, dance as medicine. Themes in medical anthropology. Medical anthropology at Home contributes to health studies.\u00a0 Comelles, J.M., van Dongen, E. eds. Argo, Lecce, 2002. 352-372.<br \/>\n5.\u00a0\u00a0\u00a0 L\u00e1z\u00e1r I. (2002): Dance as drug, dance as medicine. In: Themes in Medical Anthropology AM 13-14, 333- 351.<br \/>\n6.\u00a0\u00a0\u00a0 L\u00e1z\u00e1r I. (2002): Spirituality and Human Ecosystems in Spirituality and Ethics in Management. Zsolnai, L. ed. Kluwer Academic, Dordrecht 87-97.<br \/>\n7.\u00a0\u00a0\u00a0 L\u00e1z\u00e1r I. (2003): Radical eclecticism of unconventional medicine in Hungary in\u00a0 Medical anthropology, welfare state and political engagement. In: Proceedings of MAAH 3. Perogia, Sept 24-27. 120-144.<br \/>\n8.\u00a0\u00a0\u00a0 L\u00e1z\u00e1r I.(2005): T\u00e1ltos Healers, Neoshamans and Multiple Medical Realities in Postsocialist Hungary. In: Multiple Medical Realities. L\u00e1z\u00e1r, I., Johannessen, H. eds.\u00a0 Berghahn, Oxford, New York 35-54.<br \/>\n9.\u00a0\u00a0\u00a0 L\u00e1z\u00e1r I., Johannessen H. (2005): Epilogue: Multiple Medical Realities in Multiple Medical Realities, L\u00e1z\u00e1r, I., Johannessen, H. Berghahn, Oxford, New York 183-199.<br \/>\n10.\u00a0\u00a0\u00a0 L\u00e1z\u00e1r I., Luse A (2007): Introduction In: Cosmologies of Suffering. Luse, A., L\u00e1z\u00e1r, I. eds. Cambridge Scholar, Newcastle-upon-Tyne, 1-35.<br \/>\n11.\u00a0\u00a0\u00a0 L\u00e1z\u00e1r Imre: (2007): Embodied and Displaced History: Spiritual Empowerment in Post-communist Hungary. In: Cosmologies of Suffering. Luse, A., L\u00e1z\u00e1r I. eds. Cambridge Scholar, Newcastle-upon-Tyne, 129-158.<\/p>\n<p style=\"text-align: justify\"><strong>Articles in English<\/strong><br \/>\nGruzelier J, Clow A., Evans P, Lazar I, Walker L (1998): Mind-Body Influences on Immunity: Lateralized Control, Stress, Individual Predictors, and Prophylaxis. Stress of Life: from Molecules to Man. Annals of the New York Academy of Sciences Vol. 851. NYAS, New York 490-491.<\/p>\n<p style=\"text-align: justify\"><strong>Books in Hungarian<\/strong><br \/>\n1.\u00a0\u00a0\u00a0 L\u00e1z\u00e1r I. (1991): Pszichoneuroimmunol\u00f3gia. V\u00e9geken, Budapest.<br \/>\n2.\u00a0\u00a0\u00a0 L\u00e1z\u00e1r I. (1993): Viselked\u00e9sszempont\u00fa immunol\u00f3gia. Egyetemi jegyzet. KLTE, Debrecen.<br \/>\n3.\u00a0\u00a0\u00a0 L\u00e1z\u00e1r I. (1993): El\u0151ad\u00e1sv\u00e1zlatok az orvosi antropol\u00f3gia k\u00f6r\u00e9b\u0151l Emberk\u00e9p 3. SOTE Magatart\u00e1studom\u00e1nyi Int\u00e9zet, Budapest.<br \/>\n4.\u00a0\u00a0\u00a0 L\u00e1z\u00e1r I. (1995): Hum\u00e1n \u00f6kol\u00f3gia. Egyetemi jegyzet (alap\u00edtv\u00e1nyi posztgradu\u00e1lis k\u00e9pz\u00e9s) Budapesti K\u00f6zgazdas\u00e1gtudom\u00e1nyi Egyetem, Budapest.<br \/>\n5.\u00a0\u00a0\u00a0 Schmidt J., L\u00e1z\u00e1r I (1984): Ter\u00e1pi\u00e1s szempontok a t\u00e1rsbetegs\u00e9ggel sz\u00f6v\u0151d\u00f6tt hipert\u00f3nia kezel\u00e9s\u00e9ben. Ter\u00e1pi\u00e1s \u00e9s diagnosztikai v\u00e1zlatok.<br \/>\n6.\u00a0\u00a0\u00a0 Kopp M., L\u00e1z\u00e1r I. szerk. (1996): A magatart\u00e1studom\u00e1ny alapjai \u00e9s m\u00f3dszerei.\u00a0 N\u00e9peg\u00e9szs\u00e9g\u00fcgyi Iskola DOTE, Debrecen.<br \/>\n7.\u00a0\u00a0\u00a0 L\u00e1z\u00e1r I. szerk. (1997): K\u00f6rnyezet \u00e9s magatart\u00e1studom\u00e1ny. Kieg\u00e9sz\u00edt\u0151 jegyzet a k\u00f6rnyezeteg\u00e9szs\u00e9g\u00fcgyi hallgat\u00f3k sz\u00e1m\u00e1ra. N\u00e9peg\u00e9szs\u00e9g\u00fcgyi Iskola, DOTE, Debrecen.<br \/>\n8.\u00a0\u00a0\u00a0 L\u00e1z\u00e1r I. szerk. (2002): Szociokultur\u00e1lis antropol\u00f3gia romol\u00f3gusok sz\u00e1m\u00e1ra. Jegyzet az Apor Vilmos Katolikus F\u0151iskola Romol\u00f3giai tanfolyama sz\u00e1m\u00e1ra. AVKF, V\u00e1c.<\/p>\n<p style=\"text-align: justify\"><strong>Book chapters in Hungarian<\/strong><br \/>\n1.\u00a0\u00a0\u00a0 L\u00e1z\u00e1r I. (1998): Kieg\u00e9sz\u00edt\u0151 javaslat a belgy\u00f3gy\u00e1szati pszichoszomatik\u00e1ban alkalmazhat\u00f3 klinikai szakpszichol\u00f3gusi tev\u00e9kenys\u00e9ghez.\u00a0 In: A klinikai pszichol\u00f3gia \u00e9s a ment\u00e1lhigi\u00e9n\u00e9 szakmai protokollja. Bagdy E. szerk. Animula, Budapest, 57-70.<br \/>\n2.\u00a0\u00a0\u00a0 L\u00e1z\u00e1r I. (1998): A belgy\u00f3gy\u00e1szati pszichoszomatikai rendel\u0151i gyakorlat. In: A klinikai pszichol\u00f3gia \u00e9s a ment\u00e1lhigi\u00e9n\u00e9 szakmai protokollja. Bagdy Em\u0151ke szerk. Animula, Budapest 96-132.<br \/>\n3.\u00a0\u00a0\u00a0 L\u00e1z\u00e1r I. (2001): Neuroimmunomodul\u00e1ci\u00f3 \u00e9s a stressz. In: Magatart\u00e1studom\u00e1nyok. Buda B\u00e9la, Kopp M\u00e1ria szerk. Medicina, Budapest 177-226.<br \/>\n4.\u00a0\u00a0\u00a0 L\u00e1z\u00e1r I. (2001): Szoci\u00e1lpszichoimmunol\u00f3gia. In: Magatart\u00e1studom\u00e1nyok. Buda B\u00e9la, Kopp M\u00e1ria szerk. Medicina, Budapest 227-266.<br \/>\n5.\u00a0\u00a0\u00a0 L\u00e1z\u00e1r I. (2001): Klinikai pszichoimmunol\u00f3gia. In: Magatart\u00e1studom\u00e1nyok. Buda B\u00e9la, Kopp M\u00e1ria szerk. Medicina, Budapest 547-594.<br \/>\n6.\u00a0\u00a0\u00a0 L\u00e1z\u00e1r I. (2001): Hum\u00e1n \u00f6kol\u00f3gia \u00e9s orvosi antropol\u00f3gia. In: Magatart\u00e1studom\u00e1nyok. Buda B\u00e9la, Kopp M\u00e1ria szerk. Medicina, Budapest 315-372.<br \/>\n7.\u00a0\u00a0\u00a0 L\u00e1z\u00e1r I. Egyh\u00e1z \u00e9s csal\u00e1d egy el\u00f6reged\u0151 t\u00e1rsadalomban \u00e9s egy meg\u00fajul\u00f3 nemzetben. In: Sz\u00e1rsz\u00f3 1992-2001. A Reform\u00e1tus \u00c9rtelmis\u00e9gi Konferenci\u00e1k el\u0151ad\u00e1sai. Albert G.,\u00a0 Tenke S., T\u0151k\u00e9czki L. Magyar Reform\u00e1tus Egyh\u00e1z, Budapest 248-256.<br \/>\n8.\u00a0\u00a0\u00a0 L\u00e1z\u00e1r I.(2003): Szoci\u00e1l-pszichoimmunol\u00f3gia. Egy h\u00eddtudom\u00e1ny pill\u00e9rei. In: A magatart\u00e1s, a lelki \u00e9let \u00e9s az immunrendszer k\u00f6lcs\u00f6nhat\u00e1sai. Urb\u00e1n R\u00f3bert szerk. ELTE E\u00f6tv\u00f6s, Budapest 13-49.<br \/>\n9.\u00a0\u00a0\u00a0 L\u00e1z\u00e1r I. (2003): K\u00f6t\u0151d\u00e9s \u00e9s f\u00fcgg\u0151s\u00e9g. In: Ifj\u00fa-k\u00f3r 2. Kap\u00f3cs I., Ma\u00e1r M., Szabadka P. szerk. Okker, Budapest 19-31.<br \/>\n10.\u00a0\u00a0\u00a0 L\u00e1z\u00e1r I. (2004): Test, l\u00e9lek \u00e9s szellem &#8211; alternat\u00edv val\u00f3s\u00e1gok a f\u00fcgg\u0151s\u00e9g kezel\u00e9s\u00e9ben. In: Ifj\u00fa-k\u00f3r 3. Kap\u00f3cs I., Ma\u00e1r M., Szabadka P. szerk. Okker, Budapest 159-173.<br \/>\n11.\u00a0\u00a0\u00a0 L\u00e1z\u00e1r I. (2009): Fejl\u0151d\u00e9sl\u00e9lektan; gyermek- \u00e9s serd\u00fcl\u0151kori pszichoszomatikus \u00e9s magatart\u00e1si zavarok. In: Orvosi pszichol\u00f3gia. Kopp M\u00e1ria, Berghammer Rita szerk. Medicina, Budapest 145-187.<br \/>\n12.\u00a0\u00a0\u00a0 L\u00e1z\u00e1r I., T\u00fary F. (2009): Orvos-beteg kapcsolat. In: Orvosi pszichol\u00f3gia. Kopp M\u00e1ria, Berghammer Rita, szerk. Medicina, Budapest 254-279.<br \/>\n13.\u00a0\u00a0\u00a0 L\u00e1z\u00e1r I. (2009): Pszichoneuroimmunol\u00f3gia (PNI) In: Orvosi pszichol\u00f3gia. Kopp M\u00e1ria, Berghammer Rita szerk. Medicina, Budapest 335-372.<br \/>\n14.\u00a0\u00a0\u00a0 L\u00e1z\u00e1r I. (2009): Gyakorlati pszichoimmunol\u00f3gia. Immunrendszeri megbeteged\u00e9sek. In: Orvosi pszichol\u00f3gia. Kopp M\u00e1ria, Berghammer Rita szerk. Medicina, Budapest 388-413.<br \/>\n15.\u00a0\u00a0\u00a0 L\u00e1z\u00e1r I\u00a0 A biopszichoszocio-spiritu\u00e1lis\u00a0 modell &#8211; a szellem, a l\u00e9lek \u00e9s a test \u00f6kol\u00f3gi\u00e1ja. In: Ifj\u00fa-k\u00f3r 4,. Kap\u00f3cs I., Ma\u00e1r M, Szabadka P. szerk. Okker, Budapest 365-379.<br \/>\n16.\u00a0\u00a0\u00a0 L\u00e1z\u00e1r I. (2006): Munkan\u00e9lk\u00fcliek \u00e9letmin\u0151s\u00e9ge. In: Kopp M\u00e1ria &#8211; Kov\u00e1cs M\u00f3nika Erika szerk.: A magyar n\u00e9pess\u00e9g \u00e9letmin\u0151s\u00e9ge az ezredfordul\u00f3n. Semmelweis, Budapest 350-363.<br \/>\n17.\u00a0\u00a0\u00a0 L\u00e1z\u00e1r I.(2008): Utak \u00e9s \u00fatveszt\u0151k: a term\u00e9szetgy\u00f3gy\u00e1szat helyzete Magyarorsz\u00e1gon a Hungarostudy 2002 felm\u00e9r\u00e9s f\u00e9ny\u00e9ben. Kopp M\u00e1ria szerk.: Magyar lelki\u00e1llapot 2008 Semmelweis, Budapest, 406-414.<br \/>\n18.\u00a0\u00a0\u00a0 L\u00e1z\u00e1r I. (2008): Cig\u00e1nypasztor\u00e1ci\u00f3 \u00e9s eg\u00e9szs\u00e9gv\u00e9delem, Kopp M\u00e1ria szerk.: Magyar lelki\u00e1llapot 2008. Semmelweis, Budapest 450-459.<\/p>\n<p style=\"text-align: justify\"><strong>Co-author <\/strong><br \/>\n1.\u00a0\u00a0\u00a0 L\u00e9der L., Kopp M., Szedm\u00e1k S., L\u00e1z\u00e1r I. (2002): T\u00e1rgyveszt\u00e9s \u00e9s eg\u00e9szs\u00e9gi \u00e1llapot. In: \u00c9lethelyzet &#8211; \u00e9letmin\u0151s\u00e9g, zs\u00e1kutc\u00e1k \u00e9s kiutak. Magyarorsz\u00e1g az ezredfordul\u00f3n. Strat\u00e9giai kutat\u00e1sok a Magyar Tudom\u00e1nyos Akad\u00e9mi\u00e1n. MTA, Budapest 63-95.<br \/>\n2.\u00a0\u00a0\u00a0 Jakab E., Hulesch B., L\u00e1z\u00e1r I. (2006): Munkav\u00e1llal\u00f3k \u00e9letmin\u0151s\u00e9ge. In: Kopp M\u00e1ria &#8211; Kov\u00e1cs M\u00f3nika Erika szerk.: A magyar n\u00e9pess\u00e9g \u00e9letmin\u0151s\u00e9ge az ezredfordul\u00f3n.\u00a0 Semmelweis, Budapest 288-301.<\/p>\n<p style=\"text-align: justify\"><strong>Articles in Hungarian<\/strong><br \/>\n1.\u00a0\u00a0\u00a0 L\u00e1z\u00e1r I.(1990): Az elme \u00f6kol\u00f3gi\u00e1ja. Psychiatria Hungarica 5. 1. 52-56.<br \/>\n2.\u00a0\u00a0\u00a0 L\u00e1z\u00e1r I. (1993): Munkan\u00e9lk\u00fclis\u00e9g \u00e9s betegs\u00e9gkock\u00e1zat V\u00e9geken 4. 2. 16-23.<br \/>\n3.\u00a0\u00a0\u00a0 L\u00e1z\u00e1r I. (1994): Nem lehet feladni. A pszichoonkol\u00f3gia kih\u00edv\u00e1sa.\u00a0 K\u00f6rnyezet \u00e9s orvosl\u00e1s 1994. 1. 7-10.<br \/>\n4.\u00a0\u00a0\u00a0 L\u00e1z\u00e1r I. (1994): A szerves \u00e9s szervetlen csal\u00e1d \u00e9s betegs\u00e9geik. K\u00f6rnyezet \u00e9s orvosl\u00e1s 1994. 2. 26-29.<br \/>\n5.\u00a0\u00a0\u00a0 L\u00e1z\u00e1r I. (1995): Az id\u00fclt gyullad\u00e1sos b\u00e9lbetegs\u00e9gek (IBD) pszichoneuroimmunol\u00f3gi\u00e1ja. Magyar Belorvosi Arch\u00edvum 1995. 48. 5. 335-341.<br \/>\n6.\u00a0\u00a0\u00a0 L\u00e1z\u00e1r I. (1996): \u00d6kopolisz \u00e9s vid\u00e9ke. \u00d6kot\u00e1j 1996. 15. 130-141.<br \/>\n7.\u00a0\u00a0\u00a0 L\u00e1z\u00e1r I. (1997): E-K-O-l\u00f3gia. Orsz\u00e1g\u00e9p\u00edt\u0151 1997. 3-4. 26-33.<br \/>\n8.\u00a0\u00a0\u00a0 L\u00e1z\u00e1r I. (1999): A kisebbs\u00e9gi l\u00e9t k\u00f6rnyezeti g\u00fal\u00e1ja. Magyar Kisebbs\u00e9g 1998. 4. 3-4. 17-33.<br \/>\n9.\u00a0\u00a0\u00a0 L\u00e1z\u00e1r I. (1999): F\u00fcgg\u0151 m\u00f3dban. \u00d6kot\u00e1j 1999.\u00a0 20-21.. 36-45.<br \/>\n10.\u00a0\u00a0\u00a0 L\u00e1z\u00e1r I. (1999): T\u00e1voll\u00e9tben, l\u00e9tt\u00e1volr\u00f3l. Egy elmaradt besz\u00e9lget\u00e9s jegyz\u0151k\u00f6nyve. \u00d6kot\u00e1j 1999 20-21. 10-17.<br \/>\n11.\u00a0\u00a0\u00a0 L\u00e1z\u00e1r I. (1999): \u00d6komedicina: a szel\u00edd orvosl\u00e1s es\u00e9lyei. \u00d6kot\u00e1j 1999. 22. 52-58.<br \/>\n12.\u00a0\u00a0\u00a0 L\u00e1z\u00e1r I. (1999): Az ellen\u00e9rz\u00fclet ellentmond\u00e1sai. V\u00e9letlen balett 1999. 1. 2. 48-59.<br \/>\n13.\u00a0\u00a0\u00a0 L\u00e1z\u00e1r I. (2000): Koll\u00e9gium a magasban. \u00d6kot\u00e1j 2000. 23-24. 33-38.<br \/>\n14.\u00a0\u00a0\u00a0 L\u00e1z\u00e1r I. (2001): A falu s\u00e9r\u00fclt lelke. A falu 2001. 2. 7-14.<br \/>\n15.\u00a0\u00a0\u00a0 L\u00e1z\u00e1r I. (2001):\u00a0 Egyh\u00e1z \u00e9s csal\u00e1d egy el\u00f6reged\u0151 t\u00e1rsadalomban \u00e9s egy meg\u00fajul\u00f3 nemzetben. Confessio 2001. 25. 4. 17-26.<br \/>\n16.\u00a0\u00a0\u00a0 L\u00e1z\u00e1r I. (2001): A munkan\u00e9lk\u00fclis\u00e9g ment\u00e1lhigi\u00e9n\u00e9je. Csal\u00e1dorvosi F\u00f3rum 2001. december\u00a0 47-51.<br \/>\n17.\u00a0\u00a0\u00a0 Cs\u00e9pe P., L\u00e1z\u00e1r I. (2001): A munkahelyi eg\u00e9szs\u00e9gnevel\u00e9s \u00e9s eg\u00e9szs\u00e9gmeg\u0151rz\u00e9s. Eg\u00e9szs\u00e9gnevel\u00e9s 42. 65-69.<br \/>\n18.\u00a0\u00a0\u00a0 Jakab E., L\u00e1z\u00e1r I. (2007): Munkahelyi pszichoszomatika. Magyar Pszichol\u00f3giai Szemle 62. 3. 313-344.<\/p>\n<\/td>\n<\/tr>\n<\/tbody>\n<\/table>\n<\/div><\/div>\n","protected":false},"excerpt":{"rendered":"<p>Personal data Date of birth: 5 April 1957 Family status: married, four children Address: 1221 Budapest, Gerinc u. 60. Mobile (0036)703386935 E-mail : &lt;!&#8211; var prefix = &#039;m&#097;&#105;lt&#111;:&#039;; var suffix = &#039;&#039;; var attribs = &#039;&#039;; var path = &#039;hr&#039; + &#039;ef&#039; + &#039;=&#039;; var addy70009 = &#039;m&#101;d&#105;t&#097;rt&#039; + &#039;&#064;&#039;; addy70009 = addy70009 + &#039;&#101;nt&#101;rn&#101;t&#039; &hellip;<\/p>\n","protected":false},"author":110,"featured_media":0,"parent":3356,"menu_order":22,"comment_status":"closed","ping_status":"closed","template":"","meta":{"_acf_changed":false,"footnotes":""},"categories":[],"tags":[],"class_list":["post-3923","page","type-page","status-publish","hentry"],"acf":[],"_links":{"self":[{"href":"https:\/\/semmelweis.hu\/magtud\/wp-json\/wp\/v2\/pages\/3923","targetHints":{"allow":["GET"]}}],"collection":[{"href":"https:\/\/semmelweis.hu\/magtud\/wp-json\/wp\/v2\/pages"}],"about":[{"href":"https:\/\/semmelweis.hu\/magtud\/wp-json\/wp\/v2\/types\/page"}],"author":[{"embeddable":true,"href":"https:\/\/semmelweis.hu\/magtud\/wp-json\/wp\/v2\/users\/110"}],"replies":[{"embeddable":true,"href":"https:\/\/semmelweis.hu\/magtud\/wp-json\/wp\/v2\/comments?post=3923"}],"version-history":[{"count":2,"href":"https:\/\/semmelweis.hu\/magtud\/wp-json\/wp\/v2\/pages\/3923\/revisions"}],"predecessor-version":[{"id":3925,"href":"https:\/\/semmelweis.hu\/magtud\/wp-json\/wp\/v2\/pages\/3923\/revisions\/3925"}],"up":[{"embeddable":true,"href":"https:\/\/semmelweis.hu\/magtud\/wp-json\/wp\/v2\/pages\/3356"}],"wp:attachment":[{"href":"https:\/\/semmelweis.hu\/magtud\/wp-json\/wp\/v2\/media?parent=3923"}],"wp:term":[{"taxonomy":"category","embeddable":true,"href":"https:\/\/semmelweis.hu\/magtud\/wp-json\/wp\/v2\/categories?post=3923"},{"taxonomy":"post_tag","embeddable":true,"href":"https:\/\/semmelweis.hu\/magtud\/wp-json\/wp\/v2\/tags?post=3923"}],"curies":[{"name":"wp","href":"https:\/\/api.w.org\/{rel}","templated":true}]}}