{"id":3805,"date":"2017-11-29T11:14:53","date_gmt":"2017-11-29T10:14:53","guid":{"rendered":"http:\/\/semmelweis.hu\/magtud\/?page_id=3805"},"modified":"2024-11-22T15:04:51","modified_gmt":"2024-11-22T14:04:51","slug":"contact","status":"publish","type":"page","link":"https:\/\/semmelweis.hu\/magtud\/en\/contact\/","title":{"rendered":"Contact"},"content":{"rendered":"<h1>\u00a0Institute of Behavioural Sciences, Semmelweis University<\/h1>\n<h4><strong>Secretariat<\/strong><\/h4>\n<p>H-1089 Budapest, Nagyv\u00e1rad t\u00e9r 4.\u00a0 20th floor<br \/>\nTel: +36 1 210-2953; +36 1 210-2955<br \/>\n+36-20-670-1937<\/p>\n<p><a class=\"btn btn-secondary\" href=\"https:\/\/www.google.com\/maps\/place\/Budapest,+Nagyv%C3%A1rad+t%C3%A9r+4,+1089\/data=!4m2!3m1!1s0x4741dce663d65943:0xf5391fc3337d063b?sa=X&amp;ved=2ahUKEwixqryW_7X_AhWli_0HHT34B_IQ8gF6BAgIEAI\" target=\"_blank\" rel=\"noopener\">See on the Map<\/a><\/p>\n<p><strong>Psychosomatic Outpatient Department<\/strong><br \/>\nH-1089 Budapest, NET Building, Nagyv\u00e1rad t\u00e9r 4. Ground floor<br \/>\nTel: +36 1 459-1500\/ext. 56565<br \/>\nszakrendelo.magatartastudomany@semmelweis.hu<\/p>\n<p><strong>Postal address:<\/strong><br \/>\nH-1085 Budapest, \u00dcll\u0151i \u00fat 26. \/ H-1428 Budapest, PO Box 2.<\/p>\n<p><strong>Secretariat:<\/strong><br \/>\nCsilla Motyovszki +36 1 210-2930\/ext. 56126<br \/>\nMobile: +36 20-670-1937<br \/>\nmotyovszki.csilla@med.semmelweis-univ.hu<\/p>\n<p><strong>Educational Administration:<\/strong><br \/>\nR\u00e9ka Polg\u00e1rdi +36 1 210-2930\/ext. 56114<br \/>\npolgardi.reka@med.semmelweis-univ.hu<\/p>\n<p><strong>Research Administration:<\/strong><br \/>\nCsilla Raduch +36 1 210-2930\/ext. 56127<br \/>\nraduch.csilla@med.semmelweis-univ.hu<\/p>\n<p><strong>Financial Administration:<\/strong><br \/>\nBeatrix Beliczki +36 1 210-2930\/ext. 56402<br \/>\nbeliczki.beatrix@semmelweis-univ.hu<\/p>\n<p><strong>IT System Administrator:<\/strong><br \/>\nZsolt J\u00f3n\u00e1s +36 1 210-2930\/ext. 56400<br \/>\njonas.zsolt@med.semmelweis-univ.hu<\/p>\n<p><strong>IT Librarian:<\/strong><br \/>\nNo\u00e9mi Somorjai +36 1 210-2930\/ext. 56125<br \/>\nsomorjai.noemi@med.semmelweis-univ.hu<\/p>\n<p><strong>Psychosomatic Outpatient Department:<\/strong><br \/>\nAndrea K\u0151halmi +36 1 210-2930\/ext. 56565<br \/>\nkohalmi.andrea@med.semmelweis-univ.hu<\/p>\n","protected":false},"excerpt":{"rendered":"<p>\u00a0Institute of Behavioural Sciences, Semmelweis University Secretariat H-1089 Budapest, Nagyv\u00e1rad t\u00e9r 4.\u00a0 20th floor Tel: +36 1 210-2953; +36 1 210-2955 +36-20-670-1937 <a class=\"btn btn-secondary\" href=\"https:\/\/www.google.com\/maps\/place\/Budapest,+Nagyv%C3%A1rad+t%C3%A9r+4,+1089\/data=!4m2!3m1!1s0x4741dce663d65943:0xf5391fc3337d063b?sa=X&amp;ved=2ahUKEwixqryW_7X_AhWli_0HHT34B_IQ8gF6BAgIEAI\" target=\"_blank\" rel=\"noopener\">See on the Map<\/a> Psychosomatic Outpatient Department H-1089 Budapest, NET Building, Nagyv\u00e1rad t\u00e9r 4. Ground floor Tel: +36 1 459-1500\/ext. 56565 szakrendelo.magatartastudomany@semmelweis.hu Postal address: H-1085 Budapest, \u00dcll\u0151i \u00fat 26. \/ H-1428 Budapest, PO Box 2. Secretariat: Csilla &hellip;<\/p>\n","protected":false},"author":110,"featured_media":0,"parent":0,"menu_order":5,"comment_status":"closed","ping_status":"closed","template":"","meta":{"_acf_changed":false,"footnotes":""},"categories":[],"tags":[],"class_list":["post-3805","page","type-page","status-publish","hentry"],"acf":[],"_links":{"self":[{"href":"https:\/\/semmelweis.hu\/magtud\/wp-json\/wp\/v2\/pages\/3805","targetHints":{"allow":["GET"]}}],"collection":[{"href":"https:\/\/semmelweis.hu\/magtud\/wp-json\/wp\/v2\/pages"}],"about":[{"href":"https:\/\/semmelweis.hu\/magtud\/wp-json\/wp\/v2\/types\/page"}],"author":[{"embeddable":true,"href":"https:\/\/semmelweis.hu\/magtud\/wp-json\/wp\/v2\/users\/110"}],"replies":[{"embeddable":true,"href":"https:\/\/semmelweis.hu\/magtud\/wp-json\/wp\/v2\/comments?post=3805"}],"version-history":[{"count":12,"href":"https:\/\/semmelweis.hu\/magtud\/wp-json\/wp\/v2\/pages\/3805\/revisions"}],"predecessor-version":[{"id":12572,"href":"https:\/\/semmelweis.hu\/magtud\/wp-json\/wp\/v2\/pages\/3805\/revisions\/12572"}],"wp:attachment":[{"href":"https:\/\/semmelweis.hu\/magtud\/wp-json\/wp\/v2\/media?parent=3805"}],"wp:term":[{"taxonomy":"category","embeddable":true,"href":"https:\/\/semmelweis.hu\/magtud\/wp-json\/wp\/v2\/categories?post=3805"},{"taxonomy":"post_tag","embeddable":true,"href":"https:\/\/semmelweis.hu\/magtud\/wp-json\/wp\/v2\/tags?post=3805"}],"curies":[{"name":"wp","href":"https:\/\/api.w.org\/{rel}","templated":true}]}}