{"id":3785,"date":"2017-11-29T10:40:54","date_gmt":"2017-11-29T09:40:54","guid":{"rendered":"http:\/\/semmelweis.hu\/magtud\/?page_id=3785"},"modified":"2020-07-06T14:17:49","modified_gmt":"2020-07-06T12:17:49","slug":"departments-medical-sociology","status":"publish","type":"page","link":"https:\/\/semmelweis.hu\/magtud\/en\/departments\/departments-medical-sociology\/","title":{"rendered":"Department of Medical Sociology"},"content":{"rendered":"<p><strong>DEPARTMENT OF MEDICAL SOCIOLOGY<\/strong><\/p>\n<p><strong>Department leader: <\/strong>Dr. Zsuzsa Gy\u0151rffy, PhD, associate professor<\/p>\n<p><strong>Members of the department<\/strong>: Dr. Vir\u00e1g Bogn\u00e1r , Bence D\u00f6br\u00f6ssy, Dr. Edmond Girasek, Dr. Anna Sus\u00e1nszky, Dr. Szilvia Z\u00f6rg\u0151<\/p>\n<p><strong>PhD students<\/strong>: Dr. Zsuzsanna Sz\u00e9l, Zsuzsa Koncz, N\u00f3ra Rad\u00f3<\/p>\n<p><strong>Aim of the course:<\/strong><\/p>\n<p>By the mid to late 20th century, the biomedical model in medicine was replaced by the biopsychosocial model. There are biological, psychological and social factors in the background of illness. This is the approach we take in this course in looking at various aspects of health, illness and medical work. Our aim is to introduce health professionals to the social factors they must be familiar with in working with patients. Topics include social stratification and health inequalities, the principles of health care systems, medicalisation and the changing medical profession, illness behaviour, intercultural issues in health care as well as the challenges of digital health.<\/p>\n<p>Enhancing the research skills of students is a vital aim of the course, hence the teaching method in the practicals is project based.<\/p>\n<p><strong>Compulsory subjects taught by the department: <\/strong><\/p>\n<p>The sociology of healthcare and medicine \u2013 Faculty of Medicine (2 credits)<\/p>\n<p>Medical sociology for dentistry- Faculty of Medicine (1 credit)<\/p>\n<p>Pharmaceutical sociology- Faculty of Pharmacy<\/p>\n","protected":false},"excerpt":{"rendered":"<p>DEPARTMENT OF MEDICAL SOCIOLOGY Department leader: Dr. Zsuzsa Gy\u0151rffy, PhD, associate professor Members of the department: Dr. Vir\u00e1g Bogn\u00e1r , Bence D\u00f6br\u00f6ssy, Dr. Edmond Girasek, Dr. Anna Sus\u00e1nszky, Dr. Szilvia Z\u00f6rg\u0151 PhD students: Dr. Zsuzsanna Sz\u00e9l, Zsuzsa Koncz, N\u00f3ra Rad\u00f3 Aim of the course: By the mid to late 20th century, the biomedical model in &hellip;<\/p>\n","protected":false},"author":110,"featured_media":0,"parent":3733,"menu_order":4,"comment_status":"closed","ping_status":"closed","template":"","meta":{"_acf_changed":false,"footnotes":""},"categories":[],"tags":[],"class_list":["post-3785","page","type-page","status-publish","hentry"],"acf":[],"_links":{"self":[{"href":"https:\/\/semmelweis.hu\/magtud\/wp-json\/wp\/v2\/pages\/3785","targetHints":{"allow":["GET"]}}],"collection":[{"href":"https:\/\/semmelweis.hu\/magtud\/wp-json\/wp\/v2\/pages"}],"about":[{"href":"https:\/\/semmelweis.hu\/magtud\/wp-json\/wp\/v2\/types\/page"}],"author":[{"embeddable":true,"href":"https:\/\/semmelweis.hu\/magtud\/wp-json\/wp\/v2\/users\/110"}],"replies":[{"embeddable":true,"href":"https:\/\/semmelweis.hu\/magtud\/wp-json\/wp\/v2\/comments?post=3785"}],"version-history":[{"count":10,"href":"https:\/\/semmelweis.hu\/magtud\/wp-json\/wp\/v2\/pages\/3785\/revisions"}],"predecessor-version":[{"id":8451,"href":"https:\/\/semmelweis.hu\/magtud\/wp-json\/wp\/v2\/pages\/3785\/revisions\/8451"}],"up":[{"embeddable":true,"href":"https:\/\/semmelweis.hu\/magtud\/wp-json\/wp\/v2\/pages\/3733"}],"wp:attachment":[{"href":"https:\/\/semmelweis.hu\/magtud\/wp-json\/wp\/v2\/media?parent=3785"}],"wp:term":[{"taxonomy":"category","embeddable":true,"href":"https:\/\/semmelweis.hu\/magtud\/wp-json\/wp\/v2\/categories?post=3785"},{"taxonomy":"post_tag","embeddable":true,"href":"https:\/\/semmelweis.hu\/magtud\/wp-json\/wp\/v2\/tags?post=3785"}],"curies":[{"name":"wp","href":"https:\/\/api.w.org\/{rel}","templated":true}]}}