{"id":3767,"date":"2017-11-29T10:17:44","date_gmt":"2017-11-29T09:17:44","guid":{"rendered":"http:\/\/semmelweis.hu\/magtud\/?page_id=3767"},"modified":"2020-07-03T17:18:35","modified_gmt":"2020-07-03T15:18:35","slug":"department-of-bioethics","status":"publish","type":"page","link":"https:\/\/semmelweis.hu\/magtud\/en\/departments\/department-of-bioethics\/","title":{"rendered":"Department of Bioethics"},"content":{"rendered":"<table class=\"contentpaneopen\">\n<tbody>\n<tr>\n<td valign=\"top\"><span style=\"font-size: 12pt;font-family: times new roman, times, serif\"><strong>\u00a0Department Staff<\/strong><\/span><\/p>\n<p><span style=\"font-size: 12pt;font-family: times new roman, times, serif\">Head of Department: J\u00f3zsef Kov\u00e1cs, MD, PhD, DSc (Head of the Department of Bioethics), +36 1 210-2930; e-mail:<br \/>\n<script>\n &lt;!--\n var prefix = &#039;m&#097;&#105;lt&#111;:&#039;;\n var suffix = &#039;&#039;;\n var attribs = &#039;&#039;;\n var path = &#039;hr&#039; + &#039;ef&#039; + &#039;=&#039;;\n var addy18919 = &#039;k&#111;v&#097;cs.j&#111;zs&#101;f&#039; + &#039;&#064;&#039;;\n addy18919 = addy18919 + &#039;m&#101;d&#039; + &#039;&#046;&#039; + &#039;s&#101;mm&#101;lw&#101;&#105;s-&#117;n&#105;v&#039; + &#039;&#046;&#039; + &#039;h&#117;&#039;;\n document.write( &#039;<a>' );\n document.write( addy18919 );\n document.write( '' );\n \/\/--&gt;\n <\/script><a href=\"mailto:kovacs.jozsef@med.semmelweis-univ.hu\">kovacs.jozsef@med.semmelweis-univ.hu<\/a><script>\n &lt;!--\n document.write( &#039;<span>' );\n \/\/--&gt;\n <\/script>Ezt a c\u00edmet a spamrobotok ellen v\u00e9dj\u00fck. Enged\u00e9lyezze a Javascript haszn\u00e1lat\u00e1t, hogy megtekinthesse.<br \/>\n<script>\n &lt;!--\n document.write( &#039;' );\n \/\/--&gt;\n <\/script> (Room 2003)<\/span><\/p>\n<p><span style=\"font-family: times new roman, times, serif;font-size: 12pt\">Staff Members<\/span><\/p>\n<p><span style=\"font-family: times new roman, times, serif;font-size: 12pt\">Tam\u00e1s Csapody, JD, PhD, e-mail: csapody.tamas@med.semmelweis-univ.hu (Room 2013) (Tel: +36-20-670-1092)<\/span><\/p>\n<p style=\"line-height: 200%\"><span style=\"font-family: times new roman, times, serif;font-size: 12pt\">\u00c1gnes D\u00f3sa, MD, JD, PhD, e-mail:<br \/>\n<script>\n &lt;!--\n var prefix = &#039;m&#097;&#105;lt&#111;:&#039;;\n var suffix = &#039;&#039;;\n var attribs = &#039;&#039;;\n var path = &#039;hr&#039; + &#039;ef&#039; + &#039;=&#039;;\n var addy38927 = &#039;h&#101;g&#101;d&#117;s.k&#097;t&#097;l&#105;n&#039; + &#039;&#064;&#039;;\n addy38927 = addy38927 + &#039;m&#101;d&#039; + &#039;&#046;&#039; + &#039;s&#101;mm&#101;lw&#101;&#105;s-&#117;n&#105;v&#039; + &#039;&#046;&#039; + &#039;h&#117;&#039;;\n document.write( &#039;<a>' );\n document.write( addy38927 );\n document.write( '' );\n \/\/--&gt;\n <\/script><a href=\"mailto:hegedus.katalin@med.semmelweis-univ.hu\">dosa.agnes@med.semmelweis-univ.hu<\/a><script>\n &lt;!--\n document.write( &#039;<span>' );\n \/\/--&gt;\n <\/script>Ezt a c\u00edmet a spamrobotok ellen v\u00e9dj\u00fck. Enged\u00e9lyezze a Javascript haszn\u00e1lat\u00e1t, hogy megtekinthesse.<br \/>\n<script>\n &lt;!--\n document.write( &#039;' );\n \/\/--&gt;\n <\/script> (Room 2007) (Tel: +36-20-666-3029)<br \/>\n<\/span><\/p>\n<p><span style=\"font-size: 10pt\">L\u00e1szl\u00f3 Nemes, PhD, e-mail: <script>\n &lt;!--\n var prefix = &#039;m&#097;&#105;lt&#111;:&#039;;\n var suffix = &#039;&#039;;\n var attribs = &#039;&#039;;\n var path = &#039;hr&#039; + &#039;ef&#039; + &#039;=&#039;;\n var addy38927 = &#039;h&#101;g&#101;d&#117;s.k&#097;t&#097;l&#105;n&#039; + &#039;&#064;&#039;;\n addy38927 = addy38927 + &#039;m&#101;d&#039; + &#039;&#046;&#039; + &#039;s&#101;mm&#101;lw&#101;&#105;s-&#117;n&#105;v&#039; + &#039;&#046;&#039; + &#039;h&#117;&#039;;\n document.write( &#039;<a>' );\n document.write( addy38927 );\n document.write( '' );\n \/\/--&gt;\n <\/script>nemes.laszlo@med.semmelweis-univ.hu<script>\n &lt;!--\n document.write( &#039;<span>' );\n \/\/--&gt;\n <\/script>Ezt a c\u00edmet a spamrobotok ellen v\u00e9dj\u00fck. Enged\u00e9lyezze a Javascript haszn\u00e1lat\u00e1t, hogy megtekinthesse.<script>\n &lt;!--\n document.write( &#039;' );\n \/\/--&gt;\n <\/script> (Room 2017)<\/span><\/p>\n<p style=\"line-height: 200%\"><span style=\"font-family: times new roman, times, serif;font-size: 12pt\">Orsolya M\u00e1rta P\u00e9ter, JD, PhD, e-mail: <script>\n &lt;!--\n var prefix = &#039;m&#097;&#105;lt&#111;:&#039;;\n var suffix = &#039;&#039;;\n var attribs = &#039;&#039;;\n var path = &#039;hr&#039; + &#039;ef&#039; + &#039;=&#039;;\n var addy99548 = &#039;p&#101;t&#101;r.&#111;rs&#111;ly&#097;&#039; + &#039;&#064;&#039;;\n addy99548 = addy99548 + &#039;m&#101;d&#039; + &#039;&#046;&#039; + &#039;s&#101;mm&#101;lw&#101;&#105;s-&#117;n&#105;v&#039; + &#039;&#046;&#039; + &#039;h&#117;&#039;;\n document.write( &#039;<a>' );\n document.write( addy99548 );\n document.write( '' );\n \/\/--&gt;\n <\/script><a href=\"mailto:peter.orsolya@med.semmelweis-univ.hu\">peter.orsolya@med.semmelweis-univ.hu<\/a><script>\n &lt;!--\n document.write( &#039;<span>' );\n \/\/--&gt;\n <\/script>Ezt a c\u00edmet a spamrobotok ellen v\u00e9dj\u00fck. Enged\u00e9lyezze a Javascript haszn\u00e1lat\u00e1t, hogy megtekinthesse.<br \/>\n<script>\n &lt;!--\n document.write( &#039;' );\n \/\/--&gt;\n <\/script>;\u00a0 <script>\n &lt;!--\n var prefix = &#039;m&#097;&#105;lt&#111;:&#039;;\n var suffix = &#039;&#039;;\n var attribs = &#039;&#039;;\n var path = &#039;hr&#039; + &#039;ef&#039; + &#039;=&#039;;\n var addy92800 = &#039;p&#101;t&#101;r&#111;rs&#111;ly&#097;&#039; + &#039;&#064;&#039;;\n addy92800 = addy92800 + &#039;gm&#097;&#105;l&#039; + &#039;&#046;&#039; + &#039;c&#111;m&#039;;\n document.write( &#039;<a>' );\n document.write( addy92800 );\n document.write( '' );\n \/\/--&gt;\n <\/script><a href=\"mailto:peterorsolya@gmail.com\">peterorsolya@gmail.com<\/a><script>\n &lt;!--\n document.write( &#039;<span>' );\n \/\/--&gt;\n <\/script>Ezt a c\u00edmet a spamrobotok ellen v\u00e9dj\u00fck. Enged\u00e9lyezze a Javascript haszn\u00e1lat\u00e1t, hogy megtekinthesse.<br \/>\n<script>\n &lt;!--\n document.write( &#039;' );\n \/\/--&gt;\n <\/script> (Room 2012) (Tel: +36-30-906-5787)<\/span><\/p>\n<p style=\"line-height: 200%\"><span style=\"font-family: times new roman, times, serif;font-size: 12pt\">Imre Szebik, MD, PhD, e-mail:<br \/>\n<script>\n &lt;!--\n var prefix = &#039;m&#097;&#105;lt&#111;:&#039;;\n var suffix = &#039;&#039;;\n var attribs = &#039;&#039;;\n var path = &#039;hr&#039; + &#039;ef&#039; + &#039;=&#039;;\n var addy14110 = &#039;sz&#101;b&#105;k.&#105;mr&#101;&#039; + &#039;&#064;&#039;;\n addy14110 = addy14110 + &#039;m&#101;d&#039; + &#039;&#046;&#039; + &#039;s&#101;mm&#101;lw&#101;&#105;s-&#117;n&#105;v&#039; + &#039;&#046;&#039; + &#039;h&#117;&#039;;\n document.write( &#039;<a>' );\n document.write( addy14110 );\n document.write( '' );\n \/\/--&gt;\n <\/script><a href=\"mailto:szebik.imre@med.semmelweis-univ.hu\">szebik.imre@med.semmelweis-univ.hu<\/a><script>\n &lt;!--\n document.write( &#039;<span>' );\n \/\/--&gt;\n <\/script>Ezt a c\u00edmet a spamrobotok ellen v\u00e9dj\u00fck. Enged\u00e9lyezze a Javascript haszn\u00e1lat\u00e1t, hogy megtekinthesse.<br \/>\n<script>\n &lt;!--\n document.write( &#039;' );\n \/\/--&gt;\n <\/script> (Room 1914) (Tel: +36-20-824-3195)<\/span><\/p>\n<p style=\"line-height: 200%\"><span style=\"font-family: times new roman, times, serif;font-size: 12pt\">\u00c1gnes Zana, PhD, e-mail:<br \/>\n<script>\n &lt;!--\n var prefix = &#039;m&#097;&#105;lt&#111;:&#039;;\n var suffix = &#039;&#039;;\n var attribs = &#039;&#039;;\n var path = &#039;hr&#039; + &#039;ef&#039; + &#039;=&#039;;\n var addy40770 = &#039;z&#097;n&#097;.&#097;gn&#101;s&#039; + &#039;&#064;&#039;;\n addy40770 = addy40770 + &#039;m&#101;d&#039; + &#039;&#046;&#039; + &#039;s&#101;mm&#101;lw&#101;&#105;s-&#117;n&#105;v&#039; + &#039;&#046;&#039; + &#039;h&#117;&#039;;\n document.write( &#039;<a>' );\n document.write( addy40770 );\n document.write( '' );\n \/\/--&gt;\n <\/script><a href=\"mailto:zana.agnes@med.semmelweis-univ.hu\">zana.agnes@med.semmelweis-univ.hu<\/a><script>\n &lt;!--\n document.write( &#039;<span>' );\n \/\/--&gt;\n <\/script>Ezt a c\u00edmet a spamrobotok ellen v\u00e9dj\u00fck. Enged\u00e9lyezze a Javascript haszn\u00e1lat\u00e1t, hogy megtekinthesse.<br \/>\n<script>\n &lt;!--\n document.write( &#039;' );\n \/\/--&gt;\n <\/script> (Room 2008) (Tel: +36-30-530-1647)<\/span><\/p>\n<p>&nbsp;<\/p>\n<p><span style=\"font-family: times new roman, times, serif;font-size: 12pt\">Voluntary staff member:<\/span><br \/>\n<span style=\"font-family: times new roman, times, serif;font-size: 12pt\">Katalin Heged\u0171s, PhD, e-mail: hegedus.katalin@med.semmelweis-univ.hu (Room 2007) (Tel: +36-20-531-3799)<\/span><\/p>\n<p style=\"line-height: 200%\"><span style=\"font-family: times new roman, times, serif;font-size: 12pt\">Consultant:<br \/>\nJen\u0151 L\u0151rincz, MD, JD, e-mail:<br \/>\n<script>\n &lt;!--\n var prefix = &#039;m&#097;&#105;lt&#111;:&#039;;\n var suffix = &#039;&#039;;\n var attribs = &#039;&#039;;\n var path = &#039;hr&#039; + &#039;ef&#039; + &#039;=&#039;;\n var addy31669 = &#039;l&#111;r&#105;ncz.j&#101;n&#111;&#039; + &#039;&#064;&#039;;\n addy31669 = addy31669 + &#039;m&#101;d&#039; + &#039;&#046;&#039; + &#039;s&#101;mm&#101;lw&#101;&#105;s-&#117;n&#105;v&#039; + &#039;&#046;&#039; + &#039;h&#117;&#039;;\n document.write( &#039;<a>' );\n document.write( addy31669 );\n document.write( '' );\n \/\/--&gt;\n <\/script><a href=\"mailto:lorincz.jeno@med.semmelweis-univ.hu\">lorincz.jeno@med.semmelweis-univ.hu<\/a><script>\n &lt;!--\n document.write( &#039;<span>' );\n \/\/--&gt;\n <\/script>Ezt a c\u00edmet a spamrobotok ellen v\u00e9dj\u00fck. Enged\u00e9lyezze a Javascript haszn\u00e1lat\u00e1t, hogy megtekinthesse.<br \/>\n<script>\n &lt;!--\n document.write( &#039;' );\n \/\/--&gt;\n <\/script> (Room 2007)\u00a0 (Tel: +36-30-749-4768)<\/span><\/p>\n<p style=\"line-height: 200%\"><span style=\"font-family: times new roman, times, serif;font-size: 12pt\">\u00a0<\/span><\/p>\n<p style=\"line-height: 200%\"><span style=\"text-decoration: underline;font-size: 12pt;font-family: times new roman, times, serif\">Course Objectives<\/span><\/p>\n<p style=\"margin: 0cm 0cm 0.0001pt 36pt;text-indent: -18pt;line-height: 200%\"><span style=\"font-size: 12pt;font-family: times new roman, times, serif\">a.) To enable students to recognize ethical issues when encountered in everyday clinical practice and research.<\/span><\/p>\n<p style=\"margin: 0cm 0cm 0.0001pt 36pt;text-indent: -18pt;line-height: 200%\"><span style=\"font-size: 12pt;font-family: times new roman, times, serif\">b.) To provide students with a conceptual-logical system that helps them to address ethical questions and\u00a0 resolve ethical dilemmas in an efficient way.<\/span><\/p>\n<p style=\"margin: 0cm 0cm 0.0001pt 36pt;text-indent: -18pt;line-height: 200%\"><span style=\"font-size: 12pt;font-family: times new roman, times, serif\">c.) To introduce students to a body of knowledge that helps them to understand, respect and protect the rights of patients, research subjects and fellow health care professionals.<\/span><\/p>\n<p style=\"margin: 0cm 0cm 0.0001pt 36pt;text-indent: -18pt;line-height: 200%\"><span style=\"font-size: 12pt;font-family: times new roman, times, serif\">d.) To help would be health care professionals to understand the responsibility of the individual, of the health care system and of the society as a whole in maintaining health.<\/span><\/p>\n<p>&nbsp;<\/p>\n<p><span style=\"font-size: 12pt;font-family: times new roman, times, serif\"><i>Subjects<\/i><\/span><\/p>\n<p style=\"margin-bottom: 0.75pt;line-height: normal\"><span style=\"font-size: 12pt;font-family: times new roman, times, serif\">Availability of the learning support system &#8222;Moodle&#8221;: <a href=\"http:\/\/itc.semmelweis.hu\/moodle\/\" target=\"_blank\" rel=\"noopener noreferrer\">http:\/\/<span style=\"color: #1155cc\">itc<\/span>.<span style=\"color: #1155cc\">semmelweis<\/span>.<span style=\"color: #1155cc\">hu<\/span>\/moodle\/<\/a> &#8211; click on the SEKA button on the left side to enter.<br \/>\nThe site contains all the relevant information concerning the subject.<\/span><\/p>\n<p>&nbsp;<\/p>\n<p><span style=\"font-size: 12pt;font-family: times new roman, times, serif\"><b>Compulsory subjects in Hungarian<br \/>\n<\/b>Faculty of Medicine, 3<sup>rd <\/sup>year: Medical Ethics &#8211; Bioethics<br \/>\nFaculty of Dentistry, 4<sup>th<\/sup> year: Dental Ethics &#8211; Bioethics<br \/>\nFaculty of Pharmacy, 5<sup>th<\/sup> year: Pharmaceutical Ethics &#8211; Bioethics<br \/>\nFaculty of Health Informatics, Health Services Organizer Course, 1<sup>st<\/sup> year: Bioethics &#8211; Health Care Ethics <\/span><\/p>\n<p><span style=\"font-size: 12pt;font-family: times new roman, times, serif\"><b>Compulsory subjects in English<\/b><br \/>\nFaculty of General Medicine, 4<sup>th<\/sup> year: Medical Ethics &#8211; Bioethics<br \/>\nFaculty of Dentistry, 4<sup>th<\/sup> year: Dental Ethics &#8211; Bioethics<br \/>\nFaculty of Pharmacy, 5<sup>th<\/sup> year: Pharmaceutical Ethics &#8211; Bioethics <\/span><\/p>\n<p><span style=\"font-size: 12pt;font-family: times new roman, times, serif\"><b>Compulsory subjects in German<\/b><br \/>\nFaculty of General Medicine, 4<sup>th<\/sup> year: Bioethik<br \/>\nFaculty of Dentistry, 4<sup>th<\/sup> year: Bioethik<br \/>\nFaculty of Pharmacy, 5<sup>th<\/sup> year: Bioethik<\/span><\/p>\n<p>&nbsp;<\/p>\n<p><span style=\"font-size: 12pt;font-family: times new roman, times, serif\"><b>Optional subjects in Hungarian<\/b><\/span><\/p>\n<p><span style=\"font-size: 12pt;font-family: times new roman, times, serif\"><strong>Faculty of Medicine<br \/>\n<\/strong>Scalpel and paragraph: special problems in medical practice in the mirror of law.<br \/>\nThanatology. The questions of grief and dying in medical practice. Palliative care of terminally ill cancer patients.<br \/>\nJewish medical ethics I.<br \/>\nEthical questions of clinical research. PhD course in every second year. Last course was 2019\/2020\u00a0 2<sup>nd<\/sup> semester.<\/span><\/p>\n<p><span style=\"font-size: 12pt;font-family: times new roman, times, serif\"><strong>Faculty of Dentistry <\/strong><\/span><br \/>\n<span style=\"font-family: times new roman, times, serif;font-size: 12pt\">Death, culture, medical anthropology<\/span><br \/>\n<span style=\"font-family: times new roman, times, serif;font-size: 12pt\">Scalpel and paragraph: special problems in medical practice in the mirror of law.<\/span><\/p>\n<p><span style=\"font-size: 12pt;font-family: times new roman, times, serif\"><b><br \/>\nOptional subjects in English<\/b><\/span><\/p>\n<p><span style=\"font-family: times new roman, times, serif;font-size: 12pt\">Jewish Medical Ethics I-II.<\/span><\/p>\n<p>&nbsp;<\/p>\n<p><span style=\"font-size: 12pt;font-family: times new roman, times, serif\"><b>Optional subjects in German:<\/b><\/span><\/p>\n<p><span style=\"font-size: 12pt;font-family: times new roman, times, serif\">Thanatologische Kenntnisse. Fragen des Sterbens und der Trauer in der medizinischen Praxis. Palliative Versorgung krebskranker Menschen mit begrenzter Lebenserwartung.<b><br \/>\n<\/b><\/span><\/p>\n<p>&nbsp;<\/p>\n<p><span style=\"font-size: 12pt;font-family: times new roman, times, serif\"><b>List of Examination Questions (for students pursuing their studies in Hungarian)<\/b><\/span><\/p>\n<p><span style=\"font-family: times new roman, times, serif;font-size: 12pt\">Medical Ethics &#8211; Bioethics: Faculty of General Medicine, 4<sup>th<\/sup> year<br \/>\nDental Ethics &#8211; Bioethics: Faculty of Dentistry, 4<sup>th<\/sup> year<br \/>\nPharmaceutical Ethics &#8211; Bioethics:\u00a0 Faculty of Pharmacy, 5<sup>th<\/sup> year<\/span><\/p>\n<p>&nbsp;<\/p>\n<p><span style=\"font-size: 12pt;font-family: times new roman, times, serif\"><b>Textbooks in Hungarian <\/b><\/span><\/p>\n<p><span style=\"font-family: times new roman, times, serif;font-size: 12pt\">Dr. Kov\u00e1cs J\u00f3zsef (2006): A modern orvosi etika alapjai. Bevezet\u00e9s a bioetik\u00e1ba. (2. \u00e1tdolgozott kiad\u00e1s). Budapest, Medicina k\u00f6nyvkiad\u00f3 \u00a0<b>ISBN: 963 242 624 X <\/b>(e-book: 2019.)<br \/>\n<\/span><\/p>\n<p><span style=\"font-family: times new roman, times, serif;font-size: 12pt\">Dr. Kov\u00e1cs J\u00f3zsef (2017) (szerk.):\u00a0 A biotechnol\u00f3gia etikai k\u00e9rd\u00e9sei. (E-book, Semmelweis Kiad\u00f3, www.semmelweiskiado.hu) (p.287) <strong>ISBN: 978-963-331-406-7<\/strong><b><br \/>\n<\/b><\/span><\/p>\n<p>&nbsp;<\/p>\n<p><span style=\"font-size: 12pt;font-family: times new roman, times, serif\"><b>Textbooks in English <\/b><\/span><\/p>\n<p><span style=\"font-family: times new roman, times, serif;font-size: 12pt\">Conrad Fischer\u2014Caterina Oneto (2016): Medical Ethics for the Boards. (Third edition) New York: McGraw-Hill Education.<br \/>\nISBN: 978-1-259-64121-3<br \/>\nMHID 1-25-964121-3<br \/>\n<\/span><\/p>\n<p>&nbsp;<\/p>\n<p><span style=\"font-size: 12pt;font-family: times new roman, times, serif\"><b>Textbook in German <\/b><\/span><\/p>\n<p><span style=\"font-size: 12pt;font-family: times new roman, times, serif\">Christian Hick (2007): \u00a0Klinische Ethik: Mit F\u00e4llen (Springer-Lehrbuch) [Taschenbuch] Springer<\/span><\/p>\n<p><strong>Further reading in German<\/strong><\/p>\n<p><span style=\"font-size: 12pt;font-family: times new roman, times, serif\">Marcus D\u00fcvell&#8211;Klaus Steigleder (2002): <strong><span style=\"font-weight: normal\">Bioethik. Eine Einf\u00fchrung<\/span><\/strong><b>.<\/b> Suhrkamp<\/span><\/p>\n<p><span style=\"font-size: 12pt;font-family: times new roman, times, serif\">Jan P Beckmann (1996): Fragen und Probleme einer medizinischen Ethik. De Gruyter, Berlin <\/span><\/p>\n<p><span style=\"font-size: 12pt;font-family: times new roman, times, serif\">Gerd Bruderm\u00fcller (1999) : Angewandte Ethik in der Medizin. K\u00f6nigsh.\/Neum., W\u00fcrzburg<\/span><\/p>\n<p><span style=\"font-size: 12pt;font-family: times new roman, times, serif\">Winfried Kahlke&#8211; Reiter-Theil Stella (1995): Ethik in der Medizin, Ferdinand Enke Verlag, Stuttgart <\/span><\/p>\n<p>&nbsp;<\/p>\n<p><span style=\"font-size: 12pt;font-family: times new roman, times, serif\"><b>Further Reading in Hungarian<\/b><\/span><\/p>\n<p><span style=\"font-size: 12pt;font-family: times new roman, times, serif\">Dr. Kov\u00e1cs J\u00f3zsef (2007): Bioetikai k\u00e9rd\u00e9sek a pszichi\u00e1tri\u00e1ban \u00e9s a pszichoter\u00e1pi\u00e1ban. Budapest, Medicina k\u00f6nyvkiad\u00f3.\u00a0 <b>ISBN: 978\u00a0963\u00a0226\u00a0088 4 <\/b>Available online, full text, free of charge: <a href=\"http:\/\/real-d.mtak.hu\/347\/\">http:\/\/real-d.mtak.hu\/347\/<\/a><b><\/b><\/span><\/p>\n<p><span style=\"font-family: times new roman, times, serif;font-size: 12pt\">Heged\u0171s Katalin (szerk.): A palliat\u00edv ell\u00e1t\u00e1s alapjai. Sz\u00f6veggy\u0171jtem\u00e9ny. Budapest, Semmelweis Kiad\u00f3; 2009.<\/span><\/p>\n<p><span style=\"font-family: times new roman, times, serif;font-size: 12pt\">Heged\u0171s Katalin: L\u00e9tezik-e j\u00f3 hal\u00e1l? Budapest, Oriold Kiad\u00f3; 2017.<\/span><\/p>\n<p><span style=\"font-family: times new roman, times, serif;font-size: 12pt\">Zana \u00c1gnes: Mit mondjak? Hogyan mondjam? Budapest, Kossuth Kiad\u00f3; 2018.<\/span><\/p>\n<p><span style=\"font-family: times new roman, times, serif;font-size: 12pt\"><br \/>\n<a href=\"https:\/\/semmelweis.hu\/magtud\/files\/2017\/11\/BioetikaIrodalomjegyzek2009.pdf\" target=\"_blank\" rel=\"noopener noreferrer\">List of further readings in Hungarian from before the 2009 year bioethics literature.<\/a><br \/>\n<\/span><\/p>\n<p><span style=\"font-family: times new roman, times, serif;font-size: 12pt\">List of reading materials in Thanatology\/Palliative Care<\/span><\/p>\n<p><span style=\"font-family: times new roman, times, serif;font-size: 12pt\">Scientific Students&#8217; Association (TDK) <a href=\"https:\/\/semmelweis.hu\/magtud\/en\/research\/students-scientific-association\/research-topics-for-students\/\" target=\"_blank\" rel=\"noopener noreferrer\">Research topics for students<\/a><\/span><\/p>\n<p><a href=\"https:\/\/semmelweis.hu\/magtud\/en\/education\/diploma-work-topics\/\" target=\"_blank\" rel=\"noopener noreferrer\"><span style=\"font-family: 'Times New Roman','serif'\"><span style=\"font-size: 12pt;font-family: times new roman, times, serif\">Diploma work topics<\/span><\/span><\/a><\/td>\n<\/tr>\n<\/tbody>\n<\/table>\n","protected":false},"excerpt":{"rendered":"<p>\u00a0Department Staff Head of Department: J\u00f3zsef Kov\u00e1cs, MD, PhD, DSc (Head of the Department of Bioethics), +36 1 210-2930; e-mail: &lt;!&#8211; var prefix = &#039;m&#097;&#105;lt&#111;:&#039;; var suffix = &#039;&#039;; var attribs = &#039;&#039;; var path = &#039;hr&#039; + &#039;ef&#039; + &#039;=&#039;; var addy18919 = &#039;k&#111;v&#097;cs.j&#111;zs&#101;f&#039; + &#039;&#064;&#039;; addy18919 = addy18919 + &#039;m&#101;d&#039; + &#039;&#046;&#039; + &hellip;<\/p>\n","protected":false},"author":110,"featured_media":0,"parent":3733,"menu_order":1,"comment_status":"closed","ping_status":"closed","template":"","meta":{"_acf_changed":false,"footnotes":""},"categories":[],"tags":[],"class_list":["post-3767","page","type-page","status-publish","hentry"],"acf":[],"_links":{"self":[{"href":"https:\/\/semmelweis.hu\/magtud\/wp-json\/wp\/v2\/pages\/3767","targetHints":{"allow":["GET"]}}],"collection":[{"href":"https:\/\/semmelweis.hu\/magtud\/wp-json\/wp\/v2\/pages"}],"about":[{"href":"https:\/\/semmelweis.hu\/magtud\/wp-json\/wp\/v2\/types\/page"}],"author":[{"embeddable":true,"href":"https:\/\/semmelweis.hu\/magtud\/wp-json\/wp\/v2\/users\/110"}],"replies":[{"embeddable":true,"href":"https:\/\/semmelweis.hu\/magtud\/wp-json\/wp\/v2\/comments?post=3767"}],"version-history":[{"count":10,"href":"https:\/\/semmelweis.hu\/magtud\/wp-json\/wp\/v2\/pages\/3767\/revisions"}],"predecessor-version":[{"id":8444,"href":"https:\/\/semmelweis.hu\/magtud\/wp-json\/wp\/v2\/pages\/3767\/revisions\/8444"}],"up":[{"embeddable":true,"href":"https:\/\/semmelweis.hu\/magtud\/wp-json\/wp\/v2\/pages\/3733"}],"wp:attachment":[{"href":"https:\/\/semmelweis.hu\/magtud\/wp-json\/wp\/v2\/media?parent=3767"}],"wp:term":[{"taxonomy":"category","embeddable":true,"href":"https:\/\/semmelweis.hu\/magtud\/wp-json\/wp\/v2\/categories?post=3767"},{"taxonomy":"post_tag","embeddable":true,"href":"https:\/\/semmelweis.hu\/magtud\/wp-json\/wp\/v2\/tags?post=3767"}],"curies":[{"name":"wp","href":"https:\/\/api.w.org\/{rel}","templated":true}]}}