{"id":3475,"date":"2017-11-28T09:51:53","date_gmt":"2017-11-28T08:51:53","guid":{"rendered":"http:\/\/semmelweis.hu\/magtud\/?page_id=3475"},"modified":"2024-12-02T15:53:09","modified_gmt":"2024-12-02T14:53:09","slug":"psychosomatic-outpatient-department","status":"publish","type":"page","link":"https:\/\/semmelweis.hu\/magtud\/en\/health\/psychosomatic-outpatient-department\/","title":{"rendered":"Psychosomatic Outpatient Department"},"content":{"rendered":"<h5>Our outpatient department is a diagnostic and treatment facility for clients with the following disorders and problems:<\/h5>\n<ul>\n<li>Eating disorders<\/li>\n<li>Panic disorders and phobias<\/li>\n<li>Insomnia and parasomnias<\/li>\n<li>Grief and bereavement<\/li>\n<li>Sexual dysfunctions<\/li>\n<li>Family\/marital difficulties which require family or marital therapy<\/li>\n<\/ul>\n<p><strong>Team:<\/strong> Psychiatrists and clinical psychologists. Our therapists are specialized for psychotherapy (mainly CBT) and family\/marital therapy.<\/p>\n<h5>Head of\u00a0 the Psychosomatic Outpatient Department<\/h5>\n<p>Dr. Gy\u00f6rgy Purebl: psychiatrist, sleeping disorder, anxiety, stress based disorder, stress management and health risk management trainings<\/p>\n<h5>Staff<\/h5>\n<p>Dr. Piroska Balog: specialty in the therapy of anxiety and stress based disorders<br \/>\nDr. Adrienne Kegye<br \/>\nDr. J\u00f3zsef Kov\u00e1cs: anxiety disorder, panic disorder, couples therapy<br \/>\nDr. L\u00e1szl\u00f3 Lajtai: anxiety disorder, depression, identity disorder, individual, family and group therapy, relaxation and imaginative therapy<br \/>\nDr. Jen\u0151 L\u0151rincz: psychosomatic and anxiety disorder, psychotherapy of mood disorder, personality development<br \/>\nDr. J\u00e1nos Pilling: couples disorder, sexual disorder, grief and bereavement, individual, couple and family therapy<br \/>\nDr. Imola S\u00e1ndor: learning problems, anxiety disorder, individual, group couples and family therapy<br \/>\nDr. Adrienne Stauder: anxiety disorders, stress related symptoms, psychosomatic problems, Williams LifeSkills stress management program<br \/>\nDr. Tam\u00e1s D\u00f6m\u00f6t\u00f6r Szalai<br \/>\nDr. Irena Szumska: anxiety disorder, eating disorder, self evaluation problems, individual, family and group therapy<br \/>\nDr. Anna Sz\u0171cs: sleeping disorder<\/p>\n","protected":false},"excerpt":{"rendered":"<p>Our outpatient department is a diagnostic and treatment facility for clients with the following disorders and problems: Eating disorders Panic disorders and phobias Insomnia and parasomnias Grief and bereavement Sexual dysfunctions Family\/marital difficulties which require family or marital therapy Team: Psychiatrists and clinical psychologists. Our therapists are specialized for psychotherapy (mainly CBT) and family\/marital therapy. &hellip;<\/p>\n","protected":false},"author":101265,"featured_media":0,"parent":3481,"menu_order":1,"comment_status":"closed","ping_status":"closed","template":"","meta":{"_acf_changed":false,"footnotes":""},"categories":[],"tags":[],"class_list":["post-3475","page","type-page","status-publish","hentry"],"acf":[],"_links":{"self":[{"href":"https:\/\/semmelweis.hu\/magtud\/wp-json\/wp\/v2\/pages\/3475","targetHints":{"allow":["GET"]}}],"collection":[{"href":"https:\/\/semmelweis.hu\/magtud\/wp-json\/wp\/v2\/pages"}],"about":[{"href":"https:\/\/semmelweis.hu\/magtud\/wp-json\/wp\/v2\/types\/page"}],"author":[{"embeddable":true,"href":"https:\/\/semmelweis.hu\/magtud\/wp-json\/wp\/v2\/users\/101265"}],"replies":[{"embeddable":true,"href":"https:\/\/semmelweis.hu\/magtud\/wp-json\/wp\/v2\/comments?post=3475"}],"version-history":[{"count":10,"href":"https:\/\/semmelweis.hu\/magtud\/wp-json\/wp\/v2\/pages\/3475\/revisions"}],"predecessor-version":[{"id":12670,"href":"https:\/\/semmelweis.hu\/magtud\/wp-json\/wp\/v2\/pages\/3475\/revisions\/12670"}],"up":[{"embeddable":true,"href":"https:\/\/semmelweis.hu\/magtud\/wp-json\/wp\/v2\/pages\/3481"}],"wp:attachment":[{"href":"https:\/\/semmelweis.hu\/magtud\/wp-json\/wp\/v2\/media?parent=3475"}],"wp:term":[{"taxonomy":"category","embeddable":true,"href":"https:\/\/semmelweis.hu\/magtud\/wp-json\/wp\/v2\/categories?post=3475"},{"taxonomy":"post_tag","embeddable":true,"href":"https:\/\/semmelweis.hu\/magtud\/wp-json\/wp\/v2\/tags?post=3475"}],"curies":[{"name":"wp","href":"https:\/\/api.w.org\/{rel}","templated":true}]}}