{"id":3411,"date":"2017-11-28T00:00:00","date_gmt":"2017-11-27T23:00:00","guid":{"rendered":"http:\/\/semmelweis.hu\/magtud\/curriculum-vitae-22\/"},"modified":"2019-07-29T14:14:37","modified_gmt":"2019-07-29T12:14:37","slug":"dr-agnes-zana","status":"publish","type":"page","link":"https:\/\/semmelweis.hu\/magtud\/en\/institute\/staff\/dr-agnes-zana\/","title":{"rendered":"Dr \u00c1gnes Zana"},"content":{"rendered":"<p><img loading=\"lazy\" decoding=\"async\" class=\"alignright\" src=\"\/magtud\/files\/2017\/11\/zana_agnes.jpg\" width=\"194\" height=\"183\" border=\"0\" \/><\/p>\n<div class=\"responsive-tabs\">\n<h2 class=\"tabtitle\">Curriculum vitae<\/h2>\n<div class=\"tabcontent\">\n\n<table class=\"contentpaneopen\">\n<tbody>\n<tr>\n<td valign=\"top\">\n<p style=\"text-align: justify\"><img decoding=\"async\" style=\"float: left;margin: 10px\" src=\"\/images\/stories\/munkatarsak\/zanagn_w.jpg\" border=\"0\" \/><span style=\"color: #000000\">Date and place of birth: 04.01.72, Szeged, Hungary<br \/>\nOffice address: Semmelweis University Institute of Behavioural Sciences<br \/>\n1089-HU, 4. Nagyv\u00e1rad t\u00e9r, Budapest, Hungary<br \/>\nE-mail:<br \/>\n<script>\n &lt;!--\n var prefix = &#039;m&#097;&#105;lt&#111;:&#039;;\n var suffix = &#039;&#039;;\n var attribs = &#039;&#039;;\n var path = &#039;hr&#039; + &#039;ef&#039; + &#039;=&#039;;\n var addy45053 = &#039;z&#097;n&#097;g&#105;&#039; + &#039;&#064;&#039;;\n addy45053 = addy45053 + &#039;n&#101;t&#039; + &#039;&#046;&#039; + &#039;s&#111;t&#101;&#039; + &#039;&#046;&#039; + &#039;h&#117;&#039;;\n document.write( &#039;<a>' );\n document.write( addy45053 );\n document.write( '' );\n \/\/--&gt;\n <\/script><a href=\"mailto:zanagi@net.sote.hu\">zanagi@net.sote.hu<\/a><script>\n &lt;!--\n document.write( &#039;<span>' );\n \/\/--&gt;\n <\/script>Ezt a c\u00edmet a spamrobotok ellen v\u00e9dj\u00fck. Enged\u00e9lyezze a Javascript haszn\u00e1lat\u00e1t, hogy megtekinthesse.<br \/>\n<script>\n &lt;!--\n document.write( &#039;' );\n \/\/--&gt;\n <\/script><br \/>\nPhone: 00 36 1 210-29-50<\/span><\/p>\n<p><strong>Education and Qualification: <\/strong><br \/>\n2009 \u2013 Ph.D. degree on clinical psychology<br \/>\n2000 \u2013 Cultural and visual anthropologist, Miskolc University, Arts Faculty<br \/>\n1990 \u2013 Szent Istv\u00e1n Secondary High School, Budapest<\/p>\n<p><strong>Courses:<\/strong><br \/>\n2005\u00a0\u00a0 \u00a0\u2013 Basic Palliative Care Course \u2013 Hungarian Hospice-Palliative Association, Budapest<br \/>\n2005 \u2013 Life Skills \u2013 Williams training, facilitator course \u2013 Semmelweis University<\/p>\n<p><strong>Employment history: <\/strong><br \/>\nFrom 2011 \u2013 project manager at the Hungarian Hospice palliative Association, \u2018Voluntary high school students for the Hospice\u2019<br \/>\nFrom 2008 \u2013 assistant lecturer &#8211; Semmelweis University Faculty of Medicine, Institute of Behavioural Sciences<br \/>\nFrom 2005 \u2013 Voluntary work at the Hungarian Hospice Palliative Association<br \/>\nFrom 2005 \u2013 online editor of the CEE and FSU Newsletter (English, Russian, Hungarian versions) \u2013 Hungarian Hospice-Palliative Association<br \/>\nFrom 2005 \u2013 Project manager-assistant, EAPC Congress 2007- Budapest \u2013 Hungarian Hospice-Palliative Association, LOC<br \/>\nFrom 2004 \u2013 Full time PhD student<br \/>\nFrom 2004 \u2013 teacher of bioethics and medical anthropology \u2013 Semmelweis University Faculty of Medicine, Institute of Behavioural Sciences<br \/>\nFrom 2004 \u2013 Teacher of ethics \u2013 K\u00e1roly R\u00f3bert College Business and Commercial Department, Gy\u00f6ngy\u00f6s<\/p>\n<p><strong>Language skills:<\/strong><br \/>\nHungarian (native)<br \/>\nEnglish (fluent)<br \/>\nRussian (beginner)<\/p>\n<p><strong>Field of interest:<\/strong><br \/>\nThanatology, hospice, bioethics, medical anthropology, psychology<\/td>\n<\/tr>\n<\/tbody>\n<\/table>\n\n<\/div><h2 class=\"tabtitle\">Publications<\/h2>\n<div class=\"tabcontent\">\n\n<table class=\"contentpaneopen\">\n<tbody>\n<tr>\n<td valign=\"top\"><strong>Journal Articles<\/strong><br \/>\n1.\u00a0\u00a0\u00a0 Zana \u00c1gnes &#8211; Heged\u0171s Katalin &#8211; Szab\u00f3 G\u00e1bor (2006): Validation of the Multidimensional Fear of Death Scale on Hungarian population. Ment\u00e1lhigi\u00e9n\u00e9 \u00e9s Pszichoszomatika, 7 (3) 257-265. In Hungarian<br \/>\n2.\u00a0\u00a0\u00a0 Heged\u0171s Katalin \u2013 Zana \u00c1gnes \u2013 Szab\u00f3 G\u00e1bor (2006): Effect of End of life-care courses and death image of medical students. Khar\u00f3n, X. \u00e9vf. 3-4 sz. 46-58 o. In Hungarian<br \/>\n3.\u00a0\u00a0\u00a0 Heged\u0171s Katalin \u2013 Zana \u00c1gnes \u2013 Szab\u00f3 G\u00e1bor (2007): Az \u00e9let v\u00e9gi ismeretek oktat\u00e1s\u00e1nak hat\u00e1sa a medikusok \u00e9s az eg\u00e9szs\u00e9g\u00fcgyi dolgoz\u00f3k hal\u00e1llal kapcsolatos attit\u0171dj\u00e9re. Lege Artis Medicinae 17 (2): 144-148.<br \/>\n4.\u00a0\u00a0\u00a0 Zana \u00c1gnes &#8211; Heged\u0171s Katalin &#8211; Szab\u00f3 G\u00e1bor (2008): Generational comparison study regarding fear of death, death attitude and mental health. Lege Artis Medicinae 18 (4): 319-320. In Hungarian<br \/>\n5.\u00a0\u00a0\u00a0 Zana \u00c1gnes (2008): Death and dying in the media. Khar\u00f3n Thanatol\u00f3giai Szemle, XI. \u00e9vf. 3-4 sz. 53-68. In Hungarian<br \/>\n6.\u00a0\u00a0\u00a0 Heged\u0171s Katalin \u2013 Zana \u00c1gnes \u2013 Szab\u00f3 G\u00e1bor (2008): Effect of end of life education on medical students\u2019 and health care workers\u2019 death attitude. Palliative Medicine, 22 (3) 264-269 IP: 1,8<br \/>\n7.\u00a0\u00a0\u00a0 Zana \u00c1gnes (2009): Attitudes toward death in Hungary using the Multidimesional Fear of Death Scale. Clinical and Experimental Medical Journal Volume 3, Number 2. 327-335.<br \/>\n8.\u00a0\u00a0\u00a0 Zana \u00c1gnes (2009): A hal\u00e1lk\u00e9p alakul\u00e1sa \u00e9s v\u00e1ltoz\u00e1sa Magyarorsz\u00e1gon, a koroszt\u00e1lyos \u00e9rt\u00e9k\u00edt\u00e9let-k\u00fcl\u00f6nbs\u00e9gek \u00e9s a lehets\u00e9ges m\u00e9r\u00e9si m\u00f3dszerek vizsg\u00e1lata. Tabu-e m\u00e9g a hal\u00e1l? T\u00e9zisek. Orvosi Hetilap, 150. \u00e9vfolyam, 25. sz\u00e1m, 1183\u20131187<br \/>\n9.\u00a0\u00a0\u00a0 Zana \u00c1gnes (2009): The development and change of death image in Hungary. Differences in value judgement according to age and analysis of possible measurement methods. Is death still a taboo? Ph.D. Theses. Clinical and Experimental Medical Journal Volume 3, Number 2. 353-359.<br \/>\n10.\u00a0\u00a0\u00a0 Zana \u00c1gnes- Heged\u0171s Katalin (2009): Intervention strategies regarding issue of death and dying. Ment\u00e1lhigi\u00e9n\u00e9 \u00e9s pszichoszomatika. 10 (4): 337-347. In Hungarian<br \/>\n11.\u00a0\u00a0\u00a0 Zana \u00c1gnes \u2013 Szab\u00f3 G\u00e1bor \u2013 Heged\u0171s Katalin (2009): Validity and reliability of the Multidimensional Fear of Death Scale in the Hungarian population. Journal of Medical Ethics (k\u00f6zl\u00e9sre elfogadva) IP: 1,3<br \/>\n12.\u00a0\u00a0\u00a0 Zana \u00c1gnes (2010): Death images and change of rituals. Embert\u00e1rs, VIII.\/I. 54-62. In Hungarian<strong>Book chapters<\/strong><br \/>\n1.\u00a0\u00a0\u00a0 Zana \u00c1., Heged\u0171s K., Szab\u00f3 G. (2007): Changes of rituals and there effects in social connections in the Hungarian Society. Death image of the Hungarian population. In: Kopp M\u00e1ria (edt): Magyar lelki\u00e1llapot 2008. Es\u00e9lyteremt\u00e9s \u00e9s es\u00e9lyegyenl\u0151s\u00e9g. Semmelweis Kiad\u00f3, Budapest, 382-389.<br \/>\n2.\u00a0\u00a0\u00a0 Heged\u0171s Katalin \u2013 Zana \u00c1gnes \u2013 Szab\u00f3 G\u00e1bor (2007): Stresszkezel\u0151 m\u00f3dszerek az eg\u00e9szs\u00e9g\u00fcgyi dolgoz\u00f3k \u00e9s a medikusok hal\u00e1llal, haldokl\u00e1ssal kapcsolatos attit\u0171djeinek jav\u00edt\u00e1s\u00e1ra. A tanfolyamok hat\u00e1svizsg\u00e1lata. In: Kopp M\u00e1ria (szerk.): Magyar lelki\u00e1llapot 2008. Es\u00e9lyteremt\u00e9s \u00e9s es\u00e9lyegyenl\u0151s\u00e9g. Semmelweis Kiad\u00f3, Budapest, 114-120.<br \/>\n3.\u00a0\u00a0\u00a0 Zana \u00c1gnes \u2013 Pilling J\u00e1nos (2009): Thanatology in medical anthropology. In: Pik\u00f3 Bettina \u2013 L\u00e1z\u00e1r Imre (szerk.): Orvosi antropol\u00f3gia, Medicina Kk. (megjelen\u00e9s alatt) In Hungarian<br \/>\n4.\u00a0\u00a0\u00a0 Zana \u00c1gnes (2011): Bioethics. Oktat\u00e1si h\u00e1tt\u00e9ranyag a k\u00f6z\u00e9piskol\u00e1k biol\u00f3giai oktat\u00e1si anyag\u00e1hoz (Edt. Prof. Dr. Falus Andr\u00e1s). http:\/\/www.dgci.sote.hu\/biolhatteranyag\u00a0 In Hungarian<br \/>\n5.\u00a0\u00a0\u00a0 Szebik I., Zana \u00c1. (2011): Bioethics, the ethical questions of biotechnological researches. In: Innov\u00e1ci\u00f3menedzsment tank\u00f6nyv. Semmelweis Egyetem (Megjelen\u00e9s alatt) In Hungarian<strong>Conference abstracts in English<\/strong><br \/>\n1.\u00a0\u00a0\u00a0 Heged\u0171s Katalin &#8211; Zana \u00c1gnes (2006): Current palliative care and hospice research programs. Summa Health System, St. Thomas Hospital, Akron, US, 2006. m\u00e1rcius 16.<br \/>\n2.\u00a0\u00a0\u00a0 Heged\u0171s Katalin &#8211; Zana \u00c1gnes (2006): Effect of palliative care courses on healthcare workers\u2019 state of mind and attitudes towards death. 4th Research Forum of Palliative Care, 25-27 May, Venice, 2006. Palliative Medicine 2006, 20 (3) 268.<br \/>\n3.\u00a0\u00a0\u00a0 Zana \u00c1gnes \u2013 Heged\u0171s Katalin (2006): Generational comparison study of conceptions on death. Is death still a taboo? 4th Research Forum of Palliative Care, 25-27 May, Venice, 2006. Palliative Medicine 2006, 20 (3) 340.<br \/>\n4.\u00a0\u00a0\u00a0 Zana \u00c1gnes &#8211; Szab\u00f3 G\u00e1bor- Heged\u0171s Katalin (2006): The validity of Fear of Death scale among high school students. 20th Annual Conference of the European Health Psychology Society, Warsaw, 30 August &#8211; 2 September 2006, Psychology &amp; Health 2116, 21 (1) 167.<br \/>\n5.\u00a0\u00a0\u00a0 Zana \u00c1gnes \u2013 Heged\u0171s Katalin \u2013 Szab\u00f3 G\u00e1bor (2007): Death attitude study among adolescents and other age-groups. 65th Annual Scientific Conference of the American Psychosomatic Society, Budapest, 7-10 March, 2007. Psychosomatic Medicine<br \/>\n6.\u00a0\u00a0\u00a0 Hegedus K, Zana \u00c1 (2007): Effect of hospice courses on health care workers&#8217; death attitude. \u00c1pol\u00e1skutat\u00e1si Konferencia, Budapest, 2007. m\u00e1jus 11.<br \/>\n7.\u00a0\u00a0\u00a0 Heged\u0171s Katalin \u2013 Zana \u00c1gnes (2007): Effect of end-of-life education on medical students\u2019 and health care workers\u2019 death attitude. 65th Annual Scientific Conference of the American Psychosomatic Society, Budapest, 7-10 March, 2007. Psychosomatic Medicine<br \/>\n8.\u00a0\u00a0\u00a0 Zana \u00c1gnes \u2013 Heged\u0171s Katalin \u2013 Szab\u00f3 G\u00e1bor (2007): Study on death attitude with the Lester Attitude toward Death Scale. 10th biennal Conference of European Association for Palliative Care, Budapest 7-9 June, 2007. European Journal of Palliative Care<br \/>\n9.\u00a0\u00a0\u00a0 Heged\u0171s Katalin \u2013 Zana \u00c1gnes (2007): Effect of end-of-life education on medical students\u2019 death attitude. 10th biennal Conference of European Association for Palliative Care, Budapest 7-9 June, 2007. European Journal of Palliative Care<br \/>\n10.\u00a0\u00a0\u00a0 Heged\u0171s Katalin \u2013 Zana \u00c1gnes \u2013 Elena Vvedenskaya (2007): The CEE &amp; FSU Palliative Care Monthly Email Newsletter. 10th biennal Conference of European Association for Palliative Care, Budapest 7-9 June, 2007. European Journal of Palliative Care<br \/>\n11.\u00a0\u00a0\u00a0 Varga \u00c9va \u2013 Zana \u00c1gnes \u2013 Heged\u0171s Katalin \u2013 Munk Katalin (2007): Organizing the World Hospice and Palliative Care Day 2006 in Hungary. 10th biennal Conference of European Association for Palliative Care, Budapest 7-9 June, 2007. European Journal of Palliative Care<br \/>\n12.\u00a0\u00a0\u00a0 Zana \u00c1gnes \u2013 Heged\u0171s Katalin \u2013 Szab\u00f3 G\u00e1bor (2007): Gender differences in attitudes toward death and anxiety. 2nd World Conference of Stress, 23-27 August 2007. Budapest<br \/>\n13.\u00a0\u00a0\u00a0 Zana \u00c1gnes \u2013 Heged\u0171s Katalin \u2013 Szab\u00f3 G\u00e1bor (2007): Attitude toward death among adolescents. 21th Conference of the European Health Psychology Society, 15 &#8211; 18 August 2007. Maastricht<br \/>\n14.\u00a0\u00a0\u00a0 Zana \u00c1gnes \u2013 Heged\u0171s Katalin \u2013 Szab\u00f3 G\u00e1bor (2007): Gender differences in attitude toward death. First Conference of the Central and Eastern European Society of Behavioural Medicine. 2007. Augusztus 15-18. P\u00e9cs<br \/>\n15.\u00a0\u00a0\u00a0 Heged\u0171s Katalin \u2013 Zana \u00c1gnes \u2013 Szab\u00f3 G\u00e1bor (2008): Generational and gender comparison of fear of death. The 2th International Conference of Palliative Care, 19-22 March, Eilat 2008.<br \/>\n16.\u00a0\u00a0\u00a0 Zana \u00c1gnes (2008): Anthropology and dying: where medicine and religion meets. Sacral Communication and Healing. II. Budapest \u2013 Balaton Summer Course &amp; Sattelite Workshop of 10th Biennal Conference of EASA. 2008. 31 August \u2013 5 September, Budapest, Balatonsz\u00e1rsz\u00f3<br \/>\n17.\u00a0\u00a0\u00a0 Zana \u00c1gnes \u2013 Zana Katalin \u2013 Heged\u0171s Katalin (2011): Fear of death and humour &#8211;\u00a0 comic elements in film art. Bob Fosse: All That Jazz. European Association for Palliative Care XII., 19-21. May, 2011. Lissbon, Portugal<\/td>\n<\/tr>\n<\/tbody>\n<\/table>\n<\/div><\/div>\n","protected":false},"excerpt":{"rendered":"<p>Date and place of birth: 04.01.72, Szeged, Hungary Office address: Semmelweis University Institute of Behavioural Sciences 1089-HU, 4. Nagyv\u00e1rad t\u00e9r, Budapest, Hungary E-mail: &lt;!&#8211; var prefix = &#039;m&#097;&#105;lt&#111;:&#039;; var suffix = &#039;&#039;; var attribs = &#039;&#039;; var path = &#039;hr&#039; + &#039;ef&#039; + &#039;=&#039;; var addy45053 = &#039;z&#097;n&#097;g&#105;&#039; + &#039;&#064;&#039;; addy45053 = addy45053 + &#039;n&#101;t&#039; &hellip;<\/p>\n","protected":false},"author":110,"featured_media":0,"parent":3356,"menu_order":38,"comment_status":"closed","ping_status":"closed","template":"","meta":{"_acf_changed":false,"footnotes":""},"categories":[],"tags":[],"class_list":["post-3411","page","type-page","status-publish","hentry"],"acf":[],"_links":{"self":[{"href":"https:\/\/semmelweis.hu\/magtud\/wp-json\/wp\/v2\/pages\/3411","targetHints":{"allow":["GET"]}}],"collection":[{"href":"https:\/\/semmelweis.hu\/magtud\/wp-json\/wp\/v2\/pages"}],"about":[{"href":"https:\/\/semmelweis.hu\/magtud\/wp-json\/wp\/v2\/types\/page"}],"author":[{"embeddable":true,"href":"https:\/\/semmelweis.hu\/magtud\/wp-json\/wp\/v2\/users\/110"}],"replies":[{"embeddable":true,"href":"https:\/\/semmelweis.hu\/magtud\/wp-json\/wp\/v2\/comments?post=3411"}],"version-history":[{"count":6,"href":"https:\/\/semmelweis.hu\/magtud\/wp-json\/wp\/v2\/pages\/3411\/revisions"}],"predecessor-version":[{"id":6801,"href":"https:\/\/semmelweis.hu\/magtud\/wp-json\/wp\/v2\/pages\/3411\/revisions\/6801"}],"up":[{"embeddable":true,"href":"https:\/\/semmelweis.hu\/magtud\/wp-json\/wp\/v2\/pages\/3356"}],"wp:attachment":[{"href":"https:\/\/semmelweis.hu\/magtud\/wp-json\/wp\/v2\/media?parent=3411"}],"wp:term":[{"taxonomy":"category","embeddable":true,"href":"https:\/\/semmelweis.hu\/magtud\/wp-json\/wp\/v2\/categories?post=3411"},{"taxonomy":"post_tag","embeddable":true,"href":"https:\/\/semmelweis.hu\/magtud\/wp-json\/wp\/v2\/tags?post=3411"}],"curies":[{"name":"wp","href":"https:\/\/api.w.org\/{rel}","templated":true}]}}