{"id":3410,"date":"2017-11-28T00:00:00","date_gmt":"2017-11-27T23:00:00","guid":{"rendered":"http:\/\/semmelweis.hu\/magtud\/364-dr-peter-ujma\/"},"modified":"2019-07-29T14:14:16","modified_gmt":"2019-07-29T12:14:16","slug":"dr-peter-ujma","status":"publish","type":"page","link":"https:\/\/semmelweis.hu\/magtud\/en\/institute\/staff\/dr-peter-ujma\/","title":{"rendered":"Dr. Peter Ujma"},"content":{"rendered":"<p><img loading=\"lazy\" decoding=\"async\" class=\"alignright\" src=\"\/magtud\/files\/2017\/11\/ujma_peter.jpg\" width=\"194\" height=\"183\" border=\"0\" \/><\/p>\n<div class=\"responsive-tabs\">\n<h2 class=\"tabtitle\">Curriculum vitae<\/h2>\n<div class=\"tabcontent\">\n\n<table class=\"contentpaneopen\">\n<tbody>\n<tr>\n<td valign=\"top\">Dr. Ujma Przemyslaw P\u00e9ter<\/p>\n<p>DOB 1988. 04. 11.<\/p>\n<p>&nbsp;<\/p>\n<p><b>Position:<\/b><\/p>\n<p>Assistant professor<\/p>\n<p>&nbsp;<\/p>\n<p><b>Education:<\/b><\/p>\n<p>&nbsp;<\/p>\n<p>PhD (Health Science) \u2013 2016, Semmelweis University<\/p>\n<p>&nbsp;<\/p>\n<p>Conference interpreter \u2013 2012, Budapest University of Technology and Economics<\/p>\n<p>&nbsp;<\/p>\n<p>Psychologist \u2013 2011, Budapest University of Technology and Economics<\/p>\n<p>&nbsp;<\/p>\n<p>Philologist in Human Behavior \u2013 2009, P\u00e1zm\u00e1ny P\u00e9ter Catholic University<\/p>\n<p>&nbsp;<\/p>\n<p><b>Teaching:<\/b><\/p>\n<p>&nbsp;<\/p>\n<p>Seminar tutor: Orvosi pszichol\u00f3gia (Hungarian medical program), Medical Psychology, Medical Communication (English medical program)<\/p>\n<p>&nbsp;<\/p>\n<p>Course administrator, Zahnmedizinische Psychologie (German dental medicine program)<\/p>\n<p>&nbsp;<\/p>\n<p><b>Other work<\/b>:<\/p>\n<p>&nbsp;<\/p>\n<p>Research fellow: National Institute of Clinical Neuroscience<\/p>\n<p>&nbsp;<\/p>\n<p>Lecturer: Kodol\u00e1nyi J\u00e1nos University College<\/p>\n<p>&nbsp;<\/p>\n<p>Editor: Sleep Spindles &amp; Cortical Up States (Akad\u00e9miai Kiad\u00f3)<\/p>\n<p>&nbsp;<\/p>\n<p><b>Known foreign languages:<\/b><\/p>\n<p>&nbsp;<\/p>\n<p>English, German, Italian<\/p>\n<p>&nbsp;<\/p>\n<p><b>Research interests<\/b>:<\/p>\n<p>&nbsp;<\/p>\n<p><b><i>individual characteristics of the sleep EEG<\/i><\/b><b> <\/b><\/p>\n<p>&nbsp;<\/p>\n<p><b><i>sleep and cognition<\/i><\/b><\/p>\n<p>&nbsp;<\/p>\n<p><b><i>sleep physiology <\/i><\/b><\/p>\n<p>&nbsp;<\/p>\n<p><b><i>intelligence<\/i><\/b> \u2013 nomology, psychometrics, epidemiology<\/p>\n<p>&nbsp;<\/p>\n<p><b>International awards<\/b><\/p>\n<p>&nbsp;<\/p>\n<p><i>European College of Neuropharmacology (ECNP) Seminar Award (2016)<\/i><\/p>\n<p>&nbsp;<\/p>\n<p><i>Mensa Award for Excellence in Research (2015) <\/i><\/p>\n<p>&nbsp;<\/p>\n<p>&nbsp;<\/p>\n<p>Selected publications<\/p>\n<p>&nbsp;<\/p>\n<p>P\u00f3t\u00e1ri Adri\u00e1n,\u00a0<span style=\"text-decoration: underline\">Ujma P\u00e9ter P<\/span>, Konrad Boris N, Genzel Lisa, Simor P\u00e9ter, K\u00f6rmendi J\u00e1nos, Gombos Ferenc, Steiger Axel, Dresler Martin, B\u00f3dizs R\u00f3bert. Age-related changes in sleep EEG are attenuated in highly intelligent individuals. NEUROIMAGE\u00a02017 Feb 1;146:554-560<\/p>\n<p>&nbsp;<\/p>\n<p>Ujma P\u00e9ter P, B\u00f3dizs R\u00f3bert, Gombos Ferenc, Stintzing Johannes, Konrad Boris N, Genzel Lisa, Steiger Axel, Dresler Martin. Nap sleep spindle correlates of intelligence. SCIENTIFIC REPORTS 5: Paper 17159. 8 p. (2015)<\/p>\n<p>&nbsp;<\/p>\n<p><span style=\"text-decoration: underline\">Ujma P\u00e9ter P<\/span>, Konrad BN, Genzel L, Bleifuss A, Simor P, Potari A, Kormendi J, Gombos F, Steiger A, Bodizs R, Dresler M. Sleep spindles and intelligence: evidence for a sexual dimorphism. <i>JOURNAL OF NEUROSCIENCE <\/i>34:(49)\u00a0pp. 16358-16368.\u00a0(2014)<\/p>\n<p>&nbsp;<\/p>\n<p>Simor P\u00e9ter, Horv\u00e1th Kl\u00e1ra,\u00a0<span style=\"text-decoration: underline\">Ujma P\u00e9ter P<\/span>, Gombos Ferenc, B\u00f3dizs R\u00f3bert. Fluctuations between sleep and wakefulness: Wake-like features indicated by increased EEG alpha power during different sleep stages in nightmare disorder. <i>BIOLOGICAL PSYCHOLOGY <\/i>94:(3)\u00a0pp. 592-600.\u00a0(2013)<\/p>\n<p>&nbsp;<\/p>\n<div style=\"padding: 0cm 0cm 1pt\">\n<p style=\"padding: 0cm\">\n<\/div>\n<p style=\"margin-left: 354pt;text-align: center;text-indent: 35.4pt\" align=\"center\">\n<\/td>\n<\/tr>\n<\/tbody>\n<\/table>\n<\/div><\/div>\n","protected":false},"excerpt":{"rendered":"<p>Dr. Ujma Przemyslaw P\u00e9ter DOB 1988. 04. 11. &nbsp; Position: Assistant professor &nbsp; Education: &nbsp; PhD (Health Science) \u2013 2016, Semmelweis University &nbsp; Conference interpreter \u2013 2012, Budapest University of Technology and Economics &nbsp; Psychologist \u2013 2011, Budapest University of Technology and Economics &nbsp; Philologist in Human Behavior \u2013 2009, P\u00e1zm\u00e1ny P\u00e9ter Catholic University &nbsp; &hellip;<\/p>\n","protected":false},"author":110,"featured_media":0,"parent":3356,"menu_order":37,"comment_status":"closed","ping_status":"closed","template":"","meta":{"_acf_changed":false,"footnotes":""},"categories":[],"tags":[],"class_list":["post-3410","page","type-page","status-publish","hentry"],"acf":[],"_links":{"self":[{"href":"https:\/\/semmelweis.hu\/magtud\/wp-json\/wp\/v2\/pages\/3410","targetHints":{"allow":["GET"]}}],"collection":[{"href":"https:\/\/semmelweis.hu\/magtud\/wp-json\/wp\/v2\/pages"}],"about":[{"href":"https:\/\/semmelweis.hu\/magtud\/wp-json\/wp\/v2\/types\/page"}],"author":[{"embeddable":true,"href":"https:\/\/semmelweis.hu\/magtud\/wp-json\/wp\/v2\/users\/110"}],"replies":[{"embeddable":true,"href":"https:\/\/semmelweis.hu\/magtud\/wp-json\/wp\/v2\/comments?post=3410"}],"version-history":[{"count":4,"href":"https:\/\/semmelweis.hu\/magtud\/wp-json\/wp\/v2\/pages\/3410\/revisions"}],"predecessor-version":[{"id":3981,"href":"https:\/\/semmelweis.hu\/magtud\/wp-json\/wp\/v2\/pages\/3410\/revisions\/3981"}],"up":[{"embeddable":true,"href":"https:\/\/semmelweis.hu\/magtud\/wp-json\/wp\/v2\/pages\/3356"}],"wp:attachment":[{"href":"https:\/\/semmelweis.hu\/magtud\/wp-json\/wp\/v2\/media?parent=3410"}],"wp:term":[{"taxonomy":"category","embeddable":true,"href":"https:\/\/semmelweis.hu\/magtud\/wp-json\/wp\/v2\/categories?post=3410"},{"taxonomy":"post_tag","embeddable":true,"href":"https:\/\/semmelweis.hu\/magtud\/wp-json\/wp\/v2\/tags?post=3410"}],"curies":[{"name":"wp","href":"https:\/\/api.w.org\/{rel}","templated":true}]}}