{"id":3409,"date":"2017-11-28T00:00:00","date_gmt":"2017-11-27T23:00:00","guid":{"rendered":"http:\/\/semmelweis.hu\/magtud\/curriculum-vitae-21\/"},"modified":"2019-07-29T14:13:22","modified_gmt":"2019-07-29T12:13:22","slug":"dr-irena-szumska","status":"publish","type":"page","link":"https:\/\/semmelweis.hu\/magtud\/en\/institute\/staff\/dr-irena-szumska\/","title":{"rendered":"Dr. Irena Szumska"},"content":{"rendered":"<p><img loading=\"lazy\" decoding=\"async\" class=\"alignright\" src=\"\/magtud\/files\/2017\/11\/sumire_w.jpg\" width=\"194\" height=\"183\" border=\"0\" \/><\/p>\n<div class=\"responsive-tabs\">\n<h2 class=\"tabtitle\">Curriculum vitae<\/h2>\n<div class=\"tabcontent\">\n\n<table class=\"contentpaneopen\">\n<tbody>\n<tr>\n<td valign=\"top\">\n<p style=\"text-align: justify\"><img decoding=\"async\" style=\"float: left;margin: 10px\" src=\"\/images\/stories\/munkatarsak\/sumire_w.jpg\" border=\"0\" \/>Personal data<br \/>\nDate and place of birth:\u00a0 10.01.1959. Poland<br \/>\nE-mail:<br \/>\n<script>\n &lt;!--\n var prefix = &#039;m&#097;&#105;lt&#111;:&#039;;\n var suffix = &#039;&#039;;\n var attribs = &#039;&#039;;\n var path = &#039;hr&#039; + &#039;ef&#039; + &#039;=&#039;;\n var addy65090 = &#039;sz&#117;m&#105;r&#101;&#039; + &#039;&#064;&#039;;\n addy65090 = addy65090 + &#039;n&#101;t&#039; + &#039;&#046;&#039; + &#039;s&#111;t&#101;&#039; + &#039;&#046;&#039; + &#039;h&#117;&#039;;\n document.write( &#039;<a>' );\n document.write( addy65090 );\n document.write( '' );\n \/\/--&gt;\n <\/script><a href=\"mailto:szumire@net.sote.hu\">szumire@net.sote.hu<\/a><script>\n &lt;!--\n document.write( &#039;<span>' );\n \/\/--&gt;\n <\/script>Ezt a c\u00edmet a spamrobotok ellen v\u00e9dj\u00fck. Enged\u00e9lyezze a Javascript haszn\u00e1lat\u00e1t, hogy megtekinthesse.<br \/>\n<script>\n &lt;!--\n document.write( &#039;' );\n \/\/--&gt;\n <\/script><\/p>\n<p>Education<br \/>\n1983: Faculty of Psychology, Don-Rostov State University<br \/>\n2005: PhD degree, Semmelweis University<br \/>\n1995: Diploma of clinical psychology, Haynal Imre University of Health Sciences<\/p>\n<p>Other degrees<br \/>\n1987-89: Course on \u201eMethods of behavioral therapy\u201d<br \/>\n1991-92: Course on \u201ePsychosomatics and mental health\u201d, Semmelweis University Psychiatric clinic<br \/>\n2003-04: BSc in family therapy<\/p>\n<p>Languages<br \/>\nRussian: advanced<br \/>\nPolish, Hungarian: advanced<br \/>\nEnglish: basic<\/p>\n<p>Work experience<br \/>\n1984-1993: Psychologist, Aptitude Testing Institute<br \/>\n1993-: Lecturer, Semmelweis University, Institute of Behavioral Sciences<\/p>\n<p>In education<br \/>\n2007-: Semmelweis University, Department of Clinical Psychology, basic practice<br \/>\n1998-2004: Apor Vilmos Catholic College for Pedagogy, social pedagogy<br \/>\n1993-: Semmelweis University Faculty of Medicine, courses in medical psychology, organizational tasks<\/p>\n<p>In clinical practice<br \/>\n1993 &#8211; : Therapist at the Psychosomatic Ambulance of the Institute of Behavioral Sciences<br \/>\n1993 &#8211; : Developing and realizing preventive programs together with self-help and helping NGO-s<\/p>\n<p>Research area<br \/>\nEating disorders, health behavior of young people<br \/>\nScientific degree: PhD<\/p>\n<p>Association memberships<br \/>\nHungarian Psychiatric Association<br \/>\nSelye J\u00e1nos Society of Behavioral Sciences and Behavioral Medicine<br \/>\nHungarian Psychophysiology and Mental Health Association<br \/>\nInternational Society of Behavioral Medicine<\/p>\n<p>Other work experience<br \/>\n2003: Organizing member of the \u201eEuropean Council on Eating Disorders\u201d conference. 1998: Organizing secretary of the IVth National Congress of the Hungarian Psychiatric Association.<\/p>\n<p>Awards<br \/>\nThree awards for presentations in her PhD subject:<br \/>\n\u2022\u00a0\u00a0\u00a0 In 2001at the third Meeting of Psychiatry Professors and their Students,<br \/>\n\u2022\u00a0\u00a0\u00a0 In 2002 at the 6th scientific meeting of Interdisciplinary Doctoral School No.4\u00a0 of Semmelweis University<br \/>\n\u2022\u00a0\u00a0\u00a0 In 2003-ban at the 7th scientific meeting of Interdisciplinary Doctoral School No.4 of Semmelweis University.<\/td>\n<\/tr>\n<\/tbody>\n<\/table>\n\n<\/div><h2 class=\"tabtitle\">Publications<\/h2>\n<div class=\"tabcontent\">\n\n<table class=\"contentpaneopen\">\n<tbody>\n<tr>\n<td valign=\"top\">\n<p style=\"text-align: justify\"><strong>Articles in English<\/strong><br \/>\n12.\u00a0\u00a0\u00a0 Csoboth Cs, Szumska I, Purebl Gy.:Self-rated health and health damaging behaviour among young women in Hungary in connection with family background. Social and Preventive Medicine Volume 51, Number 1, 45 \u2013 53, 2006\u00a0 IF: 0.639<br \/>\n13.\u00a0\u00a0\u00a0 Purebl Gy, Birk\u00e1s E, Csoboth Cs,\u00a0 Szumska I, Kopp MS.: The relationship of biological and psychological risk factors of cardiovascular disorders in a large scale national representative community survey \u2013Behavioral Medicine 2006Vol. 31 (4), 133-9; IF: 0.703<br \/>\n14.\u00a0\u00a0\u00a0 Szumska I, T\u00fary F, Csoboth C, R\u00e9thelyi J, Purebl, G Hajnal \u00c1.: The prevalence of eating disorders and weight-control methods among young women: A Hungarian representative study. European Eating Disorders Review.\u00a0 Vol 13(4) 278-284, 2005. IF 0.773<br \/>\n15.\u00a0\u00a0\u00a0 Rethelyi JM, Berghammer R, Ittzes A, Szumska I, Purebl G, Csoboth C.: Comorbidity of pain problems and depressive symptoms in young women: results from a cross-sectional survey among women aged 15-24 in Hungary. European Journal of Pain\u00a0 8(1):63-9.IF: 2004, 1.811<\/p>\n<p><strong>Articles in Hungarian <\/strong><br \/>\n16.\u00a0\u00a0\u00a0 Szumska I, T\u00fary F, Jakabfi P.: Az ev\u00e9szavarok prevenci\u00f3ja. K\u00e9rd\u00e9sek \u00e9s ellentmond\u00e1sok. Lege Artis Medicinae, 13(1): 24-28, 2003.<br \/>\n17.\u00a0\u00a0\u00a0 Szumska I, T\u00fary F, Jakabfi P.: \u00daj modellek az ev\u00e9szavarok prevenci\u00f3j\u00e1ban. Ment\u00e1lhigi\u00e9n\u00e9 \u00e9s Pszichoszomatika,3:5-9, 2003<br \/>\n18.\u00a0\u00a0\u00a0 Szumska I, T\u00fary F, Hajnal \u00c1, Csoboth Cs, Purebl Gy, R\u00e9thelyi J.: Ev\u00e9szavarok prevalenci\u00e1ja fiatal n\u0151k hazai reprezentat\u00edv mint\u00e1j\u00e1ban. Psychiatria Hungarica, 16 (4):374-383, 2001<br \/>\n19.\u00a0\u00a0\u00a0 Luk\u00e1cs J, Moh\u00e1csi E, Batiz A, Szumska I., Kaszab Zs.: Tapasztalataink s\u00falyos asthma bronchial\u00e9s betegek komplex ter\u00e1pi\u00e1s m\u00f3dszer\u00e9vel. Rehabilit\u00e1ci\u00f3 2: 259-262,1994<\/p>\n<p><strong>Book chapters (in Hungarian) <\/strong><br \/>\n1.\u00a0\u00a0\u00a0 Szumska I: Az ev\u00e9szavarok prevenci\u00f3j\u00e1nak k\u00e9rd\u00e9sei. In: Ev\u00e9szavarok \u00e9s testk\u00e9pzavarok (szerk.: T\u00fary F, P\u00e1szthy B), Pro Die Kiad\u00f3, 495-506 old, 2008<br \/>\n2.\u00a0\u00a0\u00a0 Szumska I, T\u00fary F, Szab\u00f3 P: Az ev\u00e9szavarok epidemiol\u00f3gi\u00e1j\u00e1nak \u00fajabb adatai. . In: Ev\u00e9szavarok \u00e9s testk\u00e9pzavarok (szerk.: T\u00fary F, P\u00e1szthy B), Pro Die Kiad\u00f3, 109-120 old, 2008<br \/>\n3.\u00a0\u00a0\u00a0 Szumska I, Dud\u00e1s K: Fal\u00e1szavar. In: Ev\u00e9szavarok \u00e9s testk\u00e9pzavarok (szerk.: T\u00fary F, P\u00e1szthy B), Pro Die Kiad\u00f3, 41-52 old, 2008<br \/>\n4.\u00a0\u00a0\u00a0 Szumska I: Kisgyermekes csal\u00e1dokat t\u00e1mogat\u00f3 prevenci\u00f3s program. In: Magyar lelki\u00e1llapot 2008 (szerk.: Kopp M), Semmelweis Kiad\u00f3, 163-168 old, 2008<br \/>\n5.\u00a0\u00a0\u00a0 Szumska I. Kr\u00f3nikus beteg a csal\u00e1dban. In: Magyar lelki\u00e1llapot 2008 (szerk.: Kopp M), Semmelweis Kiad\u00f3, 273-280 old, 2008<br \/>\n6.\u00a0\u00a0\u00a0 T\u00fary F, Szumska I, T\u00fary K, Luk\u00e1cs L: Civiliz\u00e1ci\u00f3s betegs\u00e9gek \u00e9s es\u00e9lyk\u00fcl\u00f6nbs\u00e9gek: az ev\u00e9szavarok p\u00e9ld\u00e1ja. In: Magyar lelki\u00e1llapot 2008 (szerk: Kopp M), Semmelweis Kiad\u00f3,538-544 old, 2008<br \/>\n7.\u00a0\u00a0\u00a0 Szumska I: Az elh\u00edz\u00e1s gyakoris\u00e1ga \u00e9s hat\u00e1sa az \u00e9letmin\u0151s\u00e9gre. In: A magyar n\u00e9pess\u00e9g \u00e9letmin\u0151s\u00e9ge az ezredfordul\u00f3n (szerk.: Kopp M, Kov\u00e1cs M.E.), Semmelweis Kiad\u00f3, 210-220 old,\u00a0 2006<br \/>\n8.\u00a0\u00a0\u00a0 T\u00fary F, Szumska I.: Az ev\u00e9szavarok kognit\u00edv viselked\u00e9ster\u00e1pi\u00e1ja. In: Kognit\u00edv viselked\u00e9ster\u00e1pia. (szerk: M\u00f3rotz K., Perczel-Forintos D.). Medicina Kiad\u00f3 , 499-526 old, 2005 .<br \/>\n9.\u00a0\u00a0\u00a0 Berghammer R, Szumska I.: Vizsg\u00e1lati m\u00f3dszerek: teszt- \u00e9s k\u00e9rd\u0151\u00edves m\u00f3dszerek. In: Orvosi pszichol\u00f3gia (szerk: Kopp M, Berghammer R.). Medicina Kiad\u00f3 ,566-574, 2005<br \/>\n10.\u00a0\u00a0\u00a0 Szumska I.: Kutat\u00e1s a magatart\u00e1studom\u00e1nyban. In Magatart\u00e1studom\u00e1ny (szerk. Buda B.) Budapest, Medicina Kiad\u00f3,\u00a0 701-715 old. 2001.<br \/>\n11.\u00a0\u00a0\u00a0 Szumska I, Purebl Gy, G\u00e1l K.: A klinikai pszichol\u00f3gus feladatai a pulmonol\u00f3giai ell\u00e1t\u00e1sban. In: A klinikai pszichol\u00f3gia \u00e9s ment\u00e1lhigi\u00e9n\u00e9 protokollja (szerk: Bagdy E.). Animula, Budapest,\u00a0 195-201 old, 1998.<\/p>\n<p>20 scientific presentations, three of them at international conferences.<br \/>\nIF: 4<\/td>\n<\/tr>\n<\/tbody>\n<\/table>\n<\/div><\/div>\n","protected":false},"excerpt":{"rendered":"<p>Personal data Date and place of birth:\u00a0 10.01.1959. Poland E-mail: &lt;!&#8211; var prefix = &#039;m&#097;&#105;lt&#111;:&#039;; var suffix = &#039;&#039;; var attribs = &#039;&#039;; var path = &#039;hr&#039; + &#039;ef&#039; + &#039;=&#039;; var addy65090 = &#039;sz&#117;m&#105;r&#101;&#039; + &#039;&#064;&#039;; addy65090 = addy65090 + &#039;n&#101;t&#039; + &#039;&#046;&#039; + &#039;s&#111;t&#101;&#039; + &#039;&#046;&#039; + &#039;h&#117;&#039;; document.write( &#039;<a>&#8216; ); document.write( addy65090 &hellip;<\/p>\n","protected":false},"author":110,"featured_media":0,"parent":3356,"menu_order":35,"comment_status":"closed","ping_status":"closed","template":"","meta":{"_acf_changed":false,"footnotes":""},"categories":[],"tags":[],"class_list":["post-3409","page","type-page","status-publish","hentry"],"acf":[],"_links":{"self":[{"href":"https:\/\/semmelweis.hu\/magtud\/wp-json\/wp\/v2\/pages\/3409","targetHints":{"allow":["GET"]}}],"collection":[{"href":"https:\/\/semmelweis.hu\/magtud\/wp-json\/wp\/v2\/pages"}],"about":[{"href":"https:\/\/semmelweis.hu\/magtud\/wp-json\/wp\/v2\/types\/page"}],"author":[{"embeddable":true,"href":"https:\/\/semmelweis.hu\/magtud\/wp-json\/wp\/v2\/users\/110"}],"replies":[{"embeddable":true,"href":"https:\/\/semmelweis.hu\/magtud\/wp-json\/wp\/v2\/comments?post=3409"}],"version-history":[{"count":5,"href":"https:\/\/semmelweis.hu\/magtud\/wp-json\/wp\/v2\/pages\/3409\/revisions"}],"predecessor-version":[{"id":4755,"href":"https:\/\/semmelweis.hu\/magtud\/wp-json\/wp\/v2\/pages\/3409\/revisions\/4755"}],"up":[{"embeddable":true,"href":"https:\/\/semmelweis.hu\/magtud\/wp-json\/wp\/v2\/pages\/3356"}],"wp:attachment":[{"href":"https:\/\/semmelweis.hu\/magtud\/wp-json\/wp\/v2\/media?parent=3409"}],"wp:term":[{"taxonomy":"category","embeddable":true,"href":"https:\/\/semmelweis.hu\/magtud\/wp-json\/wp\/v2\/categories?post=3409"},{"taxonomy":"post_tag","embeddable":true,"href":"https:\/\/semmelweis.hu\/magtud\/wp-json\/wp\/v2\/tags?post=3409"}],"curies":[{"name":"wp","href":"https:\/\/api.w.org\/{rel}","templated":true}]}}