{"id":3402,"date":"2017-11-28T00:00:00","date_gmt":"2017-11-27T23:00:00","guid":{"rendered":"http:\/\/semmelweis.hu\/magtud\/curriculum-vitae-14\/"},"modified":"2022-02-21T15:53:16","modified_gmt":"2022-02-21T14:53:16","slug":"imola-sandor","status":"publish","type":"page","link":"https:\/\/semmelweis.hu\/magtud\/en\/institute\/staff\/imola-sandor\/","title":{"rendered":"Dr. Imola S\u00e1ndor"},"content":{"rendered":"<p>&nbsp;<\/p>\n<p><img loading=\"lazy\" decoding=\"async\" class=\"wp-image-5502 alignright\" src=\"https:\/\/semmelweis.hu\/magtud\/files\/2018\/09\/Imolatol_fenykep-1-200x300.jpg\" alt=\"\" width=\"176\" height=\"265\" srcset=\"https:\/\/semmelweis.hu\/magtud\/files\/2018\/09\/Imolatol_fenykep-1-200x300.jpg 200w, https:\/\/semmelweis.hu\/magtud\/files\/2018\/09\/Imolatol_fenykep-1-768x1152.jpg 768w, https:\/\/semmelweis.hu\/magtud\/files\/2018\/09\/Imolatol_fenykep-1-683x1024.jpg 683w\" sizes=\"auto, (max-width: 176px) 100vw, 176px\" \/><\/p>\n<div class=\"responsive-tabs\">\n<h2 class=\"tabtitle\">Curriculum vitae<\/h2>\n<div class=\"tabcontent\">\n\n<table class=\"contentpaneopen\">\n<tbody>\n<tr>\n<td valign=\"top\">Personal data<\/p>\n<p>Office Address: 1089 Bp., Nagyv\u00e1rad t\u00e9r 4.<br \/>\nTel: +361 210-2930\/56349<br \/>\nE-mail:<br \/>\n<script>\n &lt;!--\n var prefix = &#039;m&#097;&#105;lt&#111;:&#039;;\n var suffix = &#039;&#039;;\n var attribs = &#039;&#039;;\n var path = &#039;hr&#039; + &#039;ef&#039; + &#039;=&#039;;\n var addy6923 = &#039;s&#097;n&#105;m&#111;&#039; + &#039;&#064;&#039;;\n addy6923 = addy6923 + &#039;n&#101;t&#039; + &#039;&#046;&#039; + &#039;s&#111;t&#101;&#039; + &#039;&#046;&#039; + &#039;h&#117;&#039;;\n document.write( &#039;<a>' );\n document.write( addy6923 );\n document.write( '' );\n \/\/--&gt;\n <\/script><a href=\"mailto:sanimo@net.sote.hu\">sanimo@net.sote.hu<\/a><script>\n &lt;!--\n document.write( &#039;<span>' );\n \/\/--&gt;\n <\/script>Ezt a c\u00edmet a spamrobotok ellen v\u00e9dj\u00fck. Enged\u00e9lyezze a Javascript haszn\u00e1lat\u00e1t, hogy megtekinthesse.<br \/>\n<script>\n &lt;!--\n document.write( &#039;' );\n \/\/--&gt;\n <\/script><\/p>\n<p>Education<\/p>\n<p>1992-1997\u00a0\u00a0 \u00a0Babes-Bolyai University, Kolozsv\u00e1r, Romania<br \/>\nFaculty of Psychology and Educational Sciences<\/p>\n<p>1999-2004\u00a0\u00a0 \u00a0Clinical Psychologycal Studies<\/p>\n<p>Qualification:\u00a0\u00a0\u00a0\u00a0\u00a0\u00a0\u00a0\u00a0\u00a0\u00a0\u00a0\u00a0\u00a0\u00a0\u00a0\u00a0\u00a0\u00a0\u00a0\u00a0\u00a0\u00a0\u00a0\u00a0\u00a0\u00a0\u00a0\u00a0\u00a0\u00a0\u00a0\u00a0\u00a0\u00a0 Clinical Psychologist<\/p>\n<p>Other Specifications:<\/p>\n<p>2006-2007\u00a0\u00a0\u00a0\u00a0\u00a0\u00a0 Williams Life Skills Training \u2013\u00a0 Qualification: Training facilitator<br \/>\n2001-2007\u00a0\u00a0\u00a0\u00a0\u00a0\u00a0 Couple and\u00a0 Family Therapist Training<br \/>\n2000-2001\u00a0\u00a0\u00a0\u00a0\u00a0\u00a0 Gestalt Therapy and Practice\u00a0 Training<br \/>\n1995-1997\u00a0\u00a0\u00a0\u00a0\u00a0\u00a0\u00a0 Autogenic Training And Relaxation Techniques<br \/>\n1995-1996\u00a0\u00a0\u00a0\u00a0\u00a0\u00a0\u00a0 Theory and Practice of Psychological Counseling<\/p>\n<p>Professional Background:<\/p>\n<p>2000 &#8211;\u00a0\u00a0\u00a0\u00a0\u00a0\u00a0\u00a0\u00a0\u00a0\u00a0\u00a0\u00a0\u00a0\u00a0\u00a0\u00a0\u00a0\u00a0\u00a0\u00a0 Semmelweis Medical University, Institute of Behavioral Sciences<\/p>\n<p>Gradual Medical Education:<\/p>\n<p>2000-\u00a0\u00a0\u00a0\u00a0\u00a0\u00a0\u00a0\u00a0\u00a0\u00a0\u00a0\u00a0\u00a0\u00a0\u00a0\u00a0\u00a0\u00a0\u00a0\u00a0\u00a0 Medical Communication \u2013Faculty of Medicine<br \/>\n2000-\u00a0\u00a0\u00a0\u00a0\u00a0\u00a0\u00a0\u00a0\u00a0\u00a0\u00a0\u00a0\u00a0\u00a0\u00a0\u00a0\u00a0\u00a0\u00a0\u00a0\u00a0 Medical Psychology \u2013 Dental Faculty<\/p>\n<p>Psychotherapy &amp; Counseling:<\/p>\n<p>2010 &#8211;\u00a0\u00a0\u00a0\u00a0\u00a0\u00a0\u00a0\u00a0\u00a0\u00a0\u00a0\u00a0\u00a0 Leader of Students Counseling Service of Semmelweis University<br \/>\n&amp; Career Center<br \/>\n1997-\u00a0\u00a0\u00a0\u00a0\u00a0\u00a0\u00a0\u00a0\u00a0\u00a0\u00a0\u00a0\u00a0\u00a0 Psychosomatic Ambulance of Behavioral Sciences Institution<br \/>\n1997-\u00a0\u00a0\u00a0\u00a0\u00a0\u00a0\u00a0\u00a0\u00a0\u00a0\u00a0\u00a0\u00a0\u00a0 Students Counseling Service of Behavioral Sciences University<\/p>\n<p>Other Projects:<\/p>\n<p>2009-2010 Work Stress Managment \u2013 Selye J\u00e1nos Mental Health Project<br \/>\n2003-2004 Health Promotion in Gipsy Communities \u2013 Phare Project<\/p>\n<p>Language Skills:<br \/>\nEnglish-Fluent<br \/>\nRomanian- Fluent<\/p>\n<p>Main fields of interest:<\/p>\n<p>\u2022\u00a0\u00a0 \u00a0Training activities: stress management, outplacement-, communication-, personal effectiveness-, learning effectiveness training<br \/>\n\u2022\u00a0\u00a0 \u00a0The role of humor in medical communication, positive psychology, stress management techniques effectiveness<\/td>\n<\/tr>\n<\/tbody>\n<\/table>\n\n<\/div><h2 class=\"tabtitle\">Publications<\/h2>\n<div class=\"tabcontent\">\n\n<p>S\u00e1ndor Imola, Pilling J\u00e1nos<br \/>\nT\u00e9vhitek az orvosi kommunik\u00e1ci\u00f3r\u00f3l [Misbelieves about medical communication]<br \/>\nORVOSI HETILAP 157:(17) pp. 644-648. (2016)<\/p>\n<p>Gy\u0151rffy Zs, Birk\u00e1s E, S\u00e1ndor I<br \/>\nCareer motivation and burnout among medical students in Hungary &#8211; could altruism be a protection factor?<br \/>\nBMC MEDICAL EDUCATION 16:(1) 182. 8 p. (2016)<\/p>\n<p>S\u00e1ndor I, Birk\u00e1s E, Gy\u0151rffy Zs<br \/>\nThe effects of dissection-room experiences and related coping strategies among Hungarian medical students<br \/>\nBMC MEDICAL EDUCATION 15: Paper 73. 9 p. (2015)<\/p>\n<p>Szab\u00f3 K, Czegl\u00e9di E, Babusa B, Szumska I, T\u00fary F, S\u00e1ndor I, Bauer S<br \/>\nThe European Initiative ProYouth for the Promotion of Mental Health and the Prevention of Eating Disorders* Screening Results in Hungary.<br \/>\nEUROPEAN EATING DISORDERS REVIEW 23:(2) pp. 139-146. (2015)<\/p>\n<p>S\u00e1ndor I, Csala I, Birk\u00e1s E, Gy\u0151rffy Zs<br \/>\n\u201eAz orvostanhallgat\u00f3 k\u00e9s\u0151n tal\u00e1lkozik a beteggel, viszont kor\u00e1n a tetemmel.\u201d: A bonctermi \u00e9lm\u00e9nyek hat\u00e1s\u00e1r\u00f3l a magyarorsz\u00e1gi orvostanhallgat\u00f3k k\u00f6r\u00e9ben<br \/>\nLEGE ARTIS MEDICINAE 24:(5-6) pp. 271-279. (2014)<\/p>\n<p>Gy\u0151rffy Zs, Torzsa P, S\u00e1ndor I, Csoboth Cs, Kopp M<br \/>\nAlv\u00e1szavarok prevalenci\u00e1ja a fizikailag b\u00e1ntalmazott n\u0151k k\u00f6r\u00e9ben:orsz\u00e1gos reprezentat\u00edv minta eredm\u00e9nyei alapj\u00e1n<br \/>\nPSYCHIATRIA HUNGARICA 28:(3) pp. 281-290. (2013)<\/p>\n<p>Gy\u0151rffy Zs, Csala I, S\u00e1ndor I<br \/>\nOrvostanhallgat\u00f3k Magyarorsz\u00e1gon: \u00e1talakul\u00f3 vagy eln\u0151iesed\u0151 hivat\u00e1s?<br \/>\nORVOSI HETILAP 154:(49) pp. 1950-1958. (2013)<\/p>\n<\/div><\/div>\n","protected":false},"excerpt":{"rendered":"<p>&nbsp; Personal data Office Address: 1089 Bp., Nagyv\u00e1rad t\u00e9r 4. Tel: +361 210-2930\/56349 E-mail: &lt;!&#8211; var prefix = &#039;m&#097;&#105;lt&#111;:&#039;; var suffix = &#039;&#039;; var attribs = &#039;&#039;; var path = &#039;hr&#039; + &#039;ef&#039; + &#039;=&#039;; var addy6923 = &#039;s&#097;n&#105;m&#111;&#039; + &#039;&#064;&#039;; addy6923 = addy6923 + &#039;n&#101;t&#039; + &#039;&#046;&#039; + &#039;s&#111;t&#101;&#039; + &#039;&#046;&#039; + &#039;h&#117;&#039;; document.write( &hellip;<\/p>\n","protected":false},"author":110,"featured_media":0,"parent":3356,"menu_order":27,"comment_status":"closed","ping_status":"closed","template":"","meta":{"_acf_changed":false,"footnotes":""},"categories":[],"tags":[],"class_list":["post-3402","page","type-page","status-publish","hentry"],"acf":[],"_links":{"self":[{"href":"https:\/\/semmelweis.hu\/magtud\/wp-json\/wp\/v2\/pages\/3402","targetHints":{"allow":["GET"]}}],"collection":[{"href":"https:\/\/semmelweis.hu\/magtud\/wp-json\/wp\/v2\/pages"}],"about":[{"href":"https:\/\/semmelweis.hu\/magtud\/wp-json\/wp\/v2\/types\/page"}],"author":[{"embeddable":true,"href":"https:\/\/semmelweis.hu\/magtud\/wp-json\/wp\/v2\/users\/110"}],"replies":[{"embeddable":true,"href":"https:\/\/semmelweis.hu\/magtud\/wp-json\/wp\/v2\/comments?post=3402"}],"version-history":[{"count":10,"href":"https:\/\/semmelweis.hu\/magtud\/wp-json\/wp\/v2\/pages\/3402\/revisions"}],"predecessor-version":[{"id":10571,"href":"https:\/\/semmelweis.hu\/magtud\/wp-json\/wp\/v2\/pages\/3402\/revisions\/10571"}],"up":[{"embeddable":true,"href":"https:\/\/semmelweis.hu\/magtud\/wp-json\/wp\/v2\/pages\/3356"}],"wp:attachment":[{"href":"https:\/\/semmelweis.hu\/magtud\/wp-json\/wp\/v2\/media?parent=3402"}],"wp:term":[{"taxonomy":"category","embeddable":true,"href":"https:\/\/semmelweis.hu\/magtud\/wp-json\/wp\/v2\/categories?post=3402"},{"taxonomy":"post_tag","embeddable":true,"href":"https:\/\/semmelweis.hu\/magtud\/wp-json\/wp\/v2\/tags?post=3402"}],"curies":[{"name":"wp","href":"https:\/\/api.w.org\/{rel}","templated":true}]}}