{"id":3401,"date":"2017-11-28T00:00:00","date_gmt":"2017-11-27T23:00:00","guid":{"rendered":"http:\/\/semmelweis.hu\/magtud\/curriculum-vitae-13\/"},"modified":"2019-07-29T13:36:00","modified_gmt":"2019-07-29T11:36:00","slug":"dr-janos-pilling","status":"publish","type":"page","link":"https:\/\/semmelweis.hu\/magtud\/en\/institute\/staff\/dr-janos-pilling\/","title":{"rendered":"Dr. J\u00e1nos Pilling, Education Director"},"content":{"rendered":"<p><img loading=\"lazy\" decoding=\"async\" class=\"alignright\" src=\"\/magtud\/files\/2017\/11\/piljan_w.jpg\" width=\"119\" height=\"233\" border=\"0\" \/><\/p>\n<div class=\"responsive-tabs\">\n<h2 class=\"tabtitle\">Curriculum vitae<\/h2>\n<div class=\"tabcontent\">\n\n<table class=\"contentpaneopen\">\n<tbody>\n<tr>\n<td valign=\"top\">\n<p style=\"text-align: justify\"><span style=\"color: #000000\">Personal data<br \/>\nPlace and date of birth:\u00a0\u00a0 \u00a0Ny\u00edregyh\u00e1za, 03.01.1969<br \/>\nOffice Address:\u00a0\u00a0 \u00a0Semmelweis University, Institute of\u00a0 Behavioural Sciences, Budapest, Nagyv\u00e1rad t\u00e9r 4.<br \/>\nPhone:\u00a0\u00a0 \u00a0Tel.\/Fax: (36-1)-210-2955<\/span><\/p>\n<p>Degrees, education:<br \/>\n\u2022\u00a0\u00a0 \u00a0Medical Doctor: Medical University, Debrecen (1993)<br \/>\n\u2022\u00a0\u00a0 \u00a0Psychiatrist: University Haynal Imre (1997)<\/p>\n<p>Assignment: \u00a0\u00a0 \u00a0\u00a0\u00a0 \u00a0\u00a0\u00a0 \u00a0Chief of Communication Department<\/p>\n<p>Previous workplaces: <span style=\"color: #000000\"><br \/>\n\u2022\u00a0\u00a0 \u00a0Vadaskert Foundation for Children\u2019s Mental Health<br \/>\n\u2022\u00a0\u00a0 \u00a0Hungarian Hospice Foundation<br \/>\n\u2022\u00a0\u00a0 \u00a0IV. Psychiatry Ward of Jahn Ferenc Hospital<\/span><\/p>\n<p>Membership of professional bodies:<br \/>\n\u2022\u00a0\u00a0 \u00a0Magyar Pszichi\u00e1triai T\u00e1rsas\u00e1g (Hungarian Psychiatric Association) \u2013 member of leadership<br \/>\n\u2022\u00a0\u00a0 \u00a0Selye J\u00e1nos T\u00e1rsas\u00e1g (Hans Selye Society &#8211; Hungarian Society of Behavioural Sciences and Medicine) &#8211; member<br \/>\n\u2022\u00a0\u00a0 \u00a0Magyar Hospice Egyes\u00fclet (Hungarian Hospice Association) \u2013 member<br \/>\n\u2022\u00a0\u00a0 \u00a0Magyar Kommunik\u00e1ci\u00f3tudom\u00e1nyi T\u00e1rsas\u00e1g (Hungarian Communication Studies Association) \u2013 member<\/p>\n<p>Language knowledge: <span style=\"color: #000000\"><br \/>\n\u2022\u00a0\u00a0 \u00a0English<br \/>\n\u2022\u00a0\u00a0 \u00a0Lovari<\/span><\/p>\n<p>Publications:<br \/>\n\u2022\u00a0\u00a0 \u00a0Books: 10<br \/>\n\u2022\u00a0\u00a0 \u00a0Book chapters: 36<br \/>\n\u2022\u00a0\u00a0 \u00a0Publications in peer reviewed journals: 19<br \/>\n(see details in publication list)<\/p>\n<p>&nbsp;<\/td>\n<\/tr>\n<\/tbody>\n<\/table>\n\n<\/div><h2 class=\"tabtitle\">Publications<\/h2>\n<div class=\"tabcontent\">\n\n<table class=\"contentpaneopen\">\n<tbody>\n<tr>\n<td valign=\"top\">\n<p style=\"text-align: justify\"><strong>Publications in Hungarian language<\/strong><\/p>\n<p>1. Books (10)<\/p>\n<p>Pilling J\u00e1nos (szerk.) (2010): A hal\u00e1l, a haldokl\u00e1s \u00e9s a gy\u00e1sz kult\u00farantropol\u00f3gi\u00e1ja \u00e9s pszichol\u00f3gi\u00e1ja. Semmelweis Kiad\u00f3, Budapest<br \/>\nBagdy Em\u0151ke, Demetrovics Zsolt, Pilling J\u00e1nos (szerk.) (2009): Polihist\u00f3ria. Buda B\u00e9la 70. sz\u00fclet\u00e9snapj\u00e1ra. Akad\u00e9miai Kiad\u00f3, Budapest<br \/>\nPilling J\u00e1nos (szerk.) (2008): Orvosi kommunik\u00e1ci\u00f3. M\u00e1sodik, \u00e1tdolgozott kiad\u00e1s. Medicina K\u00f6nyvkiad\u00f3, Budapest<br \/>\nSimon Tam\u00e1s, S\u00f3tonyi P\u00e9ter, Pilling J\u00e1nos (szerk.) (2005): Rezidensk\u00e9pz\u00e9s: Eg\u00e9szs\u00e9g\u00fcgyi dokument\u00e1ci\u00f3 \u2013 Min\u0151s\u00e9gbiztos\u00edt\u00e1s \u2013 Jogi, etikai ismeretek \u2013 Kommunik\u00e1ci\u00f3. Semmelweis Kiad\u00f3, Budapest<br \/>\nPilling J\u00e1nos (szerk.) (2004): Orvosi kommunik\u00e1ci\u00f3. Medicina K\u00f6nyvkiad\u00f3, Budapest<br \/>\nPilling J\u00e1nos (szerk.) (2003): Gy\u00e1sz. Medicina K\u00f6nyvkiad\u00f3, Budapest (K\u00f6telez\u0151 irodalom a<br \/>\nKodol\u00e1nyi F\u0151iskola \u201eAlkalmazott pszichol\u00f3gia a szoci\u00e1lis munk\u00e1ban\u201d c. kurzus\u00e1n)<br \/>\nPilling J\u00e1nos (2001): Seg\u00edts\u00e9g a gy\u00e1szban. Magyar Hospice-Palliat\u00edv Egyes\u00fclet, Budapest<br \/>\nPilling J\u00e1nos (szerk.) (1999): A hal\u00e1l \u00e9s a haldokl\u00e1s kult\u00farantropol\u00f3gi\u00e1ja. Semmelweis Orvostudom\u00e1nyi Egyetem, Budapest<br \/>\nPilling J\u00e1nos (szerk.) (1999): A haldokl\u00e1s \u00e9s a gy\u00e1sz pszichol\u00f3gi\u00e1ja. Semmelweis Orvostudom\u00e1nyi Egyetem, Budapest<br \/>\n\u00c1cs G\u00e9za &#8211; Pilling J\u00e1nos &#8211; Zatik Istv\u00e1n (1992): Meghaltam \u2013 \u00e9s \u00e9lek.\u00a0 Hal\u00e1l k\u00f6zeli \u00e9lm\u00e9nyek. Medicina K\u00f6nyvkiad\u00f3, Budapest<\/p>\n<p>2. Book chapters (36)<\/p>\n<p>Pilling J\u00e1nos (2009): A gy\u00e1sz l\u00e9lektana. A norm\u00e1l \u00e9s a komplik\u00e1lt gy\u00e1sz folyamata, a t\u00e1maszny\u00fajt\u00e1s lehet\u0151s\u00e9gei. In: Heged\u0171s Katalin (szerk.): A palliat\u00edv ell\u00e1t\u00e1s alapjai. 2. kiad\u00e1s. Semmelweis Egyetem, Budapest, 178-191. (Els\u0151 kiad\u00e1s In: Heged\u0171s Katalin (szerk.): A palliat\u00edv ell\u00e1t\u00e1s alapjai. Semmelweis Egyetem, 2002, Budapest, 149-164.)<br \/>\nPilling J\u00e1nos (2009): A hal\u00e1l jelent\u00e9sei. In: Sink\u00f3 D\u00f3ra (szerk.): Lelk\u00fcnk rajta. Saxum Kiad\u00f3 \u2013 Pszichodi\u00e1k Alap\u00edtv\u00e1ny, Budapest, 181-200.<br \/>\nPilling J\u00e1nos (2009): Tanatol\u00f3gia \u2013 t\u00e1maszny\u00fajt\u00e1s a haldokl\u00e1s \u00e9s a gy\u00e1sz sor\u00e1n. In: F\u00fcredi J. &#8211; N\u00e9meth A. &#8211; Tariska P. (szerk.): A pszichi\u00e1tria magyar k\u00e9zik\u00f6nyve. Negyedik kiad\u00e1s. Medicina, Budapest, 795-802. Kor\u00e1bbi kiad\u00e1sok: Pilling J\u00e1nos (1998): Tanatol\u00f3gia \u2013 haldokl\u00f3k \u00e9s gy\u00e1szol\u00f3k pszich\u00e9s gondoz\u00e1sa. In: F\u00fcredi J. (szerk.): A pszichi\u00e1tria magyar k\u00e9zik\u00f6nyve. Medicina, Budapest, 704-715; m\u00e1sodik, b\u0151v\u00edtett kiad\u00e1s: Pilling J\u00e1nos (2001): Tanatol\u00f3gia \u2013 t\u00e1maszny\u00fajt\u00e1s a haldokl\u00e1s \u00e9s a gy\u00e1sz sor\u00e1n. In: F\u00fcredi J. &#8211; N\u00e9meth A. &#8211; Tariska P. (szerk.): A pszichi\u00e1tria magyar k\u00e9zik\u00f6nyve. Medicina, Budapest, 2001, 825-832. Pilling J\u00e1nos (2003): Tanatol\u00f3gia \u2013 t\u00e1maszny\u00fajt\u00e1s a haldokl\u00e1s \u00e9s a gy\u00e1sz sor\u00e1n. In: F\u00fcredi J. &#8211; N\u00e9meth A. &#8211; Tariska P. (szerk.): A pszichi\u00e1tria magyar k\u00e9zik\u00f6nyve. Harmadik kiad\u00e1s. Medicina, Budapest, 825-832<br \/>\nPilling J\u00e1nos (2008): A gy\u00e1sz kett\u0151s arca: vesz\u00e9lyek \u00e9s es\u00e9lyek. In: Kopp M\u00e1ria (szerk.): Magyar lelki\u00e1llapot 2008. Semmelweis Kiad\u00f3, Budapest, 469-476.<br \/>\nPilling J\u00e1nos (2008): A haldokl\u00e1s \u00e9s a gy\u00e1sz l\u00e9lektana. In: Kopp M\u00e1ria, Berghammer Rita (szerk.): Orvosi pszichol\u00f3gia. Medicina, Budapest, 437-449.<br \/>\nPilling J\u00e1nos (2008): Az orvos-beteg konzult\u00e1ci\u00f3. In: Pilling J\u00e1nos (szerk.): Orvosi kommunik\u00e1ci\u00f3. Medicina K\u00f6nyvkiad\u00f3, Budapest, 46-66.<br \/>\nPilling J\u00e1nos, Cserh\u00e1ti Zolt\u00e1n (2008): Kommunik\u00e1ci\u00f3 szomatiz\u00e1l\u00f3 p\u00e1ciensekkel. In: Pilling J\u00e1nos (szerk.): Orvosi kommunik\u00e1ci\u00f3. Medicina K\u00f6nyvkiad\u00f3, Budapest, 210-226.<br \/>\nPilling J\u00e1nos (2008): Az agresszi\u00f3 megel\u0151z\u00e9s\u00e9nek \u00e9s kommunik\u00e1ci\u00f3s kezel\u00e9s\u00e9nek lehet\u0151s\u00e9gei. In: Pilling J\u00e1nos (szerk.): Orvosi kommunik\u00e1ci\u00f3. Medicina K\u00f6nyvkiad\u00f3, Budapest, 293-305.<br \/>\nPilling J\u00e1nos (2008): Rossz h\u00edrek k\u00f6zl\u00e9se. In: Pilling J\u00e1nos (szerk.): Orvosi kommunik\u00e1ci\u00f3. Medicina K\u00f6nyvkiad\u00f3, Budapest, 306-334.<br \/>\nPilling J\u00e1nos (2006): A hospice szeml\u00e9leti \u00e9s gondoz\u00e1si rendszere. In: Horti J\u00f3zsef, Risk\u00f3 \u00c1gnes (szerk.): Onkopszichol\u00f3gia a gyakorlatban. Medicina K\u00f6nyvkiad\u00f3, Budapest, 331-338.<br \/>\nGy\u0151rffy Zsuzsa, \u00c1d\u00e1m Szilvia, Pilling J\u00e1nos (2006): Az orvosok testi \u00e9s lelki eg\u00e9szs\u00e9gi \u00e1llapota. In: Sz\u00e1nt\u00f3 Zsuzsa, Sus\u00e1nszky \u00c9va (szerk.): Orvosi szociol\u00f3gia. Semmelweis Kiad\u00f3, Budapest, 105-116.<br \/>\nPilling J\u00e1nos (2006): A gy\u00e1sz hat\u00e1sa az \u00e9letmin\u0151s\u00e9gre. In: Kopp M\u00e1ria, Kov\u00e1cs M\u00f3nika Erika (szerk.): A magyar n\u00e9pess\u00e9g \u00e9letmin\u0151s\u00e9ge az ezredfordul\u00f3n. Semmelweis Kiad\u00f3, Budapest, 337-349.<br \/>\nPilling J\u00e1nos, Heged\u0171s Katalin (2005): A pszich\u00e9s t\u00e1maszny\u00fajt\u00e1s lehet\u0151s\u00e9gei a hospice gondoz\u00e1sban. In: Bagdy Em\u0151k, T\u00fary Ferenc (szerk.): A klinikai \u00e9s ment\u00e1lhigi\u00e9niai szakpszichol\u00f3gia szakmai protokollja. (M\u00e1sodik, \u00e1tdolgozott v\u00e1ltozat). Grafol\u00f3giai Int\u00e9zet Kft, Budapest, 2005, 206-266.<br \/>\nPilling J\u00e1nos (2005): A gy\u00e1szol\u00f3k seg\u00edt\u00e9s\u00e9nek lehet\u0151s\u00e9gei. In: Bucholczn\u00e9 Szombathy M\u00e1ria, Midling Andrea (szerk.): Mozaik III. V\u00e1logatott tanulm\u00e1nyok a k\u00f3rh\u00e1zi betegek seg\u00edt\u0151 szolg\u00e1lat\u00e1t v\u00e9gz\u0151k sz\u00e1m\u00e1ra. Semmelweis Egyetem Ment\u00e1lhigi\u00e9n\u00e9 Int\u00e9zet, P\u00e1rbesz\u00e9d (Dial\u00f3gus) Alap\u00edtv\u00e1ny, Budapest, 166-182.<br \/>\nPilling J\u00e1nos (2005): A betegk\u00f6zpont\u00fa orvosi kommunik\u00e1ci\u00f3 alapjai. In: Simon Tam\u00e1s, S\u00f3tonyi P\u00e9ter, Pilling J\u00e1nos (szerk.): Rezidensk\u00e9pz\u00e9s: Eg\u00e9szs\u00e9g\u00fcgyi dokument\u00e1ci\u00f3 \u2013 Min\u0151s\u00e9gbiztos\u00edt\u00e1s \u2013 Jogi, etikai ismeretek \u2013 Kommunik\u00e1ci\u00f3. Semmelweis Kiad\u00f3, Budapest, 135-149.<br \/>\nPilling J\u00e1nos, Cserh\u00e1ti Zolt\u00e1n (2005: Kommunik\u00e1ci\u00f3 szomatiz\u00e1l\u00f3 betegekkel. In: Simon Tam\u00e1s, S\u00f3tonyi P\u00e9ter, Pilling J\u00e1nos (szerk.): Rezidensk\u00e9pz\u00e9s: Eg\u00e9szs\u00e9g\u00fcgyi dokument\u00e1ci\u00f3 \u2013 Min\u0151s\u00e9gbiztos\u00edt\u00e1s \u2013 Jogi, etikai ismeretek \u2013 Kommunik\u00e1ci\u00f3. Semmelweis Kiad\u00f3, Budapest, 197-206.<br \/>\nPilling J\u00e1nos (2005): Kommunik\u00e1ci\u00f3 gy\u00f3gy\u00edthatatlan betegekkel. In: Simon Tam\u00e1s, S\u00f3tonyi P\u00e9ter, Pilling J\u00e1nos (szerk.): Rezidensk\u00e9pz\u00e9s: Eg\u00e9szs\u00e9g\u00fcgyi dokument\u00e1ci\u00f3 \u2013 Min\u0151s\u00e9gbiztos\u00edt\u00e1s \u2013 Jogi, etikai ismeretek \u2013 Kommunik\u00e1ci\u00f3. Semmelweis Kiad\u00f3, Budapest, 207-222.<br \/>\nPilling J\u00e1nos (2005): A haldokl\u00e1s \u00e9s a gy\u00e1sz l\u00e9lektana. In: Kopp M\u00e1ria, Berghammer Rita (szerk.): Orvosi pszichol\u00f3gia. Medicina, Budapest, 492-503.<br \/>\nPilling J\u00e1nos (2004): Az orvosi interj\u00fa. In: Pilling J\u00e1nos (szerk.): Orvosi kommunik\u00e1ci\u00f3. Medicina K\u00f6nyvkiad\u00f3, Budapest, 85-107.<br \/>\nPilling J\u00e1nos (2004): Rossz h\u00edrek k\u00f6zl\u00e9se. In: Pilling J\u00e1nos (szerk.): Orvosi kommunik\u00e1ci\u00f3. Medicina K\u00f6nyvkiad\u00f3, Budapest, 389-412.<br \/>\nPilling J\u00e1nos (2003): Gy\u00e1sz. In: Kov\u00e1cs M\u00f3nika (szerk.): Id\u0151skori depresszi\u00f3 \u00e9s szorong\u00e1s. Springer, Budapest, 108-114.<br \/>\nPilling J\u00e1nos (2003): A gy\u00e1sz kultur\u00e1lis vonatkoz\u00e1sai. In: Pilling J\u00e1nos (szerk.): Gy\u00e1sz. Medicina K\u00f6nyvkiad\u00f3, Budapest, 19-26.<br \/>\nPilling J\u00e1nos (2003): A gy\u00e1sz l\u00e9lektana. In: Pilling J\u00e1nos (szerk.): Gy\u00e1sz. Medicina K\u00f6nyvkiad\u00f3, Budapest, 27-54.<br \/>\nPilling J\u00e1nos (2003): A gy\u00e1szol\u00f3k seg\u00edt\u00e9s\u00e9nek lehet\u0151s\u00e9gei. In: Pilling J\u00e1nos (szerk.): Gy\u00e1sz. Medicina K\u00f6nyvkiad\u00f3, Budapest, 55-76.<br \/>\nHeged\u0171s Katalin, Pilling J\u00e1nos, Kolosai Nedda, Bogn\u00e1r Tam\u00e1s (2002): \u00c1pol\u00f3k \u00e9s medikusok hal\u00e1llal \u00e9s haldokl\u00e1ssal kapcsolatos attit\u0171djei. In: Cseri P\u00e9ter (szerk.): Seg\u00edts\u00e9gny\u00fajt\u00e1s a v\u00e9geken. Magyar Hospice-Palliat\u00edv Egyes\u00fclet, Budapest 347-357.; ill. Lege Artis Medicinae, 11 (6-7): 492-499.<br \/>\nPilling J\u00e1nos (2001): \u201eAdj sz\u00f3t f\u00e1jdalmadnak\u201d. A gy\u00e1sz l\u00e9lektana \u00e9s a gy\u00e1szol\u00f3k seg\u00edt\u00e9se. In: Angyal Eleon\u00f3ra \u00e9s Polcz Alaine (szerk.): Letakart t\u00fck\u00f6r. Helikon, Budapest, 207-239.<br \/>\nPilling J\u00e1nos (2001): A gy\u00e1sz l\u00e9lektana. In: Sz\u00e1d\u00f3czky E. &#8211; Rihmer Z. (szerk.): Hangulatzavarok. Medicina K\u00f6nyvkiad\u00f3, Budapest, 112-149<br \/>\nPilling J\u00e1nos (2000): Egy\u00fcttm\u0171k\u00f6d\u00e9s a team tagjai k\u00f6z\u00f6tt. In: Heged\u0171s Katalin &#8211; Szy Ildik\u00f3 (szerk.): A termin\u00e1lis \u00e1llapot\u00fa daganatos betegek palliat\u00edv ell\u00e1t\u00e1sa. Szakmai ir\u00e1nyelvek Magyar Hospice Egyes\u00fclet, Budapest, 2000, 17-21<br \/>\nPilling J\u00e1nos (1999): A hal\u00e1llal kapcsolatos attit\u0171d\u00f6k a filoz\u00f3fi\u00e1ban. In: Pilling J\u00e1nos (szerk.) (1999): A hal\u00e1l \u00e9s a haldokl\u00e1s kult\u00farantropol\u00f3gi\u00e1ja. Semmelweis Orvostudom\u00e1nyi Egyetem, Budapest, IV\/1-12.<br \/>\nPilling J\u00e1nos (1999): A hal\u00e1l el\u0151- \u00e9s ut\u00f3\u00e9lete. Hal\u00e1lk\u00f6zeli \u00e9lm\u00e9nyek. In: Pilling J\u00e1nos (szerk.) (1999): A hal\u00e1l \u00e9s a haldokl\u00e1s kult\u00farantropol\u00f3gi\u00e1ja. Semmelweis Orvostudom\u00e1nyi Egyetem, Budapest, VII\/1-14.<br \/>\nPilling J\u00e1nos (1999): \u201e\u00c9s az \u00dar azt mondta nekem\u2026\u201d Hal\u00e1lk\u00f6zeli \u00e9lm\u00e9nyt \u00e1t\u00e9lt emberek vil\u00e1g- \u00e9s t\u00falvil\u00e1gk\u00e9pe. In: Pilling J\u00e1nos (szerk.) (1999): A hal\u00e1l \u00e9s a haldokl\u00e1s kult\u00farantropol\u00f3gi\u00e1ja. Semmelweis Orvostudom\u00e1nyi Egyetem, Budapest, VIII\/1-15.<br \/>\nPilling J\u00e1nos (1999): A haldokl\u00f3 pszich\u00e9s gondoz\u00e1sa a haldokl\u00e1s k\u00fcl\u00f6nb\u00f6z\u0151 st\u00e1diumaiban. In: Pilling J\u00e1nos (szerk.) (1999): A haldokl\u00e1s \u00e9s a gy\u00e1sz pszichol\u00f3gi\u00e1ja. Semmelweis Orvostudom\u00e1nyi Egyetem, Budapest, III\/1-14.<br \/>\nPilling J\u00e1nos (1999): A gy\u00e1sz l\u00e9lektana \u00e9s a gy\u00e1szol\u00f3k seg\u00edt\u00e9se. In: Pilling J\u00e1nos (szerk.) (1999): A haldokl\u00e1s \u00e9s a gy\u00e1sz pszichol\u00f3gi\u00e1ja. Semmelweis Orvostudom\u00e1nyi Egyetem, Budapest, VIII\/1-13<br \/>\nPilling J\u00e1nos (1998): A klinikai pszichol\u00f3gus szerepe a hospice gondoz\u00e1sban. In: A klinikai pszichol\u00f3gia \u00e9s a ment\u00e1lhigi\u00e9n\u00e9 szakmai protokollja. (Szerk.: Bagdy Em\u0151ke). Animula, Budapest, 177-178<br \/>\nPilling J\u00e1nos (1995): A haldokl\u00f3 pszich\u00e9s gondoz\u00e1sa a haldokl\u00e1s k\u00fcl\u00f6nb\u00f6z\u0151 st\u00e1diumaiban. In: Heged\u0171s Katalin (szerk.): Hal\u00e1lk\u00f6zelben II. Magyar Hospice Alap\u00edtv\u00e1ny, Budapest, 109-124, valamint: (1. r\u00e9sz) H\u00e1ziorvosi Szemle, 3 (1): 24-26 (1996) \u00e9s (2. r\u00e9sz) uo., 3 (2), 23-27 (1996)<br \/>\nPilling J\u00e1nos (1994): A hal\u00e1l el\u0151- \u00e9s ut\u00f3\u00e9lete. Hal\u00e1lk\u00f6zeli \u00e9lm\u00e9nyek. In: Heged\u0171s Katalin (szerk.): \u201eHal\u00e1lk\u00f6zelben. A haldokl\u00f3 \u00e9s a hal\u00e1l m\u00e9lt\u00f3s\u00e1g\u00e1\u00e9rt.\u201d Magyar Hospice Alap\u00edtv\u00e1ny, Budapest, 37-52.<\/p>\n<p>3. Publications in peer reviewed journals (19)<\/p>\n<p>Pilling J\u00e1nos, T\u00e9nyi Tam\u00e1s, Feh\u00e9r L\u00e1szl\u00f3 (2010): KOMP: szkizofr\u00e9n betegek ter\u00e1pi\u00e1s egy\u00fcttm\u0171k\u00f6d\u00e9s\u00e9t seg\u00edt\u0151 kommunik\u00e1ci\u00f3s m\u00f3dszer. Psychiatria Hungarica, 25 (Supplementum) 1): 36-48.<br \/>\nPilling J\u00e1nos (2008): Sorsford\u00edt\u00f3 besz\u00e9lget\u00e9s: a velesz\u00fcletett rendelleness\u00e9gek h\u00edr\u00e9nek k\u00f6zl\u00e9se. B\u00e1b\u00e1k, sz\u00fcl\u00e9szn\u0151k, 7 (1): 14-16.<br \/>\nPilling J\u00e1nos (2006): A gy\u00e1sz l\u00e9lektana \u00e9s a gy\u00e1szol\u00f3k seg\u00edt\u00e9s\u00e9nek lehet\u0151s\u00e9gei. Csal\u00e1dorvosi F\u00f3rum (2): 27-33<br \/>\nPilling J\u00e1nos, Cserh\u00e1ti Zolt\u00e1n (2005): A szomatiz\u00e1ci\u00f3 kezel\u00e9se a mindennapi orvosi gyakorlatban. Alkalmazott Pszichol\u00f3gia, 7 (2): 59-73.<br \/>\nPilling J\u00e1nos (2004): A b\u00facs\u00fa m\u00e9lt\u00f3s\u00e1ga (A holttesttel val\u00f3 m\u00e9lt\u00f3 b\u00e1n\u00e1sm\u00f3d k\u00e9rd\u00e9sei). Khar\u00f3n, 8 (3): 15-60.<br \/>\nPilling J\u00e1nos (2004): Gy\u00f3gy\u00edthatatlan betegs\u00e9gek diagn\u00f3zis\u00e1nak k\u00f6zl\u00e9se. Uroonkol\u00f3gia, 1 (1): 25-29.<br \/>\nPilling J\u00e1nos (2003): Struktur\u00e1lis technik\u00e1k a gy\u00e1szol\u00f3k \u00f6nseg\u00edt\u0151 csoportjaiban. Khar\u00f3n \u2013 Thanatol\u00f3giai Szemle, 7 (1-2): 97-122.<br \/>\nPilling J\u00e1nos, S\u00e1ndor Imola (2002): Kommunik\u00e1ci\u00f3oktat\u00e1s az orvosk\u00e9pz\u00e9sben. Eszterh\u00e1zy K\u00e1roly F\u0151iskola Tudom\u00e1nyos K\u00f6zlem\u00e9nyei, 39: 224-230.<br \/>\nHeged\u0171s Katalin, Pilling J\u00e1nos, Kolosai Nedda, Bogn\u00e1r Tam\u00e1s, B\u00e9k\u00e9s Vera (2002): Orvosok hal\u00e1llal \u00e9s haldokl\u00e1ssal kapcsolatos attit\u0171djei. Orvosi Hetilap, 143 (42): 2385-2391.<br \/>\nKolosai Nedda, Bogn\u00e1r Tam\u00e1s, Pilling J\u00e1nos, Heged\u0171s Katalin, B\u00e9k\u00e9s Vera (2002): \u201e\u2026 \u00e9s ments meg, Uram, minket a hirtelen hal\u00e1lt\u00f3l!\u201d Val\u00f3s\u00e1g, 45 (2): 66-82<br \/>\nHeged\u0171s Katalin, Pilling J\u00e1nos, Kolosai Nedda, Bogn\u00e1r Tam\u00e1s (2001): \u00c1pol\u00f3k \u00e9s medikusok hal\u00e1llal \u00e9s haldokl\u00e1ssal kapcsolatos attit\u0171dje. Lege Artis Medicinae, 11 (6-7): 492-499.<br \/>\nPilling J\u00e1nos, Heged\u0171s Katalin, Bogn\u00e1r Tam\u00e1s, Kolosai Nedda, B\u00e9k\u00e9s Vera (2001): Hal\u00e1lnak hal\u00e1la. Haldokl\u00e1ssal \u00e9s gy\u00e1sszal kapcsolatos ismeretek oktat\u00e1sa a gradu\u00e1lis \u00e9s posztgradu\u00e1lis orvosk\u00e9pz\u00e9sben. Eg\u00e9szs\u00e9g\u00fcgyi Kr\u00f3nika, 6 (1-2): 23-24.<br \/>\nBogn\u00e1r Tam\u00e1s, Kolosai Nedda, Heged\u0171s Katalin, Pilling J\u00e1nos (2001): \u201eKellene, aki megfogn\u00e1 a haldokl\u00f3 kez\u00e9t!\u201d Orvosokkal k\u00e9sz\u00fclt m\u00e9lyinterj\u00fak elemz\u00e9se a haldokl\u00f3gondoz\u00e1s neh\u00e9zs\u00e9geir\u0151l. Lege Artis Medicinae, 11 (2): 154-162<br \/>\nPilling J\u00e1nos (1998): Hal\u00e1lk\u00f6zeli \u00e9lm\u00e9nyt \u00e1t\u00e9lt emberek vil\u00e1g- \u00e9s t\u00falvil\u00e1gk\u00e9pe. Khar\u00f3n \u2013 Thanatol\u00f3giai Szemle, 2 (3): 37-50.<br \/>\nM. Topits Judit &#8211; Pilling J\u00e1nos (1997): Meghaltam \u2013 \u00e9s \u00e9lek. Hal\u00e1lk\u00f6zeli \u00e9lm\u00e9nyek. Khar\u00f3n, 1 (1): 71-90<br \/>\nPilling J\u00e1nos (1997): \u00c9lm\u00e9nyek a hal\u00e1l k\u00f6zel\u00e9ben. \u00c9let \u00e9s Tudom\u00e1ny 52 (32): 1011-1013<br \/>\nPilling J\u00e1nos (1994): Haldokl\u00f3 betegek hospice &#8211; szellem\u0171 gondoz\u00e1sa. Medicus Universalis. Aktu\u00e1lis Oldalak. 27 (14): 3-4<br \/>\nPilling J\u00e1nos (1993): Hospice \u2013 a haldokl\u00f3gondoz\u00e1s \u00faj form\u00e1ja Magyarorsz\u00e1gon. Medicus Anonimus, 1 (1): 10<br \/>\nPilling J\u00e1nos (1992): Hal\u00e1ll\u00e1t\u00f3k. V\u00e9geken (A region\u00e1lis ment\u00e1lhigi\u00e9n\u00e9s kutat\u00e1sok foly\u00f3irata) 3 (2): 8 15<\/td>\n<\/tr>\n<\/tbody>\n<\/table>\n<\/div><\/div>\n","protected":false},"excerpt":{"rendered":"<p>Personal data Place and date of birth:\u00a0\u00a0 \u00a0Ny\u00edregyh\u00e1za, 03.01.1969 Office Address:\u00a0\u00a0 \u00a0Semmelweis University, Institute of\u00a0 Behavioural Sciences, Budapest, Nagyv\u00e1rad t\u00e9r 4. Phone:\u00a0\u00a0 \u00a0Tel.\/Fax: (36-1)-210-2955 Degrees, education: \u2022\u00a0\u00a0 \u00a0Medical Doctor: Medical University, Debrecen (1993) \u2022\u00a0\u00a0 \u00a0Psychiatrist: University Haynal Imre (1997) Assignment: \u00a0\u00a0 \u00a0\u00a0\u00a0 \u00a0\u00a0\u00a0 \u00a0Chief of Communication Department Previous workplaces: \u2022\u00a0\u00a0 \u00a0Vadaskert Foundation for Children\u2019s Mental &hellip;<\/p>\n","protected":false},"author":110,"featured_media":0,"parent":3356,"menu_order":3,"comment_status":"closed","ping_status":"closed","template":"","meta":{"_acf_changed":false,"footnotes":""},"categories":[],"tags":[],"class_list":["post-3401","page","type-page","status-publish","hentry"],"acf":[],"_links":{"self":[{"href":"https:\/\/semmelweis.hu\/magtud\/wp-json\/wp\/v2\/pages\/3401","targetHints":{"allow":["GET"]}}],"collection":[{"href":"https:\/\/semmelweis.hu\/magtud\/wp-json\/wp\/v2\/pages"}],"about":[{"href":"https:\/\/semmelweis.hu\/magtud\/wp-json\/wp\/v2\/types\/page"}],"author":[{"embeddable":true,"href":"https:\/\/semmelweis.hu\/magtud\/wp-json\/wp\/v2\/users\/110"}],"replies":[{"embeddable":true,"href":"https:\/\/semmelweis.hu\/magtud\/wp-json\/wp\/v2\/comments?post=3401"}],"version-history":[{"count":7,"href":"https:\/\/semmelweis.hu\/magtud\/wp-json\/wp\/v2\/pages\/3401\/revisions"}],"predecessor-version":[{"id":4777,"href":"https:\/\/semmelweis.hu\/magtud\/wp-json\/wp\/v2\/pages\/3401\/revisions\/4777"}],"up":[{"embeddable":true,"href":"https:\/\/semmelweis.hu\/magtud\/wp-json\/wp\/v2\/pages\/3356"}],"wp:attachment":[{"href":"https:\/\/semmelweis.hu\/magtud\/wp-json\/wp\/v2\/media?parent=3401"}],"wp:term":[{"taxonomy":"category","embeddable":true,"href":"https:\/\/semmelweis.hu\/magtud\/wp-json\/wp\/v2\/categories?post=3401"},{"taxonomy":"post_tag","embeddable":true,"href":"https:\/\/semmelweis.hu\/magtud\/wp-json\/wp\/v2\/tags?post=3401"}],"curies":[{"name":"wp","href":"https:\/\/api.w.org\/{rel}","templated":true}]}}