{"id":3395,"date":"2017-11-28T00:00:00","date_gmt":"2017-11-27T23:00:00","guid":{"rendered":"http:\/\/semmelweis.hu\/magtud\/curriculum-vitae-9\/"},"modified":"2023-09-19T14:38:28","modified_gmt":"2023-09-19T12:38:28","slug":"dr-zsuzsa-gyorffy","status":"publish","type":"page","link":"https:\/\/semmelweis.hu\/magtud\/en\/institute\/staff\/dr-zsuzsa-gyorffy\/","title":{"rendered":"Dr. Zsuzsa Gy\u0151rffy"},"content":{"rendered":"<p><a href=\"https:\/\/semmelweis.hu\/magtud\/files\/2018\/10\/Gy\u0151rffyZs_20180714-1.jpg\"><img loading=\"lazy\" decoding=\"async\" class=\" wp-image-5696 alignright\" src=\"https:\/\/semmelweis.hu\/magtud\/files\/2018\/10\/Gy\u0151rffyZs_20180714-1.jpg\" alt=\"\" width=\"160\" height=\"240\" srcset=\"https:\/\/semmelweis.hu\/magtud\/files\/2018\/10\/Gy\u0151rffyZs_20180714-1.jpg 1200w, https:\/\/semmelweis.hu\/magtud\/files\/2018\/10\/Gy\u0151rffyZs_20180714-1-200x300.jpg 200w, https:\/\/semmelweis.hu\/magtud\/files\/2018\/10\/Gy\u0151rffyZs_20180714-1-768x1152.jpg 768w, https:\/\/semmelweis.hu\/magtud\/files\/2018\/10\/Gy\u0151rffyZs_20180714-1-683x1024.jpg 683w\" sizes=\"auto, (max-width: 160px) 100vw, 160px\" \/><\/a><\/p>\n<div class=\"responsive-tabs\">\n<h2 class=\"tabtitle\">Curriculum vitae<\/h2>\n<div class=\"tabcontent\">\n\n<p><strong>PROFESSIONAL AFFILIATIONS<\/strong><\/p>\n<p>2002\u2013 Department of Medical Sociology, Institute of Behavioural Sciences, Semmelweis University, Budapest<\/p>\n<p>2017-2019- The Medical Futurist Institute<\/p>\n<p>2018- Head of Medical Sociology Department<\/p>\n<p>2020- 2024: Supervisor of Research Grants: OTKA -FK 134372 E-patients and e-physicians in Hungary: The role and opportunities of digital health solutions in the healthcare system<\/p>\n<p><strong>EDUCATION AND DEGREES<\/strong><\/p>\n<p>2018<strong>\u2013<\/strong> Habilitation in Health Sciences<\/p>\n<p>2004\u20132009 Semmelweis University, Budapest, Mental Health Sciences PhD School,<\/p>\n<p>Behavioural Sciences program<\/p>\n<p>\u2013\u00a0PhD degree in Psychology<\/p>\n<p>1995\u20132000 Lor\u00e1nd E\u00f6tv\u00f6s University, Budapest, Institute of Sociology<\/p>\n<p>\u2013\u00a0MA degree in Sociology \/ special profession: Human Relations<\/p>\n<p><strong>TEACHING EXPERIENCE<\/strong><\/p>\n<p>2002\u2013 Medical sociology courses (lectures and practices) in English and Hungarian<\/p>\n<p>The basics of digital health\u00a0 \u2013 elective course<\/p>\n<p>PhD lectures and PhD student supervision \/ Semmelweis University Doctoral School No. 4.<\/p>\n<p>Graduate teaching: seminars since 2001 and lectures since 2002 in medical sociology, in Hungarian and in English.<\/p>\n<p>Postgraduate teaching: lectures in the field of psychology and digital health for healthcare workers.<\/p>\n<p>Leader of CME course on \u201eBurnout prevention via positive psychology techniques.\u201d<\/p>\n<p>Supervisor, opponent and committee member for diploma works and PhD studies.<\/p>\n<p>More than 200 scientific educational lectures for various target group. on digital health, stress- and burnout prevention.<\/p>\n<p><strong>\u00a0<\/strong><strong>MAIN FIELDS OF INTEREST AND RESEARCH PROFILE<\/strong><\/p>\n<p>Digital Health<\/p>\n<p>Social impact of digital transformation<\/p>\n<p>Stress and Burnout of Health Professionals<\/p>\n<p><strong>\u00a0<\/strong><strong>PUBLICATIONS<\/strong><\/p>\n<p>Hirsch index: 16<\/p>\n<p>Total impact factor: 68,991<\/p>\n<p>Independent citations: 1150<\/p>\n<p>Author or co-author of 168 scientific paper; over 80 Hungarian and international scientific conference presentation.<\/p>\n<p><a href=\"https:\/\/m2.mtmt.hu\/gui2\/?type=authors&amp;mode=browse&amp;sel=10024073\">List of publications at Hungarian National Scientific Bibliography<\/a><\/p>\n<p><a href=\"https:\/\/scholar.google.hu\/citations?hl=hu&amp;user=kdf1p8UAAAAJ\">Google scholar<\/a><\/p>\n<p><strong>RESEARCH GRANT<\/strong><\/p>\n<p>2012\u20132015 Hungarian Academy of Sciences (MTA)<\/p>\n<p>\u2013 J\u00e1nos Bolyai Research Fellowship<\/p>\n<p><strong>\u00a0<\/strong><strong>AWARDS<\/strong><\/p>\n<p>2017\u00a0\u00a0\u00a0 \u201cMarkusovszky Prize\u201d for the best published article awarded by the leading<br \/>\nHungarian medical journal \u201cOrvosi Hetilap\u201d<\/p>\n<p>2016\u00a0<strong> \u00a0 <\/strong>MTA Bolyai Plaque<\/p>\n<p>2016\u00a0 \u00a0 Clinical Neuroscience \u201cIdeggy\u00f3gy\u00e1szati Szemle\u201d \/ Editorial Special Award<\/p>\n<p>2015 \u00a0\u00a0 EConsilium Annual Award<\/p>\n<p>2013 \u00a0\u00a0 Elitmed Top 10 most popular scientific paper<\/p>\n<p>2013<strong> \u00a0\u00a0 <\/strong>Hungarian Psychiatric Association Award for the Best Poster Presentation<\/p>\n<p>2010\u00a0\u00a0\u00a0 Hungarian Psychiatric Association Early Career Award<\/p>\n<p>2005\u00a0\u00a0\u00a0 Hungarian Medical Journal \/ Markusovszky Prize<\/p>\n<p>2004\u00a0\u00a0\u00a0 Hungarian Psychiatric Association \/ Award for the Best Poster Presentation<\/p>\n<p><strong>SKILLS<\/strong><\/p>\n<p>\u2013 English: Hungarian state accredited B2 certificate<\/p>\n<p>\u2013 Statistical analysis in social studies<\/p>\n<p>\u2013 Quantitative and qualitative expert<\/p>\n<p><strong>TRAINING ACTIVITIES<\/strong><\/p>\n<p>Stress management, burnout prevention, team building, presentation skills, motivational and communication trainings<\/p>\n\n<\/div><h2 class=\"tabtitle\">Publications<\/h2>\n<div class=\"tabcontent\">\n\n<table class=\"contentpaneopen\">\n<tbody>\n<tr>\n<td valign=\"top\">\n<p style=\"text-align: justify\"><span style=\"color: #000000\"><strong>Journal articles in English<\/strong><\/span><\/p>\n<p>Gy\u0151rffy Zs, L\u00e1szl\u00f3 K, \u00c1d\u00e1m Sz, Kopp M (2009): Equity in Reproductive Health in Central and Eastern Europe: The Hungarian Experience.\u00a0 In: Equity in Access to Health Promotion, Treatment and Care for European Women, University Press, Kassel, in press.<\/p>\n<p>L\u00e1szl\u00f3 K, Gy\u0151rffy Zs, \u00c1d\u00e1m Sz, Csoboth Cs, Kopp M (2008): Work-related stress factors and menstrual pain: a nation-wide representative survey. Journal of Psychosomatic Obstetrics &amp; Gynecology, 29 (2): 133\u2013138. IF:0.951<\/p>\n<p>\u00c1d\u00e1m Sz, Gy\u0151rffy Zs,\u00a0 Sus\u00e1nszky \u00c9 (2008): Physician burnout in Hungary: a potential role for work-family conflict. Journal of Health Psychology, (13) 847-856.\u00a0 IF: 1.423<\/p>\n<p><strong>Books in Hungarian<\/strong><\/p>\n<p>Gy\u0151rffy Zsuzsa: Az (orvos)eg\u00e9szs\u00e9ghez val\u00f3 jog anom\u00e1li\u00e1i \u2013 Morbidit\u00e1s \u00e9s stresszt\u00e9nyez\u0151k a magyarorsz\u00e1gi orvosn\u0151k k\u00f6r\u00e9ben. Emberi Jogok Magyar K\u00f6zpontja K\u00f6zalap\u00edtv\u00e1ny, Budapest 2010<\/p>\n<p><strong>Book chapters<\/strong><\/p>\n<p style=\"text-align: justify\"><span style=\"color: #000000\"><br \/>\n1.\u00a0\u00a0 \u00a0Gy\u0151rffy Zs, \u00c1d\u00e1m Sz, Harmatta J, T\u00fary F, Sz\u00e9nyei G (2008): Pszichi\u00e1tern\u0151k \u00e9letmin\u0151s\u00e9ge \u00e9s eg\u00e9szs\u00e9gi \u00e1llapota. In: Kopp M (szerk.): Es\u00e9lyer\u0151s\u00edt\u00e9s \u00e9s \u00e9letmin\u0151s\u00e9g a mai magyar t\u00e1rsadalomban. Semmelweis Kiad\u00f3, Budapest, 356-365.<br \/>\n2.\u00a0\u00a0 \u00a0Kopp M, Gy\u0151rffy Zs, \u00c1d\u00e1m Sz (2008): A magasabb v\u00e9gzetts\u00e9g\u0171 n\u0151k h\u00e1tr\u00e1nyos helyzete \u2013 mi\u00e9rt nem sz\u00fclethetnek meg a k\u00edv\u00e1nt gyermekek? In: Kopp M (szerk.): Es\u00e9lyer\u0151s\u00edt\u00e9s \u00e9s \u00e9letmin\u0151s\u00e9g a mai magyar t\u00e1rsadalomban. Semmelweis Kiad\u00f3, Budapest. 250-254.<br \/>\n3.\u00a0\u00a0 \u00a0\u00c1d\u00e1m Sz, Gy\u0151rffy Zs, L\u00e1szl\u00f3 K (2008): A csal\u00e1di \u00e9s munkahelyi szerepek k\u00f6z\u00f6tti konfliktus \u00e9s a pszich\u00e9s j\u00f3l-l\u00e9t mutat\u00f3k kapcsolata. In: Kopp M (szerk.): Es\u00e9lyer\u0151s\u00edt\u00e9s \u00e9s \u00e9letmin\u0151s\u00e9g a mai magyar t\u00e1rsadalomban. Semmelweis Kiad\u00f3, Budapest, 260-266.<br \/>\n4.\u00a0\u00a0 \u00a0L\u00e1szl\u00f3 K, Gy\u0151rffy Zs, Salavecz Gy, \u00c1d\u00e1m Sz (2008): Munkahelyi stresszt\u00e9nyez\u0151k \u00e9s a f\u00e1jdalmas menstru\u00e1ci\u00f3. In: Kopp M (szerk.): Es\u00e9lyer\u0151s\u00edt\u00e9s \u00e9s \u00e9letmin\u0151s\u00e9g a mai magyar t\u00e1rsadalomban. Semmelweis Kiad\u00f3, Budapest 328-355.<br \/>\n5.\u00a0\u00a0 \u00a0Gy\u0151rffy Zs, \u00c1d\u00e1m Sz, Pilling J (2006): Az orvosok testi \u00e9s lelki eg\u00e9szs\u00e9gi \u00e1llapota. In: Sz\u00e1nt\u00f3 Zs, Sus\u00e1nszky \u00c9 (szerk.): Orvosi szociol\u00f3gia. Semmelweis Kiad\u00f3, Budapest, 105-117.<br \/>\n6.\u00a0\u00a0 \u00a0Gy\u0151rffy Zs, \u00c1d\u00e1m Sz (2006): Az \u00e9letmin\u0151s\u00e9g alakul\u00e1sa az orvosn\u0151i hivat\u00e1sban. In: Kopp M, Kov\u00e1cs M (szerk.): A magyar n\u00e9pess\u00e9g \u00e9letmin\u0151s\u00e9ge az ezredfordul\u00f3n. Semmelweis Kiad\u00f3, Budapest, 314-324.<br \/>\n7.\u00a0\u00a0 \u00a0Gy\u0151rffy Zs, L\u0151rincz J, \u00c1d\u00e1m Sz, Kopp M (2006): Gyermekv\u00e1llal\u00e1s, magzatveszt\u00e9s \u00e9s \u00e9letmin\u0151s\u00e9g. In: Kopp M, Kov\u00e1cs M (szerk.): A magyar n\u00e9pess\u00e9g \u00e9letmin\u0151s\u00e9ge az ezredfordul\u00f3n. Semmelweis Kiad\u00f3, Budapest, 263-273.<br \/>\n8.\u00a0\u00a0 \u00a0\u00c1d\u00e1m Sz, L\u00e1szl\u00f3 K, Gy\u0151rffy Zs (2006): A devi\u00e1ns viselked\u00e9s. In: Sz\u00e1nt\u00f3 Zs, Sus\u00e1nszky \u00c9 (szerk.): Orvosi szociol\u00f3gia. Semmelweis Kiad\u00f3, Budapest, 55-73.<\/span><\/p>\n<p><strong>Peer-reviewed articles<\/strong><\/p>\n<p>1.\u00a0\u00a0 \u00a0Gy\u0151rffy Zs, S\u00e1ndor I, Csoboth Cs, Kopp M (2010): A fizikailag b\u00e1ntalmazott n\u0151k reprodukci\u00f3s zavarai. Ment\u00e1lhigi\u00e9n\u00e9 \u00e9s Pszichoszomatika 2010. 11(4) 297-313.<br \/>\n2.\u00a0\u00a0 \u00a0Sz\u00e9nyei G, \u00c1d\u00e1m Sz, Gy\u0151rffy Zs, Harmatta J, T\u00fary F (2010): A hazai pszichi\u00e1terek p\u00e1lya- \u00e9s j\u00f6v\u0151k\u00e9pe. Psychiatria Hungarica\u00a0 2010. 25.\u00e9vf. 1.sz. 31-54.<br \/>\n3.\u00a0\u00a0 \u00a0\u00c1d\u00e1m Sz, Gy\u0151rffy Zs, Harmatta J, T\u00fary F, Kopp M, Sz\u00e9nyei G (2010): A magyarorsz\u00e1gi pszichi\u00e1terek eg\u00e9szs\u00e9gi \u00e1llapota. Psychiatria Hungarica 2010. 25.\u00e9vf. 1.sz. 55-61.<br \/>\n4.\u00a0\u00a0 \u00a0Gy\u0151rffy Zs, \u00c1d\u00e1m Sz, Kopp M (2009): A pszich\u00e9s morbidit\u00e1s prevalenci\u00e1ja \u00e9s h\u00e1tt\u00e9rt\u00e9nyez\u0151i a magyarorsz\u00e1gi orvosn\u0151k k\u00f6r\u00e9ben. N\u00e9peg\u00e9szs\u00e9g\u00fcgy , 87 (2) : 884-94.<br \/>\n5.\u00a0\u00a0 \u00a0Gy\u0151rffy Zs, \u00c1d\u00e1m Sz, Kopp M (2009): Morbidit\u00e1s \u00e9s h\u00e1tt\u00e9rt\u00e9nyez\u0151i a magyarorsz\u00e1gi orvosn\u0151k k\u00f6r\u00e9ben.\u00a0 Lege Artis Medicinae 2009, 19 (06-07).<br \/>\n6.\u00a0\u00a0 \u00a0\u00c1d\u00e1m Sz, Gy\u0151rffy Zs, L\u00e1szl\u00f3 K (2009): A munkahelyi el\u00e9gedetlens\u00e9g magas prevalenci\u00e1ja orvosn\u0151k k\u00f6r\u00e9ben:\u00a0 a munkahelyi \u00e9s csal\u00e1di szerepek k\u00f6z\u00f6tti konfliktus, mint lehets\u00e9ges rizik\u00f3t\u00e9nyez\u0151. Orvosi Hetilap, 150. \u00e9vfolyam 31.sz\u00e1m (2009. aug.2.)1451-1457.<br \/>\n7.\u00a0\u00a0 \u00a0\u00c1d\u00e1m Sz, Torzsa P, Gy\u0151rffy Zs, V\u00f6r\u00f6s K, Kalabay L (2009): Gyakori a magas fok\u00fa ki\u00e9g\u00e9s a h\u00e1ziorvosok \u00e9s a h\u00e1ziorvosi rezidensek k\u00f6r\u00e9ben. Orvosi Hetilap, 150. \u00e9vfolyam, 7. sz\u00e1m (2009 febr. 15.) 317-326.<br \/>\n8.\u00a0\u00a0 \u00a0L\u00e1szl\u00f3 K, Gy\u0151rffy Zs, Salavecz Gy, \u00c1d\u00e1m Sz, Kopp M (2007): Munkahelyi stresszt\u00e9nyez\u0151k kapcsolata a f\u00e1jdalmas menstru\u00e1ci\u00f3val. Ment\u00e1lhigi\u00e9n\u00e9 \u00e9s Pszichoszomatika 8 (3): 229-239.<br \/>\n9.\u00a0\u00a0 \u00a0\u00c1d\u00e1m Sz, Gy\u0151rffy Zs, Kopp M (2007): A n\u0151k helyzete a tudom\u00e1nyos p\u00e1ly\u00e1n: kih\u00edv\u00e1sok \u00e9s lehet\u0151s\u00e9gek. Magyar Tudom\u00e1ny, 2007. febru\u00e1r.<br \/>\n10.\u00a0\u00a0 \u00a0\u00c1d\u00e1m Sz, Gy\u0151rffy Zs, Csoboth Cs (2006): Ki\u00e9g\u00e9s (burnout) szindr\u00f3ma az orvosi hivat\u00e1sban. Hippocrates, VIII\/2: 113-117.<br \/>\n11.\u00a0\u00a0 \u00a0Gy\u0151rffy Zs, \u00c1d\u00e1m Sz, Csoboth Cs, Kopp M (2005): Az \u00f6ngyilkoss\u00e1gi gondolatok el\u0151fordul\u00e1sa \u00e9s pszichoszoci\u00e1lis h\u00e1tt\u00e9rt\u00e9nyez\u0151i az orvost\u00e1rsadalomban. Psychiatria Hungarica, 20 (5): 370-379.<br \/>\n12.\u00a0\u00a0 \u00a0Gy\u0151rffy Zs, \u00c1d\u00e1m Sz, Kopp M (2005): A magyarorsz\u00e1gi orvost\u00e1rsadalom eg\u00e9szs\u00e9gi \u00e1llapota \u2013 orsz\u00e1gos reprezentat\u00edv minta alapj\u00e1n. Orvosi Hetilap, 146. \u00e9vfolyam 26. sz\u00e1m (2005. j\u00fanius 26.): 1383-1393.<br \/>\n13.\u00a0\u00a0 \u00a0Gy\u0151rffy Zs, \u00c1d\u00e1m Sz (2004): Az eg\u00e9szs\u00e9gi \u00e1llapot, a munka-stressz \u00e9s a ki\u00e9g\u00e9s alakul\u00e1sa az orvosi hivat\u00e1sban. Szociol\u00f3giai Szemle, 2004\/3. (11. \u00e9vf.): 107-128.<br \/>\n14.\u00a0\u00a0 \u00a0Gy\u0151rffy Zs, \u00c1d\u00e1m Sz (2004): Az orvosn\u0151i hivat\u00e1s magatart\u00e1studom\u00e1nyi vizsg\u00e1lata. Ment\u00e1lhigi\u00e9n\u00e9 \u00e9s Pszichoszomatika, 5 (1): 27-53.<br \/>\n15.\u00a0\u00a0 \u00a0Gy\u0151rffy Zs, L\u0151rincz J, \u00c1d\u00e1m Sz, Kopp M (2004): A m\u0171vi abortuszok alakul\u00e1s\u00e1nak pszichoszoci\u00e1lis h\u00e1tt\u00e9rt\u00e9nyez\u0151i orsz\u00e1gos reprezentat\u00edv minta alapj\u00e1n. Lege Artis Medicinae, 14(7): 412-419.<br \/>\n16.\u00a0\u00a0 \u00a0Gy\u0151rffy Zs, M\u00e9sz\u00e1ros E, \u00c1d\u00e1m Sz, Kopp M (2004): Az eg\u00e9szs\u00e9g\u00fcgyben dolgoz\u00f3 n\u0151k gyermekv\u00e1llal\u00e1ssal \u00e9s terhess\u00e9ggel kapcsolatos mutat\u00f3i orsz\u00e1gos reprezentat\u00edv minta alapj\u00e1n. Ment\u00e1lhigi\u00e9n\u00e9 \u00e9s Pszichoszomatika, 5 (4): 321-333.<br \/>\n17.\u00a0\u00a0 \u00a0Gy\u0151rffy Zs, \u00c1d\u00e1m Sz (2003): Szerepkonfliktusok az orvosn\u0151i hivat\u00e1sban. Lege Artis Medicinae, 13(2): 159-164.<br \/>\n18.\u00a0\u00a0 \u00a0\u00c1d\u00e1m Sz, Gy\u0151rffy Zs (2003): Orvosn\u0151k az anyas\u00e1gr\u00f3l. Es\u00e9ly, 2003\/3: 86-92.<\/p>\n<p style=\"text-align: justify\"><span style=\"color: #000000\"><br \/>\n<strong>Abstracts &amp; Posters<\/strong><\/span><\/p>\n<p style=\"text-align: justify\"><span style=\"color: #000000\"><br \/>\nGy\u0151rffy Zs, S\u00e1ndor I, Kopp M. (2010): A fizikailag b\u00e1ntalmazott n\u0151k reprodukci\u00f3s zavarai. MPT VII. Nemzeti Kongresszusa, Budapest, 2010, janu\u00e1r 27-30.<br \/>\nNeculai K, Salavecz Gy, \u00c1d\u00e1m Sz, Gy\u0151rffy Zs, Szab\u00f3 Sz, Kopp M (2007): Effort-reward imbalance and menstrual pain: results from the Hungarostudy Epidemiological Panel 2006. 3rd Cell Stress Society International Congress on Stress Responses in Biology and Medicine and 2nd International Congress of Stress Research, Budapest, Hungary, 23-26 August 2007.<br \/>\n\u00c1d\u00e1m Sz, Gy\u0151rffy Zs, Neculai K, Balog P, Martos T, Kopp M (2007): High prevalence of work-family conflict in the Hungarian population: potential stressors and consequences. 3rd Cell Stress Society International Congress on Stress Responses in Biology and Medicine and 2nd International Congress of Stress Research, Budapest, Hungary, 23-26 August 2007.<br \/>\n\u00c1d\u00e1m Sz, Gy\u0151rffy Zs, Sus\u00e1nszky \u00c9 (2007): High prevalence of work-family conflict among female physicians: lack of individual and organisational support as potential antecedents. 27th European Conference on Psychosomatic Research, 21th Annual Conference of the European Health Psychology Society, Maastricht, Netherlands, 15-18 August 2007.<br \/>\n\u00c1d\u00e1m Sz, Gy\u0151rffy Zs, Harmatta J, T\u00fary F, Sz\u00e9nyei G (2007): A hazai pszichi\u00e1terek \u00e9letmin\u0151s\u00e9ge \u2013 h\u00e1tr\u00e1nyban vannak-e a n\u0151k? Magyar Pszichi\u00e1triai T\u00e1rsas\u00e1g XIV. V\u00e1ndorgy\u0171l\u00e9se, Miskolc, 2007. janu\u00e1r.<br \/>\nT\u00fary F, Sz\u00e9nyei G, Harmatta J, \u00c1d\u00e1m Sz, Gy\u0151rffy Zs (2007): A hazai pszichi\u00e1terek \u00e9letmin\u0151s\u00e9ge \u2013 testi eg\u00e9szs\u00e9g \u00e9s a pszichoszomatikus zavarok. Magyar Pszichi\u00e1triai T\u00e1rsas\u00e1g XIV. V\u00e1ndorgy\u0171l\u00e9se, Miskolc, 2007. janu\u00e1r.<br \/>\n\u00c1d\u00e1m Sz, Gy\u0151rffy Zs, Susanszky \u00c9 (2007): Associations between work-family conflict and lack of support among physicians. Psychology and Health, 1: 212.<br \/>\nGy\u0151rffy Zs, \u00c1d\u00e1m Sz, Kopp, M (2006): The physician\u2019s profession in Hungary: High prevalence of psychiatric and somatic morbidity. Psychology and Health, 21: 61.<br \/>\nNeculai K, Gy\u0151rffy Zs, \u00c1d\u00e1m Sz, Kopp M (2006): Work-related correlates of menstrual pain in Hungarian women: a national representative survey. 26th European Conference on Psychosomatic Research, Cavtat\/Dubrovnik, Croatia, September 27 \u2013 30 2006.<br \/>\n\u00c1d\u00e1m Sz, Gy\u0151rffy Zs (2006): High prevalence of work-family conflict among female physicians in Hungary: sources and adverse health outcomes, 26th European Conference on Psychosomatic Research, Cavtat\/Dubrovnik, Croatia, September 27 \u2013 30, 2006.<br \/>\nGy\u0151rffy Zs, \u00c1d\u00e1m Sz, Kopp M (2006): The physician\u2019s profession in Hungary: High prevalence of psychiatric and somatic morbidity, 20th Annual Conference of the European Health Psychology Society, Warsaw, Poland, 30 Aug \u2013 2 Sept 2006.<br \/>\n\u00c1d\u00e1m Sz, Gy\u0151rffy Zs (2006): Burnout among Hungarian female and male physicians: prevalence and potential precursors, 20th Annual Conference of the European Health Psychology Society, Warsaw, Poland, 30 Aug \u2013 2 Sept 2006.<br \/>\n\u00c1d\u00e1m Sz, Gy\u0151rffy Zs, Csoboth Cs (2006): Burnout szindr\u00f3ma az orvosi hivat\u00e1sban, Magyar Pszichi\u00e1triai T\u00e1rsas\u00e1g XIII. V\u00e1ndorgy\u0171l\u00e9se, Budapest, 2006. febru\u00e1r.<br \/>\n\u00c1d\u00e1m Sz, Gy\u0151rffy Zs (2006): Burnout among Hungarian female and male physicians: prevalence and potential precursors. Psychology and Health, 21: 10.<br \/>\nNeculai K, Gy\u0151rffy Zs, \u00c1d\u00e1m Sz, Kopp M (2006): Work-related correlates of menstrual pain in Hungarian women: a national representative survey. Journal of Psychosomatic Research, 61: 3.<br \/>\n\u00c1d\u00e1m Sz, Gy\u0151rffy Zs (2006): High prevalence of work-family conflict among female physicians in Hungary: Sources and adverse health outcomes. Journal of Psychosomatic Research, 61: 3.<br \/>\n\u00c1d\u00e1m Sz, Gy\u0151rffy Zs, Kopp M (2005): Az \u00f6ngyilkoss\u00e1gi gondolatok prevalenci\u00e1ja \u00e9s pszichoszoci\u00e1lis h\u00e1tt\u00e9rt\u00e9nyez\u0151ik az orvost\u00e1rsadalom k\u00f6r\u00e9ben. Magyar Pszichi\u00e1triai T\u00e1rsas\u00e1g XII. V\u00e1ndorgy\u0171l\u00e9se, Budapest, 2005. janu\u00e1r.<br \/>\nGy\u0151rffy Zs, \u00c1d\u00e1m Sz, Kopp, M (2004): Assessment of maternal reproductive morbidity among female physicians in Hungary. Psychology and Health, 19: 71.<br \/>\n\u00c1d\u00e1m Sz, Gy\u0151rffy Zs (2004): Role conflict among female physicians in Hungary: causes, effects and coping strategies. Psychology and Health, 19: 8.<br \/>\nGy\u0151rffy Zs, \u00c1d\u00e1m Sz, Kopp M (2004): High Prevalence of Reproductive Morbidity Among Female Healthcare Professionals in Hungary: Results from a Nationwide Representative Survey. Satellite of the 8th International Congress of Behavioural Medicine, Mainz \u2013 Budapest, Germany \u2013 Hungary, 25-28 August 2004.<br \/>\n\u00c1d\u00e1m Sz, Gy\u0151rffy Zs, Kopp M (2004): High Morbidity and Inattentive Health Behaviours among Hungarian Physicians: A Cause of High Mortality? Satellite of the 8th International Congress of Behavioural Medicine, Mainz \u2013 Budapest, Germany \u2013 Hungary, 25-28 August 2004.<br \/>\nGy\u0151rffy Zs, \u00c1d\u00e1m Sz (2004): Assessment of Maternal Reproductive Morbidity among Female Physicians in Hungary. 18th Annual Conference of the European Health Psychology Society, Helsinki, Finland, 21-24 June 2004.<br \/>\n\u00c1d\u00e1m Sz, Gy\u0151rffy Zs (2004): Role Conflict among Female Physicians in Hungary: Causes, Effects and Coping Strategies. 18th Annual Conference of the European Health Psychology Society, Helsinki, Finland, 21-24 June 2004.<br \/>\n\u00c1d\u00e1m Sz, Gy\u0151rffy Zs (2004): A szerepkonfliktus patogenetikai t\u00e9nyez\u0151i \u00e9s k\u00f6vetkezm\u00e9nyei a magyar orvosn\u0151k k\u00f6r\u00e9ben, Magyar Pszichi\u00e1triai T\u00e1rsas\u00e1g XI. V\u00e1ndorgy\u0171l\u00e9se, Szeged, 2004. janu\u00e1r.<br \/>\nGy\u0151rffy Zs, \u00c1d\u00e1m Sz (2003): Women in Medicine: A Pilot Study Exploring Pregnancy Complications and Outcomes Among Female Physicians in Hungary. 17th Conference of the European Health Psychology Society, Kos, Greece, 24-27 September 2003.<br \/>\nGy\u0151rffy Zs, \u00c1d\u00e1m Sz (2003): \u201eAz orvosn\u0151k kor\u00e1n halnak?\u201d A csal\u00e1d, a hivat\u00e1s \u00e9s az eg\u00e9szs\u00e9gi \u00e1llapot \u00f6sszef\u00fcgg\u00e9sei a magyarorsz\u00e1gi orvosn\u0151k k\u00f6r\u00e9ben. Magyar Pszichi\u00e1triai T\u00e1rsas\u00e1g X. V\u00e1ndorgy\u0171l\u00e9se, Sopron, 2003. janu\u00e1r<br \/>\n\u00c1d\u00e1m Sz, Gy\u0151rffy Zs (2003): Licence to die early: a pilot study exploring role conflict amongst female physicians in Hungary. 8th European Congress of Psychology, Vienna 6-11 July 2003.<br \/>\n\u00c1d\u00e1m Sz, Gy\u0151rffy Zs (2003): Orvosn\u0151k az anyas\u00e1gr\u00f3l. IV. Magatart\u00e1studom\u00e1nyi napok, P\u00e9cs 2003. j\u00fanius.<br \/>\n<\/span><\/p>\n<\/td>\n<\/tr>\n<\/tbody>\n<\/table>\n<\/div><\/div>\n","protected":false},"excerpt":{"rendered":"<p><a href=\"https:\/\/semmelweis.hu\/magtud\/files\/2018\/10\/Gy\u0151rffyZs_20180714-1.jpg\"><\/a> PROFESSIONAL AFFILIATIONS 2002\u2013 Department of Medical Sociology, Institute of Behavioural Sciences, Semmelweis University, Budapest 2017-2019- The Medical Futurist Institute 2018- Head of Medical Sociology Department 2020- 2024: Supervisor of Research Grants: OTKA -FK 134372 E-patients and e-physicians in Hungary: The role and opportunities of digital health solutions in the healthcare system EDUCATION AND DEGREES 2018\u2013 &hellip;<\/p>\n","protected":false},"author":110,"featured_media":0,"parent":3356,"menu_order":16,"comment_status":"closed","ping_status":"closed","template":"","meta":{"_acf_changed":false,"footnotes":""},"categories":[],"tags":[],"class_list":["post-3395","page","type-page","status-publish","hentry"],"acf":[],"_links":{"self":[{"href":"https:\/\/semmelweis.hu\/magtud\/wp-json\/wp\/v2\/pages\/3395","targetHints":{"allow":["GET"]}}],"collection":[{"href":"https:\/\/semmelweis.hu\/magtud\/wp-json\/wp\/v2\/pages"}],"about":[{"href":"https:\/\/semmelweis.hu\/magtud\/wp-json\/wp\/v2\/types\/page"}],"author":[{"embeddable":true,"href":"https:\/\/semmelweis.hu\/magtud\/wp-json\/wp\/v2\/users\/110"}],"replies":[{"embeddable":true,"href":"https:\/\/semmelweis.hu\/magtud\/wp-json\/wp\/v2\/comments?post=3395"}],"version-history":[{"count":9,"href":"https:\/\/semmelweis.hu\/magtud\/wp-json\/wp\/v2\/pages\/3395\/revisions"}],"predecessor-version":[{"id":12088,"href":"https:\/\/semmelweis.hu\/magtud\/wp-json\/wp\/v2\/pages\/3395\/revisions\/12088"}],"up":[{"embeddable":true,"href":"https:\/\/semmelweis.hu\/magtud\/wp-json\/wp\/v2\/pages\/3356"}],"wp:attachment":[{"href":"https:\/\/semmelweis.hu\/magtud\/wp-json\/wp\/v2\/media?parent=3395"}],"wp:term":[{"taxonomy":"category","embeddable":true,"href":"https:\/\/semmelweis.hu\/magtud\/wp-json\/wp\/v2\/categories?post=3395"},{"taxonomy":"post_tag","embeddable":true,"href":"https:\/\/semmelweis.hu\/magtud\/wp-json\/wp\/v2\/tags?post=3395"}],"curies":[{"name":"wp","href":"https:\/\/api.w.org\/{rel}","templated":true}]}}