{"id":3394,"date":"2017-11-28T00:00:00","date_gmt":"2017-11-27T23:00:00","guid":{"rendered":"http:\/\/semmelweis.hu\/magtud\/370-bencedoborssy\/"},"modified":"2020-07-31T14:44:18","modified_gmt":"2020-07-31T12:44:18","slug":"bence-dobrossy","status":"publish","type":"page","link":"https:\/\/semmelweis.hu\/magtud\/en\/institute\/staff\/bence-dobrossy\/","title":{"rendered":"Bence D\u00f6br\u00f6ssy"},"content":{"rendered":"<p><img loading=\"lazy\" decoding=\"async\" style=\"float: right\" src=\"\/magtud\/files\/2017\/11\/dobrossy.jpg\" alt=\"dobrossy\" width=\"89\" height=\"111\" \/><\/p>\n<div class=\"responsive-tabs\">\n<h2 class=\"tabtitle\">Curriculum vitae<\/h2>\n<div class=\"tabcontent\">\n\n<p>&nbsp;<\/p>\n<table class=\"contentpaneopen\">\n<tbody>\n<tr>\n<td valign=\"top\"><strong>Name:<\/strong> Bence D\u00f6br\u00f6ssy<br \/>\n<strong>Position:<\/strong> assistant lecturer<br \/>\n<strong>Telephone:<\/strong> +36 1 210 2953<br \/>\n<strong>E-mail:<\/strong><br \/>\n<script>\n &lt;!--\n var prefix = &#039;m&#097;&#105;lt&#111;:&#039;;\n var suffix = &#039;&#039;;\n var attribs = &#039;&#039;;\n var path = &#039;hr&#039; + &#039;ef&#039; + &#039;=&#039;;\n var addy2270 = &#039;d&#111;br&#111;ssy.b&#101;nc&#101;&#039; + &#039;&#064;&#039;;\n addy2270 = addy2270 + &#039;m&#101;d&#039; + &#039;&#046;&#039; + &#039;s&#101;mm&#101;lw&#101;&#105;s-&#117;n&#105;v&#039; + &#039;&#046;&#039; + &#039;h&#117;&#039;;\n document.write( &#039;<a>' );\n document.write( addy2270 );\n document.write( '' );\n \/\/--&gt;\n <\/script><a href=\"mailto:dobrossy.bence@med.semmelweis-univ.hu\">dobrossy.bence@med.semmelweis-univ.hu<\/a><script>\n &lt;!--\n document.write( &#039;<span>' );\n \/\/--&gt;\n <\/script>Ezt a c\u00edmet a spamrobotok ellen v\u00e9dj\u00fck. Enged\u00e9lyezze a Javascript haszn\u00e1lat\u00e1t, hogy megtekinthesse.<br \/>\n<script>\n &lt;!--\n document.write( &#039;' );\n \/\/--&gt;\n <\/script><\/p>\n<table>\n<tbody>\n<tr>\n<td><\/td>\n<\/tr>\n<\/tbody>\n<\/table>\n<p><strong>Qualifications:<\/strong><br \/>\n1. Sociology BA, 1990<br \/>\nUniversity of Reading (1987-1990) Reading, UK<br \/>\n2. Sociology with special reference to the Sociology of Medicine MSc, 1992<br \/>\nUniversity of London, Royal Holloway and Bedford New College (1990-1991) Egham, UK<br \/>\n3. PhD in process (2015- )<br \/>\nUniversity of P\u00e9cs, Doctoral School of Health Sciences<\/p>\n<p><strong>Employment:<\/strong><br \/>\n1. National Institute of Health Promotion, Budapest, (1992-2000)<br \/>\n2, Medical University of Szeged, (1994-1995)<br \/>\nExternal lecturer in medical sociology<br \/>\n3. Medical University Of Debrecen, (1993-)<br \/>\nExternal lecturer in medical sociology<br \/>\n4 Semmelweis University, Budapest,(2009- 2017 )<br \/>\nExternal lecturer in medical sociology<br \/>\n5. Institute of Behavioural Sciences, Semmelweis University, Budapest, (2017-)<br \/>\nAssistant lecturer, Department of Medical Sociology<\/p>\n<p><strong>Tasks: <\/strong><br \/>\n&#8211; Teaching medical sociology for medical, dental and pharmacy students in Hungarian and\u00a0 English<br \/>\n&#8211; Research<\/p>\n<p><strong>Research field:<\/strong><br \/>\nMedical sociology, screening<\/p>\n<p><strong>Languages: <\/strong><br \/>\nFluent in English<\/p>\n<p><strong>Publications: <\/strong><br \/>\nBook chapters: 5<br \/>\nJournal articles: 5<br \/>\nIndependent citations: 8<\/td>\n<\/tr>\n<\/tbody>\n<\/table>\n\n<\/div><h2 class=\"tabtitle\">Publications<\/h2>\n<div class=\"tabcontent\">\n\n<p>D\u00f6br\u00f6ssy, Bence\u00a0;\u00a0Girasek, Edmond\u00a0;\u00a0Sus\u00e1nszky, Anna\u00a0;\u00a0Koncz, Zsuzsa\u00a0;\u00a0Gy\u0151rffy, Zsuzsa\u00a0;\u00a0Bogn\u00e1r, Vir\u00e1g Katalin\u00a0 &#8222;Clicks, likes, shares and comments&#8221; a systematic review of breast cancer screening discourse in social media <em>PLOS ONE<\/em>\u00a015\u00a0:\u00a04\u00a0p. e0231422\u00a0(2020)<\/p>\n<p>D\u00f6br\u00f6ssy, Bence Interkultur\u00e1lis eg\u00e9szs\u00e9g\u00fcgyi ell\u00e1t\u00e1s In: Gy\u0151rffy, Zsuzsa; Sz\u00e1nt\u00f3, Zsuzsa (szerk.)Orvosi szociol\u00f3gia e-Tank\u00f6nyv Budapest, Magyarorsz\u00e1g :\u00a0Semmelweis Kiad\u00f3 \u00e9s Multim\u00e9dia St\u00fadi\u00f3,\u00a0(2019)\u00a0pp. 29-52. , 24 p.<\/p>\n<p>Sus\u00e1nszky, Anna\u00a0;\u00a0D\u00f6br\u00f6ssy, Bence The Association Between Body Mass Index and Gender Role Stress Among Young Hungarian Males <em>European Journal of Mental Health\u00a0<\/em>14\u00a0pp. 190-202. , 13 p.\u00a0(2019)<\/p>\n<p>D\u00f6br\u00f6ssy, Bence Az eg\u00e9szs\u00e9g\u00e9rt\u00e9s fogalma, m\u00e9r\u00e9se \u00e9s hat\u00e1sa az eml\u0151sz\u0171r\u00e9sen val\u00f3 r\u00e9szv\u00e9telre <em>Metszetek &#8211; T\u00e1rsadalomtudom\u00e1nyi Foly\u00f3irat<\/em>\u00a06\u00a0:\u00a02\u00a0pp. 167-185., 19 p.\u00a0(2017)<\/p>\n<p>D\u00f6br\u0151ssy, Bence Pszichol\u00f3giai aspektusok \u2013 mi\u00e9rt vonakodnak az emberek a lakoss\u00e1gi sz\u0171r\u00e9seken r\u00e9szt venni? In: Dobr\u0151ssy, Lajos; K\u00e9kes, Ede; D\u00f6br\u0151ssy, Bence; N\u00e9meth, Erzs\u00e9bet -Sz\u0171r\u0151vizsg\u00e1latokr\u00f3l szakembereknek Budapest, Magyarorsz\u00e1g :\u00a0SpringMed Kiad\u00f3,\u00a0(2010)\u00a0pp. 71-79. , 9 p.<\/p>\n<p>Dobr\u0151ssy, Lajos\u00a0;\u00a0K\u00e9kes, Ede\u00a0;\u00a0D\u00f6br\u0151ssy, Bence\u00a0;\u00a0N\u00e9meth, Erzs\u00e9bet Sz\u0171r\u0151vizsg\u00e1latokr\u00f3l szakembereknek Budapest, Magyarorsz\u00e1g :\u00a0SpringMed Kiad\u00f3\u00a0(2010)<\/p>\n<p>D\u00f6br\u0151ssy, Lajos\u00a0;\u00a0Kov\u00e1cs, Attila\u00a0;\u00a0D\u00f6br\u0151ssy, Bence\u00a0;\u00a0Budai, Andr\u00e1s\u00a0;\u00a0Boncz, Imre\u00a0;\u00a0Margitai, Barnab\u00e1s\u00a0;\u00a0Ko\u00f3s, Tam\u00e1s Mi\u00e9rt kihaszn\u00e1latlan haz\u00e1nkban a szervezett lakoss\u00e1gsz\u0171r\u00e9s? <em>LEGE ARTIS MEDICINAE<\/em>\u00a020\u00a0:\u00a010\u00a0pp. 689-693. , 5 p.\u00a0(2010)<\/p>\n<p>D\u00f6br\u0151ssy, Bence\u00a0;\u00a0Kov\u00e1cs, Attila\u00a0;\u00a0Budai, Andr\u00e1s\u00a0;\u00a0Cornides, \u00c1gnes\u00a0;\u00a0D\u00f6br\u0151ssy, Lajos A sz\u0171r\u00e9s nemk\u00edv\u00e1natos l\u00e9lektani mell\u00e9khat\u00e1sai <em>ORVOSI HETILAP<\/em>\u00a0148\u00a0:\u00a036\u00a0pp. 1707-1711. , 5 p.\u00a0(2007)<\/p>\n<p>D\u00f6br\u00f6ssy, Bence A sz\u0171r\u00e9s pszichoszoci\u00e1lis vonatkoz\u00e1sai\u00a0pp. 78-83. , 5 p. In: Horti, J; Risk\u00f3, \u00c1 (szerk.)Onkopszichol\u00f3gia a gyakorlatban Budapest, Magyarorsz\u00e1g :\u00a0Medicina K\u00f6nyvkiad\u00f3,\u00a0(2006)\u00a0p. 348<\/p>\n<p>Dobrossy, B\u00a0;\u00a0Molnar, P A hard row to plough: A historical overview of health policy dynamics in Hungary In: Abreu, L (szerk.)European health and social welfare policies Brno, Csehorsz\u00e1g :\u00a0Vutium Press,\u00a0(2004)\u00a0pp. 458-484. , 27 p.<\/p>\n<\/div><\/div>\n<p>&nbsp;<\/p>\n","protected":false},"excerpt":{"rendered":"<p>&nbsp; Name: Bence D\u00f6br\u00f6ssy Position: assistant lecturer Telephone: +36 1 210 2953 E-mail: &lt;!&#8211; var prefix = &#039;m&#097;&#105;lt&#111;:&#039;; var suffix = &#039;&#039;; var attribs = &#039;&#039;; var path = &#039;hr&#039; + &#039;ef&#039; + &#039;=&#039;; var addy2270 = &#039;d&#111;br&#111;ssy.b&#101;nc&#101;&#039; + &#039;&#064;&#039;; addy2270 = addy2270 + &#039;m&#101;d&#039; + &#039;&#046;&#039; + &#039;s&#101;mm&#101;lw&#101;&#105;s-&#117;n&#105;v&#039; + &#039;&#046;&#039; + &#039;h&#117;&#039;; document.write( &#039;<a>&#8216; &hellip;<\/p>\n","protected":false},"author":110,"featured_media":0,"parent":3356,"menu_order":14,"comment_status":"closed","ping_status":"closed","template":"","meta":{"_acf_changed":false,"footnotes":""},"categories":[],"tags":[],"class_list":["post-3394","page","type-page","status-publish","hentry"],"acf":[],"_links":{"self":[{"href":"https:\/\/semmelweis.hu\/magtud\/wp-json\/wp\/v2\/pages\/3394","targetHints":{"allow":["GET"]}}],"collection":[{"href":"https:\/\/semmelweis.hu\/magtud\/wp-json\/wp\/v2\/pages"}],"about":[{"href":"https:\/\/semmelweis.hu\/magtud\/wp-json\/wp\/v2\/types\/page"}],"author":[{"embeddable":true,"href":"https:\/\/semmelweis.hu\/magtud\/wp-json\/wp\/v2\/users\/110"}],"replies":[{"embeddable":true,"href":"https:\/\/semmelweis.hu\/magtud\/wp-json\/wp\/v2\/comments?post=3394"}],"version-history":[{"count":7,"href":"https:\/\/semmelweis.hu\/magtud\/wp-json\/wp\/v2\/pages\/3394\/revisions"}],"predecessor-version":[{"id":8628,"href":"https:\/\/semmelweis.hu\/magtud\/wp-json\/wp\/v2\/pages\/3394\/revisions\/8628"}],"up":[{"embeddable":true,"href":"https:\/\/semmelweis.hu\/magtud\/wp-json\/wp\/v2\/pages\/3356"}],"wp:attachment":[{"href":"https:\/\/semmelweis.hu\/magtud\/wp-json\/wp\/v2\/media?parent=3394"}],"wp:term":[{"taxonomy":"category","embeddable":true,"href":"https:\/\/semmelweis.hu\/magtud\/wp-json\/wp\/v2\/categories?post=3394"},{"taxonomy":"post_tag","embeddable":true,"href":"https:\/\/semmelweis.hu\/magtud\/wp-json\/wp\/v2\/tags?post=3394"}],"curies":[{"name":"wp","href":"https:\/\/api.w.org\/{rel}","templated":true}]}}