{"id":3392,"date":"2017-11-28T00:00:00","date_gmt":"2017-11-27T23:00:00","guid":{"rendered":"http:\/\/semmelweis.hu\/magtud\/curriculum-vitae-7\/"},"modified":"2025-09-09T10:33:19","modified_gmt":"2025-09-09T08:33:19","slug":"dr-robert-bodizs","status":"publish","type":"page","link":"https:\/\/semmelweis.hu\/magtud\/en\/institute\/staff\/dr-robert-bodizs\/","title":{"rendered":"Dr. R\u00f3bert B\u00f3dizs, Research Director"},"content":{"rendered":"<p><img loading=\"lazy\" decoding=\"async\" class=\"alignright\" src=\"\/magtud\/files\/2017\/11\/bodrob.png\" width=\"132\" height=\"198\" border=\"0\" \/><\/p>\n<div class=\"responsive-tabs\">\n<h2 class=\"tabtitle\">Curriculum vitae<\/h2>\n<div class=\"tabcontent\">\n\n<p><strong>Dr. habil. R\u00f3bert B\u00f3dizs, PhD &#8211;\u00a0 Curriculum Vitae<\/strong><\/p>\n<p><strong> <a href=\"https:\/\/www.researchgate.net\/profile\/Robert-Bodizs\" target=\"_blank\" rel=\"noopener noreferrer\">ResearchGate profile<\/a><\/strong><\/p>\n<p><strong>Personal data<\/strong><\/p>\n<p>Date of Birth: 29. 10. 1973.<\/p>\n<p>Office Address: Semmelweis University, Institute of Behavioural Sciences, H-1089 Budapest, Nagyv\u00e1rad t\u00e9r 4., Hungary<\/p>\n<p>Phone: +36 1 210 2930\/ext. 56404, +36 1 210 2953<\/p>\n<p>E-mail: bodizs [POINT] robert [AT] med [POINT] semmelweis-univ [POINT] hu<\/p>\n<p><strong>Education \/ Degrees<\/strong><\/p>\n<ul>\n<li>Full professor &#8211; 2025 Semmelweis University, Faculty of General Medicine, Budapest, Hungary<\/li>\n<li>Habilitation \u2013 Medical Psychology 2014 &#8211; Semmelweis University, Faculty of General Medicine, Budapest, Hungary<\/li>\n<li>Doctoral (PhD) degree 2002 &#8211; Semmelweis University Neuroscience Doctoral School, Budapest, Hungary<\/li>\n<li>Psychologist 1997 \u2013 Babe\u015f\u2013Bolyai University, Faculty of Psychology and Educational Sciences, Cluj-Napoca, Romania<\/li>\n<\/ul>\n<p><strong>Research interests<\/strong><\/p>\n<ul>\n<li><strong><em>individual characteristics of sleep-EEG <\/em><\/strong><strong>\u2013 <\/strong>traits in neural activity patterns of the brain during sleep<\/li>\n<li><strong><em>sleep, cognition, development<\/em><\/strong>\u2013 associations\/correlations and relationships between intelligence (cognitive functions) and sleep<\/li>\n<li><strong><em>dream research\u00a0<\/em><\/strong>\u2013 psychological and electrophysiological characterization of dreaming<\/li>\n<li><strong><em>sleep and electrophysiology <\/em><\/strong>\u2013 the electrophysiology of the sleep-wake states<\/li>\n<\/ul>\n<p><strong>Professional experience<\/strong><\/p>\n<ul>\n<li><strong><em>Sleep research<\/em><\/strong>\u2013 associations between sleep and cognition, modern EEG analysis procedures (National Institute of Psychiatry and Neurology \u2013 OPNI \u2013 Centre for Epilepsy, Semmelweis University, Budapest University of Technology and Economics, P\u00e1zm\u00e1ny P\u00e9ter Catholic University, National Institute of Psychiatry and Neurology)<\/li>\n<li><strong><em>Teaching <\/em><\/strong>\u2013 Medical Psychology in Hungarian and English, PhD courses, special courses (Semmelweis University, Budapest University of Technology and Economics, G\u00e1sp\u00e1r K\u00e1roli University)<\/li>\n<li><strong><em>Tutoring PhD and gradual students<\/em><\/strong><\/li>\n<li><strong><em>Clinical work<\/em><\/strong> \u2013 ictal\/interictal neuropsychological tests, long term video-EEG monitoring (National Institute of Psychiatry and Neurology, Budapest \u2013 Centre for Epilepsy)<\/li>\n<\/ul>\n<p><strong>Employment History<\/strong><\/p>\n<ul>\n<li><strong><em>Semmelweis University, Institute of Behavioural Sciences <\/em><\/strong>\u2013 Full professor since 2025<\/li>\n<li><strong><em>Semmelweis University, Institute of Behavioural Sciences <\/em><\/strong>\u2013 Senior research fellow since 2002<\/li>\n<li><strong><em>National Institute of Clinical Neurosciences <\/em><\/strong>\u2013 part time researcher since 2016<\/li>\n<li><strong><em>P\u00e9ter P\u00e1zm\u00e1ny Catholic University, Department of General Psychology \u2013\u00a0<\/em><\/strong>2013-2016 part time senior research fellow<\/li>\n<li><strong><em>Budapest University of Technology and Economics, Department of Cognitive Science<\/em><\/strong>\u2013 2012 Senior research fellow<\/li>\n<li><strong><em>HAS-BME Cognitive Science Research Group of the Hungarian Academy of Sciences<\/em><\/strong> \u2013 2009-2011: part time senior research fellow<\/li>\n<li><strong><em>National Institute of Psychiatry and Neurology,Budapest, Epilepsy Center <\/em><\/strong>\u2013 1998-2002: psychologist<\/li>\n<\/ul>\n<p><strong>Research fellowships:<\/strong><\/p>\n<ul>\n<li><strong><em>Hungarian Academy of Sciences \u2013 J\u00e1nos Bolyai Research Fellowship<\/em><\/strong> \u2013 2005-2008<\/li>\n<li><strong><em>Hungarian Ministry of Education \u2013 PhD fellowship<\/em><\/strong> \u2013 1998-2001<\/li>\n<li><strong><em>Soros Foundation \u2013 Invisible College, Babes-Bolyai University, Cluj-Napoca, Romania <\/em><\/strong>\u2013 1993-1994<\/li>\n<\/ul>\n<p><strong>Supervisor of Research Grants:<\/strong><\/p>\n<ul>\n<li><strong><em>NKFI-ID: 128117<\/em><\/strong> 2018-2022: Sleep oscillations in the human cortex and thalamus<\/li>\n<li><strong><em>OTKA-K105367 <\/em><\/strong>2012\u20142014: Neurophysiological indicators of emotional and cognitive maturation of the human brain in the mirror of emerging and developing dreams in children<\/li>\n<li><strong><em>Bial Foundation Research Grant (55\/10) <\/em><\/strong>2011\u20142013: The developmental and psychophysiological emergence of dreams and nightmares<\/li>\n<li><strong><em>DreamScience Foundation &amp; IASD grant<\/em><\/strong> 2009\u20142011: Dreaming style and cognitive performance: sleep and emotional information processing from a neuropsychological and quantitative EEG perspective<\/li>\n<li><strong><em>OTKA-T048927 <\/em><\/strong>2005 \u2013 2007: <em>A sleep physiological approach of the cognitive neuropsychological factors of autism<\/em><\/li>\n<li><strong><em>ETT-162\/2003 <\/em><\/strong>2003 \u2013 2005: Associations between cognitive performance &amp; mood and the electrophysiological indicators of sleep<\/li>\n<li><strong><em>European Sleep Research Society \u2013 Sanofi-Synthelabo Grant <\/em><\/strong>2002 \u2013 2004: A parahippocampal electrocorticographic analysis of the transition from wakefulness to sleep: are REM features present?<\/li>\n<\/ul>\n<p><strong>Publication activity<\/strong><\/p>\n<ul>\n<li>Monographs: 2<\/li>\n<li>Book chapters: 4<\/li>\n<li>Book chapters in university text books: 5<\/li>\n<li>Articles in scientific journals: 127<\/li>\n<li>Hirsch-index: 34<\/li>\n<li>Independent citations: 2568<\/li>\n<li>Full list of publications:\u00a0<a href=\"https:\/\/m2.mtmt.hu\/gui2\/?type=authors&amp;mode=browse&amp;sel=10002059&amp;paging=1;5000\" target=\"_blank\" rel=\"noopener noreferrer\">click here<\/a><\/li>\n<\/ul>\n<p><strong>Conference Organization<\/strong><\/p>\n<ul>\n<li><strong><em>The V. Dubrovnik Conference on Cognitive Science<\/em><\/strong>: May 13-16, 2013, Dubrovnik, Croatia<\/li>\n<li><strong><em>The 1st International Conference on Sleep Spindling<\/em><\/strong>: May 12-14., 2016, Budapest<\/li>\n<li><strong><em>The 2nd International Conference on Sleep Spindling<\/em><\/strong>: May 24-26, 2018, Budapest<\/li>\n<\/ul>\n<p><strong>Membership:<\/strong><\/p>\n<ul>\n<li><strong><em>Member of the European Sleep Research Society<\/em><\/strong><\/li>\n<li><strong><em>Member of the Editorial Board<\/em><\/strong>: Sleep Spindles &amp; Cortical Up States (founder-editor-in-chief), BMC Neuroscience<\/li>\n<li><strong><em>Core member<\/em><\/strong>: Mental Health Sciences Doctoral School, Semmelweis University, Budapest<\/li>\n<li><strong><em>Member:<\/em><\/strong> EBRS \u2013 European Biological Rhythms Society<\/li>\n<\/ul>\n<p><strong>Awards received:<\/strong><\/p>\n<ul>\n<li><strong><em>Merit Award 2012, 2014, 2018, 2021, 2025<\/em><\/strong>: Semmelweis University, Faculty of General Medicine<\/li>\n<li><strong><em>Semmelweis University\u2019s Excellent Employee Award 2013<\/em><\/strong>: Semmelweis University<\/li>\n<li><strong><em>Research Grant Award 2009<\/em><\/strong>\u2013 DreamScience Foundation<\/li>\n<li><strong><em>Helgi Kristbjarnarson award 2004<\/em><\/strong>\u2013 European Sleep Research Society, Prague<\/li>\n<li><strong><em>Publication Award for PhD Students 2002<\/em><\/strong>\u2013 <em>National Association of PhD Students, Budapest<\/em><\/li>\n<\/ul>\n\n<\/div><h2 class=\"tabtitle\">Publications<\/h2>\n<div class=\"tabcontent\">\n\n<p>The full list of publication can be found in the data-base of MTMT. (<a href=\"https:\/\/m2.mtmt.hu\/gui2\/?type=authors&amp;mode=browse&amp;sel=10002059&amp;paging=1;5000\" target=\"_blank\" rel=\"noopener noreferrer\">click here<\/a>)<\/p>\n<p><strong>Selected publications<\/strong><\/p>\n<p>B\u00f3dizs R, Kis A, G\u00e1csi M, Top\u00e1l J. Sleep in the dog: comparative, behavioral and translational relevance. Current Opinion in Behavioral Sciences 33 pp.25-33, 9 p. (2020) <a href=\"https:\/\/doi.org\/10.1016%2Fj.cobeha.2019.12.006\" target=\"_blank\" rel=\"noopener noreferrer\">https:\/\/doi.org\/10.1016%2Fj.cobeha.2019.12.006<\/a><\/p>\n<p>S\u00e1ndor P, Szakad\u00e1t S, B\u00f3dizs R. Ontogeny of dreaming: a review of empirical studies. SLEEP MEDICINE REVIEWS 18:(5) pp. 435-449. (2014). <a href=\"http:\/\/dx.doi.org\/10.1016\/j.smrv.2014.02.001\">http:\/\/dx.doi.org\/10.1016\/j.smrv.2014.02.001<\/a><\/p>\n<p>Hal\u00e1sz P, B\u00f3dizs R. Dynamic Structure of NREM Sleep London: Springer-Verlag London Ltd, 2013. <a href=\"http:\/\/dx.doi.org\/10.1007\/978-1-4471-4333-8\">http:\/\/dx.doi.org\/10.1007\/978-1-4471-4333-8<\/a><\/p>\n<p>B\u00f3dizs R, Kis T, L\u00e1z\u00e1r A S, Havr\u00e1n L, Rig\u00f3 P, Clemens Z, Hal\u00e1sz P. Prediction of general mental ability based on neural oscillation measures of sleep. JOURNAL OF SLEEP RESEARCH 14:(3) pp. 285-292. (2005). <a href=\"http:\/\/dx.doi.org\/10.1111\/j.1365-2869.2005.00472.x\">http:\/\/dx.doi.org\/10.1111\/j.1365-2869.2005.00472.x<\/a><\/p>\n<p>B\u00f3dizs R, K\u00e1ntor S, Szab\u00f3 G, Sz\u00fbcs A, Er\u00f5ss L, Hal\u00e1sz P. Rhythmic hippocampal slow oscillation characterizes REM sleep in humans. HIPPOCAMPUS 11:(6) pp. 747-753. (2001). <a href=\"http:\/\/dx.doi.org\/10.1002\/hipo.1090\">http:\/\/dx.doi.org\/10.1002\/hipo.1090<\/a><\/p>\n<\/div><\/div>\n","protected":false},"excerpt":{"rendered":"<p>Dr. habil. R\u00f3bert B\u00f3dizs, PhD &#8211;\u00a0 Curriculum Vitae <a href=\"https:\/\/www.researchgate.net\/profile\/Robert-Bodizs\" target=\"_blank\" rel=\"noopener noreferrer\">ResearchGate profile<\/a> Personal data Date of Birth: 29. 10. 1973. Office Address: Semmelweis University, Institute of Behavioural Sciences, H-1089 Budapest, Nagyv\u00e1rad t\u00e9r 4., Hungary Phone: +36 1 210 2930\/ext. 56404, +36 1 210 2953 E-mail: bodizs [POINT] robert [AT] med [POINT] semmelweis-univ [POINT] hu Education \/ Degrees Full professor &hellip;<\/p>\n","protected":false},"author":110,"featured_media":0,"parent":3356,"menu_order":4,"comment_status":"closed","ping_status":"closed","template":"","meta":{"_acf_changed":false,"footnotes":""},"categories":[],"tags":[],"class_list":["post-3392","page","type-page","status-publish","hentry"],"acf":[],"_links":{"self":[{"href":"https:\/\/semmelweis.hu\/magtud\/wp-json\/wp\/v2\/pages\/3392","targetHints":{"allow":["GET"]}}],"collection":[{"href":"https:\/\/semmelweis.hu\/magtud\/wp-json\/wp\/v2\/pages"}],"about":[{"href":"https:\/\/semmelweis.hu\/magtud\/wp-json\/wp\/v2\/types\/page"}],"author":[{"embeddable":true,"href":"https:\/\/semmelweis.hu\/magtud\/wp-json\/wp\/v2\/users\/110"}],"replies":[{"embeddable":true,"href":"https:\/\/semmelweis.hu\/magtud\/wp-json\/wp\/v2\/comments?post=3392"}],"version-history":[{"count":11,"href":"https:\/\/semmelweis.hu\/magtud\/wp-json\/wp\/v2\/pages\/3392\/revisions"}],"predecessor-version":[{"id":13010,"href":"https:\/\/semmelweis.hu\/magtud\/wp-json\/wp\/v2\/pages\/3392\/revisions\/13010"}],"up":[{"embeddable":true,"href":"https:\/\/semmelweis.hu\/magtud\/wp-json\/wp\/v2\/pages\/3356"}],"wp:attachment":[{"href":"https:\/\/semmelweis.hu\/magtud\/wp-json\/wp\/v2\/media?parent=3392"}],"wp:term":[{"taxonomy":"category","embeddable":true,"href":"https:\/\/semmelweis.hu\/magtud\/wp-json\/wp\/v2\/categories?post=3392"},{"taxonomy":"post_tag","embeddable":true,"href":"https:\/\/semmelweis.hu\/magtud\/wp-json\/wp\/v2\/tags?post=3392"}],"curies":[{"name":"wp","href":"https:\/\/api.w.org\/{rel}","templated":true}]}}