{"id":3390,"date":"2017-11-28T00:00:00","date_gmt":"2017-11-27T23:00:00","guid":{"rendered":"http:\/\/semmelweis.hu\/magtud\/curriculum-vitae-5\/"},"modified":"2020-07-03T15:49:18","modified_gmt":"2020-07-03T13:49:18","slug":"dr-szilvia-adam","status":"publish","type":"page","link":"https:\/\/semmelweis.hu\/magtud\/en\/institute\/staff\/dr-szilvia-adam\/","title":{"rendered":"Dr. Szilvia \u00c1d\u00e1m"},"content":{"rendered":"<p><img decoding=\"async\" class=\"alignright\" src=\"\/magtud\/files\/2017\/11\/adaszil_w.jpg\" border=\"0\" \/><\/p>\n<p>&nbsp;<\/p>\n<div class=\"responsive-tabs\">\n<h2 class=\"tabtitle\">Curriculum vitae<\/h2>\n<div class=\"tabcontent\">\n\n<table class=\"contentpaneopen\">\n<tbody>\n<tr>\n<td valign=\"top\">\n<p style=\"text-align: justify\"><strong>PERSONAL DATA<\/strong><\/p>\n<p>Office Address: Semmelweis University Institute of Behavioural Sciences,<br \/>\n1089 Budapest, Nagyv\u00e1rad t\u00e9r 4. room 1917, level 19<br \/>\nPhone: +36 1 210 2953, fax: +36 1 210 2955<br \/>\nE-mail:<br \/>\n<script>\n &lt;!--\n var prefix = &#039;m&#097;&#105;lt&#111;:&#039;;\n var suffix = &#039;&#039;;\n var attribs = &#039;&#039;;\n var path = &#039;hr&#039; + &#039;ef&#039; + &#039;=&#039;;\n var addy15970 = &#039;&#097;d&#097;sz&#105;l&#039; + &#039;&#064;&#039;;\n addy15970 = addy15970 + &#039;n&#101;t&#039; + &#039;&#046;&#039; + &#039;s&#111;t&#101;&#039; + &#039;&#046;&#039; + &#039;h&#117;&#039;;\n document.write( &#039;<a>' );\n document.write( addy15970 );\n document.write( '' );\n \/\/--&gt;\n <\/script><a href=\"mailto:adaszil@net.sote.hu\">adaszil@net.sote.hu<\/a><script>\n &lt;!--\n document.write( &#039;<span>' );\n \/\/--&gt;\n <\/script>Ezt a c\u00edmet a spamrobotok ellen v\u00e9dj\u00fck. Enged\u00e9lyezze a Javascript haszn\u00e1lat\u00e1t, hogy megtekinthesse.<br \/>\n<script>\n &lt;!--\n document.write( &#039;' );\n \/\/--&gt;\n <\/script><\/p>\n<p><strong>QUALIFICATIONS<\/strong><br \/>\n2000 \u2013 2009: PhD (Clinical Medicine), Semmelweis University, Mental Health Doctoral School, Budapest, Hungary<br \/>\n1992 \u2013 1997: MA (Sociology), University of Miskolc, Faculty of Arts, Miskolc, Hungary<br \/>\n1997 \u2013 2000: BSc (Economics), College of Economics, Budapest, Hungary<\/p>\n<p style=\"text-align: justify\"><strong>SCHOLARSHIPS<\/strong><br \/>\n1993: International Summer School, Rauma, Finland<br \/>\n1994 \u2013 1995: Full-time student in Finno-Ugristics, University of Turku, Faculty of Arts, Turku, Finland<\/p>\n<p><strong>PROFESSIONAL AFFILIATIONS<\/strong><br \/>\n1997-: Department of Medical Sociology, Institute of Behavioural Sciences, Semmelweis University, Budapest<br \/>\n2002-2007: Ministry of Social and Labor Affairs; Ministry of Health, Social and Family Affairs (legal predecessor); Government Office of Equal Opportunity<\/p>\n<p><strong>PROFESSIONAL EXPERIENCE <\/strong><br \/>\n\u2022\u00a0\u00a0 \u00a0Teaching students of Medicine, Dentistry, and Pharmacy in Medical Sociology in English and Hungarian.<br \/>\n\u2022\u00a0\u00a0 \u00a0Invited lecturer for training PhD students.<br \/>\n\u2022\u00a0\u00a0 \u00a0Leading the \u201cGender Medicine and Psycho-Biology\u201d Course.<\/p>\n<p><strong>RESEARCH INTEREST<\/strong><br \/>\n\u2022\u00a0\u00a0 \u00a0Mental and somatic health among health care professionals<br \/>\n\u2022\u00a0\u00a0 \u00a0Vocation and health among Hungarian medical students, residents and young professionals.<br \/>\n\u2022\u00a0\u00a0 \u00a0Risk factors, prevalence and impact of burnout on medical students, residents, and other health care professionals.<br \/>\n\u2022\u00a0\u00a0 \u00a0Sources, forms, and consequences of psychosocial stress.<br \/>\n\u2022\u00a0\u00a0 \u00a0The prevalence, risk factors, and psychosocial characteristics of work-family conflict as well as its impact on well-being on the individual, organizational and societal levels in different populations.<br \/>\n\u2022\u00a0\u00a0 \u00a0Gender roles.<br \/>\n\u2022\u00a0\u00a0 \u00a0Career trajectories of medical professionals.<br \/>\n\u2022\u00a0\u00a0 \u00a0Gender medicine and psycho-biology.<br \/>\n\u2022\u00a0\u00a0 \u00a0Risk factors of reproductive disorders.<\/p>\n<p><strong>GRANTS 2005-<\/strong><br \/>\n\u2022\u00a0\u00a0 \u00a0Hungarian Scientific Research Fund (OTKA), School of Science Grant: Quality of life and empowerment<br \/>\n\u2022\u00a0\u00a0 \u00a0Hungarian Scientific Research Fund (OTKA), School of Science Grant:<br \/>\n\u2022\u00a0\u00a0 \u00a0National Research and Development Project (NKFP) Social and psychological components of quality of life<br \/>\n\u2022\u00a0\u00a0 \u00a0UNICAFE: Survey of the University Career of Female Scientists at Life Sciences; an EU6 Grant<\/p>\n<p><strong>MEMBERSHIP OF SCIENTIFIC ASSOCIATIONS:<\/strong><br \/>\n\u2022\u00a0\u00a0 \u00a0Hungarian Association of Sociology<br \/>\n\u2022\u00a0\u00a0 \u00a0Hungarian Society of Psychophysiology and Health Psychology &#8211; secretary<br \/>\n\u2022\u00a0\u00a0 \u00a0John Selye Association of Psycho-physiology<br \/>\n\u2022\u00a0\u00a0 \u00a0European Association of Psychophysiology<br \/>\n\u2022\u00a0\u00a0 \u00a0European Association for Physician Health<\/p>\n<p><strong>LANGUAGES<\/strong><br \/>\n\u2022\u00a0\u00a0 \u00a0Finnish \u2013 Conversational<br \/>\n\u2022\u00a0\u00a0 \u00a0English \u2013 Conversational<br \/>\n\u2022\u00a0\u00a0 \u00a0Japanese \u2013 Conversational<br \/>\n\u2022\u00a0\u00a0 \u00a0Sign language \u2013 Conversational<\/p>\n<p><strong>AWARDS<\/strong><br \/>\n2008: Award from the Minister of Social Affairs and Labour on contribution to science on<br \/>\ngender issues and to implementation of equal opportunities in the workplace<\/p>\n<p>2005: \u201cMarkusovszky Prize\u201d for the best published article awarded by the leading<br \/>\nHungarian medical journal \u201cOrvosi Hetilap\u201d<\/p>\n<p>2004: Best Poster awarded by the Hungarian Society for Psychiatry<\/p>\n<p><strong>PUBLICATIONS:<\/strong><br \/>\n\u2022\u00a0\u00a0 \u00a0Hungarian: 22<br \/>\n\u2022\u00a0\u00a0 \u00a0English: 4<br \/>\n\u2022\u00a0\u00a0 \u00a0IF: 6,179<\/td>\n<\/tr>\n<\/tbody>\n<\/table>\n\n<\/div><h2 class=\"tabtitle\">Publications<\/h2>\n<div class=\"tabcontent\">\n\n<table class=\"contentpaneopen\">\n<tbody>\n<tr>\n<td valign=\"top\">\n<p style=\"text-align: justify\"><span style=\"color: #000000\"><strong>BOOK CHAPTERS IN ENGLISH<br \/>\n<\/strong><br \/>\n1. Gy\u0151rffy Zs, L\u00e1szl\u00f3 K, \u00c1d\u00e1m Sz &amp; Kopp M.: Equity in Reproductive Health in Central and Eastern Europe: The Hungarian Experience. In: Equity in Access to Health Promotion, Treatment and Care for European Women, Ed.: Vera Lasch, Ute Sonntag, Ulrike Maschewsky-Schneider. Kassel University, Kassel, 2009. p. 139-157.<\/span><\/p>\n<p>2. Neculai, K., Adam, S., &amp; Kopp, M.: Health correlates of job security among Hungarian employees. In: Psihologie organizational-manageriala in context European. Coordonatori Eugen Avram, Romeo Z. Cretu, Bucuresti: Editura Universitara, Bucuresti, 2007. p. 127-139.<\/p>\n<p><strong>BOOK CHAPTERS IN HUNGARIAN<\/strong><\/p>\n<p>1.\u00a0 \u00c1d\u00e1m Sz., Rosta A.: Nemi szerepek. In: Mit \u00e9rt\u00e9kelnek a magyarok? Ocipe<br \/>\nMagyarorsz\u00e1g. Szerk.: Rosta G. &#8211; Tomka M., Budapest, Faludi Ferenc Akad\u00e9mia, 2010. p. 81-113.<br \/>\n2. \u00c1d\u00e1m, S., Gy\u0151rffy, Z., &amp; L\u00e1szl\u00f3, K.: A csal\u00e1di \u00e9s munkahelyi szerepek k\u00f6z\u00f6tti konfliktus \u00e9s a pszich\u00e9s j\u00f3l-l\u00e9t mutat\u00f3k kapcsolata. In: Magyar lelki\u00e1llapot 2008: Es\u00e9lyer\u0151s\u00edt\u00e9s \u00e9s \u00e9letmin\u0151s\u00e9g a mai magyar t\u00e1rsadalomban. Szerk.: Kopp M., Budapest, Semmelweis Kiad\u00f3, 2008. p. 260-266.<br \/>\n3. \u00c1d\u00e1m, S.: Az alkoholizmus. In: A devi\u00e1ns viselked\u00e9sek szociol\u00f3gi\u00e1ja. Szerk.: Rosta A. &amp; \u00c1d\u00e1m S., Budapest, LOISIR Kft., 2008. p. 163-186.<br \/>\n4. \u00c1d\u00e1m, S.: Az \u00f6ngyilkoss\u00e1g. In: A devi\u00e1ns viselked\u00e9sek szociol\u00f3gi\u00e1ja. Szerk.: Rosta A. &amp; \u00c1d\u00e1m S., Budapest, LOISIR Kft., 2008. p. 186-204.<br \/>\n5. \u00c1d\u00e1m, S.: A ment\u00e1lis betegs\u00e9gek. In: A devi\u00e1ns viselked\u00e9sek szociol\u00f3gi\u00e1ja. Szerk.: Rosta A. &amp; \u00c1d\u00e1m S.), Budapest, LOISIR Kft., 2008. p. 204-224.<br \/>\n6. \u00c1d\u00e1m, S. &amp; Rosta, A.: A k\u00e1b\u00edt\u00f3szerfogyaszt\u00e1s. In: A devi\u00e1ns viselked\u00e9sek szociol\u00f3gi\u00e1ja. Szerk.: Rosta A. &amp; \u00c1d\u00e1m S., Budapest, LOISIR Kft., 2008. p. 224-250.<br \/>\n7. Kopp, M., Gy\u0151rffy, Z., &amp; \u00c1d\u00e1m, S.: Az iskol\u00e1zott n\u0151k h\u00e1tr\u00e1nyos megk\u00fcl\u00f6nb\u00f6ztet\u00e9se, az es\u00e9lyer\u0151s\u00edt\u00e9s lehet\u0151s\u00e9gei. In: Magyar lelki\u00e1llapot 2008: Es\u00e9lyer\u0151s\u00edt\u00e9s \u00e9s \u00e9letmin\u0151s\u00e9g a mai magyar t\u00e1rsadalomban. Szerk.: Kopp M., Budapest, Semmelweis Kiad\u00f3, 2008. p. 250-254.<br \/>\n8. L\u00e1szl\u00f3, K., \u00c1d\u00e1m, S.: Munkahelyi stresszkezel\u0151 programok bevezet\u00e9s\u00e9r\u0151l. In: Magyar lelki\u00e1llapot 2008: Es\u00e9lyer\u0151s\u00edt\u00e9s \u00e9s \u00e9letmin\u0151s\u00e9g a mai magyar t\u00e1rsadalomban. Szerk.: Kopp M., Budapest, Semmelweis Kiad\u00f3, 2008. p. 298-305.<br \/>\n9. Gy\u0151rffy, Z., \u00c1d\u00e1m, S., Harmatta, J., T\u00fary, F., &amp; Sz\u00e9nyei, G.: A pszichi\u00e1tria ter\u00fclet\u00e9n dolgoz\u00f3 diplom\u00e1s n\u0151k \u00e9letmin\u0151s\u00e9ge \u00e9s eg\u00e9szs\u00e9gi \u00e1llapota. In: Magyar lelki\u00e1llapot 2008: Es\u00e9lyer\u0151s\u00edt\u00e9s \u00e9s \u00e9letmin\u0151s\u00e9g a mai magyar t\u00e1rsadalomban. Szerk.: Kopp M., Budapest, Semmelweis Kiad\u00f3, 2008. p. 356-365.<br \/>\n10. L\u00e1szl\u00f3, K., Gy\u0151rffy, Z., Salavecz, G., \u00c1d\u00e1m, S.: Munkahelyi stresszt\u00e9nyez\u0151k \u00e9s a f\u00e1jdalmas menstru\u00e1ci\u00f3. In: Magyar lelki\u00e1llapot 2008: Es\u00e9lyer\u0151s\u00edt\u00e9s \u00e9s \u00e9letmin\u0151s\u00e9g a mai magyar t\u00e1rsadalomban. Szerk.: Kopp M., Budapest, Semmelweis Kiad\u00f3, 2007. p. 328-335.<br \/>\n11. \u00c1d\u00e1m, S., L\u00e1szl\u00f3, K., &amp; Gy\u0151rffy, Z.: A devi\u00e1ns viselked\u00e9s. In: Orvosi szociol\u00f3gia. Szerk.: Sz\u00e1nt\u00f3 Zs., Sus\u00e1nszky \u00c9., Budapest, Semmelweis Kiad\u00f3, 2006. p. 55-73.<br \/>\n12. Gy\u0151rffy, Z., \u00c1d\u00e1m, S., &amp; Pilling, J.: Az orvosok testi \u00e9s lelki eg\u00e9szs\u00e9gi \u00e1llapota. In: Orvosi szociol\u00f3gia. Szerk.: Sz\u00e1nt\u00f3 Zs., Sus\u00e1nszky \u00c9., Budapest, Semmelweis Kiad\u00f3, 2006. p. 105-117.<br \/>\n13. Gy\u0151rffy, Z. &amp; \u00c1d\u00e1m, S.: Az \u00e9letmin\u0151s\u00e9g alakul\u00e1sa az orvosn\u0151i hivat\u00e1sban. In: A magyar n\u00e9pess\u00e9g \u00e9letmin\u0151s\u00e9ge az ezredfordul\u00f3n. Szerk.: Kopp M., Kov\u00e1cs M.E., Budapest, Semmelweis Kiad\u00f3, 2006. p. 314-324.<br \/>\n14. Gy\u0151rffy, Z., L\u0151rincz, J., \u00c1d\u00e1m, S., &amp; Kopp, M.: Gyermekv\u00e1llal\u00e1s, magzatveszt\u00e9s \u00e9s \u00e9letmin\u0151s\u00e9g. In: A magyar n\u00e9pess\u00e9g \u00e9letmin\u0151s\u00e9ge az ezredfordul\u00f3n. Szerk.: Kopp M., Kov\u00e1cs M. E., Budapest, Semmelweis Kiad\u00f3, 2006. p. 263-273.<\/p>\n<p><strong>REFERRED JOURNAL ARTICLES IN ENGLISH<\/strong><\/p>\n<p>1. Kopp, M. S., Konkol\u00ff Thege, B., Balog, P., Stauder, A., Salavecz, Gy., R\u00f3zsa, S., Purebl, Gy., \u00c1d\u00e1m, Sz. (2010): Measures of stress in epidemiological research. Journal of Psychosomatic Research, (69) 211-225 IF: 2.908<br \/>\n2. Szilvia \u00c1d\u00e1m, Zsuzsa Gy\u0151rffy and Krisztina L\u00e1szl\u00f3(2009): High prevalence of job dissatisfaction among female physicians: work-family conflict as a potential stressor. Clinical and Experimental Medical Journal, 3(3), 453-461,<br \/>\n3. \u00c1d\u00e1m, S., Gy\u0151rffy, Z., &amp; Sus\u00e1nszky, \u00c9.(2008): Physician burnout in Hungary: a potential role for work-family conflict. Journal of Health Psychology, 13(7), 847-856, IF: 1.686<br \/>\n4. L\u00e1szl\u00f3, K.D., Gy\u0151rffy, Z., \u00c1d\u00e1m, S., Csoboth, C., &amp; Kopp, M. (2008): Work-related stress factors and menstrual pain: a nation-wide representative survey. Journal of Psychosomatic Obstetrics &amp; Gynecology, 29(2), 133-138,\u00a0\u00a0 \u00a0IF: 1.585<\/p>\n<p><strong>REFERRED JOURNAL ARTICLES IN HUNGARIAN <\/strong><\/p>\n<p style=\"text-align: justify\"><span style=\"color: #000000\">1. \u00c1d\u00e1m S., Cserh\u00e1ti Z., Balog P., Kopp M. (2010): Nemi k\u00fcl\u00f6nbs\u00e9gek a stressz szintj\u00e9ben \u00e9s a pszichoszoci\u00e1lis j\u00f3ll\u00e9t mutat\u00f3iban. Ment\u00e1lhigi\u00e9n\u00e9 \u00e9s Pszichoszomatika, 11 (4) 277-296.<br \/>\n2. Hazag A., M\u00e9sz\u00e1ros E., Major J., \u00c1d\u00e1m S. (2010): A hallgat\u00f3i ki\u00e9g\u00e9s szindr\u00f3ma m\u00e9r\u00e9se a Maslach Burnout Inventory-Student Version (MBI-SS) teszt alkalmaz\u00e1s\u00e1val: a m\u00e9r\u0151eszk\u00f6z valid\u00e1l\u00e1sa hazai mint\u00e1n. Ment\u00e1lhigi\u00e9n\u00e9 \u00e9s Pszichoszomatika, 11 (2) 151-168.<br \/>\n3. \u00c1d\u00e1m, S., Gy\u0151rffy, Z., Harmatta, J., T\u00fary, F., Kopp, M., &amp; Sz\u00e9nyei, G. (2010): A magyarorsz\u00e1gi pszichi\u00e1terek eg\u00e9szs\u00e9gi \u00e1llapota. Psychiatria Hungarica, 25 (1) 55-61.<br \/>\n4. Sz\u00e9nyei G\u00e1bor, \u00c1d\u00e1m Szilvia, Gy\u0151rffy Zsuzsa, Harmatta J\u00e1nos, T\u00fary Ferenc. (2010): A hazai pszichi\u00e1terek p\u00e1lyak\u00e9pe \u00e9s j\u00f6v\u0151k\u00e9pe. Psychiatria Hungarica, 25 (1) 31-54.<br \/>\n5. \u00c1d\u00e1m Szilvia, Salavecz Gy\u00f6ngyv\u00e9r (2010): A stressz elm\u00e9leti h\u00e1ttere \u00e9s m\u00e9r\u00e9se: a Selye J\u00e1nos Lelki Eg\u00e9szs\u00e9g Program tesztbatt\u00e9ri\u00e1j\u00e1nak bemutat\u00e1sa. Ment\u00e1lhigi\u00e9n\u00e9 \u00e9s Pszichoszomatika, 11 (1) 53-80.<br \/>\n6. \u00c1d\u00e1m S. (2009): Magas a munkahelyi \u00e9s a csal\u00e1di szerepek k\u00f6z\u00f6tti konfliktus prevalenci\u00e1ja az orvosn\u0151k k\u00f6r\u00e9ben: a t\u00e1rsas t\u00e1mogat\u00e1s hi\u00e1nya mint lehets\u00e9ges rizik\u00f3t\u00e9nyez\u0151. Orvosi Hetilap, 150(50), 2274-2281.<br \/>\n7.\u00a0 \u00c1d\u00e1m, S., Gy\u0151rffy, Z., &amp; L\u00e1szl\u00f3, K. (2009). A munkahelyi el\u00e9gedetlens\u00e9g magas prevalenci\u00e1ja orvosn\u0151k k\u00f6r\u00e9ben: a munkahelyi \u00e9s csal\u00e1di szerepek k\u00f6z\u00f6tti konfliktus mint lehets\u00e9ges rizik\u00f3t\u00e9nyez\u0151. Orvosi Hetilap, 150(31), 1451-1456.<br \/>\n8. \u00c1d\u00e1m Sz., Torzsa P., Gy\u0151rffy Zs., V\u00f6r\u00f6s K., Kalabay L. (2009): Gyakori a magas fok\u00fa ki\u00e9g\u00e9s a h\u00e1ziorvosok \u00e9s h\u00e1ziorvosi rezidensek k\u00f6r\u00e9ben. Orvosi Hetilap, 150(7), 317-323.<br \/>\n9. Gy\u0151rffy Zs. , \u00c1d\u00e1m Sz., Kopp M. (2009): Morbidit\u00e1s \u00e9s h\u00e1tt\u00e9rt\u00e9nyez\u0151i a magyarorsz\u00e1gi orvosn\u0151k k\u00f6r\u00e9ben.<br \/>\nLAM, 19(6-7), 423-430.<br \/>\n10. Gy\u0151rffy Zsuzsa, \u00c1d\u00e1m Szilvia, Prof. Dr. Kopp M\u00e1ria (2009): A pszich\u00e9s morbidit\u00e1s prevalenci\u00e1ja \u00e9s h\u00e1tt\u00e9rt\u00e9nyez\u0151i a magyarorsz\u00e1gi orvosn\u0151k k\u00f6r\u00e9ben. N\u00e9peg\u00e9szs\u00e9g\u00fcgy 87(2): 884-94.<br \/>\n11. \u00c1d\u00e1m S., Gy\u0151rffy, Z., &amp; Kopp, M. (2007). A n\u0151k helyzete a tudom\u00e1nyos p\u00e1ly\u00e1n: kih\u00edv\u00e1sok \u00e9s lehet\u0151s\u00e9gek. Magyar Tudom\u00e1ny, 2, 238-242.<br \/>\n12. L\u00e1szl\u00f3, K., Gy\u0151rffy, Z., Salavecz, G., \u00c1d\u00e1m, S., &amp; Kopp, M. (2007). Munkahelyi stresszt\u00e9nyez\u0151k kapcsolata a f\u00e1jdalmas menstru\u00e1ci\u00f3val. Ment\u00e1lhigi\u00e9n\u00e9 \u00e9s Pszichoszomatika, 8(3), 229-239.<br \/>\n13. \u00c1d\u00e1m, S., Gy\u0151rffy, Z., &amp; Csoboth, C. (2006). Ki\u00e9g\u00e9s (burnout) szindr\u00f3ma az orvosi hivat\u00e1sban. Hippocrates, 2, 113-117.<br \/>\n14. Gy\u0151rffy, Z., \u00c1d\u00e1m, S., Csoboth, C., &amp; Kopp, M. (2005). Az \u00f6ngyilkoss\u00e1gi gondolatok el\u0151fordul\u00e1sa \u00e9s pszichoszoci\u00e1lis h\u00e1tt\u00e9rt\u00e9nyez\u0151i az orvost\u00e1rsadalomban. Psychiatria Hungarica, 20(5), 370-379.<br \/>\n15. Gy\u0151rffy, Z., \u00c1d\u00e1m, S., &amp; Kopp, M. (2005). A magyarorsz\u00e1gi orvost\u00e1rsadalom eg\u00e9szs\u00e9gi \u00e1llapota orsz\u00e1gos reprezentat\u00edv minta alapj\u00e1n. Orvosi Hetilap, 146(26), 1383-1391.<br \/>\n16. Gy\u0151rffy, Z. &amp; \u00c1d\u00e1m, S. (2004). Az eg\u00e9szs\u00e9gi \u00e1llapot, a munka-stressz \u00e9s a ki\u00e9g\u00e9s alakul\u00e1sa az orvosi hivat\u00e1sban. Szociol\u00f3giai Szemle, 11(3), 107-127.<br \/>\n17. Gy\u0151rffy, Z. &amp; \u00c1d\u00e1m, S. (2004). Az orvosn\u0151i hivat\u00e1s magatart\u00e1studom\u00e1nyi vizsg\u00e1lata, Ment\u00e1lhigi\u00e9n\u00e9 \u00e9s Pszichoszomatika, 5(1), 27-53.<br \/>\n18. Gy\u0151rffy, Z., L\u0151rincz, J., \u00c1d\u00e1m, S., &amp; Kopp, M. (2004). A m\u0171vi abortuszok alakul\u00e1s\u00e1nak pszichoszoci\u00e1lis h\u00e1tt\u00e9rt\u00e9nyez\u0151i orsz\u00e1gos reprezentat\u00edv minta alapj\u00e1n. Lege Artis Medicinae, 14(7), 512-519.<br \/>\n19. Gy\u0151rffy, Z., M\u00e9sz\u00e1ros, E., \u00c1d\u00e1m, S., &amp; Kopp, M. (2004). Az eg\u00e9szs\u00e9g\u00fcgyben dolgoz\u00f3 n\u0151k gyermekv\u00e1llal\u00e1ssal \u00e9s terhess\u00e9ggel kapcsolatos mutat\u00f3i orsz\u00e1gos reprezentat\u00edv minta alapj\u00e1n. Ment\u00e1lhigi\u00e9n\u00e9 \u00e9s Pszichoszomatika, 5(4), 321-333.<br \/>\n20. \u00c1d\u00e1m S. &amp; Gy\u0151rffy, Z. (2003). Orvosn\u0151k az anyas\u00e1gr\u00f3l. Es\u00e9ly, 3, 86-92.<br \/>\n21. Gy\u0151rffy, Z. &amp; \u00c1d\u00e1m, S. (2003). Szerepkonfliktusok az orvosn\u0151i hivat\u00e1sban. Lege Artis Medicinae, 13(2), 159-164.<br \/>\n22.\/a Moln\u00e1r, L., \u00c1d\u00e1m, S., L\u00e1z\u00e1r, A., &amp; Gerle, J. (2000). A szakvizsg\u00e1zott fogorvosok t\u00e1rsadalmi st\u00e1tus\u00e1nak v\u00e1ltoz\u00e1sai a privatiz\u00e1ci\u00f3 sor\u00e1n. Magyar Fogorvos, 9(2), 64-69.<br \/>\n22\/b. Moln\u00e1r, L., \u00c1d\u00e1m, S., L\u00e1z\u00e1r, A., &amp; Gerle, J. (2000). A szakvizsg\u00e1zott fogorvosok t\u00e1rsadalmi st\u00e1tus\u00e1nak v\u00e1ltoz\u00e1sai a privatiz\u00e1ci\u00f3 sor\u00e1n. Ment\u00e1lhigi\u00e9n\u00e9 \u00e9s Pszichoszomatika, 11(3-4), 31-36.<br \/>\n<\/span><\/p>\n<\/td>\n<\/tr>\n<\/tbody>\n<\/table>\n<\/div><\/div>\n","protected":false},"excerpt":{"rendered":"<p>&nbsp; PERSONAL DATA Office Address: Semmelweis University Institute of Behavioural Sciences, 1089 Budapest, Nagyv\u00e1rad t\u00e9r 4. room 1917, level 19 Phone: +36 1 210 2953, fax: +36 1 210 2955 E-mail: &lt;!&#8211; var prefix = &#039;m&#097;&#105;lt&#111;:&#039;; var suffix = &#039;&#039;; var attribs = &#039;&#039;; var path = &#039;hr&#039; + &#039;ef&#039; + &#039;=&#039;; var addy15970 = &hellip;<\/p>\n","protected":false},"author":110,"featured_media":0,"parent":3356,"menu_order":42,"comment_status":"closed","ping_status":"closed","template":"","meta":{"_acf_changed":false,"footnotes":""},"categories":[],"tags":[],"class_list":["post-3390","page","type-page","status-publish","hentry"],"acf":[],"_links":{"self":[{"href":"https:\/\/semmelweis.hu\/magtud\/wp-json\/wp\/v2\/pages\/3390","targetHints":{"allow":["GET"]}}],"collection":[{"href":"https:\/\/semmelweis.hu\/magtud\/wp-json\/wp\/v2\/pages"}],"about":[{"href":"https:\/\/semmelweis.hu\/magtud\/wp-json\/wp\/v2\/types\/page"}],"author":[{"embeddable":true,"href":"https:\/\/semmelweis.hu\/magtud\/wp-json\/wp\/v2\/users\/110"}],"replies":[{"embeddable":true,"href":"https:\/\/semmelweis.hu\/magtud\/wp-json\/wp\/v2\/comments?post=3390"}],"version-history":[{"count":6,"href":"https:\/\/semmelweis.hu\/magtud\/wp-json\/wp\/v2\/pages\/3390\/revisions"}],"predecessor-version":[{"id":3875,"href":"https:\/\/semmelweis.hu\/magtud\/wp-json\/wp\/v2\/pages\/3390\/revisions\/3875"}],"up":[{"embeddable":true,"href":"https:\/\/semmelweis.hu\/magtud\/wp-json\/wp\/v2\/pages\/3356"}],"wp:attachment":[{"href":"https:\/\/semmelweis.hu\/magtud\/wp-json\/wp\/v2\/media?parent=3390"}],"wp:term":[{"taxonomy":"category","embeddable":true,"href":"https:\/\/semmelweis.hu\/magtud\/wp-json\/wp\/v2\/categories?post=3390"},{"taxonomy":"post_tag","embeddable":true,"href":"https:\/\/semmelweis.hu\/magtud\/wp-json\/wp\/v2\/tags?post=3390"}],"curies":[{"name":"wp","href":"https:\/\/api.w.org\/{rel}","templated":true}]}}