{"id":3389,"date":"2017-11-28T00:00:00","date_gmt":"2017-11-27T23:00:00","guid":{"rendered":"http:\/\/semmelweis.hu\/magtud\/curriculum-vitae-4\/"},"modified":"2020-09-03T13:56:07","modified_gmt":"2020-09-03T11:56:07","slug":"dr-gyorgy-purebl","status":"publish","type":"page","link":"https:\/\/semmelweis.hu\/magtud\/en\/institute\/staff\/dr-gyorgy-purebl\/","title":{"rendered":"Dr. Gy\u00f6rgy Purebl, Director of Institute"},"content":{"rendered":"<p><img loading=\"lazy\" decoding=\"async\" class=\"alignright\" src=\"\/magtud\/files\/2017\/11\/pgy.jpg\" width=\"163\" height=\"164\" border=\"0\" \/><\/p>\n<div class=\"responsive-tabs\">\n<h2 class=\"tabtitle\">Curriculum vitae<\/h2>\n<div class=\"tabcontent\">\n\n<p>Gy\u00f6rgy Purebl MD, PhD, Director of Institute<br \/>\nInstitute of Behavioural Sciences, Faculty of Medicine, Semmelweis University<\/p>\n<p><strong>\u00a0<\/strong><\/p>\n<p><strong><u>Education:<br \/>\n<\/u><\/strong>1982-1986\u00a0\u00a0 I. Istv\u00e1n Gimn\u00e1zium High School<br \/>\n1986-1993\u00a0\u00a0 Semmelweis University Medical School, Faculty of Medicne &#8211; MD<br \/>\n1993-1997\u00a0\u00a0 Haynal Imre University of Health Sciences \u2013 board certification exam, psychiatry<br \/>\n1995-2006\u00a0\u00a0 PhD student, Institute of Behavioural Sciences, Semmelweis University<br \/>\n2004-2009\u00a0\u00a0 Semmelweis University \u2013 Hungarian Association of Behaviour and Cognitive Therapy (VIKOTE) \u2013 \u00a0board certification exam psychotherapy<br \/>\n2011- present Hungarian Association of Family Therapy \u2013 course of family therapy<\/p>\n<p>&nbsp;<\/p>\n<p><strong><u>Scientific degree<\/u><\/strong><u>: <\/u><\/p>\n<p>PhD. Gender differences in depressive symptoms and depression-related cardiovascular risk (supervisor: Maria S Kopp, Semmelweis University 2006)<\/p>\n<p>Habilitation: The public health aspects of preventing depression and suicide in Europe. Challenges and possibilities. 2019.<\/p>\n<p>&nbsp;<\/p>\n<p><strong><u>Other trainings and courses:<\/u><\/strong><\/p>\n<p>1991-1993 \u00a0\u00a0\u00a0\u00a0 ELTE BTK Faculty of Psychology \u2013 visiting student (4 semester)<\/p>\n<p>1992, 2002\u00a0\u00a0\u00a0\u00a0\u00a0 &#8222;Problem-based teaching and learning&#8221; training courses \u00a01992, ELTE Faculty of Pychology, 2002, University of Limburg, Maastricht, the Netherlands-<\/p>\n<p>&nbsp;<\/p>\n<p><strong><u>Employment: <\/u><\/strong><\/p>\n<p>1993-1995\u00a0\u00a0\u00a0\u00a0\u00a0 Jahn Ferenc D\u00e9lpesti Hospital residency program in Psychiatry<\/p>\n<p>1995-2006 \u00a0\u00a0\u00a0\u00a0 \u00a0Institute of Behavioural Sciences, Semmelweis University teaching assistant<\/p>\n<p>2006-2013\u00a0\u00a0\u00a0\u00a0\u00a0 Institute of Behavoural Sciences, Semmelweis University: assistant professor, head of the Centre of Psychosomatic Disorders<\/p>\n<p>2013-present- Institute of Behavoural Sciences, Semmelweis University associate professor, head of the Centre of Psychosomatic Disorders, vice director (from 2019), director (from 2020)<\/p>\n<p>&nbsp;<\/p>\n<p><strong><u>Medical responsibilites<\/u><\/strong><\/p>\n<p>1993-1997\u00a0\u00a0\u00a0\u00a0\u00a0 Residency program in psychiatry<\/p>\n<p>1997-present \u00a0 Ourpatient care at the Centre of Pychosomatic Disorders, Institute of Behavioural Sciences<\/p>\n<p>1999-present\u00a0\u00a0 Foundation of Sleep Medicine Workgroup. Introduction and dissemination of the cognitive behavioural therapy of insomnia in Hungary.<\/p>\n<p>2006-present\u00a0\u00a0 Head of Centre of Psychosomatic Disorders, chief supervisor of the Student Counselling Centre at Semmelweis University.<\/p>\n<p>2013- present Reorganisaton of Centre of Psychosomatic Disorders. Specific profiles sleep medicine, eating disorders, sexual disfunctions, family therapy, adjunctive treatment of inflammatory bowel diseases.<\/p>\n<p>&nbsp;<\/p>\n<p><strong><u>Research interest<\/u><\/strong><\/p>\n<ul>\n<li>Depression and suicide prevention.<\/li>\n<li>Sleep medicine and chronotherapies with specific focus on insomnia and parasomnias.<\/li>\n<li>Psychosomatic medicine: possible shared etiology of frequently comorbid disorders with specific focus on sleep and biological rhythm disturbances<\/li>\n<\/ul>\n<p>&nbsp;<\/p>\n<p><strong><u>Research experiences<\/u><\/strong><\/p>\n<p>1990-1993\u00a0\u00a0\u00a0\u00a0\u00a0 Student research assistant at the Dept of Psychiatry, Semmelweis University Medical School \u00a0(supervisor: Maria S Kopp)<\/p>\n<p>1998-2000\u00a0\u00a0\u00a0\u00a0\u00a0 Mental health status of young women in Hungary \u2013 epidemiological research coordinator in the framework of Bristol Myers Squibb Fund\u2019s Better Health for Women program.<\/p>\n<p>1995-2013\u00a0\u00a0\u00a0\u00a0\u00a0 Hungarostudy: Hungarian Representative Large-scale Mental Health Survey, research coordinator<\/p>\n<p>2004-2012\u00a0\u00a0\u00a0\u00a0\u00a0 European Allaince against Depression (EAAD) and EAAD\u2019s OSPI-Europe program (from 2008). development and testing of the four level approach of depression and suicide prevention<\/p>\n<p>2011-present\u00a0\u00a0\u00a0\u00a0\u00a0\u00a0\u00a0\u00a0\u00a0\u00a0\u00a0\u00a0\u00a0\u00a0 Predi-Nu (iFightDepression internet-based self-help tool for treating mild and moderate depression. Development, testing and upgrade of the program as the leader of the Hungarian contribution<\/p>\n<p>2012- present Leader of the Hungarian Branch of EAAD, and principal investigator of the Hungarian site of \u00a0OSPI-Europe<\/p>\n<p>2013-2016\u00a0\u00a0\u00a0\u00a0\u00a0 European Comission\u2019s Joint Action for Mental Health and Well-being program, work package leader of WP4 (Taking Evidence-based Actions against Depression and Suicide, E-health). Statud report and situational analysis of depression and suicide prevetion strategies in the European Union.<\/p>\n<p>2014-present\u00a0\u00a0 European Evidence-based Suicide Prevention Program, EESPP senior expert and the representative of Hungary<\/p>\n<p>2015-present \u00a0 Collaboration with WHO Department of Mental Health and Substance Abuse on development of suicide prevention strategies<\/p>\n<p>2008-2013\u00a0\u00a0\u00a0\u00a0\u00a0 Participation int he UCL Institute of Epidemiology and Health Care\u2019s Biology of Everyday Life program. Effect of chronotype and social jetlag on health risk.<\/p>\n<p>2016-17 \u00a0\u00a0\u00a0\u00a0\u00a0\u00a0\u00a0\u00a0 Office of the Chief Medical State Officer\u2019s Norvegian Grant program \u2013 status report of Hungarian mental health services, senior expert<\/p>\n<p>2017-present\u00a0\u00a0 National Istitute of Public Health\u2019s EFOP Grant: Development and evaluation of mental health service sin Hungary \u2013 senior expert<\/p>\n<p>2020-present\u00a0\u00a0 Horizon 2020 Grant Mental Health Promotion and Intervention in Occupational Settings (MINDUP) . Work package leader of WP 4 (Development of MINDUP interventions for Stigma Reduction)<\/p>\n<p>&nbsp;<\/p>\n<p><strong><u>Grants<\/u><\/strong><\/p>\n<p><strong><em>Optimizing Suicide Prevention Programs and their Implementation in Europe<\/em><\/strong> (OSPI-Europe) Oct 01 2008 \u2013 \u00a0March 31. primary investigator of the Hungarian site \u00a0(from 2012)<\/p>\n<p><strong><em>Joint Action for Mental Health And Wellbeing<\/em><\/strong>.: work package leader of WP4 (Taking Evidence-based Actions against Depression and Suicide. E-health,). Feb 01, 2013.\u2013 \u00a0Jan 31, 2016.<\/p>\n<p><strong><em>Horizon 2020 Mental Health Promotion and Intervention in Occupational Settings (MINDUP)<\/em><\/strong> work package leader (Development of MINDUP interventions for Stigma Reduction) from Jan 01, 2020.<\/p>\n<p>&nbsp;<\/p>\n<p><strong><u>Academic activities: <\/u><\/strong><\/p>\n<p>1995-present\u00a0\u00a0 Medical Psychology, Faculty of Medicine, Semmelweis University in Hungarian<\/p>\n<p>1995-present\u00a0\u00a0 Medical Psychology, Faculty of Medicine, Semmelweis University in English<\/p>\n<p>2008-present\u00a0\u00a0 Clinical Psychology (postgraduate, lectures only) Dept of Clinical Psychology Semmelweis University<\/p>\n<p>2009-present\u00a0\u00a0 Psychiatry (lectures only), Faculty of Medicine, Semmelweis University in English<\/p>\n<p>2009-present\u00a0\u00a0 Psychiatry (lectures only), Faculty of Medicine, Semmelweis University in Hungarian<\/p>\n<p>2012-present\u00a0\u00a0 Psychotherapy in medical practice, Faculty of Medicine, Semmelweis university in Hungarian<\/p>\n<p>2014&#8211;present\u00a0 Medical Communication. Faculty of Medicine, Semmelweis University, in English<\/p>\n<p>2014&#8211;present\u00a0 Psychotherapy in medical practice, Faculty of Medicine, Semmelweis university in English<\/p>\n<p>1997-1998 \u00a0\u00a0\u00a0\u00a0 Medical Communication. Faculty of Medicine, Semmelweis University, in Hungarian<\/p>\n<p>1997-1998 \u00a0\u00a0\u00a0\u00a0 Health Management\u00a0 Training Centre, Semmelweis University. Personal efficacy and leadership trainings<\/p>\n<p>2011&#8211;present\u00a0 PhD supervisor (2 completed PhD, 6 ongoing)<\/p>\n<p>&nbsp;<\/p>\n<p><strong><u>Contribution to special academic courses:<\/u><\/strong><\/p>\n<p>2007-present\u00a0\u00a0 Science and Practice of Psychosomatic Medicine, Faculty of Medicine, Semmelweis University, in Hungarian<\/p>\n<p>2016\u00a0 -present \u201eThe Science of Pain\u201d \u00a0Faculty of Medicine, Semmelweis University in Hungarian<\/p>\n<p>1016-present\u00a0\u00a0 Suicide risk assessment, Dept of Clinical Psychology, Semmelweis University<\/p>\n<p>2019-present\u00a0\u00a0 Crisis recognition and management training in the framework of Student\u2019s Mentor Program at Semmelweis University<\/p>\n<p>&nbsp;<\/p>\n<p><strong><u>Other education and training activities<\/u><\/strong><\/p>\n<p>2001-2013 \u00a0\u00a0\u00a0\u00a0 Otthon Seg\u00edt\u00fcnk Alap\u00edtv\u00e1ny (Home Start Hungarian Branch) non profit leadeship and personal skills trainings.<\/p>\n<p>2002- 2003\u00a0\u00a0\u00a0\u00a0 Contribution in the Alternat\u00edv Pedag\u00f3giai M\u0171hely (Alternative Education Workshop)<\/p>\n<p>2001-2008 \u00a0\u00a0\u00a0\u00a0 Development teaching and upgrade of Psychology courses, BKF University of Applied Sciences<\/p>\n<p>&nbsp;<\/p>\n<p><strong><u>Professional society memberships<\/u><\/strong><u>: <\/u><\/p>\n<p><strong><em>Hungarian Sleep Association <\/em><\/strong>: founding member<\/p>\n<p><strong><em>Hungarian Psychiatric Association<br \/>\n<\/em><\/strong>2010- 2014 vice president<br \/>\n2014-2016. elected president<br \/>\n2016-2018. president<br \/>\n2018-2020 past president<\/p>\n<p><strong><em>European Psychiatric Association \u2013 Section of Suicidology<\/em><\/strong> member<\/p>\n<p><strong><em>European Alliance Against Depression<\/em><\/strong> \u2013 leader of the Hungarian branch, 2012-present<\/p>\n<p><strong><em>Hungarian College of Medicine, Division of Psychiatry and Psychotherapy<\/em><\/strong> comittee member 2016 &#8211; present<\/p>\n<p><strong><em>Semmelweis University Sleep Medicine Board<\/em><\/strong> chair (2019- present)<\/p>\n<p>&nbsp;<\/p>\n<p><strong><u>Awards<br \/>\n<\/u><\/strong>Nyir\u0151 Gyula award (2013)<\/p>\n<p style=\"text-align: right\">July, 2020<\/p>\n<p style=\"text-align: right\">Gy\u00f6rgy Purebl MD PhD<\/p>\n<p>\n<\/div><h2 class=\"tabtitle\">Publications<\/h2>\n<div class=\"tabcontent\">\n<br \/>\n<a href=\"\/magtud\/files\/2017\/11\/Purebl_publ_honlapra_2017.pdf\">Publication<\/a> (.pdf)<\/p>\n<p><strong><u>Scientometrics (Magyar Tudom\u00e1nyos M\u0171vek T\u00e1ra, <\/u><\/strong><u>https:\/\/m2.mtmt.hu\/gui2\/?type=authors&amp;mode=browse&amp;sel=10023077)<\/u><\/p>\n<p>Scientific publications: 88<br \/>\nCitations: 753<br \/>\nIndependent citations: 656<br \/>\nHirsch-index: 13<\/p>\n<p>MTA Division V. classification, scientific and ecucational publications: 98<br \/>\nMTA Division V. classification, citations: 674<br \/>\nMTA Division V. classification, independent citations: 598<br \/>\nMTA Division V. classification, g-index: 26<br \/>\nMTA Division V. classification, Hirsch-index: 13<\/p>\n<p><strong>The most important 5 publications of my scientific carrier:<\/strong><\/p>\n<ol>\n<li>Zalsman, G ; Hawton, K ; Wasserman, D ; van Heeringen, K ; Arensman, E ; Sarchiapone, M ; Carli, V ; Hoschl, C ; Barzilay,R ; Balazs, J ; Purebl, G et al. Suicide prevention strategies revisited: 10-year systematic review.LANCET PSYCHIATRY 3 : 7 pp. 646-659. , 14 p. (2016) indep. citations: 304, self-citations: 24, altogheter: 328<\/li>\n<\/ol>\n<ol start=\"2\">\n<li>Sz\u00e9kely, Andr\u00e1s ; Konkol\u00ff Thege, Barna ; Mergl, Roland ; Birk\u00e1s, Emma ; R\u00f3zsa, S\u00e1ndor ; Purebl, Gy\u00f6rgy** ; Hegerl, Ulrich**How to Decrease Suicide Rates in Both Genders? An Effectiveness Study of a Community-Based Intervention (EAAD) PLOS ONE 8 : 9 Paper: e75081 , 5 p. (2013) **last co-authors. indep citations: 27 self-citations: 7, altogether: 34<\/li>\n<\/ol>\n<ol start=\"3\">\n<li>Kopp, MS ; Thege, BK ; Balog, P ; Stauder, A ; Salavecz, G ; Rozsa, S ; Purebl, G ; Adam, S Measures of stress in epidemiological research.JOURNAL OF PSYCHOSOMATIC RESEARCH 69 : 2 pp. 211-225. , 15 p. (2010) indep citations: 33, self-citations: 6, altogether: 39<\/li>\n<\/ol>\n<ol start=\"4\">\n<li>Kopp, MS ; Stauder, A ; Purebl, G ; Janszky, I ; Skrabski, A Work stress and mental health in a changing society EUROPEAN JOURNAL OF PUBLIC HEALTH 18 : 3 pp. 238-244. , 7 p. (2008) indep citations: 52 self-citations: 7, altogether: 59<\/li>\n<\/ol>\n<ol start=\"5\">\n<li>Purebl, G ; Birkas, E ; Csoboth, C ; Szumska, I ; Kopp, MS The relationship of biological and psychological risk factors of cardiovascular disorders in a large-scale national representative community survey BEHAVIORAL MEDICINE 31 : 4 pp. 133-139. , 7 p. (2006) indep citations: 18, self-citations: 0, altogether: 18<\/li>\n<\/ol>\n<p>&nbsp;<\/p>\n<p><strong>The most important 5 publications of the last 5 years<\/strong><\/p>\n<ol>\n<li>Zalsman, G ; Hawton, K ; Wasserman, D ; van Heeringen, K ; Arensman, E ; Sarchiapone, M ; Carli, V ; Hoschl, C ; Barzilay,R ; Balazs, J ; Purebl, G et al. Suicide prevention strategies revisited: 10-year systematic review.LANCET PSYCHIATRY 3 : 7 pp. 646-659. , 14 p. (2016) indep. citations: 304, self-citations: 24, altogheter: 328<\/li>\n<li>Szak\u00e1ts, Ildik\u00f3 ; Sebesty\u00e9n, Margit ; N\u00e9meth, J\u00e1nos ; Birk\u00e1s, Emma ; Purebl,\u00a0 Gy\u00f6rgyThe Role of Health Anxiety and Depressive Symptoms in Dry Eye Disease CURRENT EYE RESEARCH 41 : 8 pp. 1044-1049. , 6 p. (2016) indep citations: 15, self-citations: 0, altogether: 15<\/li>\n<li>Nagy, Tam\u00e1s ; Salavecz, Gy\u00f6ngyv\u00e9r ; Simor, P\u00e9ter ; Purebl, Gy\u00f6rgy ; B\u00f3dizs, R\u00f3bert ; Dockray, Samantha ; Steptoe, Andrew Frequent nightmares are associated with blunted cortisol awakening response in women PHYSIOLOGY &amp; BEHAVIOR 147 pp. 233-237. , 5 p. (2015) indep citations: 8, self-citations: 0, altogether: 8<\/li>\n<li>Haraszti, R\u00e9ka \u00c1gnes ; Purebl, Gyorgy ; Salavecz, Gyongyver ; Poole, Lydia ; Dockray, Samantha ; Steptoe, Andrew Morningness\u2013eveningness interferes with perceived health, physical activity, diet and stress levels in working women: A crosssectional study CHRONOBIOLOGY INTERNATIONAL 31 : 7 pp. 829-837. , 9 p. (2014) indep citations: 23, self-citations: 1. altogether 24<\/li>\n<li>Toth, M ; Adam, S ; Birkas, E ; Szekely, A ; Stauder, A ; Purebl, G Gender Differences in Deliberate Self-Poisoning in Hungary: Analyzing the Effect of Precipitating Factors and Their Relation to Depression CRISIS &#8211; THE JOURNAL OF CRISIS INTERVENTION AND SUICIDE PREVENTION 35 : 3 pp. 145-153. , 9 p. (2014) indep citations: 3, self-citations: 1, altogether: 4<\/li>\n<\/ol>\n<p>&nbsp;<\/p>\n<p><strong>The most important scientific work and how it was received<\/strong><\/p>\n<p><strong>\u00a0<\/strong>Zalsman, G ; Hawton, K ; Wasserman, D ; van Heeringen, K ; Arensman, E ; Sarchiapone, M ; Carli, V ; Hoschl, C ; Barzilay,R ; Balazs, J ; Purebl, G et al. Suicide prevention strategies revisited: 10-year systematic review.LANCET PSYCHIATRY 3 : 7 pp. 646-659. , 14 p. (2016) indep. citations: 304, self-citations: 24, altogheter: 328<\/p>\n<p>This review article was written together with an expert team and very shortly it has become the most influential paper of suicide prevention. We reviewed and evaluated the evidence-based strategies in suicide prevention and made recommendations for actions and for further scientific research. It was cited independently 304 times within two years. The invitation for contribution to this paper as an expert was an important recognition of my previous \u2013 although less influential \u2013 research ont he field. My main contribution in the paper was the review and evalulation of the psychoterapies\u2019 in suicide prevention. The paper was cited in the most influential journals of psychiatry and pychotherapy (JAMA Psychiatry, Am J of Psychiatry, British J of Psychiatry). The main conclusions of the paper has become basic principles of suicide prevention strategies worldwide. Some authors (including me) was invited to contribute to the development of WHO-based suicide prevention toolkits.<\/p>\n<\/div><\/div>\n","protected":false},"excerpt":{"rendered":"<p>Gy\u00f6rgy Purebl MD, PhD, Director of Institute Institute of Behavioural Sciences, Faculty of Medicine, Semmelweis University \u00a0 Education: 1982-1986\u00a0\u00a0 I. Istv\u00e1n Gimn\u00e1zium High School 1986-1993\u00a0\u00a0 Semmelweis University Medical School, Faculty of Medicne &#8211; MD 1993-1997\u00a0\u00a0 Haynal Imre University of Health Sciences \u2013 board certification exam, psychiatry 1995-2006\u00a0\u00a0 PhD student, Institute of Behavioural Sciences, Semmelweis University &hellip;<\/p>\n","protected":false},"author":110,"featured_media":0,"parent":3356,"menu_order":0,"comment_status":"closed","ping_status":"closed","template":"","meta":{"_acf_changed":false,"footnotes":""},"categories":[],"tags":[],"class_list":["post-3389","page","type-page","status-publish","hentry"],"acf":[],"_links":{"self":[{"href":"https:\/\/semmelweis.hu\/magtud\/wp-json\/wp\/v2\/pages\/3389","targetHints":{"allow":["GET"]}}],"collection":[{"href":"https:\/\/semmelweis.hu\/magtud\/wp-json\/wp\/v2\/pages"}],"about":[{"href":"https:\/\/semmelweis.hu\/magtud\/wp-json\/wp\/v2\/types\/page"}],"author":[{"embeddable":true,"href":"https:\/\/semmelweis.hu\/magtud\/wp-json\/wp\/v2\/users\/110"}],"replies":[{"embeddable":true,"href":"https:\/\/semmelweis.hu\/magtud\/wp-json\/wp\/v2\/comments?post=3389"}],"version-history":[{"count":11,"href":"https:\/\/semmelweis.hu\/magtud\/wp-json\/wp\/v2\/pages\/3389\/revisions"}],"predecessor-version":[{"id":8815,"href":"https:\/\/semmelweis.hu\/magtud\/wp-json\/wp\/v2\/pages\/3389\/revisions\/8815"}],"up":[{"embeddable":true,"href":"https:\/\/semmelweis.hu\/magtud\/wp-json\/wp\/v2\/pages\/3356"}],"wp:attachment":[{"href":"https:\/\/semmelweis.hu\/magtud\/wp-json\/wp\/v2\/media?parent=3389"}],"wp:term":[{"taxonomy":"category","embeddable":true,"href":"https:\/\/semmelweis.hu\/magtud\/wp-json\/wp\/v2\/categories?post=3389"},{"taxonomy":"post_tag","embeddable":true,"href":"https:\/\/semmelweis.hu\/magtud\/wp-json\/wp\/v2\/tags?post=3389"}],"curies":[{"name":"wp","href":"https:\/\/api.w.org\/{rel}","templated":true}]}}