{"id":3383,"date":"2017-11-28T00:00:00","date_gmt":"2017-11-27T23:00:00","guid":{"rendered":"http:\/\/semmelweis.hu\/magtud\/340-bioethik-kursbeschreibung\/"},"modified":"2023-06-23T08:53:06","modified_gmt":"2023-06-23T06:53:06","slug":"bioethik","status":"publish","type":"page","link":"https:\/\/semmelweis.hu\/magtud\/de\/lehre\/allgemeine-medizin\/bioethik\/","title":{"rendered":"Medizinische Ethik &#8211; Bioethik"},"content":{"rendered":"<p><strong>ANFORDERUNGSDATENBLATT<\/strong><\/p>\n<p><strong>BIOETHIK <\/strong><\/p>\n<p><strong>AOKMAG045_1N<\/strong><\/p>\n<p><strong>Studienjahr: 2021\/2022<\/strong><\/p>\n<p>&nbsp;<\/p>\n<p><strong>Semmelweis Universit\u00e4t, Medizinische Fakult\u00e4t Institut f\u00fcr Verhaltenswissenschaften<\/strong><strong><br \/>\n<\/strong>\u00c1OK Magatart\u00e1studom\u00e1nyi Int\u00e9zet, 1089. Nagyv\u00e1rad t\u00e9r 4<\/p>\n<p><strong>Bezeichnung des Studienfaches auf Deutsch: <\/strong><strong>Bioethik<\/strong><\/p>\n<p><strong>Kreditpunkte: <\/strong><strong>2<\/strong><\/p>\n<p><strong>Stundenanzahl insgesamt: <\/strong><strong>Vorlesung:\u00a0 14 St. Praktikum: 14 St<\/strong><\/p>\n<p><strong>Typ des Studienfaches:<\/strong><\/p>\n<p><strong><u>Pflichtfach<\/u><\/strong><strong>\u00a0\u00a0\u00a0\u00a0\u00a0\u00a0\u00a0\u00a0\u00a0\u00a0\u00a0\u00a0\u00a0\u00a0\u00a0\u00a0\u00a0\u00a0\u00a0\u00a0\u00a0\u00a0\u00a0\u00a0\u00a0\u00a0\u00a0\u00a0\u00a0\u00a0 Wahlpflichtfach\u00a0\u00a0\u00a0\u00a0\u00a0\u00a0\u00a0\u00a0\u00a0\u00a0\u00a0\u00a0\u00a0\u00a0\u00a0\u00a0\u00a0\u00a0\u00a0\u00a0\u00a0\u00a0\u00a0\u00a0\u00a0\u00a0\u00a0\u00a0\u00a0\u00a0\u00a0\u00a0\u00a0\u00a0 Wahlfach<\/strong><\/p>\n<p><strong>Lehrbeauftragte\/r des Studienfaches: \u00a0\u00a0\u00a0\u00a0\u00a0\u00a0\u00a0\u00a0\u00a0\u00a0 \u00c1gnes D\u00f3sa Dr. <\/strong><strong><br \/>\n<\/strong><strong>Arbeitsplatz, Tel.:<\/strong>\u00a0 Semmelweis Universit\u00e4t, NET Geb\u00e4ude, <strong>Institut f\u00fcr Verhaltenswissenschaften, 20. Stock, B\u00fcro 2007<\/strong><\/p>\n<p><strong>Tel: +36206663029<\/strong><\/p>\n<p><a href=\"mailto:dosa.agnes@med.semmelweis-univ.hu\">dosa.agnes@med.semmelweis-univ.hu<\/a><\/p>\n<p>Position\/Aufgabenbereich: Dozentin<\/p>\n<p><strong><u>Team: <\/u><\/strong><\/p>\n<p><strong>\u00a0<\/strong><em><strong>Dr. Vir\u00e1g Bogn\u00e1r<\/strong><\/em><\/p>\n<p><em>Kontakt: <\/em><a href=\"mailto:bognar.virag@med.semmelweis-univ.hu\">bognar.virag@med.semmelweis-univ.hu<\/a><\/p>\n<p>&nbsp;<\/p>\n<p><em>\u00a0<\/em><em><strong>Dr. Mih\u00e1ly Fil\u00f3<\/strong><\/em><\/p>\n<p><em>Kontakt: <\/em><a href=\"mailto:filo@ajk.elte.hu\">filo@ajk.elte.hu<\/a><em>\u00a0\u00a0\u00a0\u00a0\u00a0\u00a0\u00a0\u00a0 <\/em><\/p>\n<p><em>\u00a0<\/em><\/p>\n<p><em><strong>Dr. G\u00e1bor Kap\u00f3cs<\/strong><\/em><\/p>\n<p><em>Kontakt: <\/em><a href=\"mailto:gabor.kapocs@gmail.com\">gabor.kapocs@gmail.com<\/a><em>\u00a0\u00a0\u00a0\u00a0\u00a0 <\/em><\/p>\n<p><em>\u00a0<\/em><\/p>\n<p><em><strong>Dr. Imre Szebik <\/strong><\/em><\/p>\n<p><em>Kontakt: <\/em><a href=\"mailto:szebik.imre@med.semmelweis-univ.hu\">szebik.imre@med.semmelweis-univ.hu<\/a><em>\u00a0\u00a0\u00a0\u00a0\u00a0\u00a0\u00a0\u00a0\u00a0 <\/em><\/p>\n<p><em>\u00a0<\/em><\/p>\n<p><strong>Dr. G\u00e1bor Attila T\u00f3th<\/strong><\/p>\n<p>Kontakt: \u00a0<a href=\"mailto:toth.gabor_attila@med.semmelweis-univ.hu\">toth.gabor_attila@med.semmelweis-univ.hu<\/a><\/p>\n<p><strong>Zielsetzung des Studienfaches, Position im Curriculum der Medizinerausbildung:<\/strong><\/p>\n<p><strong>Ziel des Faches:<\/strong><\/p>\n<ul>\n<li>Erleichterung des Erkennens ethischer Probleme in der klinischen Arbeit.<\/li>\n<li>Erleichterung der erfolgreichen L\u00f6sung ethischer Probleme mithilfe eines Systems logischer und theoretischer Begriffe.<\/li>\n<li>Kenntnisse anzubieten, die dem Arzt helfen, die Rechte der Patienten, der Teilnehmer medizinischer Experimente und der Angestellten im Gesundheitssystem zu erkennen und zu verteidigen.<br \/>\nErkennung der Verantwortung des Individuums im Gesundheitswesen und in der Gesellschaft in der Erhaltung der Gesundheit.<\/li>\n<\/ul>\n<p><strong>Erworbene Kompetenzen bei erfolgreicher Ableistung des Studienfaches:<\/strong><\/p>\n<p>&nbsp;<\/p>\n<ul>\n<li>Erkennen ethischer Probleme in der klinischen Arbeit.<\/li>\n<li>L\u00f6sung ethischer Probleme mithilfe eines Systems logischer und theoretischer Begriffe. Kenntnisse, die dem Arzt helfen, die Rechte der Patienten, der Teilnehmer medizinischer Experimente und der Angestellten im Gesundheitssystem zu erkennen und zu verteidigen.<\/li>\n<li>Erkennung der Verantwortung des Individuums im Gesundheitswesen und in der Gesellschaft in der Erhaltung der Gesundheit.<\/li>\n<\/ul>\n<p>&nbsp;<\/p>\n<p><strong>Art der Anmeldung f\u00fcr das Studienfach:<\/strong> Neptun<\/p>\n<p><strong>\u00a0<\/strong><\/p>\n<p><strong>Detaillierte Thematik des Studienfaches:<\/strong><\/p>\n<ol>\n<li><strong> Woche, September 9. (Donnerstag) \u2013 Vorlesung (G\u00e1bor Attila T\u00f3th) <\/strong>: Einf\u00fchrung. Ethik und Moral. Deontologie und Utiliarismus. Prinzipen der medizinischen Ethik: Respekt f\u00fcr Autonomie, Nil nocere, Benefizienz, Gerechtigkeit<\/li>\n<\/ol>\n<p>ORT: Klinik f\u00fcr Geburtshilfe und Frauenheilkunde, H\u00f6rsaal, 3. Stock \u00dcll\u0151i str. 78\/A<\/p>\n<ol start=\"2\">\n<li><strong> Woche, September 16. (Donnerstag) \u2013 Vorlesung (Mihaly Fil\u00f3)<\/strong>: Entscheidungen am Beginn des Lebens (k\u00fcnstliche Abtreibung, neonatale Intensivtherapie)<\/li>\n<\/ol>\n<p>ORT: Institut f\u00fcr Anatomie\u00a0 H\u00f6rsaal im Erdgeschoss, 1094 Budapest T\u00fbzolt\u00f3 utca 58.<\/p>\n<ol start=\"3\">\n<li><strong> Woche September 23. (Donnerstag) \u2013 Vorlesung (Mihaly Fil\u00f3)<\/strong>: Entscheidungen am Ende des Lebens (passive, aktive Sterbehilfe)<\/li>\n<li><strong> Woche September 30. (Donnerstag) \u2013 Vorlesung (Vir\u00e1g Bogn\u00e1r)<\/strong>: Informierte Einwilligung und ihre Bedeutung in der medizinischen Praxis.<\/li>\n<li><strong> Woche Oktober 7. (Donnerstag) \u2013 Vorlesung (Agnes Dosa)<\/strong>: Ethische Fragen der Reproduktionsmedizin (K\u00fcnstliche Insemination, Gentechnik, Gentherapie, Klonen, Experimente an Embryonen)<\/li>\n<li><strong> Woche Oktober 14. (Donnerstag) \u2013 Vorlesung (G\u00e1bor Attila T\u00f3th)<\/strong>: Die Definition der Gesundheit und Krankheit. Schweigepflicht in der Medizin. Ausnahmen von der Schweigepflicht<\/li>\n<li><strong> Woche<\/strong> <strong>Oktober 21.<\/strong> <strong>(Donnerstag) Vorlesung(G\u00e1bor Attila T\u00f3th): <\/strong>Gerechtigkeit und Mittelverteilung in der Medizin: Ethische Fragen der Makroallokation und Mikroallokation I.<\/li>\n<li><strong> Woche \u2013 Okt. 25-30. Praktikum<\/strong>: Informierte Einwilligung, Entscheidungen am Ende des Lebens &#8211; Fallbesprechung<\/li>\n<li><strong> Woche \u2013 Nov. 1-5. Praktikum<\/strong>: Ethische Fragen der Organtransplantation. Fallbesprechung.<\/li>\n<li><strong> Woche \u2013 Nov. 8-12. Praktikum<\/strong>: Ethische Fragen der Experimente an Menschen, Deklaration von Helsinki, N\u00fcrnberger Kodex<\/li>\n<li><strong> Woche \u2013 Nov. 15-19. Praktikum<\/strong>: Ethische Fragen der Tierversuche:<\/li>\n<li><strong> Woche \u2013 Nov. 22-26. Praktikum:<\/strong> Ethische Fragen der Reproduktionsmedizin. Fallbesprechung.<\/li>\n<li><strong> Woche \u2013 Nov. 29- Dez. 3. Praktikum<\/strong> Gerechtigkeit und Mittelverteilung in der Medizin: Ethische Fragen der Makroallokation und Mikroallokation II. Fallbesprechung<\/li>\n<li><strong> Woche \u2013 Dez. 6-10. Praktikum<\/strong>:\u00a0 Patientenrechte<\/li>\n<\/ol>\n<p><strong>Teilnahmebedingungen und M\u00f6glichkeit zum Nachholen des Lehrstoffes bei Fehlstunden: <\/strong>F\u00fcr den Unterschrift am Semesterende gilt der Besuchspflicht von mindestens 75% der Praktika.<\/p>\n<p><strong>Anforderungen f\u00fcr den Erhalt der Unterschrift f\u00fcr das gegebene Semester:<\/strong><strong><br \/>\n<\/strong>F\u00fcr den Unterschrift am Semesterende gilt der Besuchspflicht von mindestens 75% der Praktika.<\/p>\n<p><strong>Pr\u00fcfungstyp: <\/strong>Kolloquium, schriftlich oder m\u00fcndlich<\/p>\n<p><strong>Art der Pr\u00fcfungsanmeldung:<\/strong> Neptun<\/p>\n<p><strong>M\u00f6glichkeit der Pr\u00fcfungswiederholung:<\/strong> Neptun<\/p>\n<p><strong>Lehrmaterialien: (Vorgeschriebene und empfohlene Fachb\u00fccher, Skripte usw.)<\/strong><\/p>\n<p><em>Vorgeschrieben:<\/em><\/p>\n<ul>\n<li><em>Hick, Ch. (Hrsg) (2007): Klinische Ethik. Springer Kapitel 1,2,3,4,5,7,9,10,12. <\/em><\/li>\n<li><em>elektronischer Lehrstoff der Vorlesungen und Praktika<\/em><\/li>\n<\/ul>\n<p><em>Empfohlen:<\/em><\/p>\n<p>Beckmann, Jan P.: Fragen und Probleme einer medizinischen Ethik. De Gruyter, Berlin 1996.<\/p>\n<p>Bruderm\u00fcller, Gerd: Angewandte Ethik in der Medizin. K\u00f6nigsh.\/Neum., W\u00fcrzburg, 1999.<\/p>\n<p>Kahlke, Winfried und Reiter-Theil, Stella: Ethik in der Medizin. Ferdinand Enke Verlag, Stuttgart, 1995.<\/p>\n<p>Schipperges, Heinrich: Die Technik der Medizin und die Ethik des Arztes. Verlag Josef\u00a0 Knecht, Frankfurt am Main, 1988.<\/p>\n<p>Wiesing, Urban, Ach, Johannes S. und Bormuth, Matthias: Ethik in der Medizin: ein Reader. Reclam, Ditzingen, 2000.<\/p>\n","protected":false},"excerpt":{"rendered":"<p>ANFORDERUNGSDATENBLATT BIOETHIK AOKMAG045_1N Studienjahr: 2021\/2022 &nbsp; Semmelweis Universit\u00e4t, Medizinische Fakult\u00e4t Institut f\u00fcr Verhaltenswissenschaften \u00c1OK Magatart\u00e1studom\u00e1nyi Int\u00e9zet, 1089. Nagyv\u00e1rad t\u00e9r 4 Bezeichnung des Studienfaches auf Deutsch: Bioethik Kreditpunkte: 2 Stundenanzahl insgesamt: Vorlesung:\u00a0 14 St. Praktikum: 14 St Typ des Studienfaches: Pflichtfach\u00a0\u00a0\u00a0\u00a0\u00a0\u00a0\u00a0\u00a0\u00a0\u00a0\u00a0\u00a0\u00a0\u00a0\u00a0\u00a0\u00a0\u00a0\u00a0\u00a0\u00a0\u00a0\u00a0\u00a0\u00a0\u00a0\u00a0\u00a0\u00a0\u00a0 Wahlpflichtfach\u00a0\u00a0\u00a0\u00a0\u00a0\u00a0\u00a0\u00a0\u00a0\u00a0\u00a0\u00a0\u00a0\u00a0\u00a0\u00a0\u00a0\u00a0\u00a0\u00a0\u00a0\u00a0\u00a0\u00a0\u00a0\u00a0\u00a0\u00a0\u00a0\u00a0\u00a0\u00a0\u00a0\u00a0 Wahlfach Lehrbeauftragte\/r des Studienfaches: \u00a0\u00a0\u00a0\u00a0\u00a0\u00a0\u00a0\u00a0\u00a0\u00a0 \u00c1gnes D\u00f3sa Dr. Arbeitsplatz, Tel.:\u00a0 Semmelweis Universit\u00e4t, NET Geb\u00e4ude, &hellip;<\/p>\n","protected":false},"author":110,"featured_media":0,"parent":11823,"menu_order":4,"comment_status":"closed","ping_status":"closed","template":"","meta":{"_acf_changed":false,"footnotes":""},"categories":[],"tags":[],"class_list":["post-3383","page","type-page","status-publish","hentry"],"acf":[],"_links":{"self":[{"href":"https:\/\/semmelweis.hu\/magtud\/wp-json\/wp\/v2\/pages\/3383","targetHints":{"allow":["GET"]}}],"collection":[{"href":"https:\/\/semmelweis.hu\/magtud\/wp-json\/wp\/v2\/pages"}],"about":[{"href":"https:\/\/semmelweis.hu\/magtud\/wp-json\/wp\/v2\/types\/page"}],"author":[{"embeddable":true,"href":"https:\/\/semmelweis.hu\/magtud\/wp-json\/wp\/v2\/users\/110"}],"replies":[{"embeddable":true,"href":"https:\/\/semmelweis.hu\/magtud\/wp-json\/wp\/v2\/comments?post=3383"}],"version-history":[{"count":10,"href":"https:\/\/semmelweis.hu\/magtud\/wp-json\/wp\/v2\/pages\/3383\/revisions"}],"predecessor-version":[{"id":11296,"href":"https:\/\/semmelweis.hu\/magtud\/wp-json\/wp\/v2\/pages\/3383\/revisions\/11296"}],"up":[{"embeddable":true,"href":"https:\/\/semmelweis.hu\/magtud\/wp-json\/wp\/v2\/pages\/11823"}],"wp:attachment":[{"href":"https:\/\/semmelweis.hu\/magtud\/wp-json\/wp\/v2\/media?parent=3383"}],"wp:term":[{"taxonomy":"category","embeddable":true,"href":"https:\/\/semmelweis.hu\/magtud\/wp-json\/wp\/v2\/categories?post=3383"},{"taxonomy":"post_tag","embeddable":true,"href":"https:\/\/semmelweis.hu\/magtud\/wp-json\/wp\/v2\/tags?post=3383"}],"curies":[{"name":"wp","href":"https:\/\/api.w.org\/{rel}","templated":true}]}}