{"id":3371,"date":"2017-11-28T00:00:00","date_gmt":"2017-11-27T23:00:00","guid":{"rendered":"http:\/\/semmelweis.hu\/magtud\/diploma-work-topics\/"},"modified":"2026-02-11T12:19:33","modified_gmt":"2026-02-11T11:19:33","slug":"diploma-work-topics","status":"publish","type":"page","link":"https:\/\/semmelweis.hu\/magtud\/en\/education\/diploma-work-topics\/","title":{"rendered":"Diploma work topics"},"content":{"rendered":"<p style=\"text-align: center\"><strong>Semmelweis University Institute of Behavioural Sciences<\/strong><br \/>\n<strong>DIPLOMA WORK TOPICS<\/strong><\/p>\n<p><strong>MEDICAL SOCIOLOGY<\/strong><\/p>\n<p><em>Dr. Zsuzsa Gy\u0151rffy:<\/em><br \/>\n1. Stress, burnout and coping\u00a0 among physicians.<br \/>\n2. Digital health: opportunities and challenges.<\/p>\n<p><em>Dr. Bence D\u00f6br\u00f6ssy:<\/em><br \/>\nIntercultural healthcare.<\/p>\n<p><em>Dr. Edmond Girasek:<\/em><br \/>\n1. Application of artificial intelligence in healthcare<br \/>\n2. Big Data technologies in healthcare<br \/>\n3. Impact of Digital Health to the healthcare system<br \/>\n4. Comparision of healthcare systems.<\/p>\n<p><strong><br \/>\nMEDICAL ETHICS<\/strong><\/p>\n<p><em>Dr. J\u00f3zsef Kov\u00e1cs:<\/em><br \/>\n1. The theory and practice of informed consent.<br \/>\n2. Ethical problems of experimentation on human subjects.<br \/>\n3. Ethical questions of withdrawing or withholding life sustaining treatment.<\/p>\n<p><em>Dr. Jen\u0151 L\u0151rincz:<\/em><br \/>\n1. Sources of morality in medical ethical situations.<br \/>\n2. Ethical problems of surrogate motherhood.<\/p>\n<p><em>Dr. L\u00e1szl\u00f3 Nemes:<\/em><br \/>\n1. Medical humanities<br \/>\n2. Narrative medicine<br \/>\n3. Ethical and social aspects of end-of-life decisions<br \/>\n4. History of medical ethics and bioethics<br \/>\n5. Ethics of assisted reproduction<br \/>\n6. The philosophy of medicine<br \/>\n7. Medical virtues<\/p>\n<p><em>Dr. \u00c1gnes D\u00f3sa:<\/em><br \/>\n1. Research Ethics. Ethical issues of conducting research on Human Beings. Placebo group. Ethics of scientific publication.<br \/>\n2. Ethics of Clinical Genetics. Ethics of prenatal genetic testing. Ethics of genetic testing and screening. Ethics of gene therapy.<br \/>\n3. Ethical issues of obstetric care.<\/p>\n<p><em>Dr. Attila G\u00e1bor T\u00f3th:<br \/>\n<\/em>Human Rights in Medicine<br \/>\nRight to life and right to die<\/p>\n<p>&nbsp;<\/p>\n<p><strong>MEDICAL PSYCHOLOGY<\/strong><\/p>\n<p><em>Dr. Piroska Balog:<\/em><br \/>\n1. Chronic stress (marital stress and\/or work stress) and cardiovascular vulnerability.<br \/>\n2. Vital exhaustion and cardiovascular diseases.<\/p>\n<p><em>Dr. R\u00f3bert B\u00f3dizs:<\/em><br \/>\n1. The hemispheric lateralization of sleep and wake EEG.<br \/>\n2. Sleep EEG and personality.<br \/>\n3. The electrophysiology of sleep and dreaming.<\/p>\n<p><em>Dr. J\u00e1nos Koll\u00e1r<\/em><br \/>\n1. Music therapy in Parkinson&#8217;s patients<br \/>\n2. Music-based supportive therapy incancer patients<br \/>\n3. Gamification in medical education<br \/>\n4. Fears related to the medical profession and coping mechanisms of medical students<br \/>\n5. Application of virtual reality techniques in the education of medical students.<\/p>\n<p><em>Dr. Gy\u00f6rgy Purebl:<\/em><br \/>\n1. Cognitive therapy for depression.<br \/>\n2. Cognitive therapy for anxiety disorders.<br \/>\n3. Relationship between personality disorders and mental diseases.<br \/>\n4. Insomnia \u2013 health consequences, diagnosis and treatment.<br \/>\n5. The impact of human circadian rhythm on mental and physical health.<\/p>\n<p><em>Dr. Adrienne Stauder:<\/em><br \/>\n1. Stress related symptoms and psychosocial risk at the work place.<br \/>\n2. The health consequences of bullying at the workplace.<br \/>\n3. Psychosocial interventions in adolescents with mental health problems<\/p>\n<p><em>Dr. Tam\u00e1s D\u00f6m\u00f6t\u00f6r Szalai:<\/em><br \/>\n1. The etiology and psychotherapy of eating disorders<br \/>\n2. Maintaining factors and intervention methods of body image disorder<br \/>\n3. Attachment and mental health<\/p>\n<p><em>Dr. M\u00f3nika Ditta T\u00f3th (only for Fac.of Gen.Med. students):<\/em><br \/>\n1. Psychological background of suicidal behaviour<br \/>\n2. Impact of Covid-19 on University students<br \/>\n3. Depression and burn-out on the workplace<\/p>\n<p><em>Dr. P\u00e9ter Ujma:<\/em><br \/>\n1. IQ and the wakeful electroencephalogram<br \/>\n2. Sibling and twin studies using NLSYLinks<br \/>\n3. The effects of traits and daily experiences on the sleep electroencephalogram<br \/>\n4. Determinants of fertility in Hungary<\/p>\n<p>&nbsp;<\/p>\n","protected":false},"excerpt":{"rendered":"<p>Semmelweis University Institute of Behavioural Sciences DIPLOMA WORK TOPICS MEDICAL SOCIOLOGY Dr. Zsuzsa Gy\u0151rffy: 1. Stress, burnout and coping\u00a0 among physicians. 2. Digital health: opportunities and challenges. Dr. Bence D\u00f6br\u00f6ssy: Intercultural healthcare. Dr. Edmond Girasek: 1. Application of artificial intelligence in healthcare 2. Big Data technologies in healthcare 3. Impact of Digital Health to the &hellip;<\/p>\n","protected":false},"author":110,"featured_media":0,"parent":3541,"menu_order":5,"comment_status":"closed","ping_status":"closed","template":"","meta":{"_acf_changed":false,"footnotes":""},"categories":[],"tags":[],"class_list":["post-3371","page","type-page","status-publish","hentry"],"acf":[],"_links":{"self":[{"href":"https:\/\/semmelweis.hu\/magtud\/wp-json\/wp\/v2\/pages\/3371","targetHints":{"allow":["GET"]}}],"collection":[{"href":"https:\/\/semmelweis.hu\/magtud\/wp-json\/wp\/v2\/pages"}],"about":[{"href":"https:\/\/semmelweis.hu\/magtud\/wp-json\/wp\/v2\/types\/page"}],"author":[{"embeddable":true,"href":"https:\/\/semmelweis.hu\/magtud\/wp-json\/wp\/v2\/users\/110"}],"replies":[{"embeddable":true,"href":"https:\/\/semmelweis.hu\/magtud\/wp-json\/wp\/v2\/comments?post=3371"}],"version-history":[{"count":12,"href":"https:\/\/semmelweis.hu\/magtud\/wp-json\/wp\/v2\/pages\/3371\/revisions"}],"predecessor-version":[{"id":13316,"href":"https:\/\/semmelweis.hu\/magtud\/wp-json\/wp\/v2\/pages\/3371\/revisions\/13316"}],"up":[{"embeddable":true,"href":"https:\/\/semmelweis.hu\/magtud\/wp-json\/wp\/v2\/pages\/3541"}],"wp:attachment":[{"href":"https:\/\/semmelweis.hu\/magtud\/wp-json\/wp\/v2\/media?parent=3371"}],"wp:term":[{"taxonomy":"category","embeddable":true,"href":"https:\/\/semmelweis.hu\/magtud\/wp-json\/wp\/v2\/categories?post=3371"},{"taxonomy":"post_tag","embeddable":true,"href":"https:\/\/semmelweis.hu\/magtud\/wp-json\/wp\/v2\/tags?post=3371"}],"curies":[{"name":"wp","href":"https:\/\/api.w.org\/{rel}","templated":true}]}}